{"id":970,"date":"2019-02-05T09:02:31","date_gmt":"2019-02-05T09:02:31","guid":{"rendered":"http:\/\/academiaplus.eu\/?page_id=970"},"modified":"2021-08-28T17:46:04","modified_gmt":"2021-08-28T17:46:04","slug":"project","status":"publish","type":"page","link":"https:\/\/academiaplus.eu\/pt\/project\/","title":{"rendered":"PROJETO"},"content":{"rendered":"<p><a href=\"https:\/\/academiaplus.eu\/pt\/project\/\">SOBRE<\/a><\/p>\n<p><a href=\"https:\/\/academiaplus.eu\/pt\/project\/background\/\">ENQUADRAMENTO<\/a><\/p>\n<p><a href=\"https:\/\/academiaplus.eu\/pt\/outputs\/\">SA\u00cdDAS<\/a><\/p>\n<p><a href=\"https:\/\/academiaplus.eu\/pt\/project\/partners\/\">PARCEIROS<\/a><\/p>\n<p><a href=\"https:\/\/academiaplus.eu\/pt\/project\/academia-network\/\">ACADEMIA NETWORK<\/a><\/p>\n<p><a href=\"https:\/\/academiaplus.eu\/pt\/project\/events\/\">EVENTOS<\/a><\/p>\n<p>Programa de forma\u00e7\u00e3o de t\u00e9cnicos de orienta\u00e7\u00e3o profissional sobre os principais desafios dos mercados e sociedades de trabalho europeias<\/p>\n<p>O projeto foi desenvolvido ao abrigo do programa Erasmus+ KA2 Parcerias Estrat\u00e9gicas para o Ensino Superior<\/p>\n<p>Refer\u00eancia do projeto: 2018-1-DE02-KA202-005117<\/p>\n<p>Per\u00edodo de implementa\u00e7\u00e3o do projeto: 1\/12\/2018 a 31\/08\/2021<\/p>\n<p><b>\u00a0<\/b><\/p>\n<p><strong>O Academia+ re\u00fane duas perspetivas:<\/strong><\/p>\n<ul>\n<li>apoiar e consolidar o interc\u00e2mbio e forma\u00e7\u00e3o transnacional de t\u00e9cnicos de orienta\u00e7\u00e3o profissional na Europa e<\/li>\n<li>focar o desenvolvimento de programas de forma\u00e7\u00e3o para enfrentar os principais desafios atuais no mercado de trabalho e orienta\u00e7\u00e3o.<\/li>\n<\/ul>\n<p>O Academia+ facilita as transi\u00e7\u00f5es entre a forma\u00e7\u00e3o e o mundo do trabalho, assim como entre diferentes empregos e diferentes pa\u00edses.<\/p>\n<p>O Academia+ possibilitou o interc\u00e2mbio de m\u00e9todos de orienta\u00e7\u00e3o espec\u00edficos de cada pa\u00eds relacionados a quest\u00f5es socioecon\u00f3micas e pol\u00edticas.<\/p>\n<p><a href=\"https:\/\/academiaplus.eu\/pt\/c-step\/\"><strong>O Academia+ desenvolveu os seguintes Intellectual Outputs (resultados intelectuais): 3 programas de forma\u00e7\u00e3o de t\u00e9cnicos de orienta\u00e7\u00e3o profissional conselheiros de uma semana (IO1, IO2 e IO3) &gt;&gt; <\/strong><\/a><\/p>\n<p>O projeto Academia+ abordou a meta da Estrat\u00e9gia Europa 2020 de integrar 75% das pessoas entre os 20 e os 64 anos no mercado de trabalho. Em 2016, a taxa m\u00e9dia de emprego nos 28 pa\u00edses da UE atingiu 71,1%. A taxa m\u00e9dia difere em cada pa\u00eds. O projeto ajuda a elevar o perfil da coopera\u00e7\u00e3o internacional na orienta\u00e7\u00e3o, fornecendo ferramentas, apoio e recursos concretos que demonstrem o valor da mobilidade e da aprendizagem transnacional para os profissionais, ajudando assim a aumentar a aceita\u00e7\u00e3o de oportunidades em diferentes pa\u00edses.<\/p>\n<p>O Academia+ apoia a presta\u00e7\u00e3o de melhores servi\u00e7os e orienta\u00e7\u00e3o sobre compet\u00eancias e qualifica\u00e7\u00f5es, concentrando-se no desenvolvimento de programas de forma\u00e7\u00e3o que abordem quest\u00f5es urgentes e os principais desafios atuais no mercado de trabalho e orienta\u00e7\u00e3o profissional.<\/p>\n<p>Os t\u00f3picos para os tr\u00eas cursos de forma\u00e7\u00e3o foram escolhidos de acordo com sua import\u00e2ncia para o mercado de trabalho atual:<\/p>\n<ul>\n<li>Aconselhar migrantes e refugiados<\/li>\n<li>Trabalhos do futuro<\/li>\n<li>Altera\u00e7\u00f5es demogr\u00e1ficas<\/li>\n<\/ul>\n","protected":false},"excerpt":{"rendered":"<p>SOBRE ENQUADRAMENTO SA\u00cdDAS PARCEIROS ACADEMIA NETWORK EVENTOS Programa de forma\u00e7\u00e3o de t\u00e9cnicos de orienta\u00e7\u00e3o profissional sobre os principais desafios dos mercados e sociedades de trabalho europeias O projeto foi desenvolvido ao abrigo do programa Erasmus+ KA2 Parcerias Estrat\u00e9gicas para o Ensino Superior Refer\u00eancia do projeto: 2018-1-DE02-KA202-005117 Per\u00edodo de implementa\u00e7\u00e3o do projeto: 1\/12\/2018 a 31\/08\/2021 \u00a0 O Academia+ re\u00fane duas perspetivas: apoiar e consolidar o interc\u00e2mbio e forma\u00e7\u00e3o transnacional de t\u00e9cnicos de orienta\u00e7\u00e3o profissional na Europa e focar o desenvolvimento de programas de forma\u00e7\u00e3o para enfrentar os principais desafios atuais no mercado de trabalho e orienta\u00e7\u00e3o. O Academia+ facilita as transi\u00e7\u00f5es entre a forma\u00e7\u00e3o e o mundo do trabalho, assim como&hellip; <a class=\"read-more\" href=\"https:\/\/academiaplus.eu\/pt\/project\/\">Read More<\/a><\/p>\n","protected":false},"author":1,"featured_media":0,"parent":0,"menu_order":0,"comment_status":"closed","ping_status":"closed","template":"","meta":{"footnotes":""},"class_list":["post-970","page","type-page","status-publish","hentry"],"translation":{"provider":"WPGlobus","version":"3.0.2","language":"pt","enabled_languages":["en","de","pt","lt"],"languages":{"en":{"title":true,"content":true,"excerpt":false},"de":{"title":true,"content":true,"excerpt":false},"pt":{"title":true,"content":true,"excerpt":false},"lt":{"title":true,"content":true,"excerpt":false}}},"_links":{"self":[{"href":"https:\/\/academiaplus.eu\/pt\/wp-json\/wp\/v2\/pages\/970","targetHints":{"allow":["GET"]}}],"collection":[{"href":"https:\/\/academiaplus.eu\/pt\/wp-json\/wp\/v2\/pages"}],"about":[{"href":"https:\/\/academiaplus.eu\/pt\/wp-json\/wp\/v2\/types\/page"}],"author":[{"embeddable":true,"href":"https:\/\/academiaplus.eu\/pt\/wp-json\/wp\/v2\/users\/1"}],"replies":[{"embeddable":true,"href":"https:\/\/academiaplus.eu\/pt\/wp-json\/wp\/v2\/comments?post=970"}],"version-history":[{"count":421,"href":"https:\/\/academiaplus.eu\/pt\/wp-json\/wp\/v2\/pages\/970\/revisions"}],"predecessor-version":[{"id":7116,"href":"https:\/\/academiaplus.eu\/pt\/wp-json\/wp\/v2\/pages\/970\/revisions\/7116"}],"wp:attachment":[{"href":"https:\/\/academiaplus.eu\/pt\/wp-json\/wp\/v2\/media?parent=970"}],"curies":[{"name":"wp","href":"https:\/\/api.w.org\/{rel}","templated":true}]}}