{"id":961,"date":"2019-02-05T08:50:21","date_gmt":"2019-02-05T08:50:21","guid":{"rendered":"http:\/\/academiaplus.eu\/?page_id=961"},"modified":"2021-08-16T12:52:52","modified_gmt":"2021-08-16T12:52:52","slug":"events","status":"publish","type":"page","link":"https:\/\/academiaplus.eu\/pt\/project\/events\/","title":{"rendered":"EVENTOS"},"content":{"rendered":"<p><a href=\"https:\/\/academiaplus.eu\/pt\/project\/\">SOBRE<\/a><\/p>\n<p><a href=\"https:\/\/academiaplus.eu\/pt\/project\/background\/\">ENQUADRAMENTO<\/a><\/p>\n<p><a href=\"https:\/\/academiaplus.eu\/pt\/outputs\/\">SA\u00cdDAS<\/a><\/p>\n<p><a href=\"https:\/\/academiaplus.eu\/pt\/project\/partners\/\">PARCEIROS<\/a><\/p>\n<p><a href=\"https:\/\/academiaplus.eu\/pt\/project\/academia-network\/\">ACADEMIA NETWORK<\/a><\/p>\n<p><a href=\"https:\/\/academiaplus.eu\/pt\/project\/events\/\">EVENTOS<\/a><\/p>\n<p>\t\t\tREUNI\u00d5ES TRANSNACIONAIS\t\t<\/p>\n<p>Seis reuni\u00f5es de parceiros. Foram organizadas 2 reuni\u00f5es presenciais e 4 reuni\u00f5es online devido \u00e0 pandemia da COVID 19. Al\u00e9m disso, os parceiros organizaram reuni\u00f5es online interm\u00e9dias para preparar e discutir os cursos de forma\u00e7ao. As experi\u00eancias de projectos anteriores indicam que os colaboradores de cada uma das equipas dos parceiros deve estar presente nas reuni\u00f5es, dado que muitas discuss\u00f5es e decis\u00f5es centrais s\u00e3o tomadas nas reuni\u00f5es transnacionais presenciais dos parceiros.<br \/>As reuni\u00f5es dos parceiros foram realizadas nos seguintes locais:<\/p>\n<p><a href=\"https:\/\/academiaplus.eu\/pt\/project\/events\/kick-off-meeting\/\">Reuni\u00e3o inicial (Alemanha) >><\/a><\/p>\n<p>\t\t\t\t\t\t\t\t\t\t\t\t<img decoding=\"async\" src=\"https:\/\/academiaplus.eu\/wp-content\/uploads\/elementor\/thumbs\/Scwerin-o6li0mkp0i1l4kass2xxdf72a6lbleyyvtmtjacsj4.jpg\" title=\"cof\" alt=\"cof\" \/>\t\t\t\t\t\t\t\t\t\t\t\t\t\t<\/p>\n<p><strong><a href=\"https:\/\/academiaplus.eu\/pt\/project\/events\/2nd-transnational-partners-meeting\/\">2\u00aa reuni\u00e3o transnacional de parceiros (Portugal) >><\/a><\/strong><\/p>\n<p>\t\t\t\t\t\t\t\t\t\t\t\t<img decoding=\"async\" src=\"https:\/\/academiaplus.eu\/wp-content\/uploads\/elementor\/thumbs\/architecture-buildings-cable-car-1534560_011-o4m422b7kr3tqcoa7f9er5qbeet8zgou3gbfb8jtrk.jpg\" title=\"architecture-buildings-cable-car-1534560_011\" alt=\"architecture-buildings-cable-car-1534560_011\" \/>\t\t\t\t\t\t\t\t\t\t\t\t\t\t<\/p>\n<p><strong><a href=\"https:\/\/academiaplus.eu\/pt\/project\/events\/3nd-transnational-partners-meeting\/\">3\u00aa reuni\u00e3o transnacional de parceiros (online) >><\/a><\/strong><\/p>\n<p>\t\t\t\t\t\t\t\t\t\t\t\t<img loading=\"lazy\" decoding=\"async\" width=\"800\" height=\"420\" src=\"https:\/\/academiaplus.eu\/wp-content\/uploads\/2020\/04\/Skype_meeting.jpg\" alt=\"\" loading=\"lazy\" srcset=\"https:\/\/academiaplus.eu\/wp-content\/uploads\/2020\/04\/Skype_meeting.jpg 800w, https:\/\/academiaplus.eu\/wp-content\/uploads\/2020\/04\/Skype_meeting-300x158.jpg 300w, https:\/\/academiaplus.eu\/wp-content\/uploads\/2020\/04\/Skype_meeting-768x403.jpg 768w\" sizes=\"auto, (max-width: 800px) 100vw, 800px\" \/>\t\t\t\t\t\t\t\t\t\t\t\t\t\t<\/p>\n<p><a href=\"https:\/\/academiaplus.eu\/pt\/4th-transnational-partners-meeting\/\">4\u00aa Reuni\u00e3o Trasnacional de parceiros (online) &gt;&gt;<\/a><\/p>\n<p>\t\t\t\t\t\t\t\t\t\t\t\t<img decoding=\"async\" src=\"https:\/\/academiaplus.eu\/wp-content\/uploads\/elementor\/thumbs\/academiaplus_4th_online_meeting-oylagentfupbpxb1ro28n7914sqk3dom1q67yz4fao.jpg\" title=\"academiaplus_4th_online_meeting\" alt=\"academiaplus_4th_online_meeting\" \/>\t\t\t\t\t\t\t\t\t\t\t\t\t\t<\/p>\n<p><a href=\"https:\/\/academiaplus.eu\/pt\/5th-transnational-partners-meeting\/\">5\u00aa Reuni\u00e3o Trasnacional de parceiros (online) &gt;&gt;<\/a><\/p>\n<p>6\u00aa Reuni\u00e3o Trasnacional de parceiros (online) &gt;&gt;<\/p>\n<p>\t\t\tC-STEP\t\t<\/p>\n<p>Devido ao Covid-19 o primeiro Curso foi convertido no curso de forma\u00e7\u00e3o online, que foi realizado atrav\u00e9s de webinars. A forma\u00e7\u00e3o e todos os materiais foram em Ingl\u00eas. Incluiu diferentes configura\u00e7\u00f5es e m\u00e9todos did\u00e1ticos. Por exemplo, come\u00e7ar com uma palestra de uma hora, uma se\u00e7\u00e3o de perguntas e respostas e, em seguida, um workshop em que os participantes s\u00e3o divididos em grupos menores para concluir tarefas antes de se reunirem no grupo maior. A grava\u00e7\u00e3o de algumas partes deste evento foi efetuada, sendo disponibilizada com os materiais no centro multim\u00e9dia.<\/p>\n<p><strong><a href=\"https:\/\/academiaplus.eu\/pt\/c-step-1\/\">Informa\u00e7\u00e3o adicional &gt;&gt;<\/a><\/strong><\/p>\n<p>\t\t\tEVENTO MULTIPLICADOR\t\t<\/p>\n<p>Na fase final, um evento internacional ser\u00e1 realizado pelos parceiros no campus da HdBA em Mannheim. Devido ao foco transnacional expl\u00edcito do Academia+ em fazer com que os t\u00e9cnicos de orienta\u00e7\u00e3o aprendam e beneficiem das abordagens e experi\u00eancias de outros pa\u00edses, houve um evento internacional para todos os parceiros do projeto (em vez de eventos multiplicadores nacionais que visam principalmente um p\u00fablico nacional).<\/p>\n<p>O evento reuniu parceiros de toda a Academia Network e atores de diferentes setores, por forma a disseminar o projeto e os seus resultados, transmitir informa\u00e7\u00f5es atualizadas sobre os tr\u00eas t\u00f3picos gerais do projeto, bem como fazer com que os participantes aprendam uns com os outros e com as abordagens de outros pa\u00edses. O grupo-alvo do evento inclui, por exemplo:<\/p>\n<p>Profissionais de orienta\u00e7\u00e3o profissional de toda a Europa<\/p>\n<ul>\n<li> L\u00edderes dos Servi\u00e7os P\u00fablicos de Emprego<\/li>\n<li>Legisladores<\/li>\n<li>Representantes do Ensino e Forma\u00e7\u00e3o Profissional\u00a0<\/li>\n<li>Representantes de empresas<\/li>\n<li>Representantes do ensino superior e investiga\u00e7\u00e3o<\/li>\n<li>Representantes de parceiros sociais<\/li>\n<li>Representantes de c\u00e2maras<\/li>\n<li>Representantes de associa\u00e7\u00f5es de refugiados e migrantes<\/li>\n<li>Representantes das ag\u00eancias nacionais respons\u00e1veis pelas parcerias estrat\u00e9gicas Erasmus+<\/li>\n<\/ul>\n<p>\t\t\tRELAT\u00d3RIO DE DISSEMINA\u00c7\u00c3O\t\t<\/p>\n<p><a href=\"https:\/\/docs.google.com\/spreadsheets\/d\/1X7xmKXO6apgx3vuCw2FQw1pSOT23OLrluafVUcLBpgE\/edit#gid=1434563993\" target=\"_blank\" rel=\"noopener\">Informa\u00e7\u00e3o sobre os eventos de dissemina\u00e7\u00e3o >><\/a><\/p>\n<p><a href=\"https:\/\/docs.google.com\/spreadsheets\/d\/1X7xmKXO6apgx3vuCw2FQw1pSOT23OLrluafVUcLBpgE\/edit#gid=789738297\" target=\"_blank\" rel=\"noopener\">Resumo dos eventos de dissemina\u00e7\u00e3o >><\/a><\/p>\n","protected":false},"excerpt":{"rendered":"<p>SOBRE ENQUADRAMENTO SA\u00cdDAS PARCEIROS ACADEMIA NETWORK EVENTOS REUNI\u00d5ES TRANSNACIONAIS Seis reuni\u00f5es de parceiros. Foram organizadas 2 reuni\u00f5es presenciais e 4 reuni\u00f5es online devido \u00e0 pandemia da COVID 19. Al\u00e9m disso, os parceiros organizaram reuni\u00f5es online interm\u00e9dias para preparar e discutir os cursos de forma\u00e7ao. As experi\u00eancias de projectos anteriores indicam que os colaboradores de cada uma das equipas dos parceiros deve estar presente nas reuni\u00f5es, dado que muitas discuss\u00f5es e decis\u00f5es centrais s\u00e3o tomadas nas reuni\u00f5es transnacionais presenciais dos parceiros.As reuni\u00f5es dos parceiros foram realizadas nos seguintes locais: Reuni\u00e3o inicial (Alemanha) >> 2\u00aa reuni\u00e3o transnacional de parceiros (Portugal) >> 3\u00aa reuni\u00e3o transnacional de parceiros (online) >> 4\u00aa Reuni\u00e3o Trasnacional de&hellip; <a class=\"read-more\" href=\"https:\/\/academiaplus.eu\/pt\/project\/events\/\">Read More<\/a><\/p>\n","protected":false},"author":1,"featured_media":0,"parent":970,"menu_order":0,"comment_status":"closed","ping_status":"closed","template":"","meta":{"footnotes":""},"class_list":["post-961","page","type-page","status-publish","hentry"],"translation":{"provider":"WPGlobus","version":"3.0.2","language":"pt","enabled_languages":["en","de","pt","lt"],"languages":{"en":{"title":true,"content":true,"excerpt":false},"de":{"title":true,"content":true,"excerpt":false},"pt":{"title":true,"content":true,"excerpt":false},"lt":{"title":true,"content":true,"excerpt":false}}},"_links":{"self":[{"href":"https:\/\/academiaplus.eu\/pt\/wp-json\/wp\/v2\/pages\/961","targetHints":{"allow":["GET"]}}],"collection":[{"href":"https:\/\/academiaplus.eu\/pt\/wp-json\/wp\/v2\/pages"}],"about":[{"href":"https:\/\/academiaplus.eu\/pt\/wp-json\/wp\/v2\/types\/page"}],"author":[{"embeddable":true,"href":"https:\/\/academiaplus.eu\/pt\/wp-json\/wp\/v2\/users\/1"}],"replies":[{"embeddable":true,"href":"https:\/\/academiaplus.eu\/pt\/wp-json\/wp\/v2\/comments?post=961"}],"version-history":[{"count":476,"href":"https:\/\/academiaplus.eu\/pt\/wp-json\/wp\/v2\/pages\/961\/revisions"}],"predecessor-version":[{"id":7000,"href":"https:\/\/academiaplus.eu\/pt\/wp-json\/wp\/v2\/pages\/961\/revisions\/7000"}],"up":[{"embeddable":true,"href":"https:\/\/academiaplus.eu\/pt\/wp-json\/wp\/v2\/pages\/970"}],"wp:attachment":[{"href":"https:\/\/academiaplus.eu\/pt\/wp-json\/wp\/v2\/media?parent=961"}],"curies":[{"name":"wp","href":"https:\/\/api.w.org\/{rel}","templated":true}]}}