{"id":6222,"date":"2021-08-05T08:36:22","date_gmt":"2021-08-05T08:36:22","guid":{"rendered":"https:\/\/academiaplus.eu\/?page_id=6222"},"modified":"2021-08-16T12:39:23","modified_gmt":"2021-08-16T12:39:23","slug":"5th-transnational-partners-meeting","status":"publish","type":"page","link":"https:\/\/academiaplus.eu\/pt\/5th-transnational-partners-meeting\/","title":{"rendered":"5\u00aa Reuni\u00e3o Trasnacional de parceiros"},"content":{"rendered":"<p><a href=\"https:\/\/academiaplus.eu\/pt\/project\/\">SOBRE<\/a><\/p>\n<p><a href=\"https:\/\/academiaplus.eu\/pt\/project\/background\/\">ENQUADRAMENTO<\/a><\/p>\n<p><a href=\"https:\/\/academiaplus.eu\/pt\/outputs\/\">SA\u00cdDAS<\/a><\/p>\n<p><a href=\"https:\/\/academiaplus.eu\/pt\/project\/partners\/\">PARCEIROS<\/a><\/p>\n<p><a href=\"https:\/\/academiaplus.eu\/pt\/project\/academia-network\/\">ACADEMIA NETWORK<\/a><\/p>\n<p><a href=\"https:\/\/academiaplus.eu\/pt\/project\/events\/\">EVENTOS<\/a><\/p>\n<p style=\"font-weight: 400;\">No \u00e2mbito do projeto Academia+ realizou-se nos dia 27 de abril de 2021 a <strong>5\u00aa Reuni\u00e3o Trasnacional de parceiros.<\/strong><\/p>\n<p style=\"font-weight: 400;\">Devido \u00e0 situa\u00e7\u00e3o atual do Covid-19, a reuni\u00e3o realizou-se online, ao inv\u00e9s de ser realizada em Bradford, Reino Unido, como originalmente planeado.<\/p>\n<p>Durante este dia de, a parceria discutiu o status atual do trabalho e os pr\u00f3ximos passos relativos \u00e0s forma\u00e7\u00f5es online de 4 dias denominadas \u201cCounsellors Study and Training Exchange Program\u201d C-STEP 3 \u201cDemographic change\u201d (agendada para maio de 2021).<\/p>\n","protected":false},"excerpt":{"rendered":"<p>SOBRE ENQUADRAMENTO SA\u00cdDAS PARCEIROS ACADEMIA NETWORK EVENTOS No \u00e2mbito do projeto Academia+ realizou-se nos dia 27 de abril de 2021 a 5\u00aa Reuni\u00e3o Trasnacional de parceiros. Devido \u00e0 situa\u00e7\u00e3o atual do Covid-19, a reuni\u00e3o realizou-se online, ao inv\u00e9s de ser realizada em Bradford, Reino Unido, como originalmente planeado. Durante este dia de, a parceria discutiu o status atual do trabalho e os pr\u00f3ximos passos relativos \u00e0s forma\u00e7\u00f5es online de 4 dias denominadas \u201cCounsellors Study and Training Exchange Program\u201d C-STEP 3 \u201cDemographic change\u201d (agendada para maio de 2021).<\/p>\n","protected":false},"author":2,"featured_media":0,"parent":0,"menu_order":0,"comment_status":"closed","ping_status":"closed","template":"","meta":{"footnotes":""},"class_list":["post-6222","page","type-page","status-publish","hentry"],"translation":{"provider":"WPGlobus","version":"3.0.2","language":"pt","enabled_languages":["en","de","pt","lt"],"languages":{"en":{"title":true,"content":true,"excerpt":false},"de":{"title":true,"content":true,"excerpt":false},"pt":{"title":true,"content":true,"excerpt":false},"lt":{"title":false,"content":false,"excerpt":false}}},"_links":{"self":[{"href":"https:\/\/academiaplus.eu\/pt\/wp-json\/wp\/v2\/pages\/6222","targetHints":{"allow":["GET"]}}],"collection":[{"href":"https:\/\/academiaplus.eu\/pt\/wp-json\/wp\/v2\/pages"}],"about":[{"href":"https:\/\/academiaplus.eu\/pt\/wp-json\/wp\/v2\/types\/page"}],"author":[{"embeddable":true,"href":"https:\/\/academiaplus.eu\/pt\/wp-json\/wp\/v2\/users\/2"}],"replies":[{"embeddable":true,"href":"https:\/\/academiaplus.eu\/pt\/wp-json\/wp\/v2\/comments?post=6222"}],"version-history":[{"count":33,"href":"https:\/\/academiaplus.eu\/pt\/wp-json\/wp\/v2\/pages\/6222\/revisions"}],"predecessor-version":[{"id":6981,"href":"https:\/\/academiaplus.eu\/pt\/wp-json\/wp\/v2\/pages\/6222\/revisions\/6981"}],"wp:attachment":[{"href":"https:\/\/academiaplus.eu\/pt\/wp-json\/wp\/v2\/media?parent=6222"}],"curies":[{"name":"wp","href":"https:\/\/api.w.org\/{rel}","templated":true}]}}