{"id":580,"date":"2019-02-02T12:13:40","date_gmt":"2019-02-02T12:13:40","guid":{"rendered":"http:\/\/academiaplus.eu\/?page_id=580"},"modified":"2021-01-18T08:37:23","modified_gmt":"2021-01-18T08:37:23","slug":"partners","status":"publish","type":"page","link":"https:\/\/academiaplus.eu\/pt\/project\/partners\/","title":{"rendered":"CONTATOS"},"content":{"rendered":"<p><a href=\"https:\/\/academiaplus.eu\/pt\/project\/\">SOBRE<\/a><\/p>\n<p><a href=\"https:\/\/academiaplus.eu\/pt\/project\/background\/\">ENQUADRAMENTO<\/a><\/p>\n<p><a href=\"https:\/\/academiaplus.eu\/pt\/outputs\/\">SA\u00cdDAS<\/a><\/p>\n<p><a href=\"https:\/\/academiaplus.eu\/pt\/project\/partners\/\">PARCEIROS<\/a><\/p>\n<p><a href=\"https:\/\/academiaplus.eu\/pt\/project\/academia-network\/\">ACADEMIA NETWORK<\/a><\/p>\n<p><a href=\"https:\/\/academiaplus.eu\/pt\/project\/events\/\">EVENTOS<\/a><\/p>\n<p><strong>ALEMANHA<\/strong><\/p>\n<p>\t\t\t\t\t\t\t\t\t\t\t<a href=\"http:\/\/www.hdba.de\/start\/\" target=\"_blank\" rel=\"noopener noreferrer\"><br \/>\n\t\t\t\t\t\t\t<img decoding=\"async\" width=\"300\" height=\"121\" src=\"https:\/\/academiaplus.eu\/wp-content\/uploads\/2019\/02\/HdBA_Logo_RZ_300dpi-rgb-300x121.jpg\" alt=\"\" srcset=\"https:\/\/academiaplus.eu\/wp-content\/uploads\/2019\/02\/HdBA_Logo_RZ_300dpi-rgb-300x121.jpg 300w, https:\/\/academiaplus.eu\/wp-content\/uploads\/2019\/02\/HdBA_Logo_RZ_300dpi-rgb.jpg 762w\" sizes=\"(max-width: 300px) 100vw, 300px\" \/>\t\t\t\t\t\t\t\t<\/a><\/p>\n<p><a href=\"http:\/\/www.hdba.de\/start\/\" target=\"_blank\" rel=\"noopener noreferrer\"><b>HOCHSCHULE DER BUNDESAGENTUR FUER ARBEIT<\/b><\/a><\/p>\n<p>A Universidade de Estudos Trabalhistas Aplicados da Ag\u00eancia Federal de Emprego (HdBA) \u00e9 uma Universidade estatal de ci\u00eancia do trabalho aplicada. Foi fundada em 2006 pela Ag\u00eancia Federal de Emprego, o maior fornecedor de servi\u00e7os do mercado de trabalho da Alemanha. Al\u00e9m de oferecer cursos de bacharelado, a HdBA est\u00e1 focada na investiga\u00e7\u00e3o e esteve envolvida em investiga\u00e7\u00e3o a n\u00edvel nacional e internacional. Al\u00e9m disso, a HdBA oferece forma\u00e7\u00e3o em contexto de trabalho para funcion\u00e1rios da Ag\u00eancia Federal de Emprego e outros interessadas no campo do mercado de trabalho, educa\u00e7\u00e3o e forma\u00e7\u00e3o profissional e orienta\u00e7\u00e3o profissional.<\/p>\n<p><strong>PESSOA DE CONTATO<\/strong><\/p>\n<p>\u00a0<\/p>\n<p>Clinton Enoch<\/p>\n<p>Clinton.Enoch@arbeitsagentur.de<\/p>\n<p>\t\t\t\t\t\t\t\t\t\t<img decoding=\"async\" width=\"150\" height=\"150\" src=\"https:\/\/academiaplus.eu\/wp-content\/uploads\/2020\/01\/enoch_clinton-150x150.png\" alt=\"\" srcset=\"https:\/\/academiaplus.eu\/wp-content\/uploads\/2020\/01\/enoch_clinton-150x150.png 150w, https:\/\/academiaplus.eu\/wp-content\/uploads\/2020\/01\/enoch_clinton.png 200w\" sizes=\"(max-width: 150px) 100vw, 150px\" \/>\t\t\t\t\t\t\t\t\t\t\t<\/p>\n<p>\u00a0<\/p>\n<p>Dr.\u00a0Thomas J\u00e4ger<\/p>\n<p>Hochschule.ZaFET@arbeitsagentur.de<\/p>\n<p>\t\t\t\t\t\t\t\t\t\t<img decoding=\"async\" width=\"150\" height=\"150\" src=\"https:\/\/academiaplus.eu\/wp-content\/uploads\/2020\/01\/Thomas-150x150.png\" alt=\"\" \/>\t\t\t\t\t\t\t\t\t\t\t<\/p>\n<p>\u00a0<\/p>\n<p>Prof. Dr. Jane Porath\u00a0<\/p>\n<p>Jane.Porath@arbeitsagentur.de\u00a0<\/p>\n<p>\t\t\t\t\t\t\t\t\t\t<img loading=\"lazy\" decoding=\"async\" width=\"150\" height=\"150\" src=\"https:\/\/academiaplus.eu\/wp-content\/uploads\/2020\/03\/Jane_Porath-150x150.png\" alt=\"\" \/>\t\t\t\t\t\t\t\t\t\t\t<\/p>\n<p><strong>PORTUGAL<\/strong><\/p>\n<p>\t\t\t\t\t\t\t\t\t\t\t<a href=\"http:\/\/www.spi.pt\/en.index\" target=\"_blank\" rel=\"noopener noreferrer\"><br \/>\n\t\t\t\t\t\t\t<img loading=\"lazy\" decoding=\"async\" width=\"300\" height=\"138\" src=\"https:\/\/academiaplus.eu\/wp-content\/uploads\/2019\/02\/SPI_logo-300x138.jpg\" alt=\"\" srcset=\"https:\/\/academiaplus.eu\/wp-content\/uploads\/2019\/02\/SPI_logo-300x138.jpg 300w, https:\/\/academiaplus.eu\/wp-content\/uploads\/2019\/02\/SPI_logo-768x353.jpg 768w, https:\/\/academiaplus.eu\/wp-content\/uploads\/2019\/02\/SPI_logo.jpg 1000w\" sizes=\"(max-width: 300px) 100vw, 300px\" \/>\t\t\t\t\t\t\t\t<\/a><\/p>\n<p><a href=\"http:\/\/www.spi.pt\/en.index\" target=\"_blank\" rel=\"noopener noreferrer\"><strong>S<\/strong><b>OCIEDADE PORTUGUESA DE INOVACAO \u2013 CONSULTADORIA EMPRESARIAL E FOMENTO DA INOVACAO S.A.<\/b><\/a><\/p>\n<p>A Sociedade Portuguesa de Inova\u00e7\u00e3o (SPI \u2013 www.spi.pt) \u00e9 uma empresa privada de consultadoria, criada em 1997, como um centro ativo de redes nacionais e internacionais conectadas aos setores das PME e inova\u00e7\u00e3o. Desde a sua cria\u00e7\u00e3o, a SPI tornou-se um dos principais promotores de v\u00ednculos entre empresas do setor privado, institui\u00e7\u00f5es de ci\u00eancia e tecnologia e organiza\u00e7\u00f5es p\u00fablicas e privadas nacionais e internacionais. Desde o in\u00edcio, a SPI abra\u00e7ou a miss\u00e3o de gerir projetos que promovam o desenvolvimento regional, nacional e internacional; estimular o empreendedorismo, a inova\u00e7\u00e3o e a gest\u00e3o do conhecimento e criar parcerias estrat\u00e9gicas e rela\u00e7\u00f5es comerciais. A SPI possui escrit\u00f3rios no Porto (sede), Coimbra, Lisboa, \u00c9vora, A\u00e7ores, China, Espanha, EUA e uma representa\u00e7\u00e3o permanente em Bruxelas, por meio da parceria com a European BIC Network. A SPI tem mais de 85 consultores de diferentes nacionalidades e origens.<\/p>\n<p><strong>PESSOA DE CONTATO<\/strong><\/p>\n<p>\u00a0<\/p>\n<p>Tiago Marques<\/p>\n<p>tiagomarques@spi.pt<\/p>\n<p>\t\t\t\t\t\t\t\t\t\t<img loading=\"lazy\" decoding=\"async\" width=\"150\" height=\"150\" src=\"https:\/\/academiaplus.eu\/wp-content\/uploads\/2019\/03\/TIAGO-150x150.png\" alt=\"\" \/>\t\t\t\t\t\t\t\t\t\t\t<\/p>\n<p><strong>REINO UNIDO<\/strong><\/p>\n<p>\t\t\t\t\t\t\t\t\t\t\t<a href=\"https:\/\/www.aspire-igen.com\/aspire-igen\" target=\"_blank\" rel=\"noopener noreferrer\"><br \/>\n\t\t\t\t\t\t\t<img loading=\"lazy\" decoding=\"async\" width=\"284\" height=\"171\" src=\"https:\/\/academiaplus.eu\/wp-content\/uploads\/2019\/04\/Aspire-igen.jpg\" alt=\"\" \/>\t\t\t\t\t\t\t\t<\/a><\/p>\n<p><a href=\"https:\/\/www.aspire-igen.com\/aspire-igen\" target=\"_blank\" rel=\"noopener noreferrer\"><strong>ASPIRE IGEN GROUP LIMITED<\/strong><\/a><\/p>\n<p>O grupo Aspire-igen \u00e9 a maior organiza\u00e7\u00e3o de carreiras e forma\u00e7\u00e3o da regi\u00e3o de Yorkshire (uma \u00e1rea com uma popula\u00e7\u00e3o de mais de 5 milh\u00f5es de habitantes). O grupo \u00e9 uma empresa social sem fins lucrativos, com 22 anos de experi\u00eancia em apoiar jovens e adultos no emprego. Os n\u00edveis de priva\u00e7\u00e3o social em Yorkshire est\u00e3o entre os piores do Reino Unido, com locais de exclus\u00e3o e desemprego generalizados. O grupo apoia a inclus\u00e3o e a regenera\u00e7\u00e3o sociais, fornecendo uma gama de servi\u00e7os de orienta\u00e7\u00e3o e forma\u00e7\u00e3o. Oferece tamb\u00e9m programas de forma\u00e7\u00e3o profissional para os jovens NEET para prepar\u00e1-los para a entrada no mercado de trabalho e oferecem orienta\u00e7\u00e3o sobre carreiras em 28 escolas da regi\u00e3o. \u00c9 um centro de excel\u00eancia reconhecido para o desenvolvimento profissional e fornecem forma\u00e7\u00e3o para carreiras e profissionais de orienta\u00e7\u00e3o.<\/p>\n<p><strong>PESSOA DE CONTATO<\/strong><\/p>\n<p>\u00a0<\/p>\n<p>Caroline\u00a0Harrison<\/p>\n<p>international@aspire-igen.com<\/p>\n<p>\t\t\t\t\t\t\t\t\t\t<img loading=\"lazy\" decoding=\"async\" width=\"150\" height=\"150\" src=\"https:\/\/academiaplus.eu\/wp-content\/uploads\/2019\/05\/CAROLINE_HARRISON-150x150.png\" alt=\"\" srcset=\"https:\/\/academiaplus.eu\/wp-content\/uploads\/2019\/05\/CAROLINE_HARRISON-150x150.png 150w, https:\/\/academiaplus.eu\/wp-content\/uploads\/2019\/05\/CAROLINE_HARRISON-300x300.png 300w, https:\/\/academiaplus.eu\/wp-content\/uploads\/2019\/05\/CAROLINE_HARRISON-768x770.png 768w, https:\/\/academiaplus.eu\/wp-content\/uploads\/2019\/05\/CAROLINE_HARRISON-1022x1024.png 1022w\" sizes=\"(max-width: 150px) 100vw, 150px\" \/>\t\t\t\t\t\t\t\t\t\t\t<\/p>\n<p><strong>LUXEMBURGO<\/strong><\/p>\n<p>\t\t\t\t\t\t\t\t\t\t\t<a href=\"https:\/\/www.avopp.lu\/\" target=\"_blank\" rel=\"noopener noreferrer\"><br \/>\n\t\t\t\t\t\t\t<img decoding=\"async\" src=\"https:\/\/academiaplus.eu\/wp-content\/uploads\/elementor\/thumbs\/Luxembourg_AVOPP_logo-o6lfbg15w5hvyhororasbhyweijyfkn69qv8ajmkca.png\" title=\"Luxembourg_AVOPP_logo\" alt=\"Luxembourg_AVOPP_logo\" \/>\t\t\t\t\t\t\t\t<\/a><\/p>\n<p><a href=\"https:\/\/www.avopp.lu\/\" target=\"_blank\" rel=\"noopener noreferrer\"><b>APPLIED VOCATIONAL PSYCHOLOGY AND POLICY RESEARCH UNIT (AVOPP)<\/b><\/a><\/p>\n<p>A AVOPP foi fundada em 2005 por psic\u00f3logos, cientistas educacionais, estat\u00edsticos e economistas da B\u00e9lgica, Canad\u00e1, Alemanha, Litu\u00e2nia, Luxemburgo, Pol\u00f3nia e Su\u00ed\u00e7a.<\/p>\n<p>Entre os seus fundadores estavam estudiosos de destaque de universidades de prest\u00edgio, como: Augustyn Banka (Universidade SWPS de Ci\u00eancias Sociais e Humanas, Vars\u00f3via, Pol\u00f3nia); Jean-Pierre Dauwalder (Universidade de Lausanne, Su\u00ed\u00e7a); Bernd-Joachim Ertelt (Universidade de Estudos Laborais Aplicados, Mannheim, Alemanha); Herrmann-G\u00fcnter Hesse (Instituto Alem\u00e3o de Pesquisa Educacional Internacional, Frankfurt am Main, Alemanha); Manfred Hofer (Universidade de Mannheim, Alemanha); Czeslaw Noworol (Universidade Jagiellonian de Crac\u00f3via, Pol\u00f3nia); Kestutis Pukelis (Universidade Vytautas Magnus, Litu\u00e2nia); Christiane Schiersmann (Universidade de Heidelberg, Alemanha); William Schulz (Universidade de Manitoba, Canad\u00e1).<\/p>\n<p>Enquanto continuam o seu trabalho nas suas respectivas universidades, esses estudiosos v\u00eam dando, durante muitos anos, orienta\u00e7\u00f5es valiosas \u00e0 AVOPP. E mesmo atualmente, quando muitos deles se tornaram &#8220;em\u00e9ritos&#8221;, a AVOPP tem o privil\u00e9gio de poder continuar e confiar nos seus conselhos.<\/p>\n<p>A associa\u00e7\u00e3o tem entre os seus objetivos:<\/p>\n<ul>\n<li>Desenvolvimento de estudos e projetos cient\u00edficos<\/li>\n<li>Acompanhamento cient\u00edfico de estudos e projetos semelhantes<\/li>\n<li>Avalia\u00e7\u00e3o externa de estudos e projetos cient\u00edficos<\/li>\n<li>Desenvolvimento e promo\u00e7\u00e3o de redes transnacionais<\/li>\n<li>Desenvolvimento e realiza\u00e7\u00e3o de m\u00f3dulos e programas de qualifica\u00e7\u00e3o para t\u00e9cnicos de orienta\u00e7\u00e3o profisssional com certifica\u00e7\u00e3o<\/li>\n<li>Trabalho de consultoria relativos a medidas e programas de desenvolvimento de carreira no \u00e2mbito de recursos humanos<\/li>\n<li>Edi\u00e7\u00e3o e publica\u00e7\u00e3o de trabalhos cient\u00edficos.<\/li>\n<\/ul>\n<p><strong>PESSOA DE CONTATO<\/strong><\/p>\n<p>\u00a0<\/p>\n<p>Jean-Jacques Ruppert<\/p>\n<p>jean-jacques.ruppert@education.lu<\/p>\n<p>\t\t\t\t\t\t\t\t\t\t<img loading=\"lazy\" decoding=\"async\" width=\"150\" height=\"150\" src=\"https:\/\/academiaplus.eu\/wp-content\/uploads\/2019\/10\/Jean-Jacques-Ruppert-150x150.png\" alt=\"\" srcset=\"https:\/\/academiaplus.eu\/wp-content\/uploads\/2019\/10\/Jean-Jacques-Ruppert-150x150.png 150w, https:\/\/academiaplus.eu\/wp-content\/uploads\/2019\/10\/Jean-Jacques-Ruppert-300x300.png 300w, https:\/\/academiaplus.eu\/wp-content\/uploads\/2019\/10\/Jean-Jacques-Ruppert-768x770.png 768w, https:\/\/academiaplus.eu\/wp-content\/uploads\/2019\/10\/Jean-Jacques-Ruppert-1022x1024.png 1022w, https:\/\/academiaplus.eu\/wp-content\/uploads\/2019\/10\/Jean-Jacques-Ruppert.png 1358w\" sizes=\"(max-width: 150px) 100vw, 150px\" \/>\t\t\t\t\t\t\t\t\t\t\t<\/p>\n<p><strong>LITU\u00c2NIA<\/strong><\/p>\n<p>\t\t\t\t\t\t\t\t\t\t\t<a href=\"https:\/\/www.emundus.eu\/\" target=\"_blank\" rel=\"noopener noreferrer\"><br \/>\n\t\t\t\t\t\t\t<img loading=\"lazy\" decoding=\"async\" width=\"300\" height=\"158\" src=\"https:\/\/academiaplus.eu\/wp-content\/uploads\/2019\/02\/eMundus_oranzinis-300x158.jpg\" alt=\"\" srcset=\"https:\/\/academiaplus.eu\/wp-content\/uploads\/2019\/02\/eMundus_oranzinis-300x158.jpg 300w, https:\/\/academiaplus.eu\/wp-content\/uploads\/2019\/02\/eMundus_oranzinis-768x405.jpg 768w, https:\/\/academiaplus.eu\/wp-content\/uploads\/2019\/02\/eMundus_oranzinis-1024x539.jpg 1024w, https:\/\/academiaplus.eu\/wp-content\/uploads\/2019\/02\/eMundus_oranzinis.jpg 1122w\" sizes=\"(max-width: 300px) 100vw, 300px\" \/>\t\t\t\t\t\t\t\t<\/a><\/p>\n<p><a href=\"https:\/\/www.emundus.eu\/\" target=\"_blank\" rel=\"noopener noreferrer\"><strong>V\u0160\u012e \u201cEMUNDUS\u201d<\/strong><\/a><\/p>\n<p>A institui\u00e7\u00e3o p\u00fablica \u201ceMundus\u201d foi criada em 2009 com o objetivo de otimizar as atividades de investiga\u00e7\u00e3o e implementa\u00e7\u00e3o na \u00e1rea da educa\u00e7\u00e3o, preocupando-se com o uso e a adapta\u00e7\u00e3o das tecnologias da informa\u00e7\u00e3o e comunica\u00e7\u00e3o em diferentes esferas.<\/p>\n<p>A miss\u00e3o da eMundus \u00e9 promover ativamente a sociedade do conhecimento, criando e desenvolvendo servi\u00e7os relacionados com as tecnologias da informa\u00e7\u00e3o e comunica\u00e7\u00e3o, inova\u00e7\u00e3o e adapta\u00e7\u00e3o pr\u00e1tica da educa\u00e7\u00e3o e atividades profissionais e comunit\u00e1rias, buscando garantir a qualidade da coopera\u00e7\u00e3o e unidade entre diferentes gera\u00e7\u00f5es e diferentes grupos sociais.<\/p>\n<p>A equipa da eMundus \u00e9 composta por especialistas com longa experi\u00eancia nas esferas de gest\u00e3o, educa\u00e7\u00e3o e desenvolvimento tecnol\u00f3gico. Os membros da equipa participam em v\u00e1rios programas internacionais e nacionais desde 2006, tendo participado, gerido e desenvolvido projetos Socrates, LLP e agora projetos Erasmus + e dos Fundos Estruturais Europeus. Atrav\u00e9s de muitos anos, as rela\u00e7\u00f5es e a colabora\u00e7\u00e3o criadas com diferentes institui\u00e7\u00f5es desenvolveram uma forte coopera\u00e7\u00e3o e parcerias em toda a Europa com organiza\u00e7\u00f5es educacionais, associa\u00e7\u00f5es, centros de investiga\u00e7\u00e3o e desenvolvimento, autoridades p\u00fablicas etc.<\/p>\n<p><strong>PESSOA DE CONTATO<\/strong><\/p>\n<p>\u00a0<\/p>\n<p>Vida\u00a0Dr\u0105sut\u0117<\/p>\n<p>info@emundus.eu<\/p>\n<p>\t\t\t\t\t\t\t\t\t\t<img loading=\"lazy\" decoding=\"async\" width=\"150\" height=\"150\" src=\"https:\/\/academiaplus.eu\/wp-content\/uploads\/2019\/03\/VIDA_EMUNDUS-150x150.png\" alt=\"\" \/><\/p>\n","protected":false},"excerpt":{"rendered":"<p>SOBRE ENQUADRAMENTO SA\u00cdDAS PARCEIROS ACADEMIA NETWORK EVENTOS ALEMANHA HOCHSCHULE DER BUNDESAGENTUR FUER ARBEIT A Universidade de Estudos Trabalhistas Aplicados da Ag\u00eancia Federal de Emprego (HdBA) \u00e9 uma Universidade estatal de ci\u00eancia do trabalho aplicada. Foi fundada em 2006 pela Ag\u00eancia Federal de Emprego, o maior fornecedor de servi\u00e7os do mercado de trabalho da Alemanha. Al\u00e9m de oferecer cursos de bacharelado, a HdBA est\u00e1 focada na investiga\u00e7\u00e3o e esteve envolvida em investiga\u00e7\u00e3o a n\u00edvel nacional e internacional. Al\u00e9m disso, a HdBA oferece forma\u00e7\u00e3o em contexto de trabalho para funcion\u00e1rios da Ag\u00eancia Federal de Emprego e outros interessadas no campo do mercado de trabalho, educa\u00e7\u00e3o e forma\u00e7\u00e3o profissional e orienta\u00e7\u00e3o profissional. PESSOA&hellip; <a class=\"read-more\" href=\"https:\/\/academiaplus.eu\/pt\/project\/partners\/\">Read More<\/a><\/p>\n","protected":false},"author":1,"featured_media":0,"parent":970,"menu_order":0,"comment_status":"closed","ping_status":"closed","template":"","meta":{"footnotes":""},"class_list":["post-580","page","type-page","status-publish","hentry"],"translation":{"provider":"WPGlobus","version":"3.0.2","language":"pt","enabled_languages":["en","de","pt","lt"],"languages":{"en":{"title":true,"content":true,"excerpt":false},"de":{"title":true,"content":true,"excerpt":false},"pt":{"title":true,"content":true,"excerpt":false},"lt":{"title":true,"content":true,"excerpt":false}}},"_links":{"self":[{"href":"https:\/\/academiaplus.eu\/pt\/wp-json\/wp\/v2\/pages\/580","targetHints":{"allow":["GET"]}}],"collection":[{"href":"https:\/\/academiaplus.eu\/pt\/wp-json\/wp\/v2\/pages"}],"about":[{"href":"https:\/\/academiaplus.eu\/pt\/wp-json\/wp\/v2\/types\/page"}],"author":[{"embeddable":true,"href":"https:\/\/academiaplus.eu\/pt\/wp-json\/wp\/v2\/users\/1"}],"replies":[{"embeddable":true,"href":"https:\/\/academiaplus.eu\/pt\/wp-json\/wp\/v2\/comments?post=580"}],"version-history":[{"count":331,"href":"https:\/\/academiaplus.eu\/pt\/wp-json\/wp\/v2\/pages\/580\/revisions"}],"predecessor-version":[{"id":5370,"href":"https:\/\/academiaplus.eu\/pt\/wp-json\/wp\/v2\/pages\/580\/revisions\/5370"}],"up":[{"embeddable":true,"href":"https:\/\/academiaplus.eu\/pt\/wp-json\/wp\/v2\/pages\/970"}],"wp:attachment":[{"href":"https:\/\/academiaplus.eu\/pt\/wp-json\/wp\/v2\/media?parent=580"}],"curies":[{"name":"wp","href":"https:\/\/api.w.org\/{rel}","templated":true}]}}