{"id":578,"date":"2019-02-02T12:09:52","date_gmt":"2019-02-02T12:09:52","guid":{"rendered":"http:\/\/academiaplus.eu\/?page_id=578"},"modified":"2021-08-28T18:05:59","modified_gmt":"2021-08-28T18:05:59","slug":"background","status":"publish","type":"page","link":"https:\/\/academiaplus.eu\/pt\/project\/background\/","title":{"rendered":"ENQUADRAMENTO"},"content":{"rendered":"<p><a href=\"https:\/\/academiaplus.eu\/pt\/project\/\">SOBRE<\/a><\/p>\n<p><a href=\"https:\/\/academiaplus.eu\/pt\/project\/background\/\">ENQUADRAMENTO<\/a><\/p>\n<p><a href=\"https:\/\/academiaplus.eu\/pt\/outputs\/\">SA\u00cdDAS<\/a><\/p>\n<p><a href=\"https:\/\/academiaplus.eu\/pt\/project\/partners\/\">PARCEIROS<\/a><\/p>\n<p><a href=\"https:\/\/academiaplus.eu\/pt\/project\/academia-network\/\">ACADEMIA NETWORK<\/a><\/p>\n<p><a href=\"https:\/\/academiaplus.eu\/pt\/project\/events\/\">EVENTOS<\/a><\/p>\n<p>O mercado de trabalho europeu est\u00e1 atualmente em transi\u00e7\u00e3o e as sociedades da Europa enfrentam uma s\u00e9rie de desafios sociais e de emprego. Por exemplo, o impacto das altera\u00e7\u00f5es demogr\u00e1ficas est\u00e1 a tornar-se mais aparente e os migrantes e refugiados devem ser integrados de forma mais eficiente e eficaz nos mercados de trabalho europeus; os mercados de trabalho est\u00e3o a tornar-se mais internacionais; o trabalho est\u00e1 a tornar-se mais m\u00f3vel, flex\u00edvel e vol\u00e1til; e a sociedade est\u00e1 a transformar-se numa sociedade da informa\u00e7\u00e3o e do conhecimento. Adicionalmente, haver\u00e1 um impacto abrangente de futuros empregos ou o chamado &#8220;trabalho 4.0&#8221;. Os desenvolvimentos pol\u00edticos mais recentes em toda a Europa sugerem claramente que abordagens nacionais e isoladas n\u00e3o ser\u00e3o suficientes para lidar com os desafios das crises de refugiados, mudan\u00e7as demogr\u00e1ficas e digitaliza\u00e7\u00e3o\/futuros empregos. Nesta fase decisiva do desenvolvimento dos mercados de trabalho na Uni\u00e3o Europeia, o projeto Academia+ oferece uma oportunidade de desenvolver programas de interc\u00e2mbio e forma\u00e7\u00e3o para t\u00e9cnicos de orienta\u00e7\u00e3o profissional que refletem uma perspetiva europeia transnacional e atendem \u00e0s necessidades dos grupo-alvo.<\/p>\n<p>Num contexto europeu de mobilidade em forma\u00e7\u00e3o e emprego, os profissionais de orienta\u00e7\u00e3o devem garantir que todos tenham os meios para orienta\u00e7\u00e3o ao longo da vida. Tal desafio requer conhecimento dos sistemas de educa\u00e7\u00e3o, forma\u00e7\u00e3o e orienta\u00e7\u00e3o dos pa\u00edses europeus no seu contexto socioecon\u00f3mico. A fim de refor\u00e7ar a dimens\u00e3o europeia nos esquemas de orienta\u00e7\u00e3o, o projeto Academia+ disponibiliza forma\u00e7\u00e3o para os profissionais de orienta\u00e7\u00e3o profissional nos pa\u00edses parceiros europeus. O Academia+ promove ainda o desenvolvimento da dimens\u00e3o europeia nas atividades de orienta\u00e7\u00e3o.<\/p>\n<p>A import\u00e2ncia de uma dimens\u00e3o europeia para a orienta\u00e7\u00e3o, bem como as oportunidades de aprendizagem existentes entre os pa\u00edses europeus, muitas vezes n\u00e3o \u00e9 vista como importante. No entanto, num mundo interconectado, isto est\u00e1 a afetar negativamente a qualidade das orienta\u00e7\u00f5es fornecidas.<\/p>\n<p>\t\t\t\t\t\t\t\t\t\t\t\t<img loading=\"lazy\" decoding=\"async\" width=\"1000\" height=\"579\" src=\"https:\/\/academiaplus.eu\/wp-content\/uploads\/2019\/03\/advice-advise-advisor-7097_006.jpg\" alt=\"\" loading=\"lazy\" srcset=\"https:\/\/academiaplus.eu\/wp-content\/uploads\/2019\/03\/advice-advise-advisor-7097_006.jpg 1000w, https:\/\/academiaplus.eu\/wp-content\/uploads\/2019\/03\/advice-advise-advisor-7097_006-300x174.jpg 300w, https:\/\/academiaplus.eu\/wp-content\/uploads\/2019\/03\/advice-advise-advisor-7097_006-768x445.jpg 768w\" sizes=\"auto, (max-width: 1000px) 100vw, 1000px\" \/>\t\t\t\t\t\t\t\t\t\t\t\t\t\t<\/p>\n<p>O Academia+ utiliza a Academia Network, que tem sido um grande sucesso, n\u00e3o apenas com os t\u00e9cnicos de orienta\u00e7\u00e3o profissional que foram colocados em pa\u00edses parceiros, mas, sobretudo, com um n\u00famero em constante aumento que visitaram cada vez mais pa\u00edses. Profissionais de orienta\u00e7\u00e3o e de servi\u00e7os de emprego desempenham um papel fundamental na abordagem aos desafios dos mercados e sociedades de trabalho da Europa. Atendem n\u00e3o s\u00f3 \u00e0s necessidades dos desempregados, mas prestam tamb\u00e9m servi\u00e7os em avalia\u00e7\u00e3o de compet\u00eancias, cria\u00e7\u00e3o de perfil, forma\u00e7\u00e3o, orienta\u00e7\u00e3o profissional individual e aconselhamento de clientes, associando pessoas a perfis de trabalho e oferecendo servi\u00e7os aos empregadores, al\u00e9m de dar resposta aos desafios dos que est\u00e3o mais afastados do mercado de trabalho.<\/p>\n<p>Para lidar com os desafios atuais dos mercados e sociedades de trabalho da Europa, \u00e9 essencial uma alta qualifica\u00e7\u00e3o e informa\u00e7\u00f5es atuais sobre conceitos e abordagens eficazes. Devido \u00e0 natureza transnacional dos desafios, programas de forma\u00e7\u00e3o transnacionais, est\u00e1gios e visitas de trabalho, bem como a cria\u00e7\u00e3o de redes de profissionais a n\u00edvel europeu est\u00e3o a tornar-se cada vez mais importantes.<\/p>\n<p>Desta forma, os profissionais de orienta\u00e7\u00e3o t\u00eam a oportunidade de aprender mais sobre as abordagens atuais para enfrentar os desafios atuais. Eles t\u00eam tamb\u00e9m a chance de aprender com as abordagens e experi\u00eancias de outros pa\u00edses, tanto na teoria quanto na pr\u00e1tica.<\/p>\n","protected":false},"excerpt":{"rendered":"<p>SOBRE ENQUADRAMENTO SA\u00cdDAS PARCEIROS ACADEMIA NETWORK EVENTOS O mercado de trabalho europeu est\u00e1 atualmente em transi\u00e7\u00e3o e as sociedades da Europa enfrentam uma s\u00e9rie de desafios sociais e de emprego. Por exemplo, o impacto das altera\u00e7\u00f5es demogr\u00e1ficas est\u00e1 a tornar-se mais aparente e os migrantes e refugiados devem ser integrados de forma mais eficiente e eficaz nos mercados de trabalho europeus; os mercados de trabalho est\u00e3o a tornar-se mais internacionais; o trabalho est\u00e1 a tornar-se mais m\u00f3vel, flex\u00edvel e vol\u00e1til; e a sociedade est\u00e1 a transformar-se numa sociedade da informa\u00e7\u00e3o e do conhecimento. Adicionalmente, haver\u00e1 um impacto abrangente de futuros empregos ou o chamado &#8220;trabalho 4.0&#8221;. Os desenvolvimentos pol\u00edticos mais&hellip; <a class=\"read-more\" href=\"https:\/\/academiaplus.eu\/pt\/project\/background\/\">Read More<\/a><\/p>\n","protected":false},"author":1,"featured_media":0,"parent":970,"menu_order":0,"comment_status":"closed","ping_status":"closed","template":"","meta":{"footnotes":""},"class_list":["post-578","page","type-page","status-publish","hentry"],"translation":{"provider":"WPGlobus","version":"3.0.2","language":"pt","enabled_languages":["en","de","pt","lt"],"languages":{"en":{"title":true,"content":true,"excerpt":false},"de":{"title":true,"content":true,"excerpt":false},"pt":{"title":true,"content":true,"excerpt":false},"lt":{"title":true,"content":true,"excerpt":false}}},"_links":{"self":[{"href":"https:\/\/academiaplus.eu\/pt\/wp-json\/wp\/v2\/pages\/578","targetHints":{"allow":["GET"]}}],"collection":[{"href":"https:\/\/academiaplus.eu\/pt\/wp-json\/wp\/v2\/pages"}],"about":[{"href":"https:\/\/academiaplus.eu\/pt\/wp-json\/wp\/v2\/types\/page"}],"author":[{"embeddable":true,"href":"https:\/\/academiaplus.eu\/pt\/wp-json\/wp\/v2\/users\/1"}],"replies":[{"embeddable":true,"href":"https:\/\/academiaplus.eu\/pt\/wp-json\/wp\/v2\/comments?post=578"}],"version-history":[{"count":176,"href":"https:\/\/academiaplus.eu\/pt\/wp-json\/wp\/v2\/pages\/578\/revisions"}],"predecessor-version":[{"id":7134,"href":"https:\/\/academiaplus.eu\/pt\/wp-json\/wp\/v2\/pages\/578\/revisions\/7134"}],"up":[{"embeddable":true,"href":"https:\/\/academiaplus.eu\/pt\/wp-json\/wp\/v2\/pages\/970"}],"wp:attachment":[{"href":"https:\/\/academiaplus.eu\/pt\/wp-json\/wp\/v2\/media?parent=578"}],"curies":[{"name":"wp","href":"https:\/\/api.w.org\/{rel}","templated":true}]}}