{"id":56,"date":"2019-01-31T13:44:53","date_gmt":"2019-01-31T13:44:53","guid":{"rendered":"http:\/\/academiaplus.eu\/?page_id=56"},"modified":"2021-08-28T17:55:49","modified_gmt":"2021-08-28T17:55:49","slug":"course-participants","status":"publish","type":"page","link":"https:\/\/academiaplus.eu\/pt\/course-participants\/","title":{"rendered":"PARTICIPANTES NO CURSO"},"content":{"rendered":"<p><strong>O Academia+ apoia e consolidar\u00e1 o interc\u00e2mbio e a forma\u00e7\u00e3o transnacional de t\u00e9cnicos de orienta\u00e7\u00e3o profissional na Europa, com foco no desenvolvimento de programas de forma\u00e7\u00e3o para enfrentar os principais desafios atuais do mercado de trabalho e da orienta\u00e7\u00e3o profissional (migrantes e refugiados, altera\u00e7\u00f5es demogr\u00e1ficas e trabalhos do futuro).<\/strong><\/p>\n<p>O projeto ajuda a elevar o perfil da coopera\u00e7\u00e3o internacional na orienta\u00e7\u00e3o profissional, fornecendo ferramentas, apoio e recursos concretos que demonstrem o valor da mobilidade e da aprendizagem transnacional para os profissionais, ajudando assim a aumentar a aceita\u00e7\u00e3o de oportunidades em diferentes pa\u00edses. Ao concentrar-se no desenvolvimento de programas de forma\u00e7\u00e3o para abordar quest\u00f5es urgentes e os principais desafios atuais no mercado de trabalho e orienta\u00e7\u00e3o, o Academia + apoia a disponibiliza\u00e7\u00e3o de melhores servi\u00e7os e orienta\u00e7\u00f5es sobre compet\u00eancias e qualifica\u00e7\u00f5es.<\/p>\n<p>O projeto Academia+ utiliza o potencial da Academia Network para desenvolver unidades de forma\u00e7\u00e3o direcionadas para profissionalizar ainda mais a aprendizagem de profissionais de Orienta\u00e7\u00e3o Profissional de toda a Europa. Os profissionais de orienta\u00e7\u00e3o podem aprender mais sobre as novas abordagens para enfrentar os desafios atuais e futuros \u2013 uma for\u00e7a de trabalho envelhecida, a digitaliza\u00e7\u00e3o de empregos e o aumento da preval\u00eancia de migra\u00e7\u00e3o. T\u00eam tamb\u00e9m a oportunidade de aprender sobre as abordagens e experi\u00eancias de outros pa\u00edses, tanto na teoria quanto na pr\u00e1tica. Ter\u00e3o tamb\u00e9m a oportunidade de aprender sobre as abordagens e experi\u00eancias de outros pa\u00edses, tanto na teoria quanto na pr\u00e1tica. Portanto, o Academia+ eleva a Academia Network a um n\u00edvel superior e prepara-a para o futuro, criando tamb\u00e9m um ambiente de forma\u00e7\u00e3o digital que suporta os cursos de forma\u00e7\u00e3o.<\/p>\n<p>3 steps to enter\u00a0training material of C-STEPs (Project&#8217;s Media Centre and Learning Environment):<\/p>\n<ol>\n<li>Enter<\/li>\n<\/ol>\n<p><em><a href=\"http:\/\/www.academiaplus.eu\/moodle\/\">www.academiaplus.eu\/moodle\/<\/a><\/em><\/p>\n<p>\u00a0<\/p>\n<p>2. Choose the course below<\/p>\n<p>\t\t\t\t\t\t\t\t\t\t\t\t<img loading=\"lazy\" decoding=\"async\" width=\"768\" height=\"187\" src=\"https:\/\/academiaplus.eu\/wp-content\/uploads\/2021\/06\/courses-768x187.jpg\" alt=\"\" loading=\"lazy\" srcset=\"https:\/\/academiaplus.eu\/wp-content\/uploads\/2021\/06\/courses-768x187.jpg 768w, https:\/\/academiaplus.eu\/wp-content\/uploads\/2021\/06\/courses-300x73.jpg 300w, https:\/\/academiaplus.eu\/wp-content\/uploads\/2021\/06\/courses-1024x249.jpg 1024w, https:\/\/academiaplus.eu\/wp-content\/uploads\/2021\/06\/courses.jpg 1446w\" sizes=\"auto, (max-width: 768px) 100vw, 768px\" \/>\t\t\t\t\t\t\t\t\t\t\t\t\t\t<\/p>\n<p>3.\u00a0Free access with &#8220;Login as a guest&#8221;<\/p>\n<p>\t\t\t\t\t\t\t\t\t\t\t\t\t<a href=\"https:\/\/www.academiaplus.eu\/moodle\/\"><br \/>\n\t\t\t\t\t\t\t<img decoding=\"async\" src=\"https:\/\/academiaplus.eu\/wp-content\/uploads\/elementor\/thumbs\/login-p9drxq4s0b8cli9tfvbuwya8eplwxnouemmmstd6a8.jpg\" title=\"login\" alt=\"login\" \/>\t\t\t\t\t\t\t\t<\/a><\/p>\n","protected":false},"excerpt":{"rendered":"<p>O Academia+ apoia e consolidar\u00e1 o interc\u00e2mbio e a forma\u00e7\u00e3o transnacional de t\u00e9cnicos de orienta\u00e7\u00e3o profissional na Europa, com foco no desenvolvimento de programas de forma\u00e7\u00e3o para enfrentar os principais desafios atuais do mercado de trabalho e da orienta\u00e7\u00e3o profissional (migrantes e refugiados, altera\u00e7\u00f5es demogr\u00e1ficas e trabalhos do futuro). O projeto ajuda a elevar o perfil da coopera\u00e7\u00e3o internacional na orienta\u00e7\u00e3o profissional, fornecendo ferramentas, apoio e recursos concretos que demonstrem o valor da mobilidade e da aprendizagem transnacional para os profissionais, ajudando assim a aumentar a aceita\u00e7\u00e3o de oportunidades em diferentes pa\u00edses. Ao concentrar-se no desenvolvimento de programas de forma\u00e7\u00e3o para abordar quest\u00f5es urgentes e os principais desafios atuais no&hellip; <a class=\"read-more\" href=\"https:\/\/academiaplus.eu\/pt\/course-participants\/\">Read More<\/a><\/p>\n","protected":false},"author":1,"featured_media":0,"parent":0,"menu_order":0,"comment_status":"closed","ping_status":"closed","template":"elementor_header_footer","meta":{"footnotes":""},"class_list":["post-56","page","type-page","status-publish","hentry"],"translation":{"provider":"WPGlobus","version":"3.0.2","language":"pt","enabled_languages":["en","de","pt","lt"],"languages":{"en":{"title":true,"content":true,"excerpt":false},"de":{"title":true,"content":true,"excerpt":false},"pt":{"title":true,"content":true,"excerpt":false},"lt":{"title":true,"content":true,"excerpt":false}}},"_links":{"self":[{"href":"https:\/\/academiaplus.eu\/pt\/wp-json\/wp\/v2\/pages\/56","targetHints":{"allow":["GET"]}}],"collection":[{"href":"https:\/\/academiaplus.eu\/pt\/wp-json\/wp\/v2\/pages"}],"about":[{"href":"https:\/\/academiaplus.eu\/pt\/wp-json\/wp\/v2\/types\/page"}],"author":[{"embeddable":true,"href":"https:\/\/academiaplus.eu\/pt\/wp-json\/wp\/v2\/users\/1"}],"replies":[{"embeddable":true,"href":"https:\/\/academiaplus.eu\/pt\/wp-json\/wp\/v2\/comments?post=56"}],"version-history":[{"count":214,"href":"https:\/\/academiaplus.eu\/pt\/wp-json\/wp\/v2\/pages\/56\/revisions"}],"predecessor-version":[{"id":7125,"href":"https:\/\/academiaplus.eu\/pt\/wp-json\/wp\/v2\/pages\/56\/revisions\/7125"}],"wp:attachment":[{"href":"https:\/\/academiaplus.eu\/pt\/wp-json\/wp\/v2\/media?parent=56"}],"curies":[{"name":"wp","href":"https:\/\/api.w.org\/{rel}","templated":true}]}}