{"id":5551,"date":"2021-05-20T11:20:18","date_gmt":"2021-05-20T11:20:18","guid":{"rendered":"https:\/\/academiaplus.eu\/?page_id=5551"},"modified":"2021-08-13T11:19:05","modified_gmt":"2021-08-13T11:19:05","slug":"multiplier-event","status":"publish","type":"page","link":"https:\/\/academiaplus.eu\/pt\/multiplier-event\/","title":{"rendered":"EVENTO MULTIPLICADOR"},"content":{"rendered":"<p>EVENTO MULTIPLICADOR\t\t<\/p>\n<p>INa fase final realizou-se, uma <strong>confer\u00eancia internacional<\/strong>, a 30 de Junho de 2021 (10-12 e 13-15 horas CET).<\/p>\n<p>Devido \u00e0 crise da COVID-19, o evento realizou-se online.<\/p>\n<p><strong>Agenda<\/strong>:<\/p>\n<p>Agenda do evento:<\/p>\n<ul>\n<li>Introdu\u00e7\u00e3o<\/li>\n<li>Um olhar sobre o passado: Projecto Academia+ e produtos desenvolvidos<\/li>\n<li>Um olhar sobre o futuro:<\/li>\n<\/ul>\n<p>Workshop: Como gostaria de continuar a trabalhar com o projectos Academia+?<\/p>\n<p>Como planeamos continuar?<\/p>\n<ul>\n<li>Encerramento<\/li>\n<\/ul>\n<p><a href=\"https:\/\/academiaplus.eu\/wp-content\/uploads\/2021\/06\/Multiplier_Even_Agenda_30_06_2021.pdf\" target=\"_blank\" rel=\"noopener\"><img decoding=\"async\" src=\"https:\/\/academiaplus.eu\/wp-content\/uploads\/2020\/05\/001-300x67.png\" alt=\"\" width=\"150\" height=\"33\" \/><\/a><\/p>\n<p>Na fase final, um evento internacional ser\u00e1 realizado pelos parceiros no campus da HdBA em Mannheim. Devido ao foco transnacional expl\u00edcito do Academia+ em fazer com que os t\u00e9cnicos de orienta\u00e7\u00e3o aprendam e beneficiem das abordagens e experi\u00eancias de outros pa\u00edses, houve um evento internacional para todos os parceiros do projeto (em vez de eventos multiplicadores nacionais que visam principalmente um p\u00fablico nacional).<\/p>\n<p>O evento reuniu parceiros de toda a Academia Network e atores de diferentes setores, por forma a disseminar o projeto e os seus resultados, transmitir informa\u00e7\u00f5es atualizadas sobre os tr\u00eas t\u00f3picos gerais do projeto, bem como fazer com que os participantes aprendam uns com os outros e com as abordagens de outros pa\u00edses. O grupo-alvo do evento inclui, por exemplo:<\/p>\n<p>Profissionais de orienta\u00e7\u00e3o profissional de toda a Europa<\/p>\n<ul>\n<li>L\u00edderes dos Servi\u00e7os P\u00fablicos de Emprego<\/li>\n<li>Legisladores<\/li>\n<li>Representantes do Ensino e Forma\u00e7\u00e3o Profissional\u00a0<\/li>\n<li>Representantes de empresas<\/li>\n<li>Representantes do ensino superior e investiga\u00e7\u00e3o<\/li>\n<li>Representantes de parceiros sociais<\/li>\n<li>Representantes de c\u00e2maras<\/li>\n<li>Representantes de associa\u00e7\u00f5es de refugiados e migrantes<\/li>\n<li>Representantes das ag\u00eancias nacionais respons\u00e1veis pelas parcerias estrat\u00e9gicas Erasmus+<\/li>\n<\/ul>\n","protected":false},"excerpt":{"rendered":"<p>EVENTO MULTIPLICADOR INa fase final realizou-se, uma confer\u00eancia internacional, a 30 de Junho de 2021 (10-12 e 13-15 horas CET). Devido \u00e0 crise da COVID-19, o evento realizou-se online. Agenda: Agenda do evento: Introdu\u00e7\u00e3o Um olhar sobre o passado: Projecto Academia+ e produtos desenvolvidos Um olhar sobre o futuro: Workshop: Como gostaria de continuar a trabalhar com o projectos Academia+? Como planeamos continuar? Encerramento Na fase final, um evento internacional ser\u00e1 realizado pelos parceiros no campus da HdBA em Mannheim. Devido ao foco transnacional expl\u00edcito do Academia+ em fazer com que os t\u00e9cnicos de orienta\u00e7\u00e3o aprendam e beneficiem das abordagens e experi\u00eancias de outros pa\u00edses, houve um evento internacional para&hellip; <a class=\"read-more\" href=\"https:\/\/academiaplus.eu\/pt\/multiplier-event\/\">Read More<\/a><\/p>\n","protected":false},"author":2,"featured_media":0,"parent":0,"menu_order":0,"comment_status":"closed","ping_status":"closed","template":"","meta":{"footnotes":""},"class_list":["post-5551","page","type-page","status-publish","hentry"],"translation":{"provider":"WPGlobus","version":"3.0.2","language":"pt","enabled_languages":["en","de","pt","lt"],"languages":{"en":{"title":true,"content":true,"excerpt":false},"de":{"title":true,"content":true,"excerpt":false},"pt":{"title":true,"content":true,"excerpt":false},"lt":{"title":false,"content":false,"excerpt":false}}},"_links":{"self":[{"href":"https:\/\/academiaplus.eu\/pt\/wp-json\/wp\/v2\/pages\/5551","targetHints":{"allow":["GET"]}}],"collection":[{"href":"https:\/\/academiaplus.eu\/pt\/wp-json\/wp\/v2\/pages"}],"about":[{"href":"https:\/\/academiaplus.eu\/pt\/wp-json\/wp\/v2\/types\/page"}],"author":[{"embeddable":true,"href":"https:\/\/academiaplus.eu\/pt\/wp-json\/wp\/v2\/users\/2"}],"replies":[{"embeddable":true,"href":"https:\/\/academiaplus.eu\/pt\/wp-json\/wp\/v2\/comments?post=5551"}],"version-history":[{"count":74,"href":"https:\/\/academiaplus.eu\/pt\/wp-json\/wp\/v2\/pages\/5551\/revisions"}],"predecessor-version":[{"id":6909,"href":"https:\/\/academiaplus.eu\/pt\/wp-json\/wp\/v2\/pages\/5551\/revisions\/6909"}],"wp:attachment":[{"href":"https:\/\/academiaplus.eu\/pt\/wp-json\/wp\/v2\/media?parent=5551"}],"curies":[{"name":"wp","href":"https:\/\/api.w.org\/{rel}","templated":true}]}}