{"id":5398,"date":"2021-03-24T09:01:15","date_gmt":"2021-03-24T09:01:15","guid":{"rendered":"https:\/\/academiaplus.eu\/?page_id=5398"},"modified":"2021-08-12T09:15:43","modified_gmt":"2021-08-12T09:15:43","slug":"c-step-3","status":"publish","type":"page","link":"https:\/\/academiaplus.eu\/pt\/c-step-3\/","title":{"rendered":"C-STEP 3"},"content":{"rendered":"<p>Devido ao Covid-19 o terceiro Curso foi tamb\u00e9m convertido no curso de forma\u00e7\u00e3o online, que foi realizado atrav\u00e9s de webinars durante quatro dias, nos dias 10, 12, 18 e 20 de maio de 2021.<\/p>\n<p>O Curso 3 &#8220;Altera\u00e7\u00f5es demogr\u00e1ficas&#8221; \u00e9 um dos <a href=\"https:\/\/academiaplus.eu\/pt\/c-step\/\">tr\u00eas Cursos &gt;&gt;<\/a>, que fazem parte do &#8220;Counsellors&#8217; Study and Training Exchange Programme for Key Challenges of European Labour Markets and Societies&#8221; (Academia+), um projecto co-financiado pelo Erasmus+. Saiba mais sobre o projecto Academia+ aqui &gt;&gt;.<\/p>\n<p>Os cursos de forma\u00e7\u00e3o inclu\u00edram palestras de profissionais convidados, workshops com trabalho em grupo, se\u00e7\u00f5es para perguntas e respostas etc. Partes da forma\u00e7\u00e3o foram gravadas e enviadas para o Centro Multim\u00e9dia, juntamente com todos os materiais apresentados.<\/p>\n<p>As unidades e t\u00f3picos da forma\u00e7\u00e3o online baseiam-se nos resultados das revis\u00f5es de literatura e recursos de todos os pa\u00edses parceiros, bem como numa an\u00e1lise de um question\u00e1rio online respondido por conselheiros, profissionais e peritos relativamente ao tema empregos futuros de pa\u00edses de toda a Europa.<\/p>\n<p><strong>P\u00fablico-alvo: t\u00e9cnicos e especialistas de orienta\u00e7\u00e3o profissional, professores, etc.<\/strong><\/p>\n<p>O registo e a participa\u00e7\u00e3o foram gratuitos e foram emitidos os certificados.<\/p>\n<p>A forma\u00e7\u00e3o e todos os materiais e em <strong>ingl\u00eas<\/strong>.<\/p>\n<p>Contact email-address: <a href=\"mailto:academiaplus.info@gmail.com\">academiaplus.info@gmail.com<\/a><\/p>\n<p>Pessoa de contato:\u00a0<a href=\"https:\/\/academiaplus.eu\/pt\/c-step-2\/jane.porath@hdba.de\">jane.porath@hdba.de<\/a>\u00a0(Alemanha) (ou consulte os\u00a0<a href=\"https:\/\/academiaplus.eu\/pt\/project\/partners\/\">parceiros<\/a>\u00a0do projeto Academia+ de Portugal, Reino Unido, Luxemburgo, Litu\u00e2nia).<\/p>\n<p>If you want to network with other participants, speakers and members of the Academia + project team throughout the project time and after you can join the<strong> LinkedIn group<\/strong>: <a href=\"https:\/\/www.linkedin.com\/groups\/8955519\" target=\"_blank\" rel=\"noopener\" data-saferedirecturl=\"https:\/\/www.google.com\/url?q=https:\/\/www.linkedin.com\/groups\/8955519&amp;source=gmail&amp;ust=1614352075138000&amp;usg=AFQjCNEGpGgmkIL4NgTFqhOsaoBKAnMdrA\"><u>https<\/u><u>:\/\/www.linkedin.com\/<wbr \/>groups\/8955519<\/u><\/a>\u00a0\t\t<\/p>\n<figure><img decoding=\"async\" src=\"https:\/\/academiaplus.eu\/wp-content\/uploads\/2021\/07\/01-1.jpg\" alt=\"01\" \/><\/figure>\n<figure><img decoding=\"async\" src=\"https:\/\/academiaplus.eu\/wp-content\/uploads\/2021\/07\/02-1.jpg\" alt=\"02\" \/><\/figure>\n<figure><img decoding=\"async\" src=\"https:\/\/academiaplus.eu\/wp-content\/uploads\/2021\/07\/03-1.jpg\" alt=\"03\" \/><\/figure>\n<p>\t\t\t\t\t\tPrevious<br \/>\n\t\t\t\t\t\tNext<\/p>\n<p><strong>Agenda\u00a0<\/strong><\/p>\n<p><strong>C-STEP 3 &#8220;Mudan\u00e7a demogr\u00e1fica&#8221; <\/strong><\/p>\n<p>Cada dia de forma\u00e7\u00e3o online decorreu entre as 10.00-17.00 Hora da Europa Central (CET)<br \/>(9.00-16.00 no Reino Unido e Portugal, 10.00-17.00 na Alemanha e Luxemburgo)<\/p>\n<table>\n<tbody>\n<tr>\n<td width=\"72\">\n<p><strong><u>Dia 1<\/u><\/strong><\/p>\n<p>10 de maio, 2021<\/p>\n<p><strong>\u00a0<\/strong><\/p>\n<p>\u00a0Intervalo 13.30-14.30 (CET)<\/p>\n<\/td>\n<td width=\"592\">\n<p><strong>Unidade 1. Os desafios de uma m\u00e3o-de-obra mais velha<\/strong><\/p>\n<ul>\n<li>Tend\u00eancias do mercado de trabalho vs tend\u00eancias demogr\u00e1ficas &#8211; passado, situa\u00e7\u00e3o actual e futuro (refer\u00eancia particular sobre a demografia das pessoas idosas (50+))<\/li>\n<li>Implica\u00e7\u00f5es para o trabalho<\/li>\n<li>Efeitos das altera\u00e7\u00f5es demogr\u00e1ficas no trabalho dos profissionais de orienta\u00e7\u00e3o profissional (diferen\u00e7as do ponto de vista das empresas?)<\/li>\n<li>Obst\u00e1culos e estere\u00f3tipos com que se depara um trabalhador mais velho<\/li>\n<li>Formas de os abordar positivamente\/ como ajudar os clientes mais velhos a n\u00e3o se estereotiparem<\/li>\n<li>As lacunas de conhecimento dos consultores e a forma como a orienta\u00e7\u00e3o muda ao lidar com um cliente mais velho (apoio espec\u00edfico para 50+ para reintegrar no mercado de trabalho, para progredir na sua carreira e para planear a reforma).<\/li>\n<li>Apoio adicional (n\u00e3o totalmente relacionado com o trabalho)<\/li>\n<\/ul>\n<p>Resultados da aprendizagem:<\/p>\n<ul>\n<li>Quest\u00f5es de sa\u00fade e acesso<\/li>\n<li>Combater a perda de motiva\u00e7\u00e3o para o trabalho<\/li>\n<li>Lacunas de conhecimento dos consultores e como a orienta\u00e7\u00e3o muda quando se lida com um cliente mais velho \u00e0 procura de trabalho ou de uma mudan\u00e7a de carreira<\/li>\n<li>Tend\u00eancias do mercado de trabalho vs tend\u00eancias demogr\u00e1ficas<\/li>\n<li>Barreiras e estere\u00f3tipos que um trabalhador mais velho enfrenta<\/li>\n<li>A fractura digital: apoio e forma\u00e7\u00e3o para aumentar as compet\u00eancias digitais dos trabalhadores mais velhos<\/li>\n<\/ul>\n<p><a href=\"https:\/\/academiaplus.eu\/wp-content\/uploads\/2021\/05\/AGENDA_Demographic_change_Unit-1_The_challenges_of_an_older_workforce.pdf\" target=\"_blank\" rel=\"noopener\"><img decoding=\"async\" src=\"https:\/\/academiaplus.eu\/wp-content\/uploads\/2020\/05\/001-300x67.png\" alt=\"\" width=\"150\" height=\"33\" \/><\/a>\u00a0<\/td>\n<\/tr>\n<tr>\n<td width=\"72\">\n<p><strong><u>Dia 2<\/u><\/strong><\/p>\n<p>12 de maio, 2021<\/p>\n<p><strong>\u00a0<\/strong><\/p>\n<p>Intervalo 13.30-14.30 (CET)<\/p>\n<\/td>\n<td width=\"592\">\n<p><strong>Unidade 2. Requalifica\u00e7\u00e3o na vida<\/strong><\/p>\n<ul>\n<li>Desafios decorrentes da inadequa\u00e7\u00e3o de compet\u00eancias e porque \u00e9 importante manter as compet\u00eancias actualizadas<\/li>\n<li>Tornar a forma\u00e7\u00e3o atractiva e \u00fatil para as pessoas idosas e estrat\u00e9gias de requalifica\u00e7\u00e3o dos trabalhadores mais velhos<\/li>\n<li>Aprendizagem baseada no trabalho para a gera\u00e7\u00e3o mais velha<\/li>\n<li>Forma\u00e7\u00e3o de mentores<\/li>\n<li>Forma\u00e7\u00e3o digital (A fractura digital)<\/li>\n<\/ul>\n<p>Resultados da aprendizagem:<\/p>\n<ul>\n<li>Desafios decorrentes de desajustamentos de compet\u00eancias e relut\u00e2ncia em requalificar<\/li>\n<li>Como tornar a forma\u00e7\u00e3o atractiva para as pessoas mais velhas<\/li>\n<li>Aprendizagem baseada no trabalho para a gera\u00e7\u00e3o mais velha<\/li>\n<\/ul>\n<p><a href=\"https:\/\/academiaplus.eu\/wp-content\/uploads\/2021\/05\/AGENDA_Demographic_change_Unit-2_Retraining_in_later_life.pdf\" target=\"_blank\" rel=\"noopener\"><img decoding=\"async\" src=\"https:\/\/academiaplus.eu\/wp-content\/uploads\/2020\/05\/001-300x67.png\" alt=\"\" width=\"150\" height=\"33\" \/><\/a><\/p>\n<\/td>\n<\/tr>\n<tr>\n<td width=\"72\">\n<p><strong><u>Dia 3<\/u><\/strong><\/p>\n<p>18 de maio, 2021<\/p>\n<p><strong>\u00a0<\/strong><\/p>\n<p>Intervalo 13.30-14.30 (CET)<\/p>\n<\/td>\n<td width=\"592\">\n<p><strong>Unidade 3. Realinhando as expectativas do mercado de trabalho<\/strong><\/p>\n<ul>\n<li>Desafios para as empresas no emprego de pessoas mais velhas<\/li>\n<li>Como ser inclusivo para todos independentemente da idade ou das responsabilidades (pol\u00edticas em torno de trabalho flex\u00edvel, responsabilidades de cuidados, sa\u00fade, quest\u00f5es de acesso, etc.)<\/li>\n<\/ul>\n<p>Em termos de adapta\u00e7\u00e3o dos procedimentos de recrutamento<br \/>Em termos de adapta\u00e7\u00e3o da orienta\u00e7\u00e3o profissional<\/p>\n<p>Empregos e lacunas de compet\u00eancias onde as pessoas mais velhas podem acrescentar valor<\/p>\n<p>Resultados da aprendizagem:<\/p>\n<ul>\n<li>Desafios para as empresas no emprego de pessoas mais velhas &#8211; estere\u00f3tipos e conceitos errados<\/li>\n<li>Como adaptar o recrutamento e as instala\u00e7\u00f5es a uma for\u00e7a de trabalho mais velha<\/li>\n<li>Empregos e lacunas de compet\u00eancias onde as pessoas mais velhas podem acrescentar valor<\/li>\n<\/ul>\n<p><a href=\"https:\/\/academiaplus.eu\/wp-content\/uploads\/2021\/05\/AGENDA_Demographic_change_Unit-3_Realignin_-the_expectations_of_the_labour_market.pdf\" target=\"_blank\" rel=\"noopener\"><img decoding=\"async\" src=\"https:\/\/academiaplus.eu\/wp-content\/uploads\/2020\/05\/001-300x67.png\" alt=\"\" width=\"150\" height=\"33\" \/><\/a><\/p>\n<\/td>\n<\/tr>\n<tr>\n<td width=\"72\">\n<p><strong><u>Dia 4<\/u><\/strong><\/p>\n<p>20 de maio, 2021<\/p>\n<p><strong>\u00a0<\/strong><\/p>\n<p>Intervalo 13.15-14.00 (CET)<\/p>\n<\/td>\n<td width=\"592\">\n<p><strong>Unidade 4. Colabora\u00e7\u00e3o multigeracional: foco em diferentes grupos-alvo e gera\u00e7\u00f5es<\/strong><\/p>\n<ul>\n<li>As vantagens de ter uma for\u00e7a de trabalho multigeracional<\/li>\n<li>Mulheres que regressam ao local de trabalho ap\u00f3s assumirem responsabilidades de cuidados e os desafios que enfrentam<\/li>\n<li>A Thorny Issue of Career Counselling and Social Justice: Miss\u00e3o Imposs\u00edvel?<\/li>\n<li>A sa\u00fade mental dos jovens (projeto Erasmus+)<\/li>\n<\/ul>\n<p>Resultados da aprendizagem:<\/p>\n<ul>\n<li>O valor da experi\u00eancia de vida e dos conhecimentos das pessoas mais velhas em forma\u00e7\u00e3o prestada aos jovens<\/li>\n<li>Desenvolver a aprendizagem e os espa\u00e7os de trabalho multigeracionais<\/li>\n<li>O papel dos mentores<\/li>\n<\/ul>\n<p><a href=\"https:\/\/academiaplus.eu\/wp-content\/uploads\/2021\/05\/AGENDA_Demographic_change_-Unit-4_Multigenerational_collaboration_b.pdf\" target=\"_blank\" rel=\"noopener\"><img decoding=\"async\" src=\"https:\/\/academiaplus.eu\/wp-content\/uploads\/2020\/05\/001-300x67.png\" alt=\"\" width=\"150\" height=\"33\" \/><\/a><\/p>\n<\/td>\n<\/tr>\n<\/tbody>\n<\/table>\n<p style=\"margin-bottom: 11.25pt; line-height: normal;\">\u00a0<\/p>\n<p>3 steps to enter training material of C-STEPs (Project&#8217;s Media Centre and Learning Environment):\u00a0<\/p>\n<ol>\n<li>Enter\u00a0<\/li>\n<\/ol>\n<p><em><a href=\"http:\/\/www.academiaplus.eu\/moodle\/\">www.academiaplus.eu\/moodle\/<\/a><\/em><\/p>\n<p>\u00a0<\/p>\n<p>2. Choose the course below<\/p>\n<p>\t\t\t\t\t\t\t\t\t\t\t\t<img loading=\"lazy\" decoding=\"async\" width=\"768\" height=\"187\" src=\"https:\/\/academiaplus.eu\/wp-content\/uploads\/2021\/06\/courses-768x187.jpg\" alt=\"\" loading=\"lazy\" srcset=\"https:\/\/academiaplus.eu\/wp-content\/uploads\/2021\/06\/courses-768x187.jpg 768w, https:\/\/academiaplus.eu\/wp-content\/uploads\/2021\/06\/courses-300x73.jpg 300w, https:\/\/academiaplus.eu\/wp-content\/uploads\/2021\/06\/courses-1024x249.jpg 1024w, https:\/\/academiaplus.eu\/wp-content\/uploads\/2021\/06\/courses.jpg 1446w\" sizes=\"auto, (max-width: 768px) 100vw, 768px\" \/>\t\t\t\t\t\t\t\t\t\t\t\t\t\t<\/p>\n<p>3.\u00a0Free access with &#8220;Login as a guest&#8221;<\/p>\n<p>\t\t\t\t\t\t\t\t\t\t\t\t\t<a href=\"http:\/\/www.academiaplus.eu\/moodle\/\"><br \/>\n\t\t\t\t\t\t\t<img decoding=\"async\" src=\"https:\/\/academiaplus.eu\/wp-content\/uploads\/elementor\/thumbs\/login-p9drxq4s0b8cli9tfvbuwya8eplwxnouemmmstd6a8.jpg\" title=\"login\" alt=\"login\" \/>\t\t\t\t\t\t\t\t<\/a><\/p>\n","protected":false},"excerpt":{"rendered":"<p>Devido ao Covid-19 o terceiro Curso foi tamb\u00e9m convertido no curso de forma\u00e7\u00e3o online, que foi realizado atrav\u00e9s de webinars durante quatro dias, nos dias 10, 12, 18 e 20 de maio de 2021. O Curso 3 &#8220;Altera\u00e7\u00f5es demogr\u00e1ficas&#8221; \u00e9 um dos tr\u00eas Cursos &gt;&gt;, que fazem parte do &#8220;Counsellors&#8217; Study and Training Exchange Programme for Key Challenges of European Labour Markets and Societies&#8221; (Academia+), um projecto co-financiado pelo Erasmus+. Saiba mais sobre o projecto Academia+ aqui &gt;&gt;. Os cursos de forma\u00e7\u00e3o inclu\u00edram palestras de profissionais convidados, workshops com trabalho em grupo, se\u00e7\u00f5es para perguntas e respostas etc. Partes da forma\u00e7\u00e3o foram gravadas e enviadas para o Centro Multim\u00e9dia, juntamente&hellip; <a class=\"read-more\" href=\"https:\/\/academiaplus.eu\/pt\/c-step-3\/\">Read More<\/a><\/p>\n","protected":false},"author":2,"featured_media":0,"parent":0,"menu_order":0,"comment_status":"closed","ping_status":"closed","template":"","meta":{"footnotes":""},"class_list":["post-5398","page","type-page","status-publish","hentry"],"translation":{"provider":"WPGlobus","version":"3.0.2","language":"pt","enabled_languages":["en","de","pt","lt"],"languages":{"en":{"title":true,"content":true,"excerpt":false},"de":{"title":true,"content":true,"excerpt":false},"pt":{"title":true,"content":true,"excerpt":false},"lt":{"title":false,"content":false,"excerpt":false}}},"_links":{"self":[{"href":"https:\/\/academiaplus.eu\/pt\/wp-json\/wp\/v2\/pages\/5398","targetHints":{"allow":["GET"]}}],"collection":[{"href":"https:\/\/academiaplus.eu\/pt\/wp-json\/wp\/v2\/pages"}],"about":[{"href":"https:\/\/academiaplus.eu\/pt\/wp-json\/wp\/v2\/types\/page"}],"author":[{"embeddable":true,"href":"https:\/\/academiaplus.eu\/pt\/wp-json\/wp\/v2\/users\/2"}],"replies":[{"embeddable":true,"href":"https:\/\/academiaplus.eu\/pt\/wp-json\/wp\/v2\/comments?post=5398"}],"version-history":[{"count":157,"href":"https:\/\/academiaplus.eu\/pt\/wp-json\/wp\/v2\/pages\/5398\/revisions"}],"predecessor-version":[{"id":6840,"href":"https:\/\/academiaplus.eu\/pt\/wp-json\/wp\/v2\/pages\/5398\/revisions\/6840"}],"wp:attachment":[{"href":"https:\/\/academiaplus.eu\/pt\/wp-json\/wp\/v2\/media?parent=5398"}],"curies":[{"name":"wp","href":"https:\/\/api.w.org\/{rel}","templated":true}]}}