{"id":4397,"date":"2020-12-21T11:37:07","date_gmt":"2020-12-21T11:37:07","guid":{"rendered":"https:\/\/academiaplus.eu\/?page_id=4397"},"modified":"2021-08-12T08:43:26","modified_gmt":"2021-08-12T08:43:26","slug":"c-step-2","status":"publish","type":"page","link":"https:\/\/academiaplus.eu\/pt\/c-step-2\/","title":{"rendered":"C-STEP 2"},"content":{"rendered":"<p><strong>Devido ao Covid-19 o segundo Curso foi tamb\u00e9m convertido no curso de forma\u00e7\u00e3o online, que foi realizado atrav\u00e9s de webinars durante quatro dias, nos dias 9, 11, 16 e 18 de mar\u00e7o de 2021.<\/strong><\/p>\n<p>O Curso 2 &#8220;Trabalhos futuros&#8221; \u00e9 um dos tr\u00eas Cursos, que fazem parte do &#8220;Counsellors&#8217; Study and Training Exchange Programme for Key Challenges of European Labour Markets and Societies&#8221; (Academia+), um projecto co-financiado pelo Erasmus+. Saiba mais sobre o projecto Academia+ aqui.<\/p>\n<p>Os cursos de forma\u00e7\u00e3o inclu\u00edram palestras de profissionais convidados, workshops com trabalho em grupo, se\u00e7\u00f5es para perguntas e respostas etc. Partes da forma\u00e7\u00e3o foram gravadas e enviadas para o Centro Multim\u00e9dia, juntamente com todos os materiais apresentados.<\/p>\n<p>As unidades e t\u00f3picos da forma\u00e7\u00e3o online baseiam-se nos resultados das revis\u00f5es de literatura e recursos de todos os pa\u00edses parceiros, bem como numa an\u00e1lise de um question\u00e1rio online respondido por conselheiros, profissionais e peritos relativamente ao tema empregos futuros de pa\u00edses de toda a Europa.<\/p>\n<p>A forma\u00e7\u00e3o e todos os materiais e em <strong>ingl\u00eas<\/strong>.<\/p>\n<p><strong>P\u00fablico-alvo: t\u00e9cnicos e especialistas de orienta\u00e7\u00e3o profissional, professores, etc.<\/strong><\/p>\n<p>O registo e a participa\u00e7\u00e3o foram gratuitos e foram emitidos os certificados.<\/p>\n<p>Pessoa de contato: <a href=\"jane.porath@hdba.de\">jane.porath@hdba.de<\/a> (Alemanha) (ou consulte os <a href=\"https:\/\/academiaplus.eu\/pt\/project\/partners\/\">parceiros<\/a> do projeto Academia+ de Portugal, Reino Unido, Luxemburgo, Litu\u00e2nia).<\/p>\n<figure><img decoding=\"async\" src=\"https:\/\/academiaplus.eu\/wp-content\/uploads\/2021\/07\/01.jpg\" alt=\"01\" \/><\/figure>\n<figure><img decoding=\"async\" src=\"https:\/\/academiaplus.eu\/wp-content\/uploads\/2021\/07\/02.jpg\" alt=\"02\" \/><\/figure>\n<figure><img decoding=\"async\" src=\"https:\/\/academiaplus.eu\/wp-content\/uploads\/2021\/07\/03.jpg\" alt=\"03\" \/><\/figure>\n<figure><img decoding=\"async\" src=\"https:\/\/academiaplus.eu\/wp-content\/uploads\/2021\/07\/04.jpg\" alt=\"04\" \/><\/figure>\n<figure><img decoding=\"async\" src=\"https:\/\/academiaplus.eu\/wp-content\/uploads\/2021\/07\/05.jpg\" alt=\"05\" \/><\/figure>\n<p>\t\t\t\t\t\tPrevious<br \/>\n\t\t\t\t\t\tNext<br \/>\n\t\tIf you want to network with other participants, speakers and members of the Academia + project team throughout the project time and after you can join the<strong> LinkedIn group<\/strong>: <a href=\"https:\/\/www.linkedin.com\/groups\/8955519\" target=\"_blank\" rel=\"noopener\" data-saferedirecturl=\"https:\/\/www.google.com\/url?q=https:\/\/www.linkedin.com\/groups\/8955519&amp;source=gmail&amp;ust=1614352075138000&amp;usg=AFQjCNEGpGgmkIL4NgTFqhOsaoBKAnMdrA\"><u>https<\/u><u>:\/\/www.linkedin.com\/<wbr \/>groups\/8955519<\/u><\/a>\u00a0<\/p>\n<p><strong>Agenda\u00a0<\/strong><\/p>\n<p>C-STEP 2 \u201cTrabalhos futuros\u201c<\/p>\n<p>Cada dia de forma\u00e7\u00e3o online decorreu entre as 10.00-17.00 Hora da Europa Central (CET)<br \/>(9h \u00e0s 16h Reino Unido e Portugal, 10h \u00e0s 17h Alemanha e Luxemburgo)<\/p>\n<table>\n<tbody>\n<tr>\n<td width=\"72\">\n<p><strong><u>Dia 1<\/u><\/strong><\/p>\n<p><strong>9 de mar\u00e7o, 2021<\/strong><\/p>\n<p><strong>\u00a0<\/strong><\/p>\n<p>Intervalo 13.00-14.00 (CET)<\/p>\n<\/td>\n<td width=\"592\">\n<p><strong>Unidade 1. Ind\u00fastria 4.0 e o impacto no trabalho<\/strong><\/p>\n<ul>\n<li>Abordagem hist\u00f3rica das revolu\u00e7\u00f5es industriais<\/li>\n<li>Fatores de mudan\u00e7a<\/li>\n<li>Novos m\u00e9todos, tecnologias e abordagens de trabalho<\/li>\n<li>Estrat\u00e9gias\/actividades de apoio nacionais<\/li>\n<\/ul>\n<p>Resultados da aprendizagem::<\/p>\n<ul>\n<li>a 4\u00aa Revolu\u00e7\u00e3o Industrial &#8211; Contexto hist\u00f3rico da Ind\u00fastria 4.0<\/li>\n<li>a ind\u00fastria 4.0 e as consequ\u00eancias para o mercado de trabalho e a economia<\/li>\n<li>fatores que promovem a mudan\u00e7a de profiss\u00f5es &#8211; a evolu\u00e7\u00e3o do mercado de trabalho no contexto tecnol\u00f3gico<\/li>\n<li>trabalho e ind\u00fastria 4.0 &#8211; A Era do Trabalhador Intelectual<\/li>\n<\/ul>\n<p><a href=\"https:\/\/academiaplus.eu\/wp-content\/uploads\/2021\/02\/Detailed-agendaUnit-1_Industry-4.0-and-the-impact-on-labour.pdf\" target=\"_blank\" rel=\"noopener\"><img decoding=\"async\" src=\"https:\/\/academiaplus.eu\/wp-content\/uploads\/2020\/05\/001-300x67.png\" alt=\"\" width=\"150\" height=\"33\" \/><\/a>\u00a0<\/td>\n<\/tr>\n<tr>\n<td width=\"72\">\n<p><strong><u>Dia 2<\/u><u><\/u><\/strong><\/p>\n<p><strong>11 de mar\u00e7o, 2021<\/strong><\/p>\n<p><strong>\u00a0<\/strong><\/p>\n<p>\u00a0Intervalo 13.00-14.00 (CET)<\/p>\n<\/td>\n<td width=\"592\">\n<p><strong>Unidade 2. Desafios e oportunidades para as empresas na Ind\u00fastria 4.0<\/strong><\/p>\n<ul>\n<li>Desafios: Mudan\u00e7a e resili\u00eancia \u00e0 mesma<\/li>\n<li>Desafios: Pessoal e estrutura da empresa<\/li>\n<li>Desafios: Concurso<\/li>\n<li>Desafios: Pensamentos dos participantes<\/li>\n<li>Oportunidades: Novos neg\u00f3cios\/ Modelos de neg\u00f3cio<\/li>\n<li>Oportunidades: Novos produtos\/servi\u00e7os<\/li>\n<li>Oportunidades: Organiza\u00e7\u00e3o do trabalho<\/li>\n<li>Oportunidades: Pensamentos do participante<\/li>\n<\/ul>\n<p>Resultados da aprendizagem:<\/p>\n<ul>\n<li>Segmento das empresas na ind\u00fastria 4.0 &#8211; Perfis da ind\u00fastria<\/li>\n<li>Prepara\u00e7\u00e3o para a Ind\u00fastria 4.0<\/li>\n<li>Obst\u00e1culos \u00e0 mudan\u00e7a<\/li>\n<li>A diferen\u00e7a entre g\u00e9neros na ind\u00fastria<\/li>\n<\/ul>\n<p><a href=\"https:\/\/academiaplus.eu\/wp-content\/uploads\/2021\/02\/Detailed-agenda-Unit-2_Challenges-and-opportunities-for-companies-within-Industry-4.0.pdf\" target=\"_blank\" rel=\"noopener\"><img decoding=\"async\" src=\"https:\/\/academiaplus.eu\/wp-content\/uploads\/2020\/05\/001-300x67.png\" alt=\"\" width=\"150\" height=\"33\" \/><\/a><\/p>\n<\/td>\n<\/tr>\n<tr>\n<td width=\"72\">\n<p><strong><u>Dia 3<\/u><\/strong><\/p>\n<p><strong>16 de mar\u00e7o, 2021<\/strong><\/p>\n<p><strong>\u00a0<\/strong><\/p>\n<p>Intervalo 13.15-14.15 (CET)<\/p>\n<\/td>\n<td width=\"592\">\n<p><strong>Unidade 3. Pr\u00f3ximas tend\u00eancias<\/strong><\/p>\n<ul>\n<li>Novas tecnologias<\/li>\n<li>Novos empregos e compet\u00eancias<\/li>\n<\/ul>\n<p>Resultados da aprendizagem:<\/p>\n<ul>\n<li>Trabalho e tecnologias virtuais: novas tend\u00eancias no mercado de trabalho e impacto potencial na demografia do emprego<\/li>\n<li>Novas tecnologias: Impress\u00e3o 3D, Moedas Inteligentes, Cart\u00f5es e Pagamentos, Seguran\u00e7a Inform\u00e1tica, Big Data, Anal\u00edtica, etc.<\/li>\n<li>Novos modelos de neg\u00f3cio e novas abordagens para mercados emergentes<\/li>\n<li>Novas profiss\u00f5es e condi\u00e7\u00f5es de trabalho<\/li>\n<li>Novas exig\u00eancias de emprego e compet\u00eancias<\/li>\n<li>As profiss\u00f5es e compet\u00eancias mais emergentes e em decl\u00ednio<\/li>\n<\/ul>\n<p><a href=\"https:\/\/academiaplus.eu\/wp-content\/uploads\/2021\/02\/Detailed-agenda-Unit-3_Upcoming-trends.pdf\" target=\"_blank\" rel=\"noopener\"><img decoding=\"async\" src=\"https:\/\/academiaplus.eu\/wp-content\/uploads\/2020\/05\/001-300x67.png\" alt=\"\" width=\"150\" height=\"33\" \/><\/a><\/p>\n<\/td>\n<\/tr>\n<tr>\n<td width=\"72\">\n<p><strong><u>Dia 4<\/u><\/strong><u><\/u><\/p>\n<p>18 de mar\u00e7o, 2021<\/p>\n<p>\u00a0<\/p>\n<p>Intervalo 13.00-14.00 (CET)<\/p>\n<\/td>\n<td width=\"592\">\n<p><strong>Unidade 4. Novas aptid\u00f5es e compet\u00eancias<\/strong><\/p>\n<ul>\n<li>Novas compet\u00eancias transversais<\/li>\n<li>Novas compet\u00eancias t\u00e9cnicas<\/li>\n<li>Requalifica\u00e7\u00e3o do pessoal<\/li>\n<li>Actualiza\u00e7\u00f5es na educa\u00e7\u00e3o<\/li>\n<\/ul>\n<p>Resultados da aprendizagem:<\/p>\n<ul>\n<li>Desafios decorrentes do desenvolvimento de compet\u00eancias para o futuro para a ind\u00fastria 4.0<\/li>\n<li>Compet\u00eancias t\u00e9cnicas para a ind\u00fastria 4.0 (compet\u00eancias tecnol\u00f3gicas)<\/li>\n<li>Compet\u00eancias transversais na ind\u00fastria 4.0 (compet\u00eancias interdisciplinares para futuros trabalhadores)<\/li>\n<li>Novos modos de aprendizagem<\/li>\n<\/ul>\n<p><a href=\"https:\/\/academiaplus.eu\/wp-content\/uploads\/2021\/02\/Detailed-agenda-Unit-4_New-skills-and-competencies.pdf\" target=\"_blank\" rel=\"noopener\"><img decoding=\"async\" src=\"https:\/\/academiaplus.eu\/wp-content\/uploads\/2020\/05\/001-300x67.png\" alt=\"\" width=\"150\" height=\"33\" \/><\/a><\/p>\n<\/td>\n<\/tr>\n<\/tbody>\n<\/table>\n<p style=\"margin-bottom: 11.25pt; line-height: normal;\">\u00a0<\/p>\n<p>3 steps to enter training material of C-STEPs (Project&#8217;s Media Centre and Learning Environment):\u00a0<\/p>\n<ol>\n<li>Enter\u00a0<\/li>\n<\/ol>\n<p><em><a href=\"http:\/\/www.academiaplus.eu\/moodle\/\">www.academiaplus.eu\/moodle\/<\/a><\/em><\/p>\n<p>\u00a0<\/p>\n<p>2. Choose the course below<\/p>\n<p>\t\t\t\t\t\t\t\t\t\t\t\t<img loading=\"lazy\" decoding=\"async\" width=\"768\" height=\"187\" src=\"https:\/\/academiaplus.eu\/wp-content\/uploads\/2021\/06\/courses-768x187.jpg\" alt=\"\" loading=\"lazy\" srcset=\"https:\/\/academiaplus.eu\/wp-content\/uploads\/2021\/06\/courses-768x187.jpg 768w, https:\/\/academiaplus.eu\/wp-content\/uploads\/2021\/06\/courses-300x73.jpg 300w, https:\/\/academiaplus.eu\/wp-content\/uploads\/2021\/06\/courses-1024x249.jpg 1024w, https:\/\/academiaplus.eu\/wp-content\/uploads\/2021\/06\/courses.jpg 1446w\" sizes=\"auto, (max-width: 768px) 100vw, 768px\" \/>\t\t\t\t\t\t\t\t\t\t\t\t\t\t<\/p>\n<p>3.\u00a0Free access with &#8220;Login as a guest&#8221;<\/p>\n<p>\t\t\t\t\t\t\t\t\t\t\t\t\t<a href=\"http:\/\/www.academiaplus.eu\/moodle\/\"><br \/>\n\t\t\t\t\t\t\t<img decoding=\"async\" src=\"https:\/\/academiaplus.eu\/wp-content\/uploads\/elementor\/thumbs\/login-p9drxq4s0b8cli9tfvbuwya8eplwxnouemmmstd6a8.jpg\" title=\"login\" alt=\"login\" \/>\t\t\t\t\t\t\t\t<\/a><\/p>\n","protected":false},"excerpt":{"rendered":"<p>Devido ao Covid-19 o segundo Curso foi tamb\u00e9m convertido no curso de forma\u00e7\u00e3o online, que foi realizado atrav\u00e9s de webinars durante quatro dias, nos dias 9, 11, 16 e 18 de mar\u00e7o de 2021. O Curso 2 &#8220;Trabalhos futuros&#8221; \u00e9 um dos tr\u00eas Cursos, que fazem parte do &#8220;Counsellors&#8217; Study and Training Exchange Programme for Key Challenges of European Labour Markets and Societies&#8221; (Academia+), um projecto co-financiado pelo Erasmus+. Saiba mais sobre o projecto Academia+ aqui. Os cursos de forma\u00e7\u00e3o inclu\u00edram palestras de profissionais convidados, workshops com trabalho em grupo, se\u00e7\u00f5es para perguntas e respostas etc. Partes da forma\u00e7\u00e3o foram gravadas e enviadas para o Centro Multim\u00e9dia, juntamente com todos&hellip; <a class=\"read-more\" href=\"https:\/\/academiaplus.eu\/pt\/c-step-2\/\">Read More<\/a><\/p>\n","protected":false},"author":2,"featured_media":0,"parent":0,"menu_order":0,"comment_status":"closed","ping_status":"closed","template":"","meta":{"footnotes":""},"class_list":["post-4397","page","type-page","status-publish","hentry"],"translation":{"provider":"WPGlobus","version":"3.0.2","language":"pt","enabled_languages":["en","de","pt","lt"],"languages":{"en":{"title":true,"content":true,"excerpt":false},"de":{"title":true,"content":true,"excerpt":false},"pt":{"title":true,"content":true,"excerpt":false},"lt":{"title":false,"content":false,"excerpt":false}}},"_links":{"self":[{"href":"https:\/\/academiaplus.eu\/pt\/wp-json\/wp\/v2\/pages\/4397","targetHints":{"allow":["GET"]}}],"collection":[{"href":"https:\/\/academiaplus.eu\/pt\/wp-json\/wp\/v2\/pages"}],"about":[{"href":"https:\/\/academiaplus.eu\/pt\/wp-json\/wp\/v2\/types\/page"}],"author":[{"embeddable":true,"href":"https:\/\/academiaplus.eu\/pt\/wp-json\/wp\/v2\/users\/2"}],"replies":[{"embeddable":true,"href":"https:\/\/academiaplus.eu\/pt\/wp-json\/wp\/v2\/comments?post=4397"}],"version-history":[{"count":152,"href":"https:\/\/academiaplus.eu\/pt\/wp-json\/wp\/v2\/pages\/4397\/revisions"}],"predecessor-version":[{"id":6788,"href":"https:\/\/academiaplus.eu\/pt\/wp-json\/wp\/v2\/pages\/4397\/revisions\/6788"}],"wp:attachment":[{"href":"https:\/\/academiaplus.eu\/pt\/wp-json\/wp\/v2\/media?parent=4397"}],"curies":[{"name":"wp","href":"https:\/\/api.w.org\/{rel}","templated":true}]}}