{"id":4323,"date":"2020-11-18T09:28:27","date_gmt":"2020-11-18T09:28:27","guid":{"rendered":"https:\/\/academiaplus.eu\/?page_id=4323"},"modified":"2021-01-18T08:30:55","modified_gmt":"2021-01-18T08:30:55","slug":"4th-transnational-partners-meeting","status":"publish","type":"page","link":"https:\/\/academiaplus.eu\/pt\/4th-transnational-partners-meeting\/","title":{"rendered":"4\u00aa Reuni\u00e3o Trasnacional de parceiros"},"content":{"rendered":"<p><a href=\"https:\/\/academiaplus.eu\/pt\/project\/\">SOBRE<\/a><\/p>\n<p><a href=\"https:\/\/academiaplus.eu\/pt\/project\/background\/\">ENQUADRAMENTO<\/a><\/p>\n<p><a href=\"https:\/\/academiaplus.eu\/pt\/outputs\/\">SA\u00cdDAS<\/a><\/p>\n<p><a href=\"https:\/\/academiaplus.eu\/pt\/project\/partners\/\">PARCEIROS<\/a><\/p>\n<p><a href=\"https:\/\/academiaplus.eu\/pt\/project\/academia-network\/\">ACADEMIA NETWORK<\/a><\/p>\n<p><a href=\"https:\/\/academiaplus.eu\/pt\/project\/events\/\">EVENTOS<\/a><\/p>\n<p style=\"font-weight: 400;\">No \u00e2mbito do projeto Academia+ realizou-se nos dias 9 e 10 de novembro de 2020 a <strong>4\u00aa Reuni\u00e3o Trasnacional de parceiros.<\/strong><\/p>\n<p style=\"font-weight: 400;\">Devido \u00e0 situa\u00e7\u00e3o atual do Covid-19, a reuni\u00e3o realizou-se online, ao inv\u00e9s de ser realizada em Bradford, Reino Unido, como originalmente planeado.<\/p>\n<p>\t\t\t\t\t\t\t\t\t\t<img decoding=\"async\" src=\"https:\/\/academiaplus.eu\/wp-content\/uploads\/elementor\/thumbs\/academiaplus_4th_online_meeting-oylagennyi4is0kteg5ac6pdw03x7n93ofa7986j0u.jpg\" title=\"academiaplus_4th_online_meeting\" alt=\"academiaplus_4th_online_meeting\" \/>\t\t\t\t\t\t\t\t\t\t\t<\/p>\n<p>Durante os dois dias de, a parceria discutiu o status atual do trabalho e os pr\u00f3ximos passos relativos \u00e0s forma\u00e7\u00f5es online de 4 dias denominadas \u201cCounsellors Study and Training Exchange Program\u201d C-STEP 2 \u201cFuture Jobs\u201d (que est\u00e1 agendada para mar\u00e7o de 2021) e C-STEP 3 \u201cDemographic change\u201d (agendada para maio de 2021).<\/p>\n","protected":false},"excerpt":{"rendered":"<p>SOBRE ENQUADRAMENTO SA\u00cdDAS PARCEIROS ACADEMIA NETWORK EVENTOS No \u00e2mbito do projeto Academia+ realizou-se nos dias 9 e 10 de novembro de 2020 a 4\u00aa Reuni\u00e3o Trasnacional de parceiros. Devido \u00e0 situa\u00e7\u00e3o atual do Covid-19, a reuni\u00e3o realizou-se online, ao inv\u00e9s de ser realizada em Bradford, Reino Unido, como originalmente planeado. Durante os dois dias de, a parceria discutiu o status atual do trabalho e os pr\u00f3ximos passos relativos \u00e0s forma\u00e7\u00f5es online de 4 dias denominadas \u201cCounsellors Study and Training Exchange Program\u201d C-STEP 2 \u201cFuture Jobs\u201d (que est\u00e1 agendada para mar\u00e7o de 2021) e C-STEP 3 \u201cDemographic change\u201d (agendada para maio de 2021).<\/p>\n","protected":false},"author":2,"featured_media":0,"parent":0,"menu_order":0,"comment_status":"closed","ping_status":"closed","template":"","meta":{"footnotes":""},"class_list":["post-4323","page","type-page","status-publish","hentry"],"translation":{"provider":"WPGlobus","version":"3.0.2","language":"pt","enabled_languages":["en","de","pt","lt"],"languages":{"en":{"title":true,"content":true,"excerpt":false},"de":{"title":true,"content":true,"excerpt":false},"pt":{"title":true,"content":true,"excerpt":false},"lt":{"title":true,"content":true,"excerpt":false}}},"_links":{"self":[{"href":"https:\/\/academiaplus.eu\/pt\/wp-json\/wp\/v2\/pages\/4323","targetHints":{"allow":["GET"]}}],"collection":[{"href":"https:\/\/academiaplus.eu\/pt\/wp-json\/wp\/v2\/pages"}],"about":[{"href":"https:\/\/academiaplus.eu\/pt\/wp-json\/wp\/v2\/types\/page"}],"author":[{"embeddable":true,"href":"https:\/\/academiaplus.eu\/pt\/wp-json\/wp\/v2\/users\/2"}],"replies":[{"embeddable":true,"href":"https:\/\/academiaplus.eu\/pt\/wp-json\/wp\/v2\/comments?post=4323"}],"version-history":[{"count":72,"href":"https:\/\/academiaplus.eu\/pt\/wp-json\/wp\/v2\/pages\/4323\/revisions"}],"predecessor-version":[{"id":5346,"href":"https:\/\/academiaplus.eu\/pt\/wp-json\/wp\/v2\/pages\/4323\/revisions\/5346"}],"wp:attachment":[{"href":"https:\/\/academiaplus.eu\/pt\/wp-json\/wp\/v2\/media?parent=4323"}],"curies":[{"name":"wp","href":"https:\/\/api.w.org\/{rel}","templated":true}]}}