{"id":3798,"date":"2020-07-16T12:01:22","date_gmt":"2020-07-16T12:01:22","guid":{"rendered":"https:\/\/academiaplus.eu\/?page_id=3798"},"modified":"2021-08-13T10:56:50","modified_gmt":"2021-08-13T10:56:50","slug":"c-step","status":"publish","type":"page","link":"https:\/\/academiaplus.eu\/pt\/c-step\/","title":{"rendered":"C-STEP"},"content":{"rendered":"<p><a href=\"https:\/\/academiaplus.eu\/pt\/project\/\">SOBRE<\/a><\/p>\n<p><a href=\"https:\/\/academiaplus.eu\/pt\/project\/background\/\">ENQUADRAMENTO<\/a><\/p>\n<p><a href=\"https:\/\/academiaplus.eu\/pt\/outputs\/\">SA\u00cdDAS<\/a><\/p>\n<p><a href=\"https:\/\/academiaplus.eu\/pt\/project\/partners\/\">PARCEIROS<\/a><\/p>\n<p><a href=\"https:\/\/academiaplus.eu\/pt\/project\/academia-network\/\">ACADEMIA NETWORK<\/a><\/p>\n<p><a href=\"https:\/\/academiaplus.eu\/pt\/project\/events\/\">EVENTOS<\/a><\/p>\n<p>O Academia+ ir\u00e1 desenvolver os seguintes Intellectual Outputs (resultados intelectuais): 3 programas de forma\u00e7\u00e3o de t\u00e9cnicos de orienta\u00e7\u00e3o profissional conselheiros de uma semana (IO1, IO2 e IO3).<\/p>\n<p><a style=\"color: #ffffff;\" href=\"https:\/\/academiaplus.eu\/pt\/c-step-1\/\">IO1 C-STEP 1 &gt;&gt;<\/a><\/p>\n<p>Aconselhar migrantes e refugiados<\/p>\n<p><em>Unidade 1. Consci\u00eancia intercultural<\/em><br \/><em>Unidade 2. Reconhecimento de qualifica\u00e7\u00f5es e compet\u00eancias e acesso ao mercado de trabalho<\/em><br \/><em>Unidade 3. A an\u00e1lise do potencial e do capacita\u00e7\u00e3o do cliente<\/em><br \/><em>Unidade 4. Medidas de apoio espec\u00edficas<\/em><\/p>\n<p id=\"yui_3_17_2_1_1595856813436_22\">(28.05.2020 &#8211; 09.06.2020)<\/p>\n<p><a style=\"color: #ffffff; text-decoration: underline;\" href=\"https:\/\/academiaplus.eu\/pt\/c-step-2\/\" target=\"_blank\" rel=\"noopener\">IO2 C-STEP 2 &gt;&gt;<\/a><\/p>\n<p>Trabalhos do futuro<\/p>\n<p><em>Unidade 1: Ind\u00fastria 4.0 e o impacto no trabalho<\/em><br \/><em>Unidade 2: Desafios e oportunidades para as empresas com a Ind\u00fastria 4.0<\/em><br \/><em>Unidade 3: Pr\u00f3ximas tend\u00eancias<\/em><br \/><em>Unidade 4. Novas aptid\u00f5es e compet\u00eancias<\/em><\/p>\n<p>(09.04.2021 &#8211; 18.04.2021)<\/p>\n<p><a style=\"color: #ffffff;\" href=\"https:\/\/academiaplus.eu\/pt\/c-step-3\/\" target=\"_blank\" rel=\"noopener\">IO3 C-STEP 3 &gt;&gt;<\/a><\/p>\n<p>Altera\u00e7\u00f5es demogr\u00e1ficas<\/p>\n<p><em>Unidade 1. Os desafios de uma m\u00e3o-de-obra mais velha<\/em><br \/><em>Unidade 2. Requalifica\u00e7\u00e3o na vida<\/em><br \/><em>Unidade 3. Realinhando as expectativas do mercado de trabalho<\/em><br \/><em>Unidade 4. Colabora\u00e7\u00e3o multigeracional: foco em diferentes grupos-alvo e gera\u00e7\u00f5es<\/em><\/p>\n<p>(10.05.2021 &#8211; 20.05.2021)<\/p>\n<p>For further information about C-STEP visit <a href=\"https:\/\/academiaplus.eu\/pt\/outputs\/\">OUTPUTS&gt;&gt;<\/a><\/p>\n","protected":false},"excerpt":{"rendered":"<p>SOBRE ENQUADRAMENTO SA\u00cdDAS PARCEIROS ACADEMIA NETWORK EVENTOS O Academia+ ir\u00e1 desenvolver os seguintes Intellectual Outputs (resultados intelectuais): 3 programas de forma\u00e7\u00e3o de t\u00e9cnicos de orienta\u00e7\u00e3o profissional conselheiros de uma semana (IO1, IO2 e IO3). IO1 C-STEP 1 &gt;&gt; Aconselhar migrantes e refugiados Unidade 1. Consci\u00eancia interculturalUnidade 2. Reconhecimento de qualifica\u00e7\u00f5es e compet\u00eancias e acesso ao mercado de trabalhoUnidade 3. A an\u00e1lise do potencial e do capacita\u00e7\u00e3o do clienteUnidade 4. Medidas de apoio espec\u00edficas (28.05.2020 &#8211; 09.06.2020) IO2 C-STEP 2 &gt;&gt; Trabalhos do futuro Unidade 1: Ind\u00fastria 4.0 e o impacto no trabalhoUnidade 2: Desafios e oportunidades para as empresas com a Ind\u00fastria 4.0Unidade 3: Pr\u00f3ximas tend\u00eanciasUnidade 4. Novas aptid\u00f5es e&hellip; <a class=\"read-more\" href=\"https:\/\/academiaplus.eu\/pt\/c-step\/\">Read More<\/a><\/p>\n","protected":false},"author":2,"featured_media":0,"parent":0,"menu_order":0,"comment_status":"closed","ping_status":"closed","template":"","meta":{"footnotes":""},"class_list":["post-3798","page","type-page","status-publish","hentry"],"translation":{"provider":"WPGlobus","version":"3.0.2","language":"pt","enabled_languages":["en","de","pt","lt"],"languages":{"en":{"title":true,"content":true,"excerpt":false},"de":{"title":true,"content":true,"excerpt":false},"pt":{"title":true,"content":true,"excerpt":false},"lt":{"title":true,"content":true,"excerpt":false}}},"_links":{"self":[{"href":"https:\/\/academiaplus.eu\/pt\/wp-json\/wp\/v2\/pages\/3798","targetHints":{"allow":["GET"]}}],"collection":[{"href":"https:\/\/academiaplus.eu\/pt\/wp-json\/wp\/v2\/pages"}],"about":[{"href":"https:\/\/academiaplus.eu\/pt\/wp-json\/wp\/v2\/types\/page"}],"author":[{"embeddable":true,"href":"https:\/\/academiaplus.eu\/pt\/wp-json\/wp\/v2\/users\/2"}],"replies":[{"embeddable":true,"href":"https:\/\/academiaplus.eu\/pt\/wp-json\/wp\/v2\/comments?post=3798"}],"version-history":[{"count":180,"href":"https:\/\/academiaplus.eu\/pt\/wp-json\/wp\/v2\/pages\/3798\/revisions"}],"predecessor-version":[{"id":6892,"href":"https:\/\/academiaplus.eu\/pt\/wp-json\/wp\/v2\/pages\/3798\/revisions\/6892"}],"wp:attachment":[{"href":"https:\/\/academiaplus.eu\/pt\/wp-json\/wp\/v2\/media?parent=3798"}],"curies":[{"name":"wp","href":"https:\/\/api.w.org\/{rel}","templated":true}]}}