{"id":2394,"date":"2020-04-07T17:44:10","date_gmt":"2020-04-07T17:44:10","guid":{"rendered":"https:\/\/academiaplus.eu\/?page_id=2394"},"modified":"2021-08-12T07:39:24","modified_gmt":"2021-08-12T07:39:24","slug":"c-step-1","status":"publish","type":"page","link":"https:\/\/academiaplus.eu\/pt\/c-step-1\/","title":{"rendered":"C-STEP 1 (portugal)"},"content":{"rendered":"<p>Devido ao Covid-19 o primeiro Curso foi convertido no curso de forma\u00e7\u00e3o online, que ser\u00e1 realizado atrav\u00e9s de webinars durante quatro dias, nos dias 28 de maio e 2, 4 e 9 de junho de 2020.<\/p>\n<p>Este \u00e9 um do \u00e9 um dos <a href=\"https:\/\/academiaplus.eu\/pt\/c-step\/\">tr\u00eas cursos &gt;&gt;<\/a>, que fazem parte do \u201cPrograma de forma\u00e7\u00e3o de t\u00e9cnicos de orienta\u00e7\u00e3o profissional sobre os principais desafios dos mercados e sociedades de trabalho europeias\u201d (Academia+), um projeto cofinanciado pelo Erasmus+. Saiba mais sobre o <a href=\"https:\/\/academiaplus.eu\/pt\/project\/\">Projeto Academia+ aqui &gt;&gt;<\/a><\/p>\n<p>Os cursos de forma\u00e7\u00e3o incluir\u00e3o palestras de profissionais convidados, workshops com trabalho em grupo, se\u00e7\u00f5es para perguntas e respostas etc. Partes da forma\u00e7\u00e3o ser\u00e3o gravadas e enviadas para o <a href=\"https:\/\/academiaplus.eu\/pt\/course-participants\/\">Centro Multim\u00e9dia &gt;<\/a>&gt;, juntamente com todos os materiais apresentados.<\/p>\n<p>As unidades e os t\u00f3picos de forma\u00e7\u00e3o s\u00e3o baseados nos resultados e produtos de um projeto anterior financiado pela UE da HdBA: \u201cAconselhamento para a integra\u00e7\u00e3o de refugiados e migrantes no mercado de trabalho &#8211; Desenvolvimento de cursos para o ensino superior e servi\u00e7os p\u00fablicos de emprego\u201d (CMinaR).<\/p>\n<p>As unidades e t\u00f3picos da forma\u00e7\u00e3o online baseiam-se nos resultados das revis\u00f5es de literatura e recursos de todos os pa\u00edses parceiros, bem como numa an\u00e1lise de um question\u00e1rio online respondido por conselheiros, profissionais e peritos relativamente ao tema empregos futuros de pa\u00edses de toda a Europa.<\/p>\n<p>A forma\u00e7\u00e3o e todos os materiais e em <strong>ingl\u00eas<\/strong>.<\/p>\n<p><strong>P\u00fablico-alvo: t\u00e9cnicos e especialistas de orienta\u00e7\u00e3o profissional, professores, etc.<\/strong><\/p>\n<p>O registo e a participa\u00e7\u00e3o foram gratuitos e foram emitidos os certificados.<\/p>\n<p>Pessoa de contato: <a href=\"https:\/\/academiaplus.eu\/pt\/c-step-2\/jane.porath@hdba.de\">jane.porath@hdba.de<\/a> (Alemanha) (ou consulte os <a href=\"https:\/\/academiaplus.eu\/pt\/project\/partners\/\">parceiros<\/a> do projeto Academia+ de Portugal, Reino Unido, Luxemburgo, Litu\u00e2nia).<\/p>\n<figure><img decoding=\"async\" src=\"https:\/\/academiaplus.eu\/wp-content\/uploads\/2020\/06\/001-1024x724.jpg\" alt=\"001\"><\/figure>\n<figure><img decoding=\"async\" src=\"https:\/\/academiaplus.eu\/wp-content\/uploads\/2020\/06\/002-1024x724.jpg\" alt=\"002\"><\/figure>\n<figure><img decoding=\"async\" src=\"https:\/\/academiaplus.eu\/wp-content\/uploads\/2020\/06\/003-1024x724.jpg\" alt=\"003\"><\/figure>\n<p>Previous<br \/>\nNext<\/p>\n<p><strong>Agenda&nbsp;<\/strong><\/p>\n<p><strong>C-STEP1 &#8220;Aconselhar migrantes e refugiados&#8221;&nbsp;<\/strong><\/p>\n<p>Cada dia de forma\u00e7\u00e3o online decorreu entre as 10.00-17.00 Hora da Europa Central (CET)<br \/>\n(9h \u00e0s 16h Reino Unido e Portugal, 10h \u00e0s 17h Alemanha e Luxemburgo)<\/p>\n<table>\n<tbody>\n<tr>\n<td width=\"72\"><strong><u>Dia 1<\/u><\/strong><\/p>\n<p><strong>28 de maio<\/strong><\/p>\n<p><strong>&nbsp;<\/strong><\/p>\n<p>Intervalo 13.00-14.00 (CET)<\/td>\n<td width=\"592\">\n<section data-id=\"3a24b61\" data-element_type=\"section\"><strong>&nbsp;Unidade 1. Consci\u00eancia intercultural<\/strong><\/p>\n<ul>\n<li>Multiculturalismo, interculturalismo, integra\u00e7\u00e3o e desafios<\/li>\n<li>Comunica\u00e7\u00e3o lingu\u00edstica e intercultural<\/li>\n<li>\u201cConsci\u00eancia cultural \/ intercultural\u201d<\/li>\n<\/ul>\n<\/section>\n<p>Resultados de aprendizagem:<\/p>\n<ul>\n<li>Analisar os desafios decorrentes da lacuna de conhecimento do orientador na tem\u00e1tica dos sistemas educacionais e de emprego dos pa\u00edses de origem e de chegada.<\/li>\n<li>Antecedentes das causas da migra\u00e7\u00e3o e situa\u00e7\u00e3o dos migrantes e refugiados nos pa\u00edses de chegada.<\/li>\n<li>M\u00e9todos e recursos para detectar e lidar com mal-entendidos na comunica\u00e7\u00e3o de orienta\u00e7\u00e3o; trabalho com grupos.<\/li>\n<li>Discutir os desafios decorrentes da aprendizagem e do uso de um segundo idioma como meio para agir e responder na educa\u00e7\u00e3o, no ambiente de trabalho e na comunica\u00e7\u00e3o de orienta\u00e7\u00e3o.<\/li>\n<li>Aumentar a consciencializa\u00e7\u00e3o intercultural.<\/li>\n<\/ul>\n<p><a href=\"https:\/\/academiaplus.eu\/wp-content\/uploads\/2020\/05\/Unit-1.-Intercultural-awareness.pdf\" target=\"_blank\" rel=\"noopener\"><img decoding=\"async\" src=\"https:\/\/academiaplus.eu\/wp-content\/uploads\/2020\/05\/001-300x67.png\" alt=\"\" width=\"150\" height=\"33\"><\/a>&nbsp;<\/td>\n<\/tr>\n<tr>\n<td width=\"72\"><strong><u>Dia 2<\/u><\/strong><\/p>\n<p><strong>2 de junho<\/strong><\/p>\n<p><strong>&nbsp;<\/strong><\/p>\n<p>Intervalo 13.00-14.00 (CET)<\/td>\n<td width=\"592\">\n<section data-id=\"d48b502\" data-element_type=\"section\"><strong>Unidade 2. Reconhecimento de qualifica\u00e7\u00f5es e compet\u00eancias e acesso ao mercado de trabalho<\/strong><\/p>\n<ul>\n<li>Processo de reconhecimento de qualifica\u00e7\u00e3o<\/li>\n<li>Atores no processo de reconhecimento<\/li>\n<li>Instrumentos e recursos europeus<\/li>\n<\/ul>\n<\/section>\n<p>Resultados de aprendizagem:<\/p>\n<ul>\n<li>Analisar os desafios decorrentes do estado de resid\u00eancia e do reconhecimento de qualifica\u00e7\u00f5es profissionais e acad\u00e9micas estrangeiras<\/li>\n<li>Discuss\u00e3o sobre o acesso ao mercado de trabalho<\/li>\n<\/ul>\n<p><a href=\"https:\/\/academiaplus.eu\/wp-content\/uploads\/2020\/05\/Unit-2.-Recognition-of-qualifications-and-competencies-and-access-to-the-labour-market.pdf\" target=\"_blank\" rel=\"noopener\"><img decoding=\"async\" src=\"https:\/\/academiaplus.eu\/wp-content\/uploads\/2020\/05\/001-300x67.png\" alt=\"\" width=\"150\" height=\"33\"><\/a><\/td>\n<\/tr>\n<tr>\n<td width=\"72\"><strong><u>Dia 3<\/u><\/strong><\/p>\n<p><strong>4 de junho<\/strong><\/p>\n<p><strong>&nbsp;<\/strong><\/p>\n<p>Intervalo 13.15-14.15 (CET)<\/td>\n<td width=\"592\">\n<section data-id=\"08e137e\" data-element_type=\"section\"><strong>Unidade 3. A an\u00e1lise do potencial e do capacita\u00e7\u00e3o do cliente<\/strong><\/p>\n<ul>\n<li>M\u00e9todos de teste\/avalia\u00e7\u00e3o de compet\u00eancias<\/li>\n<li>M\u00e9todos para capacitar refugiados e migrantes<\/li>\n<li>Benef\u00edcios do uso de m\u00e9todos e ferramentas que d\u00e3o suporte \u00e0 aprendizagem e compreens\u00e3o dos clientes sobre quest\u00f5es profissionais<\/li>\n<\/ul>\n<\/section>\n<p>Resultados de aprendizagem:<\/p>\n<ul>\n<li>M\u00e9todos de avalia\u00e7\u00e3o do potencial e capacita\u00e7\u00e3o dos clientes<\/li>\n<li>An\u00e1lise de desafios que surgem na estrutura de avalia\u00e7\u00e3o do potencial e na capacita\u00e7\u00e3o dos clientes (sendo impulsionado por todos os desafios mencionados anteriormente)<\/li>\n<li>Conhecer os m\u00e9todos de teste\/avalia\u00e7\u00e3o de compet\u00eancias<\/li>\n<li>Discuss\u00e3o sobre m\u00e9todos de capacita\u00e7\u00e3o de refugiados e migrantes<\/li>\n<\/ul>\n<p><a href=\"https:\/\/academiaplus.eu\/wp-content\/uploads\/2020\/05\/Unit-3.-The-analysis-of-client-potential-and-empowerment.pdf\" target=\"_blank\" rel=\"noopener\"><img decoding=\"async\" src=\"https:\/\/academiaplus.eu\/wp-content\/uploads\/2020\/05\/001-300x67.png\" alt=\"\" width=\"150\" height=\"33\"><\/a><\/td>\n<\/tr>\n<tr>\n<td width=\"72\"><strong><u>Dia 4<\/u><\/strong><\/p>\n<p><strong>9 de junho<\/strong><\/p>\n<p><strong>&nbsp;<\/strong><\/p>\n<p>Intervalo 13.00-14.00 (CET)<\/td>\n<td width=\"592\">\n<section data-id=\"c2fff35\" data-element_type=\"section\"><strong>Unidade 4. Medidas de apoio espec\u00edficas<\/strong><\/p>\n<ul>\n<li>Aquisi\u00e7\u00e3o de idiomas em medidas de apoio e programas do mercado de trabalho<\/li>\n<li>Medidas de forma\u00e7\u00e3o para a adapta\u00e7\u00e3o de compet\u00eancias profissionais para refugiados e migrantes<\/li>\n<li>Aspetos legais das medidas de apoio<\/li>\n<\/ul>\n<\/section>\n<p>Resultados de aprendizagem:<\/p>\n<ul>\n<li>Analisar os desafios que surgem para aceder, projetar e implementar medidas de apoio e programas do mercado de trabalho<\/li>\n<li>Promover a aquisi\u00e7\u00e3o da linguagem em medidas de apoio e programas do mercado de trabalho<\/li>\n<li>Conhecer medidas de forma\u00e7\u00e3o para a adapta\u00e7\u00e3o de compet\u00eancias profissionais para refugiados e migrantes<\/li>\n<li>Conhecer os aspetos legais das medidas de apoio<\/li>\n<\/ul>\n<p><a href=\"https:\/\/academiaplus.eu\/wp-content\/uploads\/2020\/05\/Unit-4.-Specific-supportive-measures.pdf\" target=\"_blank\" rel=\"noopener\"><img decoding=\"async\" src=\"https:\/\/academiaplus.eu\/wp-content\/uploads\/2020\/05\/001-300x67.png\" alt=\"\" width=\"150\" height=\"33\"><\/a><\/td>\n<\/tr>\n<\/tbody>\n<\/table>\n<p>Follow 3 steps to enter&nbsp;<em>C-STEP1 Counselling migrants and refugees<\/em>&nbsp;training material:&nbsp;<\/p>\n<ol>\n<li>Enter <a href=\"http:\/\/www.academiaplus.eu\/moodle\/\">www.academiaplus.eu\/moodle\/<\/a><\/li>\n<\/ol>\n<p><a href=\"http:\/\/www.academiaplus.eu\/moodle\/\"><br \/>\n<img decoding=\"async\" src=\"https:\/\/academiaplus.eu\/wp-content\/uploads\/elementor\/thumbs\/moodle-oorzwlflc3wea39ak4si3mof0a3u9jg5j36nbvinsu.png\" title=\"moodle\" alt=\"moodle\">\t\t\t\t\t\t\t\t<\/a><\/p>\n<p>2. Choose<\/p>\n<p><img loading=\"lazy\" decoding=\"async\" src=\"https:\/\/academiaplus.eu\/wp-content\/uploads\/2020\/07\/003.jpg\" alt=\"\" loading=\"lazy\" srcset=\"https:\/\/academiaplus.eu\/wp-content\/uploads\/2020\/07\/003.jpg 596w, https:\/\/academiaplus.eu\/wp-content\/uploads\/2020\/07\/003-300x101.jpg 300w\" sizes=\"auto, (max-width: 596px) 100vw, 596px\" width=\"596\" height=\"201\"><\/p>\n<p>3. Login as a guest<\/p>\n<p><img loading=\"lazy\" decoding=\"async\" src=\"https:\/\/academiaplus.eu\/wp-content\/uploads\/2020\/07\/002.jpg\" alt=\"\" loading=\"lazy\" srcset=\"https:\/\/academiaplus.eu\/wp-content\/uploads\/2020\/07\/002.jpg 305w, https:\/\/academiaplus.eu\/wp-content\/uploads\/2020\/07\/002-300x50.jpg 300w\" sizes=\"auto, (max-width: 305px) 100vw, 305px\" width=\"305\" height=\"51\"><\/p>\n","protected":false},"excerpt":{"rendered":"<p>Devido ao Covid-19 o primeiro Curso foi convertido no curso de forma\u00e7\u00e3o online, que ser\u00e1 realizado atrav\u00e9s de webinars durante quatro dias, nos dias 28 de maio e 2, 4 e 9 de junho de 2020. Este \u00e9 um do \u00e9 um dos tr\u00eas cursos &gt;&gt;, que fazem parte do \u201cPrograma de forma\u00e7\u00e3o de t\u00e9cnicos de orienta\u00e7\u00e3o profissional sobre os principais desafios dos mercados e sociedades de trabalho europeias\u201d (Academia+), um projeto cofinanciado pelo Erasmus+. Saiba mais sobre o Projeto Academia+ aqui &gt;&gt; Os cursos de forma\u00e7\u00e3o incluir\u00e3o palestras de profissionais convidados, workshops com trabalho em grupo, se\u00e7\u00f5es para perguntas e respostas etc. Partes da forma\u00e7\u00e3o ser\u00e3o gravadas e enviadas&hellip; <a class=\"read-more\" href=\"https:\/\/academiaplus.eu\/pt\/c-step-1\/\">Read More<\/a><\/p>\n","protected":false},"author":1,"featured_media":0,"parent":0,"menu_order":0,"comment_status":"closed","ping_status":"closed","template":"","meta":{"footnotes":""},"class_list":["post-2394","page","type-page","status-publish","hentry"],"translation":{"provider":"WPGlobus","version":"3.0.2","language":"pt","enabled_languages":["en","de","pt","lt"],"languages":{"en":{"title":true,"content":true,"excerpt":false},"de":{"title":true,"content":true,"excerpt":false},"pt":{"title":true,"content":true,"excerpt":false},"lt":{"title":true,"content":true,"excerpt":false}}},"_links":{"self":[{"href":"https:\/\/academiaplus.eu\/pt\/wp-json\/wp\/v2\/pages\/2394","targetHints":{"allow":["GET"]}}],"collection":[{"href":"https:\/\/academiaplus.eu\/pt\/wp-json\/wp\/v2\/pages"}],"about":[{"href":"https:\/\/academiaplus.eu\/pt\/wp-json\/wp\/v2\/types\/page"}],"author":[{"embeddable":true,"href":"https:\/\/academiaplus.eu\/pt\/wp-json\/wp\/v2\/users\/1"}],"replies":[{"embeddable":true,"href":"https:\/\/academiaplus.eu\/pt\/wp-json\/wp\/v2\/comments?post=2394"}],"version-history":[{"count":468,"href":"https:\/\/academiaplus.eu\/pt\/wp-json\/wp\/v2\/pages\/2394\/revisions"}],"predecessor-version":[{"id":6737,"href":"https:\/\/academiaplus.eu\/pt\/wp-json\/wp\/v2\/pages\/2394\/revisions\/6737"}],"wp:attachment":[{"href":"https:\/\/academiaplus.eu\/pt\/wp-json\/wp\/v2\/media?parent=2394"}],"curies":[{"name":"wp","href":"https:\/\/api.w.org\/{rel}","templated":true}]}}