{"id":2332,"date":"2020-02-05T13:01:52","date_gmt":"2020-02-05T13:01:52","guid":{"rendered":"https:\/\/academiaplus.eu\/?page_id=2332"},"modified":"2021-01-18T08:39:02","modified_gmt":"2021-01-18T08:39:02","slug":"3nd-transnational-partners-meeting","status":"publish","type":"page","link":"https:\/\/academiaplus.eu\/pt\/project\/events\/3nd-transnational-partners-meeting\/","title":{"rendered":"3\u00aa reuni\u00e3o transnacional de parceiros"},"content":{"rendered":"<p><a href=\"https:\/\/academiaplus.eu\/pt\/project\/\">SOBRE<\/a><\/p>\n<p><a href=\"https:\/\/academiaplus.eu\/pt\/project\/background\/\">ENQUADRAMENTO<\/a><\/p>\n<p><a href=\"https:\/\/academiaplus.eu\/pt\/outputs\/\">SA\u00cdDAS<\/a><\/p>\n<p><a href=\"https:\/\/academiaplus.eu\/pt\/project\/partners\/\">PARCEIROS<\/a><\/p>\n<p><a href=\"https:\/\/academiaplus.eu\/pt\/project\/academia-network\/\">ACADEMIA NETWORK<\/a><\/p>\n<p><a href=\"https:\/\/academiaplus.eu\/pt\/project\/events\/\">EVENTOS<\/a><\/p>\n<p>Devido aos desenvolvimentos do Coronav\u00edrus, a 3\u00aa reuni\u00e3o transnacional foi organizada online nos dias 25 e 26 de mar\u00e7o<\/p>\n<p>\t\t\t\t\t\t\t\t\t\t<img decoding=\"async\" src=\"https:\/\/academiaplus.eu\/wp-content\/uploads\/elementor\/thumbs\/Skype_meeting-onq8ymzoxz4z7uzqpa6nmbhilodd7q01jynf2kf7pm.jpg\" title=\"Skype_meeting\" alt=\"Skype_meeting\" \/>\t\t\t\t\t\t\t\t\t\t\t<\/p>\n<p>A parceria discutiu o estado atual do trabalho, al\u00e9m de partilhar uma vis\u00e3o geral das tarefas desenvolvidas at\u00e9 agora por cada um dos parceiros (IO1 a IO5, atividades de dissemina\u00e7\u00e3o, relat\u00f3rio interm\u00e9dio, etc.). Durante a reuni\u00e3o, os parceiros tiveram que decidir como lidar com a situa\u00e7\u00e3o mundial devido \u00e0 crise do Coronav\u00edrus. Foi decidido transformar o primeiro curso numa forma\u00e7\u00e3o online de 4 dias e abri-lo para um grupo mais alargado de interessados. Para mais informa\u00e7\u00f5es, consulte <a href=\"https:\/\/academiaplus.eu\/pt\/c-step-1\/\">Curso Online >><\/a><\/p>\n","protected":false},"excerpt":{"rendered":"<p>SOBRE ENQUADRAMENTO SA\u00cdDAS PARCEIROS ACADEMIA NETWORK EVENTOS Devido aos desenvolvimentos do Coronav\u00edrus, a 3\u00aa reuni\u00e3o transnacional foi organizada online nos dias 25 e 26 de mar\u00e7o A parceria discutiu o estado atual do trabalho, al\u00e9m de partilhar uma vis\u00e3o geral das tarefas desenvolvidas at\u00e9 agora por cada um dos parceiros (IO1 a IO5, atividades de dissemina\u00e7\u00e3o, relat\u00f3rio interm\u00e9dio, etc.). Durante a reuni\u00e3o, os parceiros tiveram que decidir como lidar com a situa\u00e7\u00e3o mundial devido \u00e0 crise do Coronav\u00edrus. Foi decidido transformar o primeiro curso numa forma\u00e7\u00e3o online de 4 dias e abri-lo para um grupo mais alargado de interessados. Para mais informa\u00e7\u00f5es, consulte Curso Online >><\/p>\n","protected":false},"author":1,"featured_media":0,"parent":961,"menu_order":0,"comment_status":"closed","ping_status":"closed","template":"","meta":{"footnotes":""},"class_list":["post-2332","page","type-page","status-publish","hentry"],"translation":{"provider":"WPGlobus","version":"3.0.2","language":"pt","enabled_languages":["en","de","pt","lt"],"languages":{"en":{"title":true,"content":true,"excerpt":false},"de":{"title":true,"content":true,"excerpt":false},"pt":{"title":true,"content":true,"excerpt":false},"lt":{"title":true,"content":true,"excerpt":false}}},"_links":{"self":[{"href":"https:\/\/academiaplus.eu\/pt\/wp-json\/wp\/v2\/pages\/2332","targetHints":{"allow":["GET"]}}],"collection":[{"href":"https:\/\/academiaplus.eu\/pt\/wp-json\/wp\/v2\/pages"}],"about":[{"href":"https:\/\/academiaplus.eu\/pt\/wp-json\/wp\/v2\/types\/page"}],"author":[{"embeddable":true,"href":"https:\/\/academiaplus.eu\/pt\/wp-json\/wp\/v2\/users\/1"}],"replies":[{"embeddable":true,"href":"https:\/\/academiaplus.eu\/pt\/wp-json\/wp\/v2\/comments?post=2332"}],"version-history":[{"count":81,"href":"https:\/\/academiaplus.eu\/pt\/wp-json\/wp\/v2\/pages\/2332\/revisions"}],"predecessor-version":[{"id":5376,"href":"https:\/\/academiaplus.eu\/pt\/wp-json\/wp\/v2\/pages\/2332\/revisions\/5376"}],"up":[{"embeddable":true,"href":"https:\/\/academiaplus.eu\/pt\/wp-json\/wp\/v2\/pages\/961"}],"wp:attachment":[{"href":"https:\/\/academiaplus.eu\/pt\/wp-json\/wp\/v2\/media?parent=2332"}],"curies":[{"name":"wp","href":"https:\/\/api.w.org\/{rel}","templated":true}]}}