{"id":1964,"date":"2019-10-16T14:35:48","date_gmt":"2019-10-16T14:35:48","guid":{"rendered":"https:\/\/academiaplus.eu\/?page_id=1964"},"modified":"2021-08-16T12:42:11","modified_gmt":"2021-08-16T12:42:11","slug":"2nd-transnational-partners-meeting","status":"publish","type":"page","link":"https:\/\/academiaplus.eu\/pt\/project\/events\/2nd-transnational-partners-meeting\/","title":{"rendered":"2\u00aa reuni\u00e3o transnacional de parceiros"},"content":{"rendered":"<p><a href=\"https:\/\/academiaplus.eu\/pt\/project\/\">SOBRE<\/a><\/p>\n<p><a href=\"https:\/\/academiaplus.eu\/pt\/project\/background\/\">ENQUADRAMENTO<\/a><\/p>\n<p><a href=\"https:\/\/academiaplus.eu\/pt\/outputs\/\">SA\u00cdDAS<\/a><\/p>\n<p><a href=\"https:\/\/academiaplus.eu\/pt\/project\/partners\/\">PARCEIROS<\/a><\/p>\n<p><a href=\"https:\/\/academiaplus.eu\/pt\/project\/academia-network\/\">ACADEMIA NETWORK<\/a><\/p>\n<p><a href=\"https:\/\/academiaplus.eu\/pt\/project\/events\/\">EVENTOS<\/a><\/p>\n<p><strong>2\u00aa reuni\u00e3o transnacional de parceiros, Porto (Portugal), 15 e 16 de outubro de 2019<\/strong><\/p>\n<p>\t\t\t\t\t\t\t\t\t\t<img decoding=\"async\" src=\"https:\/\/academiaplus.eu\/wp-content\/uploads\/elementor\/thumbs\/20191015_113050-ofb4qsa5pmzt9ospj3fcf35kpe05qd0jr7tb8rzm0u.jpg\" title=\"20191015_113050\" alt=\"20191015_113050\" \/>\t\t\t\t\t\t\t\t\t\t\t<\/p>\n<p>A segunda de reuni\u00e3o de parceiros decorreu no Porto, onde foi discutido o estado atual do trabalho e a vis\u00e3o geral atual das tarefas. Isto incluiu o trabalho conclu\u00eddo e planeado para cada um dos Intellectual Outputs, bem como a dissemina\u00e7\u00e3o e os relat\u00f3rios.<\/p>\n<p>Durante a reuni\u00e3o, foram tamb\u00e9m revistas e planeadas as etapas futuras a serem adotadas no \u00e2mbito do projeto e os pr\u00f3ximos trabalhos, tais como: Reuni\u00e3o da Academia Network em Mannheim (10 e 11 de dezembro de 2019), Curso 1 em Schwerin (25 a 29 de maio de 2020), pr\u00f3ximas reuni\u00f5es de parceiros, etc. Al\u00e9m disso, foram tomadas decis\u00f5es sobre comunica\u00e7\u00e3o e o site.<\/p>\n<p>\u00a0<\/p>\n<p><a href=\"https:\/\/academiaplus.eu\/wp-content\/uploads\/2019\/11\/Academia-2nd-Meeting-Porto-Agenda.pdf\">Academia+ 2nd Meeting, Porto, Agenda.pdf<\/a><\/p>\n","protected":false},"excerpt":{"rendered":"<p>SOBRE ENQUADRAMENTO SA\u00cdDAS PARCEIROS ACADEMIA NETWORK EVENTOS 2\u00aa reuni\u00e3o transnacional de parceiros, Porto (Portugal), 15 e 16 de outubro de 2019 A segunda de reuni\u00e3o de parceiros decorreu no Porto, onde foi discutido o estado atual do trabalho e a vis\u00e3o geral atual das tarefas. Isto incluiu o trabalho conclu\u00eddo e planeado para cada um dos Intellectual Outputs, bem como a dissemina\u00e7\u00e3o e os relat\u00f3rios. Durante a reuni\u00e3o, foram tamb\u00e9m revistas e planeadas as etapas futuras a serem adotadas no \u00e2mbito do projeto e os pr\u00f3ximos trabalhos, tais como: Reuni\u00e3o da Academia Network em Mannheim (10 e 11 de dezembro de 2019), Curso 1 em Schwerin (25 a 29 de&hellip; <a class=\"read-more\" href=\"https:\/\/academiaplus.eu\/pt\/project\/events\/2nd-transnational-partners-meeting\/\">Read More<\/a><\/p>\n","protected":false},"author":1,"featured_media":0,"parent":961,"menu_order":0,"comment_status":"closed","ping_status":"closed","template":"","meta":{"footnotes":""},"class_list":["post-1964","page","type-page","status-publish","hentry"],"translation":{"provider":"WPGlobus","version":"3.0.2","language":"pt","enabled_languages":["en","de","pt","lt"],"languages":{"en":{"title":true,"content":true,"excerpt":false},"de":{"title":true,"content":true,"excerpt":false},"pt":{"title":true,"content":true,"excerpt":false},"lt":{"title":true,"content":true,"excerpt":false}}},"_links":{"self":[{"href":"https:\/\/academiaplus.eu\/pt\/wp-json\/wp\/v2\/pages\/1964","targetHints":{"allow":["GET"]}}],"collection":[{"href":"https:\/\/academiaplus.eu\/pt\/wp-json\/wp\/v2\/pages"}],"about":[{"href":"https:\/\/academiaplus.eu\/pt\/wp-json\/wp\/v2\/types\/page"}],"author":[{"embeddable":true,"href":"https:\/\/academiaplus.eu\/pt\/wp-json\/wp\/v2\/users\/1"}],"replies":[{"embeddable":true,"href":"https:\/\/academiaplus.eu\/pt\/wp-json\/wp\/v2\/comments?post=1964"}],"version-history":[{"count":85,"href":"https:\/\/academiaplus.eu\/pt\/wp-json\/wp\/v2\/pages\/1964\/revisions"}],"predecessor-version":[{"id":6984,"href":"https:\/\/academiaplus.eu\/pt\/wp-json\/wp\/v2\/pages\/1964\/revisions\/6984"}],"up":[{"embeddable":true,"href":"https:\/\/academiaplus.eu\/pt\/wp-json\/wp\/v2\/pages\/961"}],"wp:attachment":[{"href":"https:\/\/academiaplus.eu\/pt\/wp-json\/wp\/v2\/media?parent=1964"}],"curies":[{"name":"wp","href":"https:\/\/api.w.org\/{rel}","templated":true}]}}