{"id":1050,"date":"2019-02-05T12:15:01","date_gmt":"2019-02-05T12:15:01","guid":{"rendered":"http:\/\/academiaplus.eu\/?page_id=1050"},"modified":"2021-08-28T17:58:56","modified_gmt":"2021-08-28T17:58:56","slug":"academia-network","status":"publish","type":"page","link":"https:\/\/academiaplus.eu\/pt\/project\/academia-network\/","title":{"rendered":"ACADEMIA NETWORK"},"content":{"rendered":"<p><a href=\"https:\/\/academiaplus.eu\/pt\/project\/\">SOBRE<\/a><\/p>\n<p><a href=\"https:\/\/academiaplus.eu\/pt\/project\/background\/\">ENQUADRAMENTO<\/a><\/p>\n<p><a href=\"https:\/\/academiaplus.eu\/pt\/outputs\/\">SA\u00cdDAS<\/a><\/p>\n<p><a href=\"https:\/\/academiaplus.eu\/pt\/project\/partners\/\">PARCEIROS<\/a><\/p>\n<p><a href=\"https:\/\/academiaplus.eu\/pt\/project\/academia-network\/\">ACADEMIA NETWORK<\/a><\/p>\n<p><a href=\"https:\/\/academiaplus.eu\/pt\/project\/events\/\">EVENTOS<\/a><\/p>\n<p>O Academia+ utilizou o potencial da Academia Network, elevando-a a um n\u00edvel superior e preparando-a para o futuro num mundo digital..<\/p>\n<p>A Academia Network \u00e9 um programa \u201cpara t\u00e9cnicos de orienta\u00e7\u00e3o de t\u00e9cnicos de orienta\u00e7\u00e3o\u201d. A rede foi criada em 1992 e financiada pelo programa Petra da Comiss\u00e3o Europeia. Por depender frequentemente de t\u00e9cnicos de orienta\u00e7\u00e3o especializados que trabalham no mundo da pr\u00e1tica e da investiga\u00e7\u00e3o, a Academia conseguiu preencher a lacuna que muitas vezes existe entre a pr\u00e1tica e a teoria.<\/p>\n<p style=\"font-weight: 400;\">Para fortalecer a dimens\u00e3o europeia das atividades de orienta\u00e7\u00e3o profissional, a Academia permite que os t\u00e9cnicos de orienta\u00e7\u00e3o participem numa semana de mobilidade profissional num dos 18 pa\u00edses parceiros. At\u00e9 o momento, um grande n\u00famero de profissionais de orienta\u00e7\u00e3o realizou um intercambio profissional noutro pa\u00eds europeu.<\/p>\n<p>At\u00e9 agora, a semana de forma\u00e7\u00e3o foi composta por palestras, job-shadowing, discuss\u00f5es em grupo e troca de experi\u00eancias.<\/p>\n<p>Informa\u00e7\u00e3o adicional sobre a Academia Network dispon\u00edvel no site da Euroguidance:<\/p>\n<ul>\n<li>Mobilidade internacional\u00a0<a style=\"background-color: #ffffff;\" href=\"https:\/\/www.euroguidance.eu\/international-mobility\">https:\/\/www.euroguidance.eu\/international-mobility<\/a><\/li>\n<li>Experi\u00eancia da mobilidade na Academia\u00a0<a style=\"background-color: #ffffff;\" href=\"https:\/\/www.euroguidance.eu\/international-mobility\/academia\">https:\/\/www.euroguidance.eu\/international-mobility\/academia<\/a><\/li>\n<li>Oportunidades de mobilidade na Academia\u00a0<a style=\"background-color: #ffffff;\" href=\"https:\/\/www.euroguidance.eu\/international-mobility\/training-opportunities\">https:\/\/www.euroguidance.eu\/international-mobility\/training-opportunities<\/a><\/li>\n<\/ul>\n","protected":false},"excerpt":{"rendered":"<p>SOBRE ENQUADRAMENTO SA\u00cdDAS PARCEIROS ACADEMIA NETWORK EVENTOS O Academia+ utilizou o potencial da Academia Network, elevando-a a um n\u00edvel superior e preparando-a para o futuro num mundo digital.. A Academia Network \u00e9 um programa \u201cpara t\u00e9cnicos de orienta\u00e7\u00e3o de t\u00e9cnicos de orienta\u00e7\u00e3o\u201d. A rede foi criada em 1992 e financiada pelo programa Petra da Comiss\u00e3o Europeia. Por depender frequentemente de t\u00e9cnicos de orienta\u00e7\u00e3o especializados que trabalham no mundo da pr\u00e1tica e da investiga\u00e7\u00e3o, a Academia conseguiu preencher a lacuna que muitas vezes existe entre a pr\u00e1tica e a teoria. Para fortalecer a dimens\u00e3o europeia das atividades de orienta\u00e7\u00e3o profissional, a Academia permite que os t\u00e9cnicos de orienta\u00e7\u00e3o participem numa semana&hellip; <a class=\"read-more\" href=\"https:\/\/academiaplus.eu\/pt\/project\/academia-network\/\">Read More<\/a><\/p>\n","protected":false},"author":1,"featured_media":0,"parent":970,"menu_order":0,"comment_status":"closed","ping_status":"closed","template":"","meta":{"footnotes":""},"class_list":["post-1050","page","type-page","status-publish","hentry"],"translation":{"provider":"WPGlobus","version":"3.0.2","language":"pt","enabled_languages":["en","de","pt","lt"],"languages":{"en":{"title":true,"content":true,"excerpt":false},"de":{"title":true,"content":true,"excerpt":false},"pt":{"title":true,"content":true,"excerpt":false},"lt":{"title":true,"content":true,"excerpt":false}}},"_links":{"self":[{"href":"https:\/\/academiaplus.eu\/pt\/wp-json\/wp\/v2\/pages\/1050","targetHints":{"allow":["GET"]}}],"collection":[{"href":"https:\/\/academiaplus.eu\/pt\/wp-json\/wp\/v2\/pages"}],"about":[{"href":"https:\/\/academiaplus.eu\/pt\/wp-json\/wp\/v2\/types\/page"}],"author":[{"embeddable":true,"href":"https:\/\/academiaplus.eu\/pt\/wp-json\/wp\/v2\/users\/1"}],"replies":[{"embeddable":true,"href":"https:\/\/academiaplus.eu\/pt\/wp-json\/wp\/v2\/comments?post=1050"}],"version-history":[{"count":99,"href":"https:\/\/academiaplus.eu\/pt\/wp-json\/wp\/v2\/pages\/1050\/revisions"}],"predecessor-version":[{"id":7128,"href":"https:\/\/academiaplus.eu\/pt\/wp-json\/wp\/v2\/pages\/1050\/revisions\/7128"}],"up":[{"embeddable":true,"href":"https:\/\/academiaplus.eu\/pt\/wp-json\/wp\/v2\/pages\/970"}],"wp:attachment":[{"href":"https:\/\/academiaplus.eu\/pt\/wp-json\/wp\/v2\/media?parent=1050"}],"curies":[{"name":"wp","href":"https:\/\/api.w.org\/{rel}","templated":true}]}}