{"id":970,"date":"2019-02-05T09:02:31","date_gmt":"2019-02-05T09:02:31","guid":{"rendered":"http:\/\/academiaplus.eu\/?page_id=970"},"modified":"2021-08-28T17:46:04","modified_gmt":"2021-08-28T17:46:04","slug":"project","status":"publish","type":"page","link":"https:\/\/academiaplus.eu\/lt\/project\/","title":{"rendered":"PROJEKTAS"},"content":{"rendered":"<p><a href=\"https:\/\/academiaplus.eu\/lt\/project\/\">APIE<\/a><\/p>\n<p><a href=\"https:\/\/academiaplus.eu\/lt\/project\/background\/\">POREIKIS<\/a><\/p>\n<p><a href=\"https:\/\/academiaplus.eu\/lt\/outputs\/\">REZULTATAI<\/a><\/p>\n<p><a href=\"https:\/\/academiaplus.eu\/lt\/project\/partners\/\">PARTNERIAI<\/a><\/p>\n<p><a href=\"https:\/\/academiaplus.eu\/lt\/project\/academia-network\/\">&#8220;ACADEMIA NETWORK&#8221;\u00a0<\/a><\/p>\n<p><a href=\"https:\/\/academiaplus.eu\/\/lt\/project\/events\/\">RENGINIAI<\/a><\/p>\n<p>Karjeros konsultant\u0173 mokymosi ir main\u0173 programa, skirta pagrindiniams Europos \u0161ali\u0173 darbo rinkos ir visuomen\u0117s i\u0161\u0161\u016bkiams spr\u0119sti<\/p>\n<p>\u0160is projektas parengtas kaip dalis Erasmus+ KA2 programos, skirtos Strateginei partnerystei auk\u0161tajame moksle<\/p>\n<p>Projekto numeris: 2018-1-DE02-KA202-005117<\/p>\n<p>Projekto laikotarpis: 01\/12\/2018 \u2013 31\/08\/2021<\/p>\n<p><b>\u00a0<\/b><\/p>\n<p><strong>\u201eAcademia+\u201c projektas apjungia dvi perspektyvas:\u00a0<\/strong><\/p>\n<ul>\n<li>remti ir stiprinti karjeros konsultant\u0173 mainus ir tarptautin\u012f j\u0173 apmokym\u0105 Europoje<\/li>\n<li>sutelkti d\u0117mes\u012f \u012f mokymo program\u0173 rengim\u0105, skirt\u0105 aktualiems darbo rinkos ir karjeros konsultavimo i\u0161\u0161\u016bkiams spr\u0119sti.<\/li>\n<\/ul>\n<p>Projekto \u201eAcademia+\u201c veiklos bei rezultatai prisideda prie sklandesnio darbo rinkos dalyvi\u0173\u00a0 pereinamojo laikotarpio i\u0161 mokymosi etapo \u012f darbo rink\u0105, kei\u010diant darbo pozicijas, vietas ir \u0161alis.<\/p>\n<p>\u201eAcademia+\u201c projekte sudarytos galimyb\u0117s tarp skirting\u0173 \u0161ali\u0173 pasidalinti ger\u0105ja patirtimi apie konsultavimo ir karjeros orientavimo metodus, susijusius su socialiniais, ekonominiais ir politiniais klausimais.<\/p>\n<p><a href=\"https:\/\/academiaplus.eu\/lt\/c-step\/\">Projekto \u201eAcademia+\u201c \u012fgyvendinimo metu vystomi trys intelektualiniai produktai &#8211; trys vienos savait\u0117s karjeros konsultant\u0173 mokymosi ir main\u0173 programos (IO1, IO2, IO3 C-STEP) &gt;&gt;<\/a><\/p>\n<p>Projektas \u201eAcademia+\u201c skirtas \u201eEuropa 2020\u201c tikslo \u012fgyvendinimui, t.y. \u012f darbo rink\u0105 \u012ftraukti 75 proc. 20\u201364 met\u0173 am\u017eiaus \u017emoni\u0173. Vidutinis u\u017eimtumo lygis 2016 m. 28 Europos S\u0105jungos \u0161alyse siek\u0117 71,1 %.<\/p>\n<p>Vidutinis u\u017eimtumo lygis skiriasi kiekvienoje \u0161alyje. Projektas padeda geriau i\u0161naudoti galimybes \u012fvairiose \u0161alyse ir prapl\u0117sti tarptautin\u012f koordinuojam\u0105 bendradarbiavim\u0105, suteikiant reikiamas priemones, param\u0105 ir i\u0161teklius, kurie pertreikia specialist\u0173 judumo vert\u0119 ir tarptautinio mokymosi naud\u0105.<\/p>\n<p>Projektu \u201eAcademia+\u201c\u00a0 u\u017etikrinama kokybi\u0161kesni\u0173 paslaug\u0173 suteikimas ir \u012fg\u016bd\u017ei\u0173 bei kvalifikacijos koordinavimas, sutelkiant d\u0117mes\u012f \u012f mokymo program\u0173 pl\u0117tojim\u0105, kuriomis sprend\u017eiami aktual\u016bs darbo rinkos ir karjeros konsultavimo klausimai ir esminiai u\u017edaviniai.<\/p>\n<p>Pagal svarbum\u0105 dabartin\u0117je darbo rinkoje buvo pasirinktos trys temos karjeros konsultant\u0173 mokymosi ir main\u0173 programoms (C-STEPs):<\/p>\n<ul>\n<li>Migrant\u0173 ir pab\u0117g\u0117li\u0173 konsultavimas karjeros klausimais<\/li>\n<li>B\u016bsimos darbo vietos ateityje<\/li>\n<li>Demografiniai poky\u010diai<\/li>\n<\/ul>\n<p>\t\t\t\t\t\t\t\t\t\t\t\t\t<a href=\"https:\/\/academiaplus.eu\/wp-content\/uploads\/2019\/08\/ACADEMIAPLUS_POSTER_1.jpg\" data-elementor-open-lightbox=\"yes\" data-elementor-lightbox-title=\"ACADEMIAPLUS_POSTER_1\"><br \/>\n\t\t\t\t\t\t\t<img loading=\"lazy\" decoding=\"async\" width=\"1024\" height=\"770\" src=\"https:\/\/academiaplus.eu\/wp-content\/uploads\/2019\/08\/ACADEMIAPLUS_POSTER_1-1024x770.jpg\" alt=\"\" loading=\"lazy\" srcset=\"https:\/\/academiaplus.eu\/wp-content\/uploads\/2019\/08\/ACADEMIAPLUS_POSTER_1-1024x770.jpg 1024w, https:\/\/academiaplus.eu\/wp-content\/uploads\/2019\/08\/ACADEMIAPLUS_POSTER_1-300x225.jpg 300w, https:\/\/academiaplus.eu\/wp-content\/uploads\/2019\/08\/ACADEMIAPLUS_POSTER_1-768x577.jpg 768w\" sizes=\"auto, (max-width: 1024px) 100vw, 1024px\" \/>\t\t\t\t\t\t\t\t<\/a><br \/>\n\t\t\tPROJEKTO  SKRAJUT\u0116<br \/>\n\t\t\t<a href=\"https:\/\/academiaplus.eu\/wp-content\/uploads\/2019\/12\/BROCHUR-1.pdf\" role=\"button\"><br \/>\n\t\t\t\t\t\tParsisi\u0173sti lankstinuk\u0105<br \/>\n\t\t\t\t\t<\/a><br \/>\n\t\t\tPROJEKTO PLAKATAS<br \/>\n\t\t\t<a href=\"https:\/\/academiaplus.eu\/wp-content\/uploads\/2019\/12\/ACADEMIAPLUS_POSTER.pdf\" role=\"button\"><br \/>\n\t\t\t\t\t\tParsisi\u0173sti plakat\u0105<br \/>\n\t\t\t\t\t<\/a><\/p>\n","protected":false},"excerpt":{"rendered":"<p>APIE POREIKIS REZULTATAI PARTNERIAI &#8220;ACADEMIA NETWORK&#8221;\u00a0 RENGINIAI Karjeros konsultant\u0173 mokymosi ir main\u0173 programa, skirta pagrindiniams Europos \u0161ali\u0173 darbo rinkos ir visuomen\u0117s i\u0161\u0161\u016bkiams spr\u0119sti \u0160is projektas parengtas kaip dalis Erasmus+ KA2 programos, skirtos Strateginei partnerystei auk\u0161tajame moksle Projekto numeris: 2018-1-DE02-KA202-005117 Projekto laikotarpis: 01\/12\/2018 \u2013 31\/08\/2021 \u00a0 \u201eAcademia+\u201c projektas apjungia dvi perspektyvas:\u00a0 remti ir stiprinti karjeros konsultant\u0173 mainus ir tarptautin\u012f j\u0173 apmokym\u0105 Europoje sutelkti d\u0117mes\u012f \u012f mokymo program\u0173 rengim\u0105, skirt\u0105 aktualiems darbo rinkos ir karjeros konsultavimo i\u0161\u0161\u016bkiams spr\u0119sti. Projekto \u201eAcademia+\u201c veiklos bei rezultatai prisideda prie sklandesnio darbo rinkos dalyvi\u0173\u00a0 pereinamojo laikotarpio i\u0161 mokymosi etapo \u012f darbo rink\u0105, kei\u010diant darbo pozicijas, vietas ir \u0161alis. \u201eAcademia+\u201c projekte sudarytos galimyb\u0117s tarp skirting\u0173 \u0161ali\u0173 pasidalinti ger\u0105ja&hellip; <a class=\"read-more\" href=\"https:\/\/academiaplus.eu\/lt\/project\/\">Read More<\/a><\/p>\n","protected":false},"author":1,"featured_media":0,"parent":0,"menu_order":0,"comment_status":"closed","ping_status":"closed","template":"","meta":{"footnotes":""},"class_list":["post-970","page","type-page","status-publish","hentry"],"translation":{"provider":"WPGlobus","version":"3.0.2","language":"lt","enabled_languages":["en","de","pt","lt"],"languages":{"en":{"title":true,"content":true,"excerpt":false},"de":{"title":true,"content":true,"excerpt":false},"pt":{"title":true,"content":true,"excerpt":false},"lt":{"title":true,"content":true,"excerpt":false}}},"_links":{"self":[{"href":"https:\/\/academiaplus.eu\/lt\/wp-json\/wp\/v2\/pages\/970","targetHints":{"allow":["GET"]}}],"collection":[{"href":"https:\/\/academiaplus.eu\/lt\/wp-json\/wp\/v2\/pages"}],"about":[{"href":"https:\/\/academiaplus.eu\/lt\/wp-json\/wp\/v2\/types\/page"}],"author":[{"embeddable":true,"href":"https:\/\/academiaplus.eu\/lt\/wp-json\/wp\/v2\/users\/1"}],"replies":[{"embeddable":true,"href":"https:\/\/academiaplus.eu\/lt\/wp-json\/wp\/v2\/comments?post=970"}],"version-history":[{"count":421,"href":"https:\/\/academiaplus.eu\/lt\/wp-json\/wp\/v2\/pages\/970\/revisions"}],"predecessor-version":[{"id":7116,"href":"https:\/\/academiaplus.eu\/lt\/wp-json\/wp\/v2\/pages\/970\/revisions\/7116"}],"wp:attachment":[{"href":"https:\/\/academiaplus.eu\/lt\/wp-json\/wp\/v2\/media?parent=970"}],"curies":[{"name":"wp","href":"https:\/\/api.w.org\/{rel}","templated":true}]}}