{"id":961,"date":"2019-02-05T08:50:21","date_gmt":"2019-02-05T08:50:21","guid":{"rendered":"http:\/\/academiaplus.eu\/?page_id=961"},"modified":"2021-08-16T12:52:52","modified_gmt":"2021-08-16T12:52:52","slug":"events","status":"publish","type":"page","link":"https:\/\/academiaplus.eu\/lt\/project\/events\/","title":{"rendered":"RENGINIAI"},"content":{"rendered":"<p><a href=\"https:\/\/academiaplus.eu\/lt\/project\/\">APIE<\/a><\/p>\n<p><a href=\"https:\/\/academiaplus.eu\/lt\/project\/background\/\">POREIKIS<\/a><\/p>\n<p><a href=\"https:\/\/academiaplus.eu\/lt\/outputs\/\">REZULTATAI<\/a><\/p>\n<p><a href=\"https:\/\/academiaplus.eu\/lt\/project\/partners\/\">PARTNERIAI<\/a><\/p>\n<p><a href=\"https:\/\/academiaplus.eu\/lt\/project\/academia-network\/\">&#8220;ACADEMIA NETWORK&#8221;\u00a0<\/a><\/p>\n<p><a href=\"https:\/\/academiaplus.eu\/\/lt\/project\/events\/\">RENGINIAI<\/a><\/p>\n<p>\t\t\tTARPTAUTINIAI SUSITIKIMAI\t\t<\/p>\n<p>\u0160e\u0161i projekto partneri\u0173 susitikimai. Remiantis ankstesni\u0173 projekt\u0173 patirtimi, svarbu pabr\u0117\u017eti, kad pagrindiniai kiekvienos partneri\u0173 komandos nariai tur\u0117t\u0173 dalyvauti susitikimuose, kadangi susitikus vyksta svarbios diskusijos ir priimami projekto \u012fgyvendinimo sprendimai.<\/p>\n<p>Partneri\u0173 susitikimai vyks \u0161iose vietose (susitikim\u0173 eil\u0117s tvarka bus aptarta partneri\u0173 susitikimuose ir gali b\u016bti pakeista):<\/p>\n<p><a href=\"https:\/\/academiaplus.eu\/lt\/project\/events\/kick-off-meeting\/\">1-asis susitikimas, \u0160verinas (Vokietija), 2019 m. kovo 27-28 d.\u00a0 &gt;&gt;<\/a><\/p>\n<p>\t\t\t\t\t\t\t\t\t\t<img decoding=\"async\" src=\"https:\/\/academiaplus.eu\/wp-content\/uploads\/elementor\/thumbs\/Scwerin-o6li0mkp0i1l4kass2xxdf72a6lbleyyvtmtjacsj4.jpg\" title=\"cof\" alt=\"cof\" \/>\t\t\t\t\t\t\t\t\t\t\t<\/p>\n<p><a href=\"https:\/\/academiaplus.eu\/lt\/project\/events\/2nd-transnational-partners-meeting\/\">2-asis tarptautinis partneri\u0173 susitikimas, Porto (Portugalija), 2019 m. spalio 15-16 d. &gt;&gt;<\/a><\/p>\n<p>\t\t\t\t\t\t\t\t\t\t<img decoding=\"async\" src=\"https:\/\/academiaplus.eu\/wp-content\/uploads\/elementor\/thumbs\/architecture-buildings-cable-car-1534560_011-o4m422b7kr3tqcoa7f9er5qbeet8zgou3gbfb8jtrk.jpg\" title=\"architecture-buildings-cable-car-1534560_011\" alt=\"architecture-buildings-cable-car-1534560_011\" \/>\t\t\t\t\t\t\t\t\t\t\t<\/p>\n<p><a href=\"https:\/\/academiaplus.eu\/lt\/project\/events\/3nd-transnational-partners-meeting\/\">3-asis tarptautinis partneri\u0173 virtualus susitikimas, 2020 m. kovo 25-26 d. &gt;&gt;<\/a><\/p>\n<p>\t\t\t\t\t\t\t\t\t\t<img loading=\"lazy\" decoding=\"async\" width=\"800\" height=\"420\" src=\"https:\/\/academiaplus.eu\/wp-content\/uploads\/2020\/04\/Skype_meeting.jpg\" alt=\"\" loading=\"lazy\" srcset=\"https:\/\/academiaplus.eu\/wp-content\/uploads\/2020\/04\/Skype_meeting.jpg 800w, https:\/\/academiaplus.eu\/wp-content\/uploads\/2020\/04\/Skype_meeting-300x158.jpg 300w, https:\/\/academiaplus.eu\/wp-content\/uploads\/2020\/04\/Skype_meeting-768x403.jpg 768w\" sizes=\"auto, (max-width: 800px) 100vw, 800px\" \/>\t\t\t\t\t\t\t\t\t\t\t<\/p>\n<p><a href=\"https:\/\/academiaplus.eu\/lt\/4th-transnational-partners-meeting\/\">4-asis tarptautinis partneri\u0173 virtualus susitikimas, 2020 m. lapkri\u010dio 9-10 d. &gt;&gt;<\/a><\/p>\n<p>\t\t\t\t\t\t\t\t\t\t<img decoding=\"async\" src=\"https:\/\/academiaplus.eu\/wp-content\/uploads\/elementor\/thumbs\/academiaplus_4th_online_meeting-oylagentfupbpxb1ro28n7914sqk3dom1q67yz4fao.jpg\" title=\"academiaplus_4th_online_meeting\" alt=\"academiaplus_4th_online_meeting\" \/>\t\t\t\t\t\t\t\t\t\t\t<\/p>\n<p>Kaunas, Lithuania<\/p>\n<p>\t\t\t\t\t\t\t\t\t\t<img decoding=\"async\" src=\"https:\/\/academiaplus.eu\/wp-content\/uploads\/elementor\/thumbs\/lithuania-966145_1920_14-o4m3wjz9ipkbomoddjj4n1s223ysvbth06nz1upw8g.jpg\" title=\"lithuania-966145_1920_14\" alt=\"lithuania-966145_1920_14\" \/>\t\t\t\t\t\t\t\t\t\t\t<\/p>\n<p>Mannheim, Germany<\/p>\n<p>\t\t\t\t\t\t\t\t\t\t<img decoding=\"async\" src=\"https:\/\/academiaplus.eu\/wp-content\/uploads\/elementor\/thumbs\/Canva-Mannheim-o6li38kjzxm9dki9j7kmarh5opq0z5c4kqvdiyhf8w.jpg\" title=\"Canva &#8211; Mannheim\" alt=\"Canva - Mannheim\" \/><br \/>\n\t\t\tINTERNETINIAI MOKYMAI\t\t<\/p>\n<p>D\u0117l COVID-19 kriz\u0117s pirmieji <strong>karjeros konsultant\u0173 mokymai ir mainai (C-STEP 1) tur\u0117j\u0119 vykti gyvai buvo perkelti \u012f virtuali\u0105 erdv\u0119<\/strong>. Mokymai ir visa med\u017eiaga buvo pateikta angl\u0173 kalba. \u0160ie internetiniai mokymai \u2013 tai \u012fvairi\u0173 didaktini\u0173 priemoni\u0173 ir metod\u0173 derinys. Internetiniai mokymai buvo prad\u0117ti valandos trukm\u0117s paskaita, kurios metu buvo aptarti dalyvi\u0173 klausimai, dalyviai suskirstyti \u012f ma\u017eesnes grupes (vadovaujamas skirting\u0173 nacionalini\u0173 partneri\u0173), dalyviams buvo suteikta galimyb\u0117 aptarti numatytus aspektus ir paruo\u0161ti apibendrint\u0105 informacij\u0105 didesnei grupei, visiems mokym\u0173 dalyviams. Internetini\u0173 mokym\u0173 dalys buvo \u012fra\u0161ytos ir \u012fkeltos kartu su mokym\u0173 metu pristatoma med\u017eiaga (t.y. pristatymai, literat\u016bros \u0161altiniai ir ataskaitos) \u012f internetin\u0119 mokymosi aplink\u0105 Moodle.<\/p>\n<p><a href=\"https:\/\/academiaplus.eu\/lt\/c-step-1\/\">Daugiau informacijos &gt;&gt;<\/a><\/p>\n<p>\t\t\tBAIGIAMASIS PROJEKTO VIE\u0160INIMO RENGINYS\t\t<\/p>\n<p>Paskutiniame projekto etape partneriai organizuos tarptautin\u0119 konferencij\u0105, kuri vyks HdBA universiteto miestelyje Manheime. Kadangi \u201eAcademia+\u201d projekte ypatingas d\u0117mesys yra skiriamas tarptauti\u0161kumui, t.y. karjeros orientavimo specialist\u0173 apmokymui, gerosios patirties ir s\u0117kming\u0173 pavyzd\u017ei\u0173 pasis\u0117mimui i\u0161 kit\u0173 \u0161ali\u0173, bus surengta viena tarptautin\u0117 baigiamoji projekto konferencija (vietoje nacionalini\u0173 rengini\u0173 partneri\u0173 \u0161alyse, kurie daugiausiai b\u016bna skirti tik nacionalinei auditorijai).\u00a0<\/p>\n<p>Baigiamoji konferencija suburs platesn\u012f \u201eAcademia Network\u201d tinklo bendruomen\u0117s nari\u0173 rat\u0105 ir \u012fvairi\u0173 sektori\u0173 rinkos atstovus, kurie bus informuoti apie \u201eAcademia+\u201d projekt\u0105 ir jo rezultatus. Konferencijos metu bus perteikta naujausia informacija apie tris pagrindines projekte analizuojamas temas, o taip pat suteikta galimyb\u0117 konferencijos dalyviams mokytis vieniems i\u0161 kit\u0173, dalytis nuomone, patirtimi, kit\u0173 \u0161ali\u0173 taikoma praktika. Baigiamosios konferencijos tikslin\u0117 auditorija:<\/p>\n<ul>\n<li>Karjeros orientavimo specialistai i\u0161 visos Europos<\/li>\n<li>Valstybini\u0173 u\u017eimtumo tarnyb\u0173 vadovai, koordinatoriai<\/li>\n<li>Politikos atstovai, turintys \u012ftakos nacionaliniu mastu priimamiems sprendimams<\/li>\n<li>Profesini\u0173 mokykl\u0173 atstovai<\/li>\n<li>\u012emoni\u0173 atstovai<\/li>\n<li>Auk\u0161tojo mokslo ir mokslini\u0173 tyrim\u0173 atstovai<\/li>\n<li>Socialini\u0173 partneri\u0173 atstovai<\/li>\n<li>Pramon\u0117s r\u016bm\u0173 atstovai<\/li>\n<li>Pab\u0117g\u0117li\u0173 ir migrant\u0173 asociacij\u0173 atstovai<\/li>\n<li>U\u017e \u201cErasmus+\u201d programos strategines partnerystes atsaking\u0173 nacionalini\u0173 agent\u016br\u0173 atstovai<\/li>\n<\/ul>\n<p>\t\t\tPROJEKTO SKLAIDOS ATASKAITA\t\t<\/p>\n<p><a href=\"https:\/\/docs.google.com\/spreadsheets\/d\/1X7xmKXO6apgx3vuCw2FQw1pSOT23OLrluafVUcLBpgE\/edit#gid=1434563993\" target=\"_blank\" rel=\"noopener\">Sklaidos rengini\u0173 duomenys &gt;&gt;<\/a><\/p>\n<p><a href=\"https:\/\/docs.google.com\/spreadsheets\/d\/1X7xmKXO6apgx3vuCw2FQw1pSOT23OLrluafVUcLBpgE\/edit#gid=789738297\" target=\"_blank\" rel=\"noopener\">Sklaidos rengini\u0173 suvestin\u0117 &gt;&gt;<\/a><\/p>\n<p>\t\t\tPROJEKTO LANKSTINUKAS<br \/>\n\t\t\t<a href=\"https:\/\/academiaplus.eu\/wp-content\/uploads\/2019\/12\/BROCHUR-1.pdf\" role=\"button\"><br \/>\n\t\t\t\t\t\tParsisi\u0173sti lankstinuk\u0105<br \/>\n\t\t\t\t\t<\/a><br \/>\n\t\t\tPROJEKTO PLAKATAS<br \/>\n\t\t\t<a href=\"https:\/\/academiaplus.eu\/wp-content\/uploads\/2019\/12\/ACADEMIAPLUS_POSTER.pdf\" role=\"button\"><br \/>\n\t\t\t\t\t\tParsisi\u0173sti plakat\u0105<br \/>\n\t\t\t\t\t<\/a><\/p>\n","protected":false},"excerpt":{"rendered":"<p>APIE POREIKIS REZULTATAI PARTNERIAI &#8220;ACADEMIA NETWORK&#8221;\u00a0 RENGINIAI TARPTAUTINIAI SUSITIKIMAI \u0160e\u0161i projekto partneri\u0173 susitikimai. Remiantis ankstesni\u0173 projekt\u0173 patirtimi, svarbu pabr\u0117\u017eti, kad pagrindiniai kiekvienos partneri\u0173 komandos nariai tur\u0117t\u0173 dalyvauti susitikimuose, kadangi susitikus vyksta svarbios diskusijos ir priimami projekto \u012fgyvendinimo sprendimai. Partneri\u0173 susitikimai vyks \u0161iose vietose (susitikim\u0173 eil\u0117s tvarka bus aptarta partneri\u0173 susitikimuose ir gali b\u016bti pakeista): 1-asis susitikimas, \u0160verinas (Vokietija), 2019 m. kovo 27-28 d.\u00a0 &gt;&gt; 2-asis tarptautinis partneri\u0173 susitikimas, Porto (Portugalija), 2019 m. spalio 15-16 d. &gt;&gt; 3-asis tarptautinis partneri\u0173 virtualus susitikimas, 2020 m. kovo 25-26 d. &gt;&gt; 4-asis tarptautinis partneri\u0173 virtualus susitikimas, 2020 m. lapkri\u010dio 9-10 d. &gt;&gt; Kaunas, Lithuania Mannheim, Germany INTERNETINIAI MOKYMAI D\u0117l COVID-19 kriz\u0117s pirmieji karjeros konsultant\u0173&hellip; <a class=\"read-more\" href=\"https:\/\/academiaplus.eu\/lt\/project\/events\/\">Read More<\/a><\/p>\n","protected":false},"author":1,"featured_media":0,"parent":970,"menu_order":0,"comment_status":"closed","ping_status":"closed","template":"","meta":{"footnotes":""},"class_list":["post-961","page","type-page","status-publish","hentry"],"translation":{"provider":"WPGlobus","version":"3.0.2","language":"lt","enabled_languages":["en","de","pt","lt"],"languages":{"en":{"title":true,"content":true,"excerpt":false},"de":{"title":true,"content":true,"excerpt":false},"pt":{"title":true,"content":true,"excerpt":false},"lt":{"title":true,"content":true,"excerpt":false}}},"_links":{"self":[{"href":"https:\/\/academiaplus.eu\/lt\/wp-json\/wp\/v2\/pages\/961","targetHints":{"allow":["GET"]}}],"collection":[{"href":"https:\/\/academiaplus.eu\/lt\/wp-json\/wp\/v2\/pages"}],"about":[{"href":"https:\/\/academiaplus.eu\/lt\/wp-json\/wp\/v2\/types\/page"}],"author":[{"embeddable":true,"href":"https:\/\/academiaplus.eu\/lt\/wp-json\/wp\/v2\/users\/1"}],"replies":[{"embeddable":true,"href":"https:\/\/academiaplus.eu\/lt\/wp-json\/wp\/v2\/comments?post=961"}],"version-history":[{"count":476,"href":"https:\/\/academiaplus.eu\/lt\/wp-json\/wp\/v2\/pages\/961\/revisions"}],"predecessor-version":[{"id":7000,"href":"https:\/\/academiaplus.eu\/lt\/wp-json\/wp\/v2\/pages\/961\/revisions\/7000"}],"up":[{"embeddable":true,"href":"https:\/\/academiaplus.eu\/lt\/wp-json\/wp\/v2\/pages\/970"}],"wp:attachment":[{"href":"https:\/\/academiaplus.eu\/lt\/wp-json\/wp\/v2\/media?parent=961"}],"curies":[{"name":"wp","href":"https:\/\/api.w.org\/{rel}","templated":true}]}}