{"id":58,"date":"2019-01-31T13:45:30","date_gmt":"2019-01-31T13:45:30","guid":{"rendered":"http:\/\/academiaplus.eu\/?page_id=58"},"modified":"2021-08-13T11:28:54","modified_gmt":"2021-08-13T11:28:54","slug":"lectures","status":"publish","type":"page","link":"https:\/\/academiaplus.eu\/lt\/lectures\/","title":{"rendered":"D\u0117stytojai, lektoriai"},"content":{"rendered":"<p>\u0160iame esminiame Europos S\u0105jungos darbo rink\u0173 pl\u0117tros etape \u201eAcademia+\u201c projektu suteikiama galimyb\u0117 specialistams dalyvauti <strong>moksliniais tyrimais gr\u012fstose mokymosi ir main\u0173 programose (trys C-STEP programos)<\/strong>, kuriose derinama teorija, moksliniai tyrimai, praktika ir mobilumas. \u0160ios programos bus kuriamos taikant Europos mastu taikomas praktikas ir standartus, sprend\u017eiant <strong>pab\u0117g\u0117li\u0173 kriz\u0117s, demografini\u0173 poky\u010di\u0173 ir skaitmenizavimo \/ ateities darbo viet\u0173 i\u0161\u0161\u016bkius<\/strong>.<\/p>\n<p>\u201eAcademia+\u201c projekte siekiama parengti ir i\u0161bandyti tris moksliniais tyrimais paremtas mokymosi ir main\u0173 programas (C-STEPs), skirtas karjeros orientavimo specialistams i\u0161 visos Europos. \u201eAcademia+\u201c projekto metu suteikiama galimyb\u0117 karjeros orientavimo specialistams dalyvauti kasmetin\u0117se vienos savait\u0117s C-STEP mokym\u0173 ir main\u0173 programose kiekvienoje i\u0161 partneri\u0173 \u0161ali\u0173. Kiekviena i\u0161 C-STEP mokym\u0173 ir main\u0173 program\u0173 sujungia teorij\u0105, tyrimus ir praktik\u0105. C-STEP pateikiama ne tik aktualiausia informacija, bet daug d\u0117mesio skiriama ir kad mokym\u0173 ir main\u0173 dalyviai giliau suprast\u0173 priiman\u010di\u0173 \u0161ali\u0173 bendr\u0105 po\u017ei\u016br\u012f \u012f darbo rinkos i\u0161\u0161\u016bkius ir taikomos metodus per mokomuosius vizitus \u012f \u012fdarbinimo agent\u016bras, profesinio rengimo institucijas, \u012fmones, pramon\u0117s r\u016bmus ir pan. Mokym\u0173 ir main\u0173 programos apima reali\u0173 darbo rink\u0173 atstov\u0173 \u012fsitraukim\u0105 (paskaitos, praktiniai u\u017esi\u0117mimai ir pan.) ir (arba) \u012ftraukian\u010di\u0105 dalyvi\u0173 patirt\u012f, kai jie vykdo veiklas su tiksline \u017emoni\u0173 grupe ir kartu mokosi bei konsultuoja karjeros orientavimo klausimais.<\/p>\n<p>Projekte fokusuojamasi \u012f \u0161ali\u0173 patirties pasikeitim\u0105 karjeros konsultavimo ir orientavimo klausimais, susijusiais su konkre\u010diais socialiniais, ekonominiais ir politiniais aspektais kiekvienoje Europos \u0161alyje. Karjeros konsultant\u0173 mokymosi ir main\u0173 program\u0173 temos buvo pasirinktos atsi\u017evelgiant \u012f j\u0173 svarb\u0105 dabartinei darbo rinkai: migrant\u0173 ir pab\u0117g\u0117li\u0173 konsultavimas, ateities darbo pozicijos ir demografiniai poky\u010diai. Taigi, \u201eAcademia+\u201c projekte bus sukurti \u0161ie intelektiniai produktai:<\/p>\n<p><strong>Trys vienos savait\u0117s trukm\u0117s karjeros konsultant\u0173 mokymosi ir main\u0173 programos (IO1, IO2, IO3 C-STEP):<\/strong><\/p>\n<p>\u00a0<\/p>\n<p>O1 C-STEP 1 \u201eMigrant\u0173 ir pab\u0117g\u0117li\u0173 konsultavimas\u201c \u2013 didaktin\u0117s gair\u0117s, strukt\u016bra ir mokym\u0173 i\u0161tekliai. Rengiant pirm\u0105j\u012f intelektin\u012f produkt\u0105 (IO1) bus sukurtos didaktin\u0117s gair\u0117s, parengta med\u017eiaga mokym\u0173 savaitei (\u012fskaitant mokymo strukt\u016br\u0105, turin\u012f ir metodus) ir pateikti C-STEP 1 mokym\u0173 \u0161altiniai, susij\u0119 su tema \u201eMigrant\u0173 ir pab\u0117g\u0117li\u0173 konsultavimas\u201c.<\/p>\n<p>O2 C-STEP 2 \u201eAteities darbo vietos\u201c \u2013 didaktin\u0117s gair\u0117s, strukt\u016bra ir mokym\u0173 i\u0161tekliai. Kuriant antr\u0105j\u012f intelektin\u012f produkt\u0105 (IO2) bus taip pat parengtos didaktin\u0117s gair\u0117s, pl\u0117tojama med\u017eiaga mokym\u0173 savaitei (\u012fskaitant mokymo strukt\u016br\u0105, turin\u012f ir metodus) ir surinkti C-STEP 2 mokym\u0173 \u0161altiniai, susij\u0119 su tema \u201eAteities darbo vietos\u201c.\u00a0\u00a0\u00a0<\/p>\n<p>O3 C-STEP 3 \u201eDemografiniai poky\u010diai\u201c \u2013 didaktin\u0117s gair\u0117s, strukt\u016bra ir mokym\u0173 i\u0161tekliai. Atitinkamai tre\u010diajam intelektiniam produktui (IO3) bus sukurtos didaktin\u0117s gair\u0117s, med\u017eiaga mokym\u0173 savaitei (\u012fskaitant mokymo strukt\u016br\u0105, turin\u012f ir metodus) ir C-STEP 3 mokym\u0173 \u0161altiniai, susij\u0119 su tema \u201eDemografiniai poky\u010diai\u201c.<\/p>\n<p>O4 Visuomen\u0117s informavimo priemoni\u0173 centras (angl. Media Center) ir mokymosi aplinka &#8211; papildomas turinys, med\u017eiaga ir i\u0161tekliai. \u0160iame centre ir mokymosi aplinkoje bus pateikta vis\u0173 parengt\u0173 C-STEPs mokym\u0173 turinys, med\u017eiaga ir \u0161altiniai. \u0160i papildoma med\u017eiaga bus pagr\u012fsta literat\u016bros ap\u017evalgomis ir i\u0161tekliais, pl\u0117tojamais intelektiniuose produktuose IO2 ir IO3.<\/p>\n<p>O5 Internetin\u0117 svetain\u0117 mokym\u0173 dalyviams, karjeros konsultantams ir karjeros orientavimo specialistams, lektoriams ir d\u0117stytojams. Projekto internetin\u0117 svetain\u0117 veiks kaip visuomen\u0117s informavimo priemoni\u0173 centro (IO4) vartai ir s\u0105saja su skaitytoju. IO4 bus kuriamas, i\u0161bandomas ir \u012fgyvendinamas rengiant svetain\u0119. \u0160ioje internetin\u0117je svetain\u0117je pagrindin\u0117s projekto tikslin\u0117s grup\u0117s gal\u0117s pasiekti projekto rezultatus ir j\u0173 atskiras dalis.<\/p>\n<p>Mokym\u0173 dalis pristatys profesinio orientavimo ir konsultavimo bei atitinkamomis temomis dirbantys specialistai.<\/p>\n<p>\u00a0<\/p>\n<p>3 \u017eingsniai, norint pasiekti C-STEPs mokym\u0173 med\u017eiag\u0105 (mokymosi aplink\u0105):<\/p>\n<ol>\n<li>Nueikite adresu<\/li>\n<\/ol>\n<p><em><a href=\"http:\/\/www.academiaplus.eu\/moodle\/\">www.academiaplus.eu\/moodle\/<\/a><\/em><\/p>\n<p>\u00a0<\/p>\n<p>2. \u017demiau pasirinkite norim\u0105 kurs\u0105<\/p>\n<p>\t\t\t\t\t\t\t\t\t\t\t\t<img loading=\"lazy\" decoding=\"async\" width=\"768\" height=\"187\" src=\"https:\/\/academiaplus.eu\/wp-content\/uploads\/2021\/06\/courses-768x187.jpg\" alt=\"\" loading=\"lazy\" srcset=\"https:\/\/academiaplus.eu\/wp-content\/uploads\/2021\/06\/courses-768x187.jpg 768w, https:\/\/academiaplus.eu\/wp-content\/uploads\/2021\/06\/courses-300x73.jpg 300w, https:\/\/academiaplus.eu\/wp-content\/uploads\/2021\/06\/courses-1024x249.jpg 1024w, https:\/\/academiaplus.eu\/wp-content\/uploads\/2021\/06\/courses.jpg 1446w\" sizes=\"auto, (max-width: 768px) 100vw, 768px\" \/>\t\t\t\t\t\t\t\t\t\t\t\t\t\t<\/p>\n<p>3. Atvira prieiga paspaudus &#8220;Login as a guest&#8221;<\/p>\n<p>\t\t\t\t\t\t\t\t\t\t\t\t\t<a href=\"http:\/\/www.academiaplus.eu\/moodle\/\"><br \/>\n\t\t\t\t\t\t\t<img decoding=\"async\" src=\"https:\/\/academiaplus.eu\/wp-content\/uploads\/elementor\/thumbs\/login-p9drxq4s0b8cli9tfvbuwya8eplwxnouemmmstd6a8.jpg\" title=\"login\" alt=\"login\" \/>\t\t\t\t\t\t\t\t<\/a><\/p>\n","protected":false},"excerpt":{"rendered":"<p>\u0160iame esminiame Europos S\u0105jungos darbo rink\u0173 pl\u0117tros etape \u201eAcademia+\u201c projektu suteikiama galimyb\u0117 specialistams dalyvauti moksliniais tyrimais gr\u012fstose mokymosi ir main\u0173 programose (trys C-STEP programos), kuriose derinama teorija, moksliniai tyrimai, praktika ir mobilumas. \u0160ios programos bus kuriamos taikant Europos mastu taikomas praktikas ir standartus, sprend\u017eiant pab\u0117g\u0117li\u0173 kriz\u0117s, demografini\u0173 poky\u010di\u0173 ir skaitmenizavimo \/ ateities darbo viet\u0173 i\u0161\u0161\u016bkius. \u201eAcademia+\u201c projekte siekiama parengti ir i\u0161bandyti tris moksliniais tyrimais paremtas mokymosi ir main\u0173 programas (C-STEPs), skirtas karjeros orientavimo specialistams i\u0161 visos Europos. \u201eAcademia+\u201c projekto metu suteikiama galimyb\u0117 karjeros orientavimo specialistams dalyvauti kasmetin\u0117se vienos savait\u0117s C-STEP mokym\u0173 ir main\u0173 programose kiekvienoje i\u0161 partneri\u0173 \u0161ali\u0173. Kiekviena i\u0161 C-STEP mokym\u0173 ir main\u0173 program\u0173 sujungia teorij\u0105, tyrimus ir praktik\u0105.&hellip; <a class=\"read-more\" href=\"https:\/\/academiaplus.eu\/lt\/lectures\/\">Read More<\/a><\/p>\n","protected":false},"author":1,"featured_media":0,"parent":0,"menu_order":0,"comment_status":"closed","ping_status":"closed","template":"","meta":{"footnotes":""},"class_list":["post-58","page","type-page","status-publish","hentry"],"translation":{"provider":"WPGlobus","version":"3.0.2","language":"lt","enabled_languages":["en","de","pt","lt"],"languages":{"en":{"title":true,"content":true,"excerpt":false},"de":{"title":true,"content":true,"excerpt":false},"pt":{"title":true,"content":true,"excerpt":false},"lt":{"title":true,"content":true,"excerpt":false}}},"_links":{"self":[{"href":"https:\/\/academiaplus.eu\/lt\/wp-json\/wp\/v2\/pages\/58","targetHints":{"allow":["GET"]}}],"collection":[{"href":"https:\/\/academiaplus.eu\/lt\/wp-json\/wp\/v2\/pages"}],"about":[{"href":"https:\/\/academiaplus.eu\/lt\/wp-json\/wp\/v2\/types\/page"}],"author":[{"embeddable":true,"href":"https:\/\/academiaplus.eu\/lt\/wp-json\/wp\/v2\/users\/1"}],"replies":[{"embeddable":true,"href":"https:\/\/academiaplus.eu\/lt\/wp-json\/wp\/v2\/comments?post=58"}],"version-history":[{"count":220,"href":"https:\/\/academiaplus.eu\/lt\/wp-json\/wp\/v2\/pages\/58\/revisions"}],"predecessor-version":[{"id":6924,"href":"https:\/\/academiaplus.eu\/lt\/wp-json\/wp\/v2\/pages\/58\/revisions\/6924"}],"wp:attachment":[{"href":"https:\/\/academiaplus.eu\/lt\/wp-json\/wp\/v2\/media?parent=58"}],"curies":[{"name":"wp","href":"https:\/\/api.w.org\/{rel}","templated":true}]}}