{"id":578,"date":"2019-02-02T12:09:52","date_gmt":"2019-02-02T12:09:52","guid":{"rendered":"http:\/\/academiaplus.eu\/?page_id=578"},"modified":"2021-08-28T18:05:59","modified_gmt":"2021-08-28T18:05:59","slug":"background","status":"publish","type":"page","link":"https:\/\/academiaplus.eu\/lt\/project\/background\/","title":{"rendered":"POREIKIS"},"content":{"rendered":"<p><a href=\"https:\/\/academiaplus.eu\/lt\/project\/\">APIE<\/a><\/p>\n<p><a href=\"https:\/\/academiaplus.eu\/lt\/project\/background\/\">POREIKIS<\/a><\/p>\n<p><a href=\"https:\/\/academiaplus.eu\/lt\/outputs\/\">REZULTATAI<\/a><\/p>\n<p><a href=\"https:\/\/academiaplus.eu\/lt\/project\/partners\/\">PARTNERIAI<\/a><\/p>\n<p><a href=\"https:\/\/academiaplus.eu\/lt\/project\/academia-network\/\">&#8220;ACADEMIA NETWORK&#8221;\u00a0<\/a><\/p>\n<p><a href=\"https:\/\/academiaplus.eu\/\/lt\/project\/events\/\">RENGINIAI<\/a><\/p>\n<p>XXI am\u017eiaus prad\u017eioje <strong>Europos darbo<\/strong> rinka kinta, o Europos visuomen\u0117 susiduria su \u012fvairiais socialiniais ir darbo rinkos i\u0161\u0161\u016bkiais. Pavyzd\u017eiui, <strong>demografini\u0173 poky\u010di\u0173<\/strong> poveikis tampa vis akivaizdesnis: <strong>migrantai ir pab\u0117g\u0117liai<\/strong> turi b\u016bti kuo efektyviau ir veiksmingiau integruoti \u012f Europos darbo rinkas, <strong>darbo rinkos<\/strong> tampa vis labiau tarptauti\u0161kesn\u0117s, darbo pozicijos \u012fgauna vis mobilesnes, lankstesnes formas ir nuolat kinta, o visuomen\u0117 tampa <strong>informacine ir \u017einiomis gr\u012fsta visuomene.<\/strong><\/p>\n<p>Nepaisant to, b\u016bsim\u0173 darbo viet\u0173 arba vadinamosios \u201e<strong>Darbo j\u0117gos 4.0<\/strong>\u201c poveikis bus platus.<\/p>\n<p>Naujausi politiniai \u012fvykiai Europoje ai\u0161kiai rodo, kad siekiant \u012fveikti pab\u0117g\u0117li\u0173 kriz\u0117s, demografin\u0117s kaitos ir ateities darbo viet\u0173 (susijusi\u0173 ir su skaitmenini\u0173 \u012fg\u016bd\u017ei\u0173 tr\u016bkumu) i\u0161\u0161\u016bkius nacionalini\u0173 ir pavieni\u0173 sprendim\u0173 nepakaks. \u0160iuo lemiamu Europos S\u0105jungos darbo rinkos pl\u0117tros etapu, <strong>projektas \u201eAcademia+\u201d <\/strong>suteikia galimyb\u0119 parengti <strong>moksliniais tyrimais pagr\u012fstas mokymosi ir main\u0173 programas kvalifikuotiems karjeros konsultantams ir karjeros orientavimo specialistams,\u00a0 <\/strong>kurios atspindi tarptautin\u0119 Europos perspektyv\u0105 ir atitinka tikslini\u0173 grupi\u0173 poreikius.<\/p>\n<p>Europos mokymo mobilumo ir darbo u\u017eimtumo kontekste <strong>karjeros orientavimo specialistai<\/strong> turi u\u017etikrinti visas reikalingas priemones<strong> ilgalaikiam karjeros orientavimui<\/strong>. Toks i\u0161\u0161\u016bkis reikalauja \u017eini\u0173 apie Europos \u0161ali\u0173 \u0161vietimo, mokymo ir karjeros orientavimo sistemas <strong>socialiniame ir ekonominiame kontekste<\/strong>. Siekiant patobulinti karjeros orientavimo schemas tarptautiniais aspektais, <strong>\u201eAcademia+\u201d projekte buvo planuojami rengti karjeros specialist\u0173 mokymai Europos partnerin\u0117se \u0161alyse, d\u0117l COVID 19 pandemijos tarptautiniai mokymai vyko nuotoliniu b\u016bdu.<\/strong>\u00a0 \u201eAcademia+\u201d projekto veiklos skatino karjeros konsultavimo ir orientavimo veikl\u0173 vystym\u0105si Europos mastu.<\/p>\n<p>Analizuojant karjeros orientavimo bei mokymosi galimybes Europos \u0161alyse, da\u017enai yra nuvertinama europin\u0117s dimensijos svarba. O tai daugyb\u0119 s\u0105saj\u0173 turin\u010diame pasaulyje daro neigiam\u0105 poveik\u012f karjeros orientavimo paslaug\u0173 kokybei.<\/p>\n<p>\t\t\t\t\t\t\t\t\t\t\t\t<img loading=\"lazy\" decoding=\"async\" width=\"768\" height=\"445\" src=\"https:\/\/academiaplus.eu\/wp-content\/uploads\/2019\/03\/advice-advise-advisor-7097_006-768x445.jpg\" alt=\"\" loading=\"lazy\" srcset=\"https:\/\/academiaplus.eu\/wp-content\/uploads\/2019\/03\/advice-advise-advisor-7097_006-768x445.jpg 768w, https:\/\/academiaplus.eu\/wp-content\/uploads\/2019\/03\/advice-advise-advisor-7097_006-300x174.jpg 300w, https:\/\/academiaplus.eu\/wp-content\/uploads\/2019\/03\/advice-advise-advisor-7097_006.jpg 1000w\" sizes=\"auto, (max-width: 768px) 100vw, 768px\" \/>\t\t\t\t\t\t\t\t\t\t\t\t\t\t<\/p>\n<p>Projekto \u201eAcademia+\u201d veiklos ir kontakt\u0173 u\u017emezgimas yra paremtas \u201eAcademia Network\u201d tinklo turima duomen\u0173 baze, ir karjeros konsultant\u0173 praktikos mainai buvo ne tik tarp projekto partneri\u0173 \u0161ali\u0173, ta\u010diau ir su daugybe karjeros specialist\u0173 i\u0161 kit\u0173 u\u017esienio \u0161ali\u0173, kurie jau yra aplank\u0119 daug kra\u0161t\u0173 \u0161iuo klausimu. <strong>Karjeros orientavimo specialistai ir darbo u\u017eimtumo tarnybos atlieka svarb\u0173 vaidmen\u012f sprend\u017eiant Europos darbo rinkos ir visuomen\u0117s klausimus<\/strong>. Jie ne tik tenkina darbo neturin\u010di\u0173 \u017emoni\u0173 poreikius, bet ir teikia \u012fg\u016bd\u017ei\u0173 vertinimo, profiliavimo, mokym\u0173 suteikimo, asmenin\u0117s karjeros valdymo ir konsultavimo paslaugas, atrenka \u017emones, turin\u010dius pagal darbo pob\u016bd\u012f reikalingas kompetencijas, ir teikia konsultacijas darbdaviams, o taip pat sprend\u017eia labiausiai nuo darbo rinkos nutolusi\u0173 asmen\u0173 problemas.<\/p>\n<p>Norint susidoroti su kylan\u010diais \u0161i\u0173 dien\u0173 Europos darbo rink\u0173 ir visuomen\u0117s i\u0161\u0161\u016bkiais,<strong> b\u016btina auk\u0161ta kvalifikacija ir naujausios informacijos \u012fsisavinimas apie veiksmingas karjeros orientavimo koncepcijas ir metodus<\/strong>. D\u0117l tarpvalstybini\u0173 problem\u0173 pob\u016bd\u017eio, tarptautin\u0117s mokymo programos, sta\u017euot\u0117s ir darbo vizitai, o taip pat praktikos tinkl\u0173 k\u016brimas Europos lygmeniu tampa vis svarbesniu aspektu. Tokiu b\u016bdu karjeros konsultantai turi galimyb\u0119 daugiau su\u017einoti apie dabartinius metodus aktualiems u\u017edaviniams spr\u0119sti. Jie taip pat turi galimyb\u0119 pasimokyti i\u0161 kit\u0173 \u0161ali\u0173 ir \u012fgauti tiek praktin\u0117s, tiek teorin\u0117s patirties.<\/p>\n","protected":false},"excerpt":{"rendered":"<p>APIE POREIKIS REZULTATAI PARTNERIAI &#8220;ACADEMIA NETWORK&#8221;\u00a0 RENGINIAI XXI am\u017eiaus prad\u017eioje Europos darbo rinka kinta, o Europos visuomen\u0117 susiduria su \u012fvairiais socialiniais ir darbo rinkos i\u0161\u0161\u016bkiais. Pavyzd\u017eiui, demografini\u0173 poky\u010di\u0173 poveikis tampa vis akivaizdesnis: migrantai ir pab\u0117g\u0117liai turi b\u016bti kuo efektyviau ir veiksmingiau integruoti \u012f Europos darbo rinkas, darbo rinkos tampa vis labiau tarptauti\u0161kesn\u0117s, darbo pozicijos \u012fgauna vis mobilesnes, lankstesnes formas ir nuolat kinta, o visuomen\u0117 tampa informacine ir \u017einiomis gr\u012fsta visuomene. Nepaisant to, b\u016bsim\u0173 darbo viet\u0173 arba vadinamosios \u201eDarbo j\u0117gos 4.0\u201c poveikis bus platus. Naujausi politiniai \u012fvykiai Europoje ai\u0161kiai rodo, kad siekiant \u012fveikti pab\u0117g\u0117li\u0173 kriz\u0117s, demografin\u0117s kaitos ir ateities darbo viet\u0173 (susijusi\u0173 ir su skaitmenini\u0173 \u012fg\u016bd\u017ei\u0173 tr\u016bkumu) i\u0161\u0161\u016bkius nacionalini\u0173 ir pavieni\u0173&hellip; <a class=\"read-more\" href=\"https:\/\/academiaplus.eu\/lt\/project\/background\/\">Read More<\/a><\/p>\n","protected":false},"author":1,"featured_media":0,"parent":970,"menu_order":0,"comment_status":"closed","ping_status":"closed","template":"","meta":{"footnotes":""},"class_list":["post-578","page","type-page","status-publish","hentry"],"translation":{"provider":"WPGlobus","version":"3.0.2","language":"lt","enabled_languages":["en","de","pt","lt"],"languages":{"en":{"title":true,"content":true,"excerpt":false},"de":{"title":true,"content":true,"excerpt":false},"pt":{"title":true,"content":true,"excerpt":false},"lt":{"title":true,"content":true,"excerpt":false}}},"_links":{"self":[{"href":"https:\/\/academiaplus.eu\/lt\/wp-json\/wp\/v2\/pages\/578","targetHints":{"allow":["GET"]}}],"collection":[{"href":"https:\/\/academiaplus.eu\/lt\/wp-json\/wp\/v2\/pages"}],"about":[{"href":"https:\/\/academiaplus.eu\/lt\/wp-json\/wp\/v2\/types\/page"}],"author":[{"embeddable":true,"href":"https:\/\/academiaplus.eu\/lt\/wp-json\/wp\/v2\/users\/1"}],"replies":[{"embeddable":true,"href":"https:\/\/academiaplus.eu\/lt\/wp-json\/wp\/v2\/comments?post=578"}],"version-history":[{"count":176,"href":"https:\/\/academiaplus.eu\/lt\/wp-json\/wp\/v2\/pages\/578\/revisions"}],"predecessor-version":[{"id":7134,"href":"https:\/\/academiaplus.eu\/lt\/wp-json\/wp\/v2\/pages\/578\/revisions\/7134"}],"up":[{"embeddable":true,"href":"https:\/\/academiaplus.eu\/lt\/wp-json\/wp\/v2\/pages\/970"}],"wp:attachment":[{"href":"https:\/\/academiaplus.eu\/lt\/wp-json\/wp\/v2\/media?parent=578"}],"curies":[{"name":"wp","href":"https:\/\/api.w.org\/{rel}","templated":true}]}}