{"id":56,"date":"2019-01-31T13:44:53","date_gmt":"2019-01-31T13:44:53","guid":{"rendered":"http:\/\/academiaplus.eu\/?page_id=56"},"modified":"2021-08-28T17:55:49","modified_gmt":"2021-08-28T17:55:49","slug":"course-participants","status":"publish","type":"page","link":"https:\/\/academiaplus.eu\/lt\/course-participants\/","title":{"rendered":"Mokym\u0173 ir main\u0173 dalyviai"},"content":{"rendered":"<p>\u201eAcademia+\u201d projekto veiklos remia ir stiprina karjeros konsultant\u0173 main\u0173 ir tarptautini\u0173 mokym\u0173 proces\u0105 Europoje, daugiausiai d\u0117mesio skiriant aktuali\u0173 darbo rinkos ir karjeros konsultavimo i\u0161\u0161\u016bkiams ir toki\u0173 mokym\u0173 program\u0173 pl\u0117trai (pagrindiniai i\u0161\u0161\u016bkiai Europos darbo rinkai ir visuomenei: migrantai ir pab\u0117g\u0117liai, demografiniai poky\u010diai ir ateities darbo vietos).<\/p>\n<p>Projektas atkreipia d\u0117mes\u012f \u012f\u00a0 tarptautinio bendradarbiavimo svarb\u0105 teikiant konkre\u010dias priemones, param\u0105 ir i\u0161teklius karjeros valdymo klausimais, kurie parodo mobilumo ir tarptautinio mokymosi vert\u0119 karjeros orientavimo specialistams. Tai padeda efektyviau i\u0161naudoti karjeros orientavimo galimybes skirtingose \u0161alyse. Did\u017eiausi\u0105 d\u0117mes\u012f teikiant mokymo program\u0173, skirt\u0173 spr\u0119sti \u0161iuo metu svarbiausias darbo rinkos problemas ir karjeros konsultavimo u\u017edavinius, pl\u0117trai, \u201eAcademia+\u201d projektas prisideda prie kokybi\u0161kesni\u0173 karjeros konsultavimo paslaug\u0173 teikimo ir kompetencij\u0173 bei kvalifikacij\u0173 orientavimo.<\/p>\n<p>Kuriant tikslines mokym\u0173 dalis bei siekiant i\u0161tobulinti visoje Europoje dirban\u010di\u0173 karjeros orientavimo (angl. Career Guidance and Counselling &#8211; CGC) konsultant\u0173 mokymosi program\u0105,\u00a0 naudojamasi \u201eAcademia Network\u201d tinklo \u012fdirbiu ir galimyb\u0117mis. Karjeros orientavimo specialistai daugiau su\u017einojo apie naujausius metodus sprend\u017eiant dabartines ir b\u016bsimas darbo rinkos problemas \u2013 sen\u0117janti darbo j\u0117ga, darbo viet\u0173 skaitmenizavimas ir padid\u0117j\u0119s migracijos paplitimas. Jie taip pat tur\u0117jo galimyb\u0119 ne tik teori\u0161kai, bet ir prakti\u0161kai su\u017einoti apie kit\u0173 \u0161ali\u0173 taikomus metodus ir pasisemti patirties.\u00a0 \u201eAcademia+\u201d projekto veiklos ir sukurta skaitmenin\u0117 mokymosi aplinka su vienos savait\u0117s mokymosi programomis prisideda prie \u201eAcademia Network\u201d tinklo veikl\u0173 kokyb\u0117s gerinimo ir pl\u0117tros, pasiruo\u0161iant ateities i\u0161\u0161\u016bkiams.<\/p>\n<p>\u00a0<\/p>\n<p>3 \u017eingsniai, norint pasiekti\u00a0C-STEPs mokym\u0173 med\u017eiag\u0105 (mokymosi aplink\u0105):<\/p>\n<ol>\n<li>Nueikite adresu:<\/li>\n<\/ol>\n<p><a style=\"background-color: #ffffff; font-size: 16px;\" href=\"http:\/\/www.academiaplus.eu\/moodle\/\" target=\"_blank\" rel=\"noopener\"><em>www.academiaplus.eu\/moodle\/<\/em><\/a><\/p>\n<p>\u00a0<\/p>\n<p>2.\u00a0\u017demiau pasirinkite norim\u0105 kurs\u0105<\/p>\n<p>\t\t\t\t\t\t\t\t\t\t\t\t<img loading=\"lazy\" decoding=\"async\" width=\"768\" height=\"187\" src=\"https:\/\/academiaplus.eu\/wp-content\/uploads\/2021\/06\/courses-768x187.jpg\" alt=\"\" loading=\"lazy\" srcset=\"https:\/\/academiaplus.eu\/wp-content\/uploads\/2021\/06\/courses-768x187.jpg 768w, https:\/\/academiaplus.eu\/wp-content\/uploads\/2021\/06\/courses-300x73.jpg 300w, https:\/\/academiaplus.eu\/wp-content\/uploads\/2021\/06\/courses-1024x249.jpg 1024w, https:\/\/academiaplus.eu\/wp-content\/uploads\/2021\/06\/courses.jpg 1446w\" sizes=\"auto, (max-width: 768px) 100vw, 768px\" \/>\t\t\t\t\t\t\t\t\t\t\t\t\t\t<\/p>\n<p>3.\u00a0Atvira prieiga paspaudus \u201eLogin as a guest\u201c<\/p>\n<p>\t\t\t\t\t\t\t\t\t\t\t\t\t<a href=\"http:\/\/www.academiaplus.eu\/moodle\/\"><br \/>\n\t\t\t\t\t\t\t<img decoding=\"async\" src=\"https:\/\/academiaplus.eu\/wp-content\/uploads\/elementor\/thumbs\/login-p9drxq4s0b8cli9tfvbuwya8eplwxnouemmmstd6a8.jpg\" title=\"login\" alt=\"login\" \/>\t\t\t\t\t\t\t\t<\/a><\/p>\n","protected":false},"excerpt":{"rendered":"<p>\u201eAcademia+\u201d projekto veiklos remia ir stiprina karjeros konsultant\u0173 main\u0173 ir tarptautini\u0173 mokym\u0173 proces\u0105 Europoje, daugiausiai d\u0117mesio skiriant aktuali\u0173 darbo rinkos ir karjeros konsultavimo i\u0161\u0161\u016bkiams ir toki\u0173 mokym\u0173 program\u0173 pl\u0117trai (pagrindiniai i\u0161\u0161\u016bkiai Europos darbo rinkai ir visuomenei: migrantai ir pab\u0117g\u0117liai, demografiniai poky\u010diai ir ateities darbo vietos). Projektas atkreipia d\u0117mes\u012f \u012f\u00a0 tarptautinio bendradarbiavimo svarb\u0105 teikiant konkre\u010dias priemones, param\u0105 ir i\u0161teklius karjeros valdymo klausimais, kurie parodo mobilumo ir tarptautinio mokymosi vert\u0119 karjeros orientavimo specialistams. Tai padeda efektyviau i\u0161naudoti karjeros orientavimo galimybes skirtingose \u0161alyse. Did\u017eiausi\u0105 d\u0117mes\u012f teikiant mokymo program\u0173, skirt\u0173 spr\u0119sti \u0161iuo metu svarbiausias darbo rinkos problemas ir karjeros konsultavimo u\u017edavinius, pl\u0117trai, \u201eAcademia+\u201d projektas prisideda prie kokybi\u0161kesni\u0173 karjeros konsultavimo paslaug\u0173 teikimo ir kompetencij\u0173 bei&hellip; <a class=\"read-more\" href=\"https:\/\/academiaplus.eu\/lt\/course-participants\/\">Read More<\/a><\/p>\n","protected":false},"author":1,"featured_media":0,"parent":0,"menu_order":0,"comment_status":"closed","ping_status":"closed","template":"elementor_header_footer","meta":{"footnotes":""},"class_list":["post-56","page","type-page","status-publish","hentry"],"translation":{"provider":"WPGlobus","version":"3.0.2","language":"lt","enabled_languages":["en","de","pt","lt"],"languages":{"en":{"title":true,"content":true,"excerpt":false},"de":{"title":true,"content":true,"excerpt":false},"pt":{"title":true,"content":true,"excerpt":false},"lt":{"title":true,"content":true,"excerpt":false}}},"_links":{"self":[{"href":"https:\/\/academiaplus.eu\/lt\/wp-json\/wp\/v2\/pages\/56","targetHints":{"allow":["GET"]}}],"collection":[{"href":"https:\/\/academiaplus.eu\/lt\/wp-json\/wp\/v2\/pages"}],"about":[{"href":"https:\/\/academiaplus.eu\/lt\/wp-json\/wp\/v2\/types\/page"}],"author":[{"embeddable":true,"href":"https:\/\/academiaplus.eu\/lt\/wp-json\/wp\/v2\/users\/1"}],"replies":[{"embeddable":true,"href":"https:\/\/academiaplus.eu\/lt\/wp-json\/wp\/v2\/comments?post=56"}],"version-history":[{"count":214,"href":"https:\/\/academiaplus.eu\/lt\/wp-json\/wp\/v2\/pages\/56\/revisions"}],"predecessor-version":[{"id":7125,"href":"https:\/\/academiaplus.eu\/lt\/wp-json\/wp\/v2\/pages\/56\/revisions\/7125"}],"wp:attachment":[{"href":"https:\/\/academiaplus.eu\/lt\/wp-json\/wp\/v2\/media?parent=56"}],"curies":[{"name":"wp","href":"https:\/\/api.w.org\/{rel}","templated":true}]}}