{"id":4323,"date":"2020-11-18T09:28:27","date_gmt":"2020-11-18T09:28:27","guid":{"rendered":"https:\/\/academiaplus.eu\/?page_id=4323"},"modified":"2021-01-18T08:30:55","modified_gmt":"2021-01-18T08:30:55","slug":"4th-transnational-partners-meeting","status":"publish","type":"page","link":"https:\/\/academiaplus.eu\/lt\/4th-transnational-partners-meeting\/","title":{"rendered":"4-asis tarptautinis partneri\u0173 susitikimas"},"content":{"rendered":"<p><a href=\"https:\/\/academiaplus.eu\/lt\/project\/\">APIE<\/a><\/p>\n<p><a href=\"https:\/\/academiaplus.eu\/lt\/project\/background\/\">POREIKIS<\/a><\/p>\n<p><a href=\"https:\/\/academiaplus.eu\/lt\/outputs\/\">REZULTATAI<\/a><\/p>\n<p><a href=\"https:\/\/academiaplus.eu\/lt\/project\/partners\/\">PARTNERIAI<\/a><\/p>\n<p><a href=\"https:\/\/academiaplus.eu\/lt\/project\/academia-network\/\">&#8220;ACADEMIA NETWORK&#8221;\u00a0<\/a><\/p>\n<p><a href=\"https:\/\/academiaplus.eu\/\/lt\/project\/events\/\">RENGINIAI<\/a><\/p>\n<p>Ketvirtasis \u201cAcademia+\u201d projekto partneri\u0173 susitikimas vyko 2020 m. lapkri\u010dio 9-10 d.<\/p>\n<p>Nors partneri\u0173 susitikimas buvo planuotas Bradforde, Jungtin\u0117je Karalyst\u0117je, ta\u010diau d\u0117l pasaulyje paskelbtos koronaviruso (COVID-19) pandemijos, susitikimas vyko nuotoliniu b\u016bdu.<\/p>\n<p>\t\t\t\t\t\t\t\t\t\t<img decoding=\"async\" src=\"https:\/\/academiaplus.eu\/wp-content\/uploads\/elementor\/thumbs\/academiaplus_4th_online_meeting-oylagennyi4is0kteg5ac6pdw03x7n93ofa7986j0u.jpg\" title=\"academiaplus_4th_online_meeting\" alt=\"academiaplus_4th_online_meeting\" \/>\t\t\t\t\t\t\t\t\t\t\t<\/p>\n<p>Per dvi virtualaus susitikimo dienas partneriai aptar\u0117 esam\u0105 projekto veikl\u0173 situacij\u0105, b\u016bsimus darbus, susijusius su pasirengimu keturi\u0173 dien\u0173 internetiniams mokymams pagal karjeros konsultant\u0173 mokymosi ir main\u0173 program\u0105\u00a0<a href=\"https:\/\/academiaplus.eu\/lt\/c-step-2\/\">C-STEP 2 \u201cAteities darbo vietos\u201d &gt;&gt;<\/a>\u00a0 (planuojama 2021 kov\u0105) ir C-STEP 3 \u201cDemografiniai poky\u010diai\u201d (planuojama 2021 gegu\u017e\u0119).<\/p>\n","protected":false},"excerpt":{"rendered":"<p>APIE POREIKIS REZULTATAI PARTNERIAI &#8220;ACADEMIA NETWORK&#8221;\u00a0 RENGINIAI Ketvirtasis \u201cAcademia+\u201d projekto partneri\u0173 susitikimas vyko 2020 m. lapkri\u010dio 9-10 d. Nors partneri\u0173 susitikimas buvo planuotas Bradforde, Jungtin\u0117je Karalyst\u0117je, ta\u010diau d\u0117l pasaulyje paskelbtos koronaviruso (COVID-19) pandemijos, susitikimas vyko nuotoliniu b\u016bdu. Per dvi virtualaus susitikimo dienas partneriai aptar\u0117 esam\u0105 projekto veikl\u0173 situacij\u0105, b\u016bsimus darbus, susijusius su pasirengimu keturi\u0173 dien\u0173 internetiniams mokymams pagal karjeros konsultant\u0173 mokymosi ir main\u0173 program\u0105\u00a0C-STEP 2 \u201cAteities darbo vietos\u201d &gt;&gt;\u00a0 (planuojama 2021 kov\u0105) ir C-STEP 3 \u201cDemografiniai poky\u010diai\u201d (planuojama 2021 gegu\u017e\u0119).<\/p>\n","protected":false},"author":2,"featured_media":0,"parent":0,"menu_order":0,"comment_status":"closed","ping_status":"closed","template":"","meta":{"footnotes":""},"class_list":["post-4323","page","type-page","status-publish","hentry"],"translation":{"provider":"WPGlobus","version":"3.0.2","language":"lt","enabled_languages":["en","de","pt","lt"],"languages":{"en":{"title":true,"content":true,"excerpt":false},"de":{"title":true,"content":true,"excerpt":false},"pt":{"title":true,"content":true,"excerpt":false},"lt":{"title":true,"content":true,"excerpt":false}}},"_links":{"self":[{"href":"https:\/\/academiaplus.eu\/lt\/wp-json\/wp\/v2\/pages\/4323","targetHints":{"allow":["GET"]}}],"collection":[{"href":"https:\/\/academiaplus.eu\/lt\/wp-json\/wp\/v2\/pages"}],"about":[{"href":"https:\/\/academiaplus.eu\/lt\/wp-json\/wp\/v2\/types\/page"}],"author":[{"embeddable":true,"href":"https:\/\/academiaplus.eu\/lt\/wp-json\/wp\/v2\/users\/2"}],"replies":[{"embeddable":true,"href":"https:\/\/academiaplus.eu\/lt\/wp-json\/wp\/v2\/comments?post=4323"}],"version-history":[{"count":72,"href":"https:\/\/academiaplus.eu\/lt\/wp-json\/wp\/v2\/pages\/4323\/revisions"}],"predecessor-version":[{"id":5346,"href":"https:\/\/academiaplus.eu\/lt\/wp-json\/wp\/v2\/pages\/4323\/revisions\/5346"}],"wp:attachment":[{"href":"https:\/\/academiaplus.eu\/lt\/wp-json\/wp\/v2\/media?parent=4323"}],"curies":[{"name":"wp","href":"https:\/\/api.w.org\/{rel}","templated":true}]}}