{"id":3798,"date":"2020-07-16T12:01:22","date_gmt":"2020-07-16T12:01:22","guid":{"rendered":"https:\/\/academiaplus.eu\/?page_id=3798"},"modified":"2021-08-13T10:56:50","modified_gmt":"2021-08-13T10:56:50","slug":"c-step","status":"publish","type":"page","link":"https:\/\/academiaplus.eu\/lt\/c-step\/","title":{"rendered":"C-STEP"},"content":{"rendered":"<p><a href=\"https:\/\/academiaplus.eu\/lt\/project\/\">APIE<\/a><\/p>\n<p><a href=\"https:\/\/academiaplus.eu\/lt\/project\/background\/\">POREIKIS<\/a><\/p>\n<p><a href=\"https:\/\/academiaplus.eu\/lt\/outputs\/\">REZULTATAI<\/a><\/p>\n<p><a href=\"https:\/\/academiaplus.eu\/lt\/project\/partners\/\">PARTNERIAI<\/a><\/p>\n<p><a href=\"https:\/\/academiaplus.eu\/lt\/project\/academia-network\/\">&#8220;ACADEMIA NETWORK&#8221;\u00a0<\/a><\/p>\n<p><a href=\"https:\/\/academiaplus.eu\/\/lt\/project\/events\/\">RENGINIAI<\/a><\/p>\n<p>Projekto \u201eAcademia+\u201c \u012fgyvendinimo metu vystomi trys intelektualiniai produktai &#8211; trys vienos savait\u0117s karjeros konsultant\u0173 mokymosi ir main\u0173 programos (IO1, IO2, IO3 C-STEP).<\/p>\n<p><a style=\"color: #ffffff;\" href=\"https:\/\/academiaplus.eu\/lt\/c-step-1\/\">IO1 C-STEP 1 &gt;&gt;<\/a><\/p>\n<p>Migrant\u0173 ir pab\u0117g\u0117li\u0173 konsultavimas<\/p>\n<p><em>1 dalis: Tarpkult\u016brinis s\u0105moningumas<\/em><br \/><em>2 dalis: Darbo rinkos atpa\u017einimas ir galimyb\u0117s<\/em><br \/><em>3 dalis: \u012esitraukimo \u012f darbo rink\u0105 potencialo analiz\u0117 ir \u012fgalinimas<\/em><br \/><em>4 dalis: Specialiosios paramos priemon\u0117s<\/em><\/p>\n<p id=\"yui_3_17_2_1_1595856813436_22\">(28.05.2020 &#8211; 09.06.2020)<\/p>\n<p><a style=\"color: #ffffff;\" href=\"https:\/\/academiaplus.eu\/c-step-2\/\">IO2 C-STEP 2 &gt;&gt;<\/a><\/p>\n<p>Ateities darbo vietos<\/p>\n<p><em>1 dalis: Pramon\u0117 4.0 ir poveikis darbo rinkai<\/em><br \/><em>2 dalis: Pramon\u0117s 4.0 \u012fmoni\u0173 i\u0161\u0161\u016bkiai ir galimyb\u0117s<\/em><br \/><em>3 dalis: Ateities tendencijos<\/em><br \/><em>4 dalis: Nauji \u012fg\u016bd\u017eiai ir kompetencijos<\/em><\/p>\n<p>(09.03.2021 &#8211; 18.03.2021)<\/p>\n<p>IO3 C-STEP 3\u00a0<\/p>\n<p>Demografiniai poky\u010diai<\/p>\n<p><em>1 dalis: Vyresn\u0117s kartos darbo j\u0117gos i\u0161\u0161\u016bkiai<\/em><br \/><em>2 dalis: Darbuotoj\u0173 perkvalifikavimas vyresniame am\u017eiuje<\/em><br \/><em>3 dalis: Darbo rinkos l\u016bkes\u010di\u0173 prisitaikymas<\/em><br \/><em>4 dalis: Skirting\u0173 kart\u0173 bendradarbiavimas<\/em><\/p>\n<p><em>(planned on 2021)<\/em><\/p>\n<p>Daugiau informacijos \u017ei\u016br\u0117ti <a href=\"https:\/\/academiaplus.eu\/lt\/outputs\/\">REZULTATAI &gt;&gt;<\/a><\/p>\n","protected":false},"excerpt":{"rendered":"<p>APIE POREIKIS REZULTATAI PARTNERIAI &#8220;ACADEMIA NETWORK&#8221;\u00a0 RENGINIAI Projekto \u201eAcademia+\u201c \u012fgyvendinimo metu vystomi trys intelektualiniai produktai &#8211; trys vienos savait\u0117s karjeros konsultant\u0173 mokymosi ir main\u0173 programos (IO1, IO2, IO3 C-STEP). IO1 C-STEP 1 &gt;&gt; Migrant\u0173 ir pab\u0117g\u0117li\u0173 konsultavimas 1 dalis: Tarpkult\u016brinis s\u0105moningumas2 dalis: Darbo rinkos atpa\u017einimas ir galimyb\u0117s3 dalis: \u012esitraukimo \u012f darbo rink\u0105 potencialo analiz\u0117 ir \u012fgalinimas4 dalis: Specialiosios paramos priemon\u0117s (28.05.2020 &#8211; 09.06.2020) IO2 C-STEP 2 &gt;&gt; Ateities darbo vietos 1 dalis: Pramon\u0117 4.0 ir poveikis darbo rinkai2 dalis: Pramon\u0117s 4.0 \u012fmoni\u0173 i\u0161\u0161\u016bkiai ir galimyb\u0117s3 dalis: Ateities tendencijos4 dalis: Nauji \u012fg\u016bd\u017eiai ir kompetencijos (09.03.2021 &#8211; 18.03.2021) IO3 C-STEP 3\u00a0 Demografiniai poky\u010diai 1 dalis: Vyresn\u0117s kartos darbo j\u0117gos i\u0161\u0161\u016bkiai2 dalis: Darbuotoj\u0173&hellip; <a class=\"read-more\" href=\"https:\/\/academiaplus.eu\/lt\/c-step\/\">Read More<\/a><\/p>\n","protected":false},"author":2,"featured_media":0,"parent":0,"menu_order":0,"comment_status":"closed","ping_status":"closed","template":"","meta":{"footnotes":""},"class_list":["post-3798","page","type-page","status-publish","hentry"],"translation":{"provider":"WPGlobus","version":"3.0.2","language":"lt","enabled_languages":["en","de","pt","lt"],"languages":{"en":{"title":true,"content":true,"excerpt":false},"de":{"title":true,"content":true,"excerpt":false},"pt":{"title":true,"content":true,"excerpt":false},"lt":{"title":true,"content":true,"excerpt":false}}},"_links":{"self":[{"href":"https:\/\/academiaplus.eu\/lt\/wp-json\/wp\/v2\/pages\/3798","targetHints":{"allow":["GET"]}}],"collection":[{"href":"https:\/\/academiaplus.eu\/lt\/wp-json\/wp\/v2\/pages"}],"about":[{"href":"https:\/\/academiaplus.eu\/lt\/wp-json\/wp\/v2\/types\/page"}],"author":[{"embeddable":true,"href":"https:\/\/academiaplus.eu\/lt\/wp-json\/wp\/v2\/users\/2"}],"replies":[{"embeddable":true,"href":"https:\/\/academiaplus.eu\/lt\/wp-json\/wp\/v2\/comments?post=3798"}],"version-history":[{"count":180,"href":"https:\/\/academiaplus.eu\/lt\/wp-json\/wp\/v2\/pages\/3798\/revisions"}],"predecessor-version":[{"id":6892,"href":"https:\/\/academiaplus.eu\/lt\/wp-json\/wp\/v2\/pages\/3798\/revisions\/6892"}],"wp:attachment":[{"href":"https:\/\/academiaplus.eu\/lt\/wp-json\/wp\/v2\/media?parent=3798"}],"curies":[{"name":"wp","href":"https:\/\/api.w.org\/{rel}","templated":true}]}}