{"id":2394,"date":"2020-04-07T17:44:10","date_gmt":"2020-04-07T17:44:10","guid":{"rendered":"https:\/\/academiaplus.eu\/?page_id=2394"},"modified":"2021-08-12T07:39:24","modified_gmt":"2021-08-12T07:39:24","slug":"c-step-1","status":"publish","type":"page","link":"https:\/\/academiaplus.eu\/lt\/c-step-1\/","title":{"rendered":"C-STEP 1"},"content":{"rendered":"<p><a href=\"https:\/\/academiaplus.eu\/lt\/project\/\">APIE<\/a><\/p>\n<p><a href=\"https:\/\/academiaplus.eu\/lt\/project\/background\/\">POREIKIS<\/a><\/p>\n<p><a href=\"https:\/\/academiaplus.eu\/lt\/outputs\/\">REZULTATAI<\/a><\/p>\n<p><a href=\"https:\/\/academiaplus.eu\/lt\/project\/partners\/\">PARTNERIAI<\/a><\/p>\n<p><a href=\"https:\/\/academiaplus.eu\/lt\/project\/academia-network\/\">&#8220;ACADEMIA NETWORK&#8221;\u00a0<\/a><\/p>\n<p><a href=\"https:\/\/academiaplus.eu\/\/lt\/project\/events\/\">RENGINIAI<\/a><\/p>\n<p>D\u0117l COVID-19 kriz\u0117s pirmieji <strong>C-STEP karjeros konsultant\u0173 mainai ir mokymai \u201eMigrant\u0173 ir pab\u0117g\u0117li\u0173 konsultavimas\u201c<\/strong> buvo pakeisti <strong>4 dien\u0173 internetiniais mokymais<\/strong> 2020 m. gegu\u017e\u0117s 28 d. bei bir\u017eelio 2, 4 ir 9 dienomis.\u00a0<\/p>\n<p>C-STEP 1 \u201eMigrant\u0173 ir pab\u0117g\u0117li\u0173 konsultavimas\u201c yra vieni i\u0161 <a href=\"https:\/\/academiaplus.eu\/lt\/c-step\/\">trij\u0173 C-STEPs<\/a> karjeros konsultant\u0173 mokymosi ir main\u0173 dali\u0173, skirt\u0173 pagrindiniams Europos darbo rink\u0173 ir visuomen\u0117s socialiniams i\u0161\u0161\u016bkiams spr\u0119sti \u012fgyvendinant \u201eAcademia+\u201c projekt\u0105, finansuojam\u0105 Europos Komisijos pagal Erasmus+ program\u0105. Daugiau apie \u201eAcademia+\u201c projekt\u0105 <a href=\"https:\/\/academiaplus.eu\/lt\/project\/about\/\">\u010dia<\/a>.<\/p>\n<p>Internetiniuose mokymuose buvo kviestini\u0173 specialist\u0173 paskaitos, seminarai ir darbas grup\u0117se, palikta laiko klausim\u0173 ir atsakym\u0173 sesijai, kt. Dalis internetini\u0173 mokym\u0173 buvo \u012fra\u0161yta ir \u012fkelta \u012f <a href=\"https:\/\/academiaplus.eu\/lt\/course-participants\/\">visuomen\u0117s informavimo priemoni\u0173 centr\u0105 (angl. Media Centre)<\/a> kartu su visa mokym\u0173 metu pateikta med\u017eiaga.<\/p>\n<p>C-STEP 1 internetini\u0173 mokym\u0173 dalys ir temos remiasi ankstesnio Europos Komisijos finansuojamo HdBA projekto rezultatais ir intelektiniais produktais: &#8220;Pab\u0117g\u0117li\u0173 ir migrant\u0173 integracija \u012f darbo rink\u0105 kaip prioritetin\u0117 strategija pab\u0117g\u0117li\u0173 krizei spr\u0119sti&#8221; (<a href=\"https:\/\/www.cminar.eu\/\">CMinaR<\/a>).<\/p>\n<p>Tikslin\u0117 auditorija: karjeros konsultantai, karjeros orientavimo specialistai, d\u0117stytojai, profesinio orientavimo lektoriai ir kt.<\/p>\n<p>Registracija ir dalyvavimas buvo nemokami. Mokym\u0173 dalyviams buvo i\u0161duoti dalyvavimo pa\u017eym\u0117jimai.<\/p>\n<p>Internetiniai mokymai ir visa susijusi med\u017eiaga yra pateikta angl\u0173 kalba.<\/p>\n<p>Kontaktinis asmuo: <a href=\"mailto:jane.porath@hdba.de\">jane.porath@hdba.de<\/a> (Vokietija) (arba \u017er. \u201eAcademia+\u201c projekto partneri\u0173 kontaktus i\u0161 Portugalijos, Jungtin\u0117s Karalyst\u0117s, Liuksemburgo, Lietuvos).<\/p>\n<figure><img decoding=\"async\" src=\"https:\/\/academiaplus.eu\/wp-content\/uploads\/2020\/06\/001-1024x724.jpg\" alt=\"001\" \/><\/figure>\n<figure><img decoding=\"async\" src=\"https:\/\/academiaplus.eu\/wp-content\/uploads\/2020\/06\/002-1024x724.jpg\" alt=\"002\" \/><\/figure>\n<figure><img decoding=\"async\" src=\"https:\/\/academiaplus.eu\/wp-content\/uploads\/2020\/06\/003-1024x724.jpg\" alt=\"003\" \/><\/figure>\n<p>\t\t\t\t\t\tPrevious<br \/>\n\t\t\t\t\t\tNext<\/p>\n<p><strong>Darbotvark\u0117<\/strong><\/p>\n<p><strong>C-STEP karjeros konsultant\u0173 mainai ir mokymai \u201eMigrant\u0173 ir pab\u0117g\u0117li\u0173 konsultavimas\u201c <\/strong><\/p>\n<p>Kiekviena internetini\u0173 mokym\u0173 diena vyko 10.00-17.00 Vidurio Europos laiku (GMT+1)<\/p>\n<p>(9.00-16.00 JK ir Portugalijos laiku, 10.00-17.00 Vokietijos ir Liuksemburgo laiku)<\/p>\n<table>\n<tbody>\n<tr>\n<td width=\"72\">\n<p><strong>1 diena. Gegu\u017e\u0117s 28 d.<\/strong><\/p>\n<p><strong>\u00a0<\/strong><\/p>\n<p>Pertrauka 13.00-14.00 (GMT+1)<\/p>\n<\/td>\n<td width=\"592\">\n<p><strong>1 dalis. Tarpkult\u016brinis s\u0105moningumas<\/strong><\/p>\n<ul>\n<li>Daugiakult\u016bri\u0161kumas, tarpkult\u016bri\u0161kumas, integracija ir i\u0161\u0161\u016bkiai<\/li>\n<li>Kalba ir tarpkult\u016brin\u0117 komunikacija<\/li>\n<li>\u201eKult\u016brinis \/ tarpkult\u016brinis s\u0105moningumas\u201d<\/li>\n<\/ul>\n<p><strong>Mokymosi rezultatai:<\/strong><\/p>\n<ul>\n<li>I\u0161analizuoti i\u0161\u0161\u016bkiai, kylantys d\u0117l karjeros konsultant\u0173 \u017eini\u0173 sprag\u0173 apie t\u0117vyn\u0117s ir priiman\u010di\u0173 \u0161ali\u0173 \u0161vietimo ir darbo u\u017eimtumo sistemas<\/li>\n<li>Migracijos prie\u017eastys ir migrant\u0173 bei pab\u0117g\u0117li\u0173 pad\u0117tis priiman\u010diose \u0161alyse<\/li>\n<li>Metodai ir i\u0161tekliai identifikuojant ir sprend\u017eiant komunikacinius nesusipratimus, atsirandan\u010dius konsultacij\u0173 metu (darbas grup\u0117se)<\/li>\n<li>Aptarti i\u0161\u0161\u016bkiai, kylantys mokantis ir vartojant antr\u0105j\u0105 kalb\u0105, kaip komunikacijos priemon\u0119 \u0161vietimo procese, darbo aplinkoje ir karjeros valdymo konsultacij\u0173 metu<\/li>\n<li>Sustiprintas tarpkult\u016brinis s\u0105moningumas<\/li>\n<\/ul>\n<p><a href=\"https:\/\/academiaplus.eu\/wp-content\/uploads\/2020\/05\/Unit-1.-Intercultural-awareness.pdf\" target=\"_blank\" rel=\"noopener\"><img decoding=\"async\" src=\"https:\/\/academiaplus.eu\/wp-content\/uploads\/2020\/05\/001-300x67.png\" alt=\"\" width=\"150\" height=\"33\" \/><\/a>\u00a0<\/td>\n<\/tr>\n<tr>\n<td width=\"72\">\n<p><strong>2 diena. Bir\u017eelio 2 d.<\/strong><\/p>\n<p><strong>\u00a0<\/strong><\/p>\n<p>Pertrauka 13.00-14.00 (GMT+1)<\/p>\n<\/td>\n<td width=\"592\">\n<p><strong>2 dalis. Kvalifikacijos ir kompetencij\u0173 pripa\u017einimas ir \u012fsitraukimas \u012f darbo rink\u0105<\/strong><\/p>\n<ul>\n<li>Kvalifikacijos pripa\u017einimo procesas<\/li>\n<li>Kvalifikacijos pripa\u017einimo proceso dalyviai<\/li>\n<li>Europoje taikomos priemon\u0117s ir i\u0161tekliai<\/li>\n<\/ul>\n<p><strong> Mokymosi rezultatai<\/strong>:<\/p>\n<ul>\n<li>I\u0161analizuoti i\u0161\u0161\u016bkiai, kylantys tiek d\u0117l gyvenamosios vietos statuso, tiek d\u0117l u\u017esienio profesinio ir akademinio kvalifikacijos pripa\u017einimo<\/li>\n<li>Diskusija apie galimybes patekti \u012f darbo rink\u0105<\/li>\n<\/ul>\n<p><a style=\"font-family: inherit; font-size: inherit;\" href=\"https:\/\/academiaplus.eu\/wp-content\/uploads\/2020\/05\/Unit-2.-Recognition-of-qualifications-and-competencies-and-access-to-the-labour-market.pdf\" target=\"_blank\" rel=\"noopener\"><img decoding=\"async\" src=\"https:\/\/academiaplus.eu\/wp-content\/uploads\/2020\/05\/001-300x67.png\" alt=\"\" width=\"150\" height=\"33\" \/><\/a><\/p>\n<\/td>\n<\/tr>\n<tr>\n<td width=\"72\">\n<p><strong>3 diena. Bir\u017eelio 4 d.<\/strong><\/p>\n<p><strong>\u00a0<\/strong><\/p>\n<p>Pertrauka 13.15-14.15 (GMT+1)<\/p>\n<\/td>\n<td width=\"592\">\n<p><strong>3 dalis. Kliento potencialo ir \u012fgalinimo analiz\u0117<\/strong><\/p>\n<ul>\n<li>Kompetencij\u0173 testavimo \/ vertinimo metodai<\/li>\n<li>Pab\u0117g\u0117li\u0173 ir migrant\u0173 \u012fgalinimo metodai<\/li>\n<li>Privalumai naudojant metodus ir priemones, kurie skatina klient\u0173 mokym\u0105si ir supratim\u0105 karjeros valdymo klausimais<\/li>\n<\/ul>\n<p><strong>Mokymosi rezultatai:<\/strong><\/p>\n<ul>\n<li>Klient\u0173 potencialo ir \u012fgalinimo vertinimo metodai<\/li>\n<li>I\u0161analizuoti i\u0161\u0161\u016bkiai, kylantys vertinant klient\u0173 potencial\u0105 ir \u012fgalinim\u0105 (kuriuos lemia visi anks\u010diau \u012fvardyti i\u0161\u0161\u016bkiai)<\/li>\n<li>Su\u017einota apie kompetencij\u0173 testavimo \/ vertinimo metodus<\/li>\n<li>Diskusija apie pab\u0117g\u0117li\u0173 ir migrant\u0173 \u012fgalinimo metodus<\/li>\n<\/ul>\n<p><a href=\"https:\/\/academiaplus.eu\/wp-content\/uploads\/2020\/05\/Unit-3.-The-analysis-of-client-potential-and-empowerment.pdf\" target=\"_blank\" rel=\"noopener\"><img decoding=\"async\" src=\"https:\/\/academiaplus.eu\/wp-content\/uploads\/2020\/05\/001-300x67.png\" alt=\"\" width=\"150\" height=\"33\" \/><\/a><\/p>\n<\/td>\n<\/tr>\n<tr>\n<td width=\"72\">\n<p><strong>4 diena. Bir\u017eelio 9 d.<\/strong><\/p>\n<p><strong>\u00a0<\/strong><\/p>\n<p><strong>Pertrauka 13.00-14.00 (GMT+1)<\/strong><\/p>\n<\/td>\n<td width=\"592\">\n<p><strong>4 dalis. Specialiosios paramos priemon\u0117s<\/strong><\/p>\n<ul>\n<li>Kalbos mokymasis pagal paramos priemones ir darbo rinkos schemas<\/li>\n<li>Mokymo priemon\u0117s, skirtos pab\u0117g\u0117li\u0173 ir migrant\u0173 profesiniams \u012fg\u016bd\u017eiams pritaikyti darbo rinkai<\/li>\n<li>Paramos priemoni\u0173 teisiniai aspektai<\/li>\n<\/ul>\n<p><strong>Mokymosi rezultatai:<\/strong><\/p>\n<ul>\n<li>I\u0161analizuotos problemos, kylan\u010dios d\u0117l galimyb\u0117s naudotis paramos priemon\u0117mis ir darbo rinkos schemomis<\/li>\n<li>Kalbos mokymosi skatinimas pagal paramos priemones ir darbo rinkos schemas<\/li>\n<li>Informuota apie mokymo priemones, skirtas pab\u0117g\u0117li\u0173 ir migrant\u0173 profesiniams \u012fg\u016bd\u017eiams pritaikyti<\/li>\n<li>Su\u017einota apie paramos priemoni\u0173 teisinius aspektus<\/li>\n<\/ul>\n<p><a href=\"https:\/\/academiaplus.eu\/wp-content\/uploads\/2020\/05\/Unit-4.-Specific-supportive-measures.pdf\" target=\"_blank\" rel=\"noopener\"><img decoding=\"async\" src=\"https:\/\/academiaplus.eu\/wp-content\/uploads\/2020\/05\/001-300x67.png\" alt=\"\" width=\"150\" height=\"33\" \/><\/a><\/p>\n<\/td>\n<\/tr>\n<\/tbody>\n<\/table>\n<p>Nuoroda \u012f \u201eAcademia+\u201d Moodle virtuali\u0105 mokymosi aplink\u0105: <em>www.academiaplus.eu\/moodle\/<\/em><\/p>\n<p>3 \u017eingsniai, norint pasiekti C-STEP 1 \u201cMigrant\u0173 ir pab\u0117g\u0117li\u0173 konsultavimas\u201d mokym\u0173 med\u017eiag\u0105:<\/p>\n<ol>\n<li>Enter <a href=\"http:\/\/www.academiaplus.eu\/moodle\/\">www.academiaplus.eu\/moodle\/<\/a><\/li>\n<\/ol>\n<p>\t\t\t\t\t\t\t\t\t\t\t\t\t<a href=\"http:\/\/www.academiaplus.eu\/moodle\/\"><br \/>\n\t\t\t\t\t\t\t<img decoding=\"async\" src=\"https:\/\/academiaplus.eu\/wp-content\/uploads\/elementor\/thumbs\/moodle-oorzwlflc3wea39ak4si3mof0a3u9jg5j36nbvinsu.png\" title=\"moodle\" alt=\"moodle\" \/>\t\t\t\t\t\t\t\t<\/a><\/p>\n<p>\u00a0<\/p>\n<p>2. Choose<\/p>\n<p>\t\t\t\t\t\t\t\t\t\t\t\t<img loading=\"lazy\" decoding=\"async\" width=\"596\" height=\"201\" src=\"https:\/\/academiaplus.eu\/wp-content\/uploads\/2020\/07\/003.jpg\" alt=\"\" loading=\"lazy\" srcset=\"https:\/\/academiaplus.eu\/wp-content\/uploads\/2020\/07\/003.jpg 596w, https:\/\/academiaplus.eu\/wp-content\/uploads\/2020\/07\/003-300x101.jpg 300w\" sizes=\"auto, (max-width: 596px) 100vw, 596px\" \/>\t\t\t\t\t\t\t\t\t\t\t\t\t\t<\/p>\n<p>3. Login as a guest<\/p>\n<p>\t\t\t\t\t\t\t\t\t\t\t\t<img loading=\"lazy\" decoding=\"async\" width=\"305\" height=\"51\" src=\"https:\/\/academiaplus.eu\/wp-content\/uploads\/2020\/07\/002.jpg\" alt=\"\" loading=\"lazy\" srcset=\"https:\/\/academiaplus.eu\/wp-content\/uploads\/2020\/07\/002.jpg 305w, https:\/\/academiaplus.eu\/wp-content\/uploads\/2020\/07\/002-300x50.jpg 300w\" sizes=\"auto, (max-width: 305px) 100vw, 305px\" \/><\/p>\n","protected":false},"excerpt":{"rendered":"<p>APIE POREIKIS REZULTATAI PARTNERIAI &#8220;ACADEMIA NETWORK&#8221;\u00a0 RENGINIAI D\u0117l COVID-19 kriz\u0117s pirmieji C-STEP karjeros konsultant\u0173 mainai ir mokymai \u201eMigrant\u0173 ir pab\u0117g\u0117li\u0173 konsultavimas\u201c buvo pakeisti 4 dien\u0173 internetiniais mokymais 2020 m. gegu\u017e\u0117s 28 d. bei bir\u017eelio 2, 4 ir 9 dienomis.\u00a0 C-STEP 1 \u201eMigrant\u0173 ir pab\u0117g\u0117li\u0173 konsultavimas\u201c yra vieni i\u0161 trij\u0173 C-STEPs karjeros konsultant\u0173 mokymosi ir main\u0173 dali\u0173, skirt\u0173 pagrindiniams Europos darbo rink\u0173 ir visuomen\u0117s socialiniams i\u0161\u0161\u016bkiams spr\u0119sti \u012fgyvendinant \u201eAcademia+\u201c projekt\u0105, finansuojam\u0105 Europos Komisijos pagal Erasmus+ program\u0105. Daugiau apie \u201eAcademia+\u201c projekt\u0105 \u010dia. Internetiniuose mokymuose buvo kviestini\u0173 specialist\u0173 paskaitos, seminarai ir darbas grup\u0117se, palikta laiko klausim\u0173 ir atsakym\u0173 sesijai, kt. Dalis internetini\u0173 mokym\u0173 buvo \u012fra\u0161yta ir \u012fkelta \u012f visuomen\u0117s informavimo priemoni\u0173 centr\u0105 (angl.&hellip; <a class=\"read-more\" href=\"https:\/\/academiaplus.eu\/lt\/c-step-1\/\">Read More<\/a><\/p>\n","protected":false},"author":1,"featured_media":0,"parent":0,"menu_order":0,"comment_status":"closed","ping_status":"closed","template":"","meta":{"footnotes":""},"class_list":["post-2394","page","type-page","status-publish","hentry"],"translation":{"provider":"WPGlobus","version":"3.0.2","language":"lt","enabled_languages":["en","de","pt","lt"],"languages":{"en":{"title":true,"content":true,"excerpt":false},"de":{"title":true,"content":true,"excerpt":false},"pt":{"title":true,"content":true,"excerpt":false},"lt":{"title":true,"content":true,"excerpt":false}}},"_links":{"self":[{"href":"https:\/\/academiaplus.eu\/lt\/wp-json\/wp\/v2\/pages\/2394","targetHints":{"allow":["GET"]}}],"collection":[{"href":"https:\/\/academiaplus.eu\/lt\/wp-json\/wp\/v2\/pages"}],"about":[{"href":"https:\/\/academiaplus.eu\/lt\/wp-json\/wp\/v2\/types\/page"}],"author":[{"embeddable":true,"href":"https:\/\/academiaplus.eu\/lt\/wp-json\/wp\/v2\/users\/1"}],"replies":[{"embeddable":true,"href":"https:\/\/academiaplus.eu\/lt\/wp-json\/wp\/v2\/comments?post=2394"}],"version-history":[{"count":468,"href":"https:\/\/academiaplus.eu\/lt\/wp-json\/wp\/v2\/pages\/2394\/revisions"}],"predecessor-version":[{"id":6737,"href":"https:\/\/academiaplus.eu\/lt\/wp-json\/wp\/v2\/pages\/2394\/revisions\/6737"}],"wp:attachment":[{"href":"https:\/\/academiaplus.eu\/lt\/wp-json\/wp\/v2\/media?parent=2394"}],"curies":[{"name":"wp","href":"https:\/\/api.w.org\/{rel}","templated":true}]}}