{"id":2332,"date":"2020-02-05T13:01:52","date_gmt":"2020-02-05T13:01:52","guid":{"rendered":"https:\/\/academiaplus.eu\/?page_id=2332"},"modified":"2021-01-18T08:39:02","modified_gmt":"2021-01-18T08:39:02","slug":"3nd-transnational-partners-meeting","status":"publish","type":"page","link":"https:\/\/academiaplus.eu\/lt\/project\/events\/3nd-transnational-partners-meeting\/","title":{"rendered":"3-iasis tarptautinis partneri\u0173 susitikimas"},"content":{"rendered":"<p><a href=\"https:\/\/academiaplus.eu\/lt\/project\/\">APIE<\/a><\/p>\n<p><a href=\"https:\/\/academiaplus.eu\/lt\/project\/background\/\">POREIKIS<\/a><\/p>\n<p><a href=\"https:\/\/academiaplus.eu\/lt\/outputs\/\">REZULTATAI<\/a><\/p>\n<p><a href=\"https:\/\/academiaplus.eu\/lt\/project\/partners\/\">PARTNERIAI<\/a><\/p>\n<p><a href=\"https:\/\/academiaplus.eu\/lt\/project\/academia-network\/\">&#8220;ACADEMIA NETWORK&#8221;\u00a0<\/a><\/p>\n<p><a href=\"https:\/\/academiaplus.eu\/\/lt\/project\/events\/\">RENGINIAI<\/a><\/p>\n<p>D\u0117l pasaulin\u0117s pandemijos situacijos tre\u010diasis tarptautinis partneri\u0173 susitikimas vyko internetu 2020 m. kovo 25-26 dienomis.<\/p>\n<p>\t\t\t\t\t\t\t\t\t\t<img decoding=\"async\" src=\"https:\/\/academiaplus.eu\/wp-content\/uploads\/elementor\/thumbs\/Skype_meeting-onq8ymzoxz4z7uzqpa6nmbhilodd7q01jynf2kf7pm.jpg\" title=\"Skype_meeting\" alt=\"Skype_meeting\" \/>\t\t\t\t\t\t\t\t\t\t\t<\/p>\n<p>Partneriai aptar\u0117 dabartin\u0119 projekto veikl\u0173 pad\u0117t\u012f, taip pat pasidalino iki \u0161iol kiekvieno i\u0161 partneri\u0173 parengt\u0173 u\u017eduo\u010di\u0173 (IO1-IO5 intelektini\u0173 produkt\u0173) ap\u017evalgomis, projekto vie\u0161inimo veiklomis, svarst\u0117 tarpin\u0117s ataskaitos klausimus. Susitikimo metu partneriai tur\u0117jo nuspr\u0119sti, kaip elgtis pasaulin\u0117s COVID-19 kriz\u0117s akivaizdoje, siekiant, kad projekto veiklos b\u016bt\u0173 \u012fgyvendintos. Buvo nuspr\u0119sta pirmuosius karjeros konsultant\u0173 mokymus ir mainus (C-STEP 1), kurie tur\u0117jo vykti partneri\u0173 \u0161alyse akivaizdiniu b\u016bdu, pakeisti \u012f 4 dien\u0173 internetinius mokymus ir atverti juos platesnei suinteresuot\u0173 konsultant\u0173 grupei (neapsiribojant tik projekto partneri\u0173 \u0161alimis). Daugiau informacijos apie <a href=\"https:\/\/academiaplus.eu\/lt\/c-step-1\/\">internetinius mokymus &gt;&gt;<\/a>\u00a0<\/p>\n","protected":false},"excerpt":{"rendered":"<p>APIE POREIKIS REZULTATAI PARTNERIAI &#8220;ACADEMIA NETWORK&#8221;\u00a0 RENGINIAI D\u0117l pasaulin\u0117s pandemijos situacijos tre\u010diasis tarptautinis partneri\u0173 susitikimas vyko internetu 2020 m. kovo 25-26 dienomis. Partneriai aptar\u0117 dabartin\u0119 projekto veikl\u0173 pad\u0117t\u012f, taip pat pasidalino iki \u0161iol kiekvieno i\u0161 partneri\u0173 parengt\u0173 u\u017eduo\u010di\u0173 (IO1-IO5 intelektini\u0173 produkt\u0173) ap\u017evalgomis, projekto vie\u0161inimo veiklomis, svarst\u0117 tarpin\u0117s ataskaitos klausimus. Susitikimo metu partneriai tur\u0117jo nuspr\u0119sti, kaip elgtis pasaulin\u0117s COVID-19 kriz\u0117s akivaizdoje, siekiant, kad projekto veiklos b\u016bt\u0173 \u012fgyvendintos. Buvo nuspr\u0119sta pirmuosius karjeros konsultant\u0173 mokymus ir mainus (C-STEP 1), kurie tur\u0117jo vykti partneri\u0173 \u0161alyse akivaizdiniu b\u016bdu, pakeisti \u012f 4 dien\u0173 internetinius mokymus ir atverti juos platesnei suinteresuot\u0173 konsultant\u0173 grupei (neapsiribojant tik projekto partneri\u0173 \u0161alimis). Daugiau informacijos apie internetinius mokymus &gt;&gt;\u00a0<\/p>\n","protected":false},"author":1,"featured_media":0,"parent":961,"menu_order":0,"comment_status":"closed","ping_status":"closed","template":"","meta":{"footnotes":""},"class_list":["post-2332","page","type-page","status-publish","hentry"],"translation":{"provider":"WPGlobus","version":"3.0.2","language":"lt","enabled_languages":["en","de","pt","lt"],"languages":{"en":{"title":true,"content":true,"excerpt":false},"de":{"title":true,"content":true,"excerpt":false},"pt":{"title":true,"content":true,"excerpt":false},"lt":{"title":true,"content":true,"excerpt":false}}},"_links":{"self":[{"href":"https:\/\/academiaplus.eu\/lt\/wp-json\/wp\/v2\/pages\/2332","targetHints":{"allow":["GET"]}}],"collection":[{"href":"https:\/\/academiaplus.eu\/lt\/wp-json\/wp\/v2\/pages"}],"about":[{"href":"https:\/\/academiaplus.eu\/lt\/wp-json\/wp\/v2\/types\/page"}],"author":[{"embeddable":true,"href":"https:\/\/academiaplus.eu\/lt\/wp-json\/wp\/v2\/users\/1"}],"replies":[{"embeddable":true,"href":"https:\/\/academiaplus.eu\/lt\/wp-json\/wp\/v2\/comments?post=2332"}],"version-history":[{"count":81,"href":"https:\/\/academiaplus.eu\/lt\/wp-json\/wp\/v2\/pages\/2332\/revisions"}],"predecessor-version":[{"id":5376,"href":"https:\/\/academiaplus.eu\/lt\/wp-json\/wp\/v2\/pages\/2332\/revisions\/5376"}],"up":[{"embeddable":true,"href":"https:\/\/academiaplus.eu\/lt\/wp-json\/wp\/v2\/pages\/961"}],"wp:attachment":[{"href":"https:\/\/academiaplus.eu\/lt\/wp-json\/wp\/v2\/media?parent=2332"}],"curies":[{"name":"wp","href":"https:\/\/api.w.org\/{rel}","templated":true}]}}