{"id":1964,"date":"2019-10-16T14:35:48","date_gmt":"2019-10-16T14:35:48","guid":{"rendered":"https:\/\/academiaplus.eu\/?page_id=1964"},"modified":"2021-08-16T12:42:11","modified_gmt":"2021-08-16T12:42:11","slug":"2nd-transnational-partners-meeting","status":"publish","type":"page","link":"https:\/\/academiaplus.eu\/lt\/project\/events\/2nd-transnational-partners-meeting\/","title":{"rendered":"2-asis tarptautinis partneri\u0173 susitikimas"},"content":{"rendered":"<p><a href=\"https:\/\/academiaplus.eu\/lt\/project\/\">APIE<\/a><\/p>\n<p><a href=\"https:\/\/academiaplus.eu\/lt\/project\/background\/\">POREIKIS<\/a><\/p>\n<p><a href=\"https:\/\/academiaplus.eu\/lt\/outputs\/\">REZULTATAI<\/a><\/p>\n<p><a href=\"https:\/\/academiaplus.eu\/lt\/project\/partners\/\">PARTNERIAI<\/a><\/p>\n<p><a href=\"https:\/\/academiaplus.eu\/lt\/project\/academia-network\/\">&#8220;ACADEMIA NETWORK&#8221;\u00a0<\/a><\/p>\n<p><a href=\"https:\/\/academiaplus.eu\/\/lt\/project\/events\/\">RENGINIAI<\/a><\/p>\n<p><strong>2-asis tarptautinis partneri\u0173 susitikimas, Porto (Portugalija), 2019 m. spalio 15-16 d.<\/strong><\/p>\n<p>\t\t\t\t\t\t\t\t\t\t<img decoding=\"async\" src=\"https:\/\/academiaplus.eu\/wp-content\/uploads\/elementor\/thumbs\/20191015_113050-ofb4qsa5pmzt9ospj3fcf35kpe05qd0jr7tb8rzm0u.jpg\" title=\"20191015_113050\" alt=\"20191015_113050\" \/>\t\t\t\t\t\t\t\t\t\t\t<\/p>\n<p>Antrojo partneri\u0173 susitikimo vieta \u2013 Porto mieste, kuriame buvo aptarta esama projekto darb\u0173 pad\u0117tis ir laukian\u010dios u\u017eduotys. Tai ap\u0117m\u0117 pabaigt\u0173 projekto rezultat\u0173 ir kiekvienam intelektiniam produktui planuojam\u0173 veikl\u0173 ap\u017evalg\u0105, projekto sklaidos veiklas ir ataskait\u0173 rengim\u0105.\u00a0\u00a0<\/p>\n<p>Susitikimo metu per\u017ei\u016br\u0117ti ir suplanuoti darbai projekto \u012fgyvendinimui: \u201eAcademia Network\u201c tinklo bendruomen\u0117s susitikimas Manheime (2019 m. gruod\u017eio 10-11 d.), pilotiniai C-STEP (karjeros konsultant\u0173 mokym\u0173 ir main\u0173 programa) \u0160verine (2020 m. gegu\u017e\u0117s 25-29 d.), b\u016bsimi partneri\u0173 susitikimai ir sprendimai d\u0117l komunikacijos, internetin\u0117s svetain\u0117s ir 1-ojo C-STEP turinio.<\/p>\n<p>\t\t\t\t\t\t\t\t\t\t<img loading=\"lazy\" decoding=\"async\" width=\"700\" height=\"398\" src=\"https:\/\/academiaplus.eu\/wp-content\/uploads\/2019\/11\/2_nd_meeting_AGENDA.jpg\" alt=\"\" loading=\"lazy\" srcset=\"https:\/\/academiaplus.eu\/wp-content\/uploads\/2019\/11\/2_nd_meeting_AGENDA.jpg 700w, https:\/\/academiaplus.eu\/wp-content\/uploads\/2019\/11\/2_nd_meeting_AGENDA-300x171.jpg 300w\" sizes=\"auto, (max-width: 700px) 100vw, 700px\" \/>\t\t\t\t\t\t\t\t\t\t\t<\/p>\n<p><a href=\"https:\/\/academiaplus.eu\/wp-content\/uploads\/2019\/11\/Academia-2nd-Meeting-Porto-Agenda.pdf\">Academia+ 2nd Meeting, Porto, Agenda.pdf<\/a><\/p>\n","protected":false},"excerpt":{"rendered":"<p>APIE POREIKIS REZULTATAI PARTNERIAI &#8220;ACADEMIA NETWORK&#8221;\u00a0 RENGINIAI 2-asis tarptautinis partneri\u0173 susitikimas, Porto (Portugalija), 2019 m. spalio 15-16 d. Antrojo partneri\u0173 susitikimo vieta \u2013 Porto mieste, kuriame buvo aptarta esama projekto darb\u0173 pad\u0117tis ir laukian\u010dios u\u017eduotys. Tai ap\u0117m\u0117 pabaigt\u0173 projekto rezultat\u0173 ir kiekvienam intelektiniam produktui planuojam\u0173 veikl\u0173 ap\u017evalg\u0105, projekto sklaidos veiklas ir ataskait\u0173 rengim\u0105.\u00a0\u00a0 Susitikimo metu per\u017ei\u016br\u0117ti ir suplanuoti darbai projekto \u012fgyvendinimui: \u201eAcademia Network\u201c tinklo bendruomen\u0117s susitikimas Manheime (2019 m. gruod\u017eio 10-11 d.), pilotiniai C-STEP (karjeros konsultant\u0173 mokym\u0173 ir main\u0173 programa) \u0160verine (2020 m. gegu\u017e\u0117s 25-29 d.), b\u016bsimi partneri\u0173 susitikimai ir sprendimai d\u0117l komunikacijos, internetin\u0117s svetain\u0117s ir 1-ojo C-STEP turinio. Academia+ 2nd Meeting, Porto, Agenda.pdf<\/p>\n","protected":false},"author":1,"featured_media":0,"parent":961,"menu_order":0,"comment_status":"closed","ping_status":"closed","template":"","meta":{"footnotes":""},"class_list":["post-1964","page","type-page","status-publish","hentry"],"translation":{"provider":"WPGlobus","version":"3.0.2","language":"lt","enabled_languages":["en","de","pt","lt"],"languages":{"en":{"title":true,"content":true,"excerpt":false},"de":{"title":true,"content":true,"excerpt":false},"pt":{"title":true,"content":true,"excerpt":false},"lt":{"title":true,"content":true,"excerpt":false}}},"_links":{"self":[{"href":"https:\/\/academiaplus.eu\/lt\/wp-json\/wp\/v2\/pages\/1964","targetHints":{"allow":["GET"]}}],"collection":[{"href":"https:\/\/academiaplus.eu\/lt\/wp-json\/wp\/v2\/pages"}],"about":[{"href":"https:\/\/academiaplus.eu\/lt\/wp-json\/wp\/v2\/types\/page"}],"author":[{"embeddable":true,"href":"https:\/\/academiaplus.eu\/lt\/wp-json\/wp\/v2\/users\/1"}],"replies":[{"embeddable":true,"href":"https:\/\/academiaplus.eu\/lt\/wp-json\/wp\/v2\/comments?post=1964"}],"version-history":[{"count":85,"href":"https:\/\/academiaplus.eu\/lt\/wp-json\/wp\/v2\/pages\/1964\/revisions"}],"predecessor-version":[{"id":6984,"href":"https:\/\/academiaplus.eu\/lt\/wp-json\/wp\/v2\/pages\/1964\/revisions\/6984"}],"up":[{"embeddable":true,"href":"https:\/\/academiaplus.eu\/lt\/wp-json\/wp\/v2\/pages\/961"}],"wp:attachment":[{"href":"https:\/\/academiaplus.eu\/lt\/wp-json\/wp\/v2\/media?parent=1964"}],"curies":[{"name":"wp","href":"https:\/\/api.w.org\/{rel}","templated":true}]}}