{"id":1651,"date":"2019-04-19T10:46:42","date_gmt":"2019-04-19T10:46:42","guid":{"rendered":"https:\/\/academiaplus.eu\/?page_id=1651"},"modified":"2021-01-18T08:39:43","modified_gmt":"2021-01-18T08:39:43","slug":"kick-off-meeting","status":"publish","type":"page","link":"https:\/\/academiaplus.eu\/lt\/project\/events\/kick-off-meeting\/","title":{"rendered":"1-asis tarptautinis partneri\u0173 susitikimas"},"content":{"rendered":"<p><a href=\"https:\/\/academiaplus.eu\/lt\/project\/\">APIE<\/a><\/p>\n<p><a href=\"https:\/\/academiaplus.eu\/lt\/project\/background\/\">POREIKIS<\/a><\/p>\n<p><a href=\"https:\/\/academiaplus.eu\/lt\/outputs\/\">REZULTATAI<\/a><\/p>\n<p><a href=\"https:\/\/academiaplus.eu\/lt\/project\/partners\/\">PARTNERIAI<\/a><\/p>\n<p><a href=\"https:\/\/academiaplus.eu\/lt\/project\/academia-network\/\">&#8220;ACADEMIA NETWORK&#8221;\u00a0<\/a><\/p>\n<p><a href=\"https:\/\/academiaplus.eu\/\/lt\/project\/events\/\">RENGINIAI<\/a><\/p>\n<p><strong>1-asis susitikimas, \u0160verinas (Vokietija), 2019 m. kovo 27-28 d.<\/strong><\/p>\n<p>\t\t\t\t\t\t\t\t\t\t<img decoding=\"async\" src=\"https:\/\/academiaplus.eu\/wp-content\/uploads\/elementor\/thumbs\/Schwerin_first_meeting-o6ljgouq2sqj93y2ed7269ojjpcl2588c7kzra7w2k.jpg\" title=\"Schwerin_first_meeting\" alt=\"Schwerin_first_meeting\" \/>\t\t\t\t\t\t\t\t\t\t\t<\/p>\n<p>Susitikimo metu partneriai susipa\u017eino vieni su kitais, per\u017ei\u016br\u0117jo ir suplanavo b\u016bsimus darbus projekte, aptar\u0117 ir pri\u0117m\u0117 sprendimus d\u0117l komunikacijos priemoni\u0173 tarp partneri\u0173, internetin\u0117s svetain\u0117s ir rengiamos projekto med\u017eiagos turinio.<\/p>\n<p>\t\t\t\t\t\t\t\t\t\t\t<a href=\"https:\/\/academiaplus.eu\/wp-content\/uploads\/2019\/07\/KICK_OFF_MEETING_AGENDA.png\" data-elementor-open-lightbox=\"yes\" data-elementor-lightbox-title=\"KICK_OFF_MEETING_AGENDA\"><br \/>\n\t\t\t\t\t\t\t<img decoding=\"async\" src=\"https:\/\/academiaplus.eu\/wp-content\/uploads\/elementor\/thumbs\/KICK_OFF_MEETING_AGENDA-oargo46vu004kz6t7v1przhaey7k2dhcd2wce2ittg.png\" title=\"KICK_OFF_MEETING_AGENDA\" alt=\"KICK_OFF_MEETING_AGENDA\" \/>\t\t\t\t\t\t\t\t<\/a><\/p>\n<p><a href=\"https:\/\/academiaplus.eu\/wp-content\/uploads\/2019\/07\/AcademiaKickkOff_agenda_draft_version.pdf\" target=\"_blank\" rel=\"noopener\" data-wplink-edit=\"true\">Academia+Kick Off agenda.pdf<\/a><\/p>\n","protected":false},"excerpt":{"rendered":"<p>APIE POREIKIS REZULTATAI PARTNERIAI &#8220;ACADEMIA NETWORK&#8221;\u00a0 RENGINIAI 1-asis susitikimas, \u0160verinas (Vokietija), 2019 m. kovo 27-28 d. Susitikimo metu partneriai susipa\u017eino vieni su kitais, per\u017ei\u016br\u0117jo ir suplanavo b\u016bsimus darbus projekte, aptar\u0117 ir pri\u0117m\u0117 sprendimus d\u0117l komunikacijos priemoni\u0173 tarp partneri\u0173, internetin\u0117s svetain\u0117s ir rengiamos projekto med\u017eiagos turinio. Academia+Kick Off agenda.pdf<\/p>\n","protected":false},"author":1,"featured_media":0,"parent":961,"menu_order":0,"comment_status":"closed","ping_status":"closed","template":"","meta":{"footnotes":""},"class_list":["post-1651","page","type-page","status-publish","hentry"],"translation":{"provider":"WPGlobus","version":"3.0.2","language":"lt","enabled_languages":["en","de","pt","lt"],"languages":{"en":{"title":true,"content":true,"excerpt":false},"de":{"title":true,"content":true,"excerpt":false},"pt":{"title":true,"content":true,"excerpt":false},"lt":{"title":true,"content":true,"excerpt":false}}},"_links":{"self":[{"href":"https:\/\/academiaplus.eu\/lt\/wp-json\/wp\/v2\/pages\/1651","targetHints":{"allow":["GET"]}}],"collection":[{"href":"https:\/\/academiaplus.eu\/lt\/wp-json\/wp\/v2\/pages"}],"about":[{"href":"https:\/\/academiaplus.eu\/lt\/wp-json\/wp\/v2\/types\/page"}],"author":[{"embeddable":true,"href":"https:\/\/academiaplus.eu\/lt\/wp-json\/wp\/v2\/users\/1"}],"replies":[{"embeddable":true,"href":"https:\/\/academiaplus.eu\/lt\/wp-json\/wp\/v2\/comments?post=1651"}],"version-history":[{"count":80,"href":"https:\/\/academiaplus.eu\/lt\/wp-json\/wp\/v2\/pages\/1651\/revisions"}],"predecessor-version":[{"id":5379,"href":"https:\/\/academiaplus.eu\/lt\/wp-json\/wp\/v2\/pages\/1651\/revisions\/5379"}],"up":[{"embeddable":true,"href":"https:\/\/academiaplus.eu\/lt\/wp-json\/wp\/v2\/pages\/961"}],"wp:attachment":[{"href":"https:\/\/academiaplus.eu\/lt\/wp-json\/wp\/v2\/media?parent=1651"}],"curies":[{"name":"wp","href":"https:\/\/api.w.org\/{rel}","templated":true}]}}