{"id":1050,"date":"2019-02-05T12:15:01","date_gmt":"2019-02-05T12:15:01","guid":{"rendered":"http:\/\/academiaplus.eu\/?page_id=1050"},"modified":"2021-08-28T17:58:56","modified_gmt":"2021-08-28T17:58:56","slug":"academia-network","status":"publish","type":"page","link":"https:\/\/academiaplus.eu\/lt\/project\/academia-network\/","title":{"rendered":"&#8220;ACADEMIA NETWORK&#8221; TINKLAS"},"content":{"rendered":"<p><a href=\"https:\/\/academiaplus.eu\/lt\/project\/\">APIE<\/a><\/p>\n<p><a href=\"https:\/\/academiaplus.eu\/lt\/project\/background\/\">POREIKIS<\/a><\/p>\n<p><a href=\"https:\/\/academiaplus.eu\/lt\/outputs\/\">REZULTATAI<\/a><\/p>\n<p><a href=\"https:\/\/academiaplus.eu\/lt\/project\/partners\/\">PARTNERIAI<\/a><\/p>\n<p><a href=\"https:\/\/academiaplus.eu\/lt\/project\/academia-network\/\">&#8220;ACADEMIA NETWORK&#8221;\u00a0<\/a><\/p>\n<p><a href=\"https:\/\/academiaplus.eu\/\/lt\/project\/events\/\">RENGINIAI<\/a><\/p>\n<p><strong>Projekto \u201eAcademia+\u201d<\/strong> metu buvo naudojamas <strong>\u201eAcademia Network\u201d tinklo <\/strong>ry\u0161i\u0173 ir \u012fdirbio potencialas, \u201eAcademia Network\u201d bendruomen\u0117s veikl\u0105 per\u0117jo \u012f auk\u0161tesn\u012f lyg\u012f ruo\u0161iantis ateities skaitmeniniam pasauliui.<\/p>\n<p>\u201eAcademia Network\u201d tinklas \u2013 tai programa<strong>, skirta karjeros orientavimo specialist\u0173 konsultacijoms.<\/strong> Tinklas buvo \u012fkurtas 1992 m. ir finansuotas pagal <strong>Europos Komisijos<\/strong> <strong>program\u0105<\/strong> <strong>\u201ePetra\u201c.<\/strong> Da\u017enai pasikliaudama karjeros konsultavimo ekspertais, gyvenan\u010diais ir praktikos, ir mokslini\u0173 tyrim\u0173 pasauliuose, \u201eAcademia Network\u201d tinklas sugeb\u0117jo u\u017epildyti sprag\u0105, kuri pernelyg da\u017enai atsiranda tarp praktikos ir teorijos.<\/p>\n<p>Siekiant stiprinti karjeros orientavimo ir konsultavimo sistem\u0173 europinius aspektus, \u201eAcademia Network\u201d tinklas suteikia galimyb\u0119 karjeros orientavimo specialistams dalyvauti <strong>vienos savait\u0117s profesinio judumo programoje ar sta\u017euot\u0117je 18 Europos \u201eAcademia Network\u201d tinklo partneri\u0173 \u0161alyse.<\/strong> Tinklo veiklos laikotarpiu jau daugyb\u0117 konsultavimo specialist\u0173 dalyvavo \u0161iuose profesiniuose mainuose ir \u012fvairiose Europos \u0161alyse.<\/p>\n<p>Iki \u0161iol vienos savait\u0117s profesinis judumas arba sta\u017euot\u0117 buvo orientuoti \u012f paskaitas, darbo steb\u0117jim\u0105, grupines diskusijas ir keitim\u0105si patirtimi.<\/p>\n<p style=\"font-weight: 400;\">Daugiau informacijos apie \u201eAcademia Network\u201c tinkl\u0105 ir karjeros konsultant\u0173 mainus rasite <strong>Euroguidance svetain\u0117je:<\/strong><\/p>\n<ul>\n<li style=\"font-weight: 400;\">\u201eInternational Mobility\u201c:\u00a0<a href=\"https:\/\/www.euroguidance.eu\/international-mobility\" data-saferedirecturl=\"https:\/\/www.google.com\/url?q=https:\/\/www.euroguidance.eu\/international-mobility&amp;source=gmail&amp;ust=1573971320888000&amp;usg=AFQjCNGQAmb8qKInwg47wP5Wq_FCeFf0cA\">https:\/\/www.euroguidance.eu\/international-mobility<\/a><\/li>\n<li style=\"font-weight: 400;\">\u201eAcademia Mobility Experience\u201c:\u00a0<strong><a href=\"https:\/\/www.euroguidance.eu\/international-mobility\/academia\" data-saferedirecturl=\"https:\/\/www.google.com\/url?q=https:\/\/www.euroguidance.eu\/international-mobility\/academia&amp;source=gmail&amp;ust=1573971320888000&amp;usg=AFQjCNHT-0Jj1A-G8-9MBJ7NxPlERWRyOw\">https:\/\/www.euroguidance.eu\/international-mobility\/academia<\/a><\/strong><\/li>\n<li style=\"font-weight: 400;\">\u201eAcademia mobility opportunities\u201c:\u00a0<a href=\"https:\/\/www.euroguidance.eu\/international-mobility\/training-opportunities\" data-saferedirecturl=\"https:\/\/www.google.com\/url?q=https:\/\/www.euroguidance.eu\/international-mobility\/training-opportunities&amp;source=gmail&amp;ust=1573971320888000&amp;usg=AFQjCNHYvubpE0zusTLZxoHJlTu0xJaEjw\">https:\/\/www.euroguidance.eu\/international-mobility\/training-opportunities<\/a><\/li>\n<\/ul>\n","protected":false},"excerpt":{"rendered":"<p>APIE POREIKIS REZULTATAI PARTNERIAI &#8220;ACADEMIA NETWORK&#8221;\u00a0 RENGINIAI Projekto \u201eAcademia+\u201d metu buvo naudojamas \u201eAcademia Network\u201d tinklo ry\u0161i\u0173 ir \u012fdirbio potencialas, \u201eAcademia Network\u201d bendruomen\u0117s veikl\u0105 per\u0117jo \u012f auk\u0161tesn\u012f lyg\u012f ruo\u0161iantis ateities skaitmeniniam pasauliui. \u201eAcademia Network\u201d tinklas \u2013 tai programa, skirta karjeros orientavimo specialist\u0173 konsultacijoms. Tinklas buvo \u012fkurtas 1992 m. ir finansuotas pagal Europos Komisijos program\u0105 \u201ePetra\u201c. Da\u017enai pasikliaudama karjeros konsultavimo ekspertais, gyvenan\u010diais ir praktikos, ir mokslini\u0173 tyrim\u0173 pasauliuose, \u201eAcademia Network\u201d tinklas sugeb\u0117jo u\u017epildyti sprag\u0105, kuri pernelyg da\u017enai atsiranda tarp praktikos ir teorijos. Siekiant stiprinti karjeros orientavimo ir konsultavimo sistem\u0173 europinius aspektus, \u201eAcademia Network\u201d tinklas suteikia galimyb\u0119 karjeros orientavimo specialistams dalyvauti vienos savait\u0117s profesinio judumo programoje ar sta\u017euot\u0117je 18 Europos \u201eAcademia Network\u201d tinklo&hellip; <a class=\"read-more\" href=\"https:\/\/academiaplus.eu\/lt\/project\/academia-network\/\">Read More<\/a><\/p>\n","protected":false},"author":1,"featured_media":0,"parent":970,"menu_order":0,"comment_status":"closed","ping_status":"closed","template":"","meta":{"footnotes":""},"class_list":["post-1050","page","type-page","status-publish","hentry"],"translation":{"provider":"WPGlobus","version":"3.0.2","language":"lt","enabled_languages":["en","de","pt","lt"],"languages":{"en":{"title":true,"content":true,"excerpt":false},"de":{"title":true,"content":true,"excerpt":false},"pt":{"title":true,"content":true,"excerpt":false},"lt":{"title":true,"content":true,"excerpt":false}}},"_links":{"self":[{"href":"https:\/\/academiaplus.eu\/lt\/wp-json\/wp\/v2\/pages\/1050","targetHints":{"allow":["GET"]}}],"collection":[{"href":"https:\/\/academiaplus.eu\/lt\/wp-json\/wp\/v2\/pages"}],"about":[{"href":"https:\/\/academiaplus.eu\/lt\/wp-json\/wp\/v2\/types\/page"}],"author":[{"embeddable":true,"href":"https:\/\/academiaplus.eu\/lt\/wp-json\/wp\/v2\/users\/1"}],"replies":[{"embeddable":true,"href":"https:\/\/academiaplus.eu\/lt\/wp-json\/wp\/v2\/comments?post=1050"}],"version-history":[{"count":99,"href":"https:\/\/academiaplus.eu\/lt\/wp-json\/wp\/v2\/pages\/1050\/revisions"}],"predecessor-version":[{"id":7128,"href":"https:\/\/academiaplus.eu\/lt\/wp-json\/wp\/v2\/pages\/1050\/revisions\/7128"}],"up":[{"embeddable":true,"href":"https:\/\/academiaplus.eu\/lt\/wp-json\/wp\/v2\/pages\/970"}],"wp:attachment":[{"href":"https:\/\/academiaplus.eu\/lt\/wp-json\/wp\/v2\/media?parent=1050"}],"curies":[{"name":"wp","href":"https:\/\/api.w.org\/{rel}","templated":true}]}}