{"id":961,"date":"2019-02-05T08:50:21","date_gmt":"2019-02-05T08:50:21","guid":{"rendered":"http:\/\/academiaplus.eu\/?page_id=961"},"modified":"2021-08-16T12:52:52","modified_gmt":"2021-08-16T12:52:52","slug":"events","status":"publish","type":"page","link":"https:\/\/academiaplus.eu\/de\/project\/events\/","title":{"rendered":"EVENTS"},"content":{"rendered":"<p><a href=\"https:\/\/academiaplus.eu\/de\/project\/\">\u00dcBER<\/a><\/p>\n<p><a href=\"https:\/\/academiaplus.eu\/de\/project\/background\">HINTERGRUND<\/a><\/p>\n<p><a href=\"https:\/\/academiaplus.eu\/de\/outputs\/\">AUSG\u00c4NGE<\/a><\/p>\n<p><a href=\"https:\/\/academiaplus.eu\/de\/project\/partners\/\">PARTNER<\/a><\/p>\n<p><a href=\"https:\/\/academiaplus.eu\/de\/project\/academia-network\/\">ACADEMIA NETWORK<\/a><\/p>\n<p><a href=\"https:\/\/academiaplus.eu\/de\/project\/events\/\">EVENTS<\/a><\/p>\n<p>Internationale Treffen<\/p>\n<p>Sechs Partnertreffen. 2 Treffen wurden pers\u00f6nlich organisiert und 4 Treffen wurden aufgrund der Pandemie COVID 19 online abgehalten. Au\u00dferdem organisierten die Partner Online-Zwischentreffen zur Vorbereitung und Diskussion der C-STEPs (Onlinetrainings). Die Erfahrungen aus fr\u00fcheren Projekten zeigen, dass die wichtigsten Mitarbeiter\/innen der einzelnen Partnerteams bei den Treffen anwesend sein sollten, da viele wichtige Diskussionen und Entscheidungen bei den transnationalen pers\u00f6nlichen Treffen der Partner getroffen werden.<br \/>\nDie Partnertreffen fanden an den folgenden Orten statt:<\/p>\n<p><a href=\"https:\/\/academiaplus.eu\/de\/project\/events\/kick-off-meeting\/\">Auftaktveranstaltung (Deutschland) &gt;&gt;<\/a><\/p>\n<p><img decoding=\"async\" src=\"https:\/\/academiaplus.eu\/wp-content\/uploads\/elementor\/thumbs\/Scwerin-o6li0mkp0i1l4kass2xxdf72a6lbleyyvtmtjacsj4.jpg\" title=\"cof\" alt=\"cof\"><\/p>\n<p><a href=\"https:\/\/academiaplus.eu\/de\/project\/events\/2nd-transnational-partners-meeting\/\">2. internationales Partnertreffen (Portugal) &gt;&gt;<\/a><\/p>\n<p><img decoding=\"async\" src=\"https:\/\/academiaplus.eu\/wp-content\/uploads\/elementor\/thumbs\/architecture-buildings-cable-car-1534560_011-o4m422b7kr3tqcoa7f9er5qbeet8zgou3gbfb8jtrk.jpg\" title=\"architecture-buildings-cable-car-1534560_011\" alt=\"architecture-buildings-cable-car-1534560_011\"><\/p>\n<p><a href=\"https:\/\/academiaplus.eu\/project\/events\/de\/3nd-transnational-partners-meeting\/\">3. transnationale Treffen (online) &gt;&gt;<\/a><\/p>\n<p><img loading=\"lazy\" decoding=\"async\" src=\"https:\/\/academiaplus.eu\/wp-content\/uploads\/2020\/04\/Skype_meeting.jpg\" alt=\"\" loading=\"lazy\" srcset=\"https:\/\/academiaplus.eu\/wp-content\/uploads\/2020\/04\/Skype_meeting.jpg 800w, https:\/\/academiaplus.eu\/wp-content\/uploads\/2020\/04\/Skype_meeting-300x158.jpg 300w, https:\/\/academiaplus.eu\/wp-content\/uploads\/2020\/04\/Skype_meeting-768x403.jpg 768w\" sizes=\"auto, (max-width: 800px) 100vw, 800px\" width=\"800\" height=\"420\"><\/p>\n<p><a href=\"https:\/\/academiaplus.eu\/de\/4th-transnational-partners-meeting\/\">4. transnationales Partnertreffen (online) &gt;&gt;<\/a><\/p>\n<p><img decoding=\"async\" src=\"https:\/\/academiaplus.eu\/wp-content\/uploads\/elementor\/thumbs\/academiaplus_4th_online_meeting-oylagentfupbpxb1ro28n7914sqk3dom1q67yz4fao.jpg\" title=\"academiaplus_4th_online_meeting\" alt=\"academiaplus_4th_online_meeting\"><\/p>\n<p><a href=\"https:\/\/academiaplus.eu\/de\/5th-transnational-partners-meeting\/\">5. transnationales Partnertreffen (online) &gt;&gt;<\/a><\/p>\n<p>6. transnationales Partnertreffen (online) &gt;&gt;<\/p>\n<p>C-STEP<\/p>\n<p>Aufgrund der COVID-19-Krisen wurde der erste C-STEP in einen Online-Schulungskurs umgewandelt, der \u00fcber eine Reihe von Webinaren angeboten wurde. Die Schulung und das gesamte Material wurden in englischer Sprache abgehalten. Die Kurse beinhalteten eine Mischung aus verschiedenen didaktischen Settings und Methoden, wie z. B. beginnend mit einer einst\u00fcndigen Vorlesung, einem Abschnitt mit Fragen und Antworten und dann einem Workshop, bei dem die Teilnehmer\/innen in kleinere Gruppen aufgeteilt wurden, um Aufgaben zu erledigen, bevor sie sich wieder den gr\u00f6\u00dferen Gruppen anschlie\u00dfen. Teile des Online-Trainings wurden aufgezeichnet und zusammen mit allen pr\u00e4sentierten Materialien wie Pr\u00e4sentationen, Literatur und Protokollen der Arbeitsergebnisse in das Medienzentrum hochgeladen.<\/p>\n<p><strong><a href=\"https:\/\/academiaplus.eu\/de\/c-step-1\/\">Weitere Einzelheiten &gt;&gt;<\/a><\/strong><\/p>\n<p>MULTIPLIKATOR-VERANSTALTUNG<\/p>\n<p>Aufgrund des expliziten transnationalen Fokus von Academia+ darauf, dass Beratungsprofis von den Ans\u00e4tzen und Erfahrungen anderer L\u00e4nder lernen und profitieren k\u00f6nnen, fand ein gemeinsames internationales Symposium f\u00fcr alle Projektpartner statt (anstelle von nationalen Multiplikatorenveranstaltungen, die sich haupts\u00e4chlich an ein nationales Publikum richten).<\/p>\n<p>Das Symposium brachte Partner aus dem breiteren Academia-Netzwerk sowie Akteure aus verschiedenen Sektoren zusammen, um \u00fcber Academia+ und die Projektergebnisse zu informieren, aktuelle Informationen \u00fcber die drei \u00fcbergreifenden Themen des Projekts zu vermitteln und die Teilnehmer dazu zu bringen, voneinander und von den Ans\u00e4tzen anderer L\u00e4nder zu lernen. Die Zielgruppe des Symposiums umfasste u.a:<\/p>\n<p>Fachleute der Berufsberatung aus ganz Europa<\/p>\n<p>&#8211; F\u00fchrende Personen der \u00f6ffentlichen Arbeitsverwaltung (PES)<\/p>\n<p>&#8211; Politische Entscheidungstr\u00e4ger<\/p>\n<p>&#8211; Vertreter aus der Berufsbildung<\/p>\n<p>&#8211; Vertreter von Unternehmen<\/p>\n<p>&#8211; Vertreter aus Hochschulbildung und Forschung<\/p>\n<p>&#8211; Vertreter der Sozialpartner<\/p>\n<p>&#8211; Vertreter von Kammern<\/p>\n<p>&#8211; VertreterInnen von Verb\u00e4nden f\u00fcr Fl\u00fcchtlinge und MigrantInnen<\/p>\n<p>&#8211; Vertreterinnen und Vertreter der Nationalen Agenturen, die f\u00fcr strategische Partnerschaften im Rahmen von Erasmus+ zust\u00e4ndig sind<\/p>\n<p>Abschlussbericht<\/p>\n<p><a href=\"https:\/\/docs.google.com\/spreadsheets\/d\/1X7xmKXO6apgx3vuCw2FQw1pSOT23OLrluafVUcLBpgE\/edit#gid=1434563993\" target=\"_blank\" rel=\"noopener\">Daten zu Verbreitungsereignissen &gt;&gt;<\/a><\/p>\n<p><a href=\"https:\/\/docs.google.com\/spreadsheets\/d\/1X7xmKXO6apgx3vuCw2FQw1pSOT23OLrluafVUcLBpgE\/edit#gid=789738297\" target=\"_blank\" rel=\"noopener\">Zusammenfassung der Abschlussveranstaltung &gt;&gt;<\/a><\/p>\n","protected":false},"excerpt":{"rendered":"<p>\u00dcBER HINTERGRUND AUSG\u00c4NGE PARTNER ACADEMIA NETWORK EVENTS Internationale Treffen Sechs Partnertreffen. 2 Treffen wurden pers\u00f6nlich organisiert und 4 Treffen wurden aufgrund der Pandemie COVID 19 online abgehalten. Au\u00dferdem organisierten die Partner Online-Zwischentreffen zur Vorbereitung und Diskussion der C-STEPs (Onlinetrainings). Die Erfahrungen aus fr\u00fcheren Projekten zeigen, dass die wichtigsten Mitarbeiter\/innen der einzelnen Partnerteams bei den Treffen anwesend sein sollten, da viele wichtige Diskussionen und Entscheidungen bei den transnationalen pers\u00f6nlichen Treffen der Partner getroffen werden. Die Partnertreffen fanden an den folgenden Orten statt: Auftaktveranstaltung (Deutschland) &gt;&gt; 2. internationales Partnertreffen (Portugal) &gt;&gt; 3. transnationale Treffen (online) &gt;&gt; 4. transnationales Partnertreffen (online) &gt;&gt; 5. transnationales Partnertreffen (online) &gt;&gt; 6. transnationales Partnertreffen (online) &gt;&gt; C-STEP&hellip; <a class=\"read-more\" href=\"https:\/\/academiaplus.eu\/de\/project\/events\/\">Mehr Lesen<\/a><\/p>\n","protected":false},"author":1,"featured_media":0,"parent":970,"menu_order":0,"comment_status":"closed","ping_status":"closed","template":"","meta":{"footnotes":""},"class_list":["post-961","page","type-page","status-publish","hentry"],"translation":{"provider":"WPGlobus","version":"3.0.2","language":"de","enabled_languages":["en","de","pt","lt"],"languages":{"en":{"title":true,"content":true,"excerpt":false},"de":{"title":true,"content":true,"excerpt":false},"pt":{"title":true,"content":true,"excerpt":false},"lt":{"title":true,"content":true,"excerpt":false}}},"_links":{"self":[{"href":"https:\/\/academiaplus.eu\/de\/wp-json\/wp\/v2\/pages\/961","targetHints":{"allow":["GET"]}}],"collection":[{"href":"https:\/\/academiaplus.eu\/de\/wp-json\/wp\/v2\/pages"}],"about":[{"href":"https:\/\/academiaplus.eu\/de\/wp-json\/wp\/v2\/types\/page"}],"author":[{"embeddable":true,"href":"https:\/\/academiaplus.eu\/de\/wp-json\/wp\/v2\/users\/1"}],"replies":[{"embeddable":true,"href":"https:\/\/academiaplus.eu\/de\/wp-json\/wp\/v2\/comments?post=961"}],"version-history":[{"count":476,"href":"https:\/\/academiaplus.eu\/de\/wp-json\/wp\/v2\/pages\/961\/revisions"}],"predecessor-version":[{"id":7000,"href":"https:\/\/academiaplus.eu\/de\/wp-json\/wp\/v2\/pages\/961\/revisions\/7000"}],"up":[{"embeddable":true,"href":"https:\/\/academiaplus.eu\/de\/wp-json\/wp\/v2\/pages\/970"}],"wp:attachment":[{"href":"https:\/\/academiaplus.eu\/de\/wp-json\/wp\/v2\/media?parent=961"}],"curies":[{"name":"wp","href":"https:\/\/api.w.org\/{rel}","templated":true}]}}