{"id":58,"date":"2019-01-31T13:45:30","date_gmt":"2019-01-31T13:45:30","guid":{"rendered":"http:\/\/academiaplus.eu\/?page_id=58"},"modified":"2021-08-13T11:28:54","modified_gmt":"2021-08-13T11:28:54","slug":"lectures","status":"publish","type":"page","link":"https:\/\/academiaplus.eu\/de\/lectures\/","title":{"rendered":"AUSBILDER"},"content":{"rendered":"<p>In der gegenw\u00e4rtigen entscheidenden Phase der Entwicklung der Arbeitsm\u00e4rkte in der Europ\u00e4ischen Union bot das Projekt Academia+ die M\u00f6glichkeit, an forschungsbasierten Studien- und Ausbildungsaustauschprogrammen (3 C-STEP) teilzunehmen, die Theorie, Forschung, Praxis und Mobilit\u00e4t miteinander verbinden. Diese Programme wurden mit einem \u00fcberlegten europ\u00e4ischen Ansatz entwickelt, um den Herausforderungen der Fl\u00fcchtlingskrise, des demographischen Wandels und der Digitalisierung\/ Zukunftsarbeitspl\u00e4tze zu begegnen.<\/p>\n<p>Das Projekt Academia+ entwickelte und erprobte 3 forschungsbasierte Austauschprogramme f\u00fcr Studien- und Ausbildungsberater (C-STEP) f\u00fcr Berufsberater\/innen aus ganz Europa. Academia+ erm\u00f6glichte Fachleuten der Berufsberatung die Teilnahme an j\u00e4hrlichen einw\u00f6chigen C-STEP-Austauschprogrammen in jedem der Partnerl\u00e4nder (aufgrund der Pandemie COVID &#8211; 19 wurden die Schulungen online durchgef\u00fchrt). Jedes der C-STEPs verband Theorie, Forschung und Praxis. Neben der Bereitstellung von Informationen auf dem neuesten Stand der Technik lag ein starker Fokus der C-STEPs darauf, den Teilnehmenden einen tieferen Einblick in die Ans\u00e4tze der Gastgeberl\u00e4nder zu erm\u00f6glichen, d.h. in Form von Studienbesuchen (d.h. bei Arbeitsagenturen, Berufsbildungsanbietern, Unternehmen, Kammern usw.), an denen Vertreter aus der Praxis teilnehmen (d.h. in Form von Vortr\u00e4gen, Workshops usw.) und \/oder immersive Erfahrungen machen, bei denen sich die Teilnehmenden mit der Zielgruppe auseinandersetzen und gemeinsam eine Lern-\/Beratungsaktivit\u00e4t durchf\u00fchren.<\/p>\n<p>Das Projekt konzentrierte sich auf den Austausch von Erfahrungen mit Beratungs- und Orientierungsmethoden, die mit speziellen sozio-\u00f6konomischen und politischen Bedingungen in jedem europ\u00e4ischen Land verbunden sind. Die Themen f\u00fcr die 3 Studien- und Ausbildungsaustauschprogramme f\u00fcr Beraterinnen und Berater (3 C-STEP) wurden entsprechend ihrer Bedeutung f\u00fcr den aktuellen Arbeitsmarkt ausgew\u00e4hlt: Beratung f\u00fcr Migranten und Fl\u00fcchtlinge, Zuk\u00fcnftige Arbeitspl\u00e4tze und Demographischer Wandel. Das Projekt Academia+ liefert also die folgenden intellektuellen Ergebnisse (Arbeitsbereiche):<\/p>\n<p><strong>3 einw\u00f6chige Studien- und Ausbildungsaustauschprogramme f\u00fcr Berater\/innen (IO1, IO2, IO3 C-STEP):<\/strong><\/p>\n<p><strong>01 C-STEP 1 \u201aBeratung von Migranten und Fl\u00fcchtlingen\u2018<\/strong> \u2013 didaktischer Rahmen, Einheiten und Ausbildungsressourcen. In IO1 wurden der didaktische Rahmen, die Ausbildungswoche (einschliesslich Ausbildungsstruktur, -inhalt und -methoden) und Ausbildungsressourcen f\u00fcr die einw\u00f6chige C-STEP zum Thema \u201eBeratung von Migranten und Fl\u00fcchtlingen\u201c entwickelt.<\/p>\n<p><strong>02 C-STEP 2 \u201eZuk\u00fcnftige Arbeitspl\u00e4tze\u201c<\/strong> \u2013 didaktischer Rahmen, Einheiten und Ausbildungsressourcen. In IO2 wurden der didaktische Rahmen, die Ausbildungswoche (einschlie\u00dflich Ausbildungsstruktur, -inhalt und -methoden) und die Ausbildungsressourcen f\u00fcr C-STEP 2 zum Thema \u201eZuk\u00fcnftige Arbeitspl\u00e4tze\u201c entwickelt.<\/p>\n<p><strong>03 C-STEP 3 \u201aDemographischer Wandel\u2018<\/strong> \u2013 didaktischer Rahmen, Einheiten und Ausbildungsressourcen. Im IO3 wurden der didaktische Rahmen, die Ausbildungswoche (einschlie\u00dflich Ausbildungsstruktur, -inhalt und -methoden) und die Ausbildungsressourcen f\u00fcr STEP 3 zum Thema \u201eDemographischer Wandel\u201c entwickelt.<\/p>\n<p><strong>04 Medienzentrum und Lernumgebung \u2013 Komplement\u00e4re Inhalte<\/strong>, Materialien und Ressourcen. IO4 stellt komplement\u00e4re Inhalte, Materialien und Ressourcen f\u00fcr die C-STEPS bereitstellen und im Medienzentrum Academia+ und der interaktiven Lernumgebung zur Verf\u00fcgung. Dieses zus\u00e4tzliche Material basiert auf den in IO2 und IO3 entwickelten Literatur\u00fcbersichten und Ressourcen.<\/p>\n<p><strong>05 Webportal<\/strong> f\u00fcr Teilnehmer, Berater und Beraterinnen sowie Dozenten und Dozentinnen. Das Webportal des Projekts, das als Gateway und Front-End f\u00fcr das Medienzentrum (IO4) dient, wurde in IO5 entwickelt, getestet und implementiert. Dieses Webportal ist der Ort, an dem die Hauptzielgruppen des Projekts auf die wichtigsten Ergebnisse und Komponenten des Projekts zugreifen k\u00f6nnen.<\/p>\n<p>Die Ausbildungsmodule wurden von Fachleuten des CGC und verwandten Themen zu jeder der Ausbildungseinheiten angeboten.<\/p>\n<p>3 steps to enter&nbsp;training material of C-STEPs (Project&#8217;s Media Centre and Learning Environment):&nbsp;<\/p>\n<ol>\n<li>Enter&nbsp;<\/li>\n<\/ol>\n<p><em style=\"font-size: 16px;\"><a href=\"http:\/\/www.academiaplus.eu\/moodle\/\">www.academiaplus.eu\/moodle\/<\/a><\/em><\/p>\n<p>2. Choose&nbsp;the course below<\/p>\n<p><img loading=\"lazy\" decoding=\"async\" src=\"https:\/\/academiaplus.eu\/wp-content\/uploads\/2021\/06\/courses-768x187.jpg\" alt=\"\" loading=\"lazy\" srcset=\"https:\/\/academiaplus.eu\/wp-content\/uploads\/2021\/06\/courses-768x187.jpg 768w, https:\/\/academiaplus.eu\/wp-content\/uploads\/2021\/06\/courses-300x73.jpg 300w, https:\/\/academiaplus.eu\/wp-content\/uploads\/2021\/06\/courses-1024x249.jpg 1024w, https:\/\/academiaplus.eu\/wp-content\/uploads\/2021\/06\/courses.jpg 1446w\" sizes=\"auto, (max-width: 768px) 100vw, 768px\" width=\"768\" height=\"187\"><\/p>\n<p>3.&nbsp;Free access with &#8220;Login as a guest&#8221;<\/p>\n<p><a href=\"http:\/\/www.academiaplus.eu\/moodle\/\"><br \/>\n<img decoding=\"async\" src=\"https:\/\/academiaplus.eu\/wp-content\/uploads\/elementor\/thumbs\/login-p9drxq4s0b8cli9tfvbuwya8eplwxnouemmmstd6a8.jpg\" title=\"login\" alt=\"login\">\t\t\t\t\t\t\t\t<\/a><\/p>\n","protected":false},"excerpt":{"rendered":"<p>In der gegenw\u00e4rtigen entscheidenden Phase der Entwicklung der Arbeitsm\u00e4rkte in der Europ\u00e4ischen Union bot das Projekt Academia+ die M\u00f6glichkeit, an forschungsbasierten Studien- und Ausbildungsaustauschprogrammen (3 C-STEP) teilzunehmen, die Theorie, Forschung, Praxis und Mobilit\u00e4t miteinander verbinden. Diese Programme wurden mit einem \u00fcberlegten europ\u00e4ischen Ansatz entwickelt, um den Herausforderungen der Fl\u00fcchtlingskrise, des demographischen Wandels und der Digitalisierung\/ Zukunftsarbeitspl\u00e4tze zu begegnen. Das Projekt Academia+ entwickelte und erprobte 3 forschungsbasierte Austauschprogramme f\u00fcr Studien- und Ausbildungsberater (C-STEP) f\u00fcr Berufsberater\/innen aus ganz Europa. Academia+ erm\u00f6glichte Fachleuten der Berufsberatung die Teilnahme an j\u00e4hrlichen einw\u00f6chigen C-STEP-Austauschprogrammen in jedem der Partnerl\u00e4nder (aufgrund der Pandemie COVID &#8211; 19 wurden die Schulungen online durchgef\u00fchrt). Jedes der C-STEPs verband Theorie, Forschung und&hellip; <a class=\"read-more\" href=\"https:\/\/academiaplus.eu\/de\/lectures\/\">Mehr Lesen<\/a><\/p>\n","protected":false},"author":1,"featured_media":0,"parent":0,"menu_order":0,"comment_status":"closed","ping_status":"closed","template":"","meta":{"footnotes":""},"class_list":["post-58","page","type-page","status-publish","hentry"],"translation":{"provider":"WPGlobus","version":"3.0.2","language":"de","enabled_languages":["en","de","pt","lt"],"languages":{"en":{"title":true,"content":true,"excerpt":false},"de":{"title":true,"content":true,"excerpt":false},"pt":{"title":true,"content":true,"excerpt":false},"lt":{"title":true,"content":true,"excerpt":false}}},"_links":{"self":[{"href":"https:\/\/academiaplus.eu\/de\/wp-json\/wp\/v2\/pages\/58","targetHints":{"allow":["GET"]}}],"collection":[{"href":"https:\/\/academiaplus.eu\/de\/wp-json\/wp\/v2\/pages"}],"about":[{"href":"https:\/\/academiaplus.eu\/de\/wp-json\/wp\/v2\/types\/page"}],"author":[{"embeddable":true,"href":"https:\/\/academiaplus.eu\/de\/wp-json\/wp\/v2\/users\/1"}],"replies":[{"embeddable":true,"href":"https:\/\/academiaplus.eu\/de\/wp-json\/wp\/v2\/comments?post=58"}],"version-history":[{"count":220,"href":"https:\/\/academiaplus.eu\/de\/wp-json\/wp\/v2\/pages\/58\/revisions"}],"predecessor-version":[{"id":6924,"href":"https:\/\/academiaplus.eu\/de\/wp-json\/wp\/v2\/pages\/58\/revisions\/6924"}],"wp:attachment":[{"href":"https:\/\/academiaplus.eu\/de\/wp-json\/wp\/v2\/media?parent=58"}],"curies":[{"name":"wp","href":"https:\/\/api.w.org\/{rel}","templated":true}]}}