{"id":566,"date":"2019-02-02T11:37:15","date_gmt":"2019-02-02T11:37:15","guid":{"rendered":"http:\/\/academiaplus.eu\/?page_id=566"},"modified":"2021-08-28T17:49:40","modified_gmt":"2021-08-28T17:49:40","slug":"about","status":"publish","type":"page","link":"https:\/\/academiaplus.eu\/de\/project\/about\/","title":{"rendered":"\u00dcber"},"content":{"rendered":"<p><a href=\"https:\/\/academiaplus.eu\/de\/project\/\">\u00dcBER<\/a><\/p>\n<p><a href=\"https:\/\/academiaplus.eu\/de\/project\/background\">HINTERGRUND<\/a><\/p>\n<p><a href=\"https:\/\/academiaplus.eu\/de\/outputs\/\">AUSG\u00c4NGE<\/a><\/p>\n<p><a href=\"https:\/\/academiaplus.eu\/de\/project\/partners\/\">PARTNER<\/a><\/p>\n<p><a href=\"https:\/\/academiaplus.eu\/de\/project\/academia-network\/\">ACADEMIA NETWORK<\/a><\/p>\n<p><a href=\"https:\/\/academiaplus.eu\/de\/project\/events\/\">EVENTS<\/a><\/p>\n<p>Counsellors\u2019 Study and Training Exchange Programme for Key Challenges of European Labour Markets and Societies<\/p>\n<p>Dieses Projekt wird im Rahmen des Programms ERASMUS+ KA2 \u201cStrategische Partnerschaften der Hochschulbildung\u201d umgesetzt<\/p>\n<p>Projekt-Referenznr.: 2018-1-DE02-KA202-005117<\/p>\n<p>Projekt Laufzeit:  01\/12\/2018 \u2013 31\/08\/2021<\/p>\n<p><b>&nbsp;<\/b><\/p>\n<p><strong>Academia+ bringt zwei Perspektiven zusammen:&nbsp;<\/strong><\/p>\n<ul>\n<li>den Austausch und die transnationale Ausbildung von Beraterinnen und Beratern in Europa zu unterst\u00fctzen und zu festigen und<\/li>\n<li>sich auf die Entwicklung von Ausbildungsprogrammen zur Bew\u00e4ltigung der aktuellen Schl\u00fcsselherausforderungen auf dem Arbeitsmarkt und in der Beratung zu konzentrieren<\/li>\n<\/ul>\n<p>Academia+ erm\u00f6glicht den Austausch von l\u00e4nderspezifischen Beratungs- und Orientierungsmethoden in Bezug auf sozio\u00f6konomische und politische Fragen<\/p>\n<p><strong><a href=\"https:\/\/academiaplus.eu\/de\/de\/c-steps-training\/\">Academia+ entwickelte die folgenden Inhalte und Module &gt;&gt;<\/a><\/strong><\/p>\n<p>Das Projekt Academia+ befasste sich mit dem Europa 2020-Ziel, 75% der Menschen im Alter von 20-64 Jahren in den Arbeitsmarkt zu integrieren. Im Jahr 2016 hatte die durchschnittliche Besch\u00e4ftigungsquote in den 28 EU-L\u00e4ndern 71,1% erreicht. Academia+ unterst\u00fctzt die Bereitstellung besserer Dienstleistungen der Beratung in Europa, indem es sich auf die Entwicklung von Trainingsprogrammen konzentriert, die sich mit dringenden Fragen und aktuellen Schl\u00fcsselherausforderungen auf dem Arbeitsmarkt und der Berufsberatung befassen. Die Themen f\u00fcr die Studien- und Ausbildungsaustauschprogramme (C-STEP\u2019s) wurden nach ihrer Bedeutung f\u00fcr den aktuellen Arbeitsmarkt ausgew\u00e4hlt.<\/p>\n<p><a href=\"https:\/\/academiaplus.eu\/wp-content\/uploads\/2019\/08\/ACADEMIAPLUS_POSTER_1.jpg\" data-elementor-open-lightbox=\"yes\" data-elementor-lightbox-title=\"ACADEMIAPLUS_POSTER_1\"><br \/>\n<img loading=\"lazy\" decoding=\"async\" src=\"https:\/\/academiaplus.eu\/wp-content\/uploads\/2019\/08\/ACADEMIAPLUS_POSTER_1-1024x770.jpg\" alt=\"\" loading=\"lazy\" srcset=\"https:\/\/academiaplus.eu\/wp-content\/uploads\/2019\/08\/ACADEMIAPLUS_POSTER_1-1024x770.jpg 1024w, https:\/\/academiaplus.eu\/wp-content\/uploads\/2019\/08\/ACADEMIAPLUS_POSTER_1-300x225.jpg 300w, https:\/\/academiaplus.eu\/wp-content\/uploads\/2019\/08\/ACADEMIAPLUS_POSTER_1-768x577.jpg 768w\" sizes=\"auto, (max-width: 1024px) 100vw, 1024px\" width=\"1024\" height=\"770\">\t\t\t\t\t\t\t\t<\/a><br \/>\nPROJEKTBROSCH\u00dcRE<br \/>\n<a href=\"https:\/\/academiaplus.eu\/wp-content\/uploads\/2019\/12\/BROCHUR-1.pdf\" role=\"button\"><br \/>\nDownload brosch\u00fcre<br \/>\n<\/a><br \/>\nPROJEKTPLAKAT<br \/>\n<a href=\"https:\/\/academiaplus.eu\/wp-content\/uploads\/2019\/12\/ACADEMIAPLUS_POSTER.pdf\" role=\"button\"><br \/>\nDownload plakat<br \/>\n<\/a><\/p>\n","protected":false},"excerpt":{"rendered":"<p>\u00dcBER HINTERGRUND AUSG\u00c4NGE PARTNER ACADEMIA NETWORK EVENTS Counsellors\u2019 Study and Training Exchange Programme for Key Challenges of European Labour Markets and Societies Dieses Projekt wird im Rahmen des Programms ERASMUS+ KA2 \u201cStrategische Partnerschaften der Hochschulbildung\u201d umgesetzt Projekt-Referenznr.: 2018-1-DE02-KA202-005117 Projekt Laufzeit: 01\/12\/2018 \u2013 31\/08\/2021 &nbsp; Academia+ bringt zwei Perspektiven zusammen:&nbsp; den Austausch und die transnationale Ausbildung von Beraterinnen und Beratern in Europa zu unterst\u00fctzen und zu festigen und sich auf die Entwicklung von Ausbildungsprogrammen zur Bew\u00e4ltigung der aktuellen Schl\u00fcsselherausforderungen auf dem Arbeitsmarkt und in der Beratung zu konzentrieren Academia+ erm\u00f6glicht den Austausch von l\u00e4nderspezifischen Beratungs- und Orientierungsmethoden in Bezug auf sozio\u00f6konomische und politische Fragen Academia+ entwickelte die folgenden Inhalte und Module&hellip; <a class=\"read-more\" href=\"https:\/\/academiaplus.eu\/de\/project\/about\/\">Mehr Lesen<\/a><\/p>\n","protected":false},"author":1,"featured_media":0,"parent":970,"menu_order":0,"comment_status":"closed","ping_status":"closed","template":"","meta":{"footnotes":""},"class_list":["post-566","page","type-page","status-publish","hentry"],"translation":{"provider":"WPGlobus","version":"3.0.2","language":"de","enabled_languages":["en","de","pt","lt"],"languages":{"en":{"title":true,"content":true,"excerpt":false},"de":{"title":true,"content":true,"excerpt":false},"pt":{"title":true,"content":true,"excerpt":false},"lt":{"title":true,"content":true,"excerpt":false}}},"_links":{"self":[{"href":"https:\/\/academiaplus.eu\/de\/wp-json\/wp\/v2\/pages\/566","targetHints":{"allow":["GET"]}}],"collection":[{"href":"https:\/\/academiaplus.eu\/de\/wp-json\/wp\/v2\/pages"}],"about":[{"href":"https:\/\/academiaplus.eu\/de\/wp-json\/wp\/v2\/types\/page"}],"author":[{"embeddable":true,"href":"https:\/\/academiaplus.eu\/de\/wp-json\/wp\/v2\/users\/1"}],"replies":[{"embeddable":true,"href":"https:\/\/academiaplus.eu\/de\/wp-json\/wp\/v2\/comments?post=566"}],"version-history":[{"count":288,"href":"https:\/\/academiaplus.eu\/de\/wp-json\/wp\/v2\/pages\/566\/revisions"}],"predecessor-version":[{"id":7119,"href":"https:\/\/academiaplus.eu\/de\/wp-json\/wp\/v2\/pages\/566\/revisions\/7119"}],"up":[{"embeddable":true,"href":"https:\/\/academiaplus.eu\/de\/wp-json\/wp\/v2\/pages\/970"}],"wp:attachment":[{"href":"https:\/\/academiaplus.eu\/de\/wp-json\/wp\/v2\/media?parent=566"}],"curies":[{"name":"wp","href":"https:\/\/api.w.org\/{rel}","templated":true}]}}