{"id":56,"date":"2019-01-31T13:44:53","date_gmt":"2019-01-31T13:44:53","guid":{"rendered":"http:\/\/academiaplus.eu\/?page_id=56"},"modified":"2021-08-28T17:55:49","modified_gmt":"2021-08-28T17:55:49","slug":"course-participants","status":"publish","type":"page","link":"https:\/\/academiaplus.eu\/de\/course-participants\/","title":{"rendered":"KURS-TEILNEHMER"},"content":{"rendered":"<p><strong>Academia+ unterst\u00fctzt den Austausch und die transnationale Ausbildung von Berater\/innen in Europa unterst\u00fctzen und konsolidieren, wobei der Schwerpunkt auf der Entwicklung von Ausbildungsprogrammen zur Bew\u00e4ltigung aktueller Schl\u00fcsselherausforderungen auf dem Arbeitsmarkt und in der Beratung liegt (Zentrale Herausforderungen f\u00fcr den europ\u00e4ischen Arbeitsmarkt: Migranten und Fl\u00fcchtlinge, demographischer Wandel und zuk\u00fcnftige Arbeitspl\u00e4tze).<\/strong><\/p>\n<p>Das Projekt tr\u00e4gt dazu bei, das Profil der internationalen Zusammenarbeit in der Beratung zu sch\u00e4rfen, indem es konkrete Instrumente, Unterst\u00fctzung und Ressourcen zur Verf\u00fcgung stellt, die den Wert von Mobilit\u00e4t und transnationalem Lernen f\u00fcr Fachkr\u00e4fte aufzeigen und so dazu beitragen, die Nutzung von M\u00f6glichkeiten in verschiedenen L\u00e4ndern zu erh\u00f6hen. Durch die Konzentration auf die Entwicklung von Ausbildungsprogrammen zur Bew\u00e4ltigung dringender Probleme und aktueller Schl\u00fcsselherausforderungen auf dem Arbeitsmarkt und in der Berufsberatung unterst\u00fctzt Academia+ die Bereitstellung besserer Dienstleistungen und Beratung zu Kompetenzen und Qualifikationen.&nbsp;Das Projekt Academia+ nutzte das Potenzial des Academia-Netzwerks, um gezielte Ausbildungseinheiten zu entwickeln, um das Lernen von Berufsberatern und -beraterinnen (CGC) aus ganz Europa weiter zu professionalisieren. Berufsberater\/innen erfuhren mehr \u00fcber die neuesten Ans\u00e4tze zur Bew\u00e4ltigung aktueller und k\u00fcnftiger Herausforderungen &#8211; eine alternde Erwerbsbev\u00f6lkerung, die Digitalisierung von Arbeitspl\u00e4tzen und die zunehmende Pr\u00e4valenz von Migration. Sie hatten auch Gelegenheit, sich \u00fcber die Ans\u00e4tze und Erfahrungen anderer L\u00e4nder sowohl in Theorie als auch in der Praxis zu informieren. Daher hebt Academia+ das Academia-Netzwerk auf ein h\u00f6heres Niveau und bereitet es auf die Zukunft vor, indem es auch eine digitale Lernumgebung schafft, die die einw\u00f6chigen Lerneinheiten unterst\u00fctzt.&nbsp;&nbsp;<\/p>\n<p>3 steps to enter training material of C-STEPs (Project&#8217;s Media Centre and Learning Environment):&nbsp;<\/p>\n<ol>\n<li>Enter&nbsp;<\/li>\n<\/ol>\n<p><em><a href=\"http:\/\/www.academiaplus.eu\/moodle\/\">www.academiaplus.eu\/moodle\/<\/a><\/em><\/p>\n<p>2. Choose the course below<\/p>\n<p><img loading=\"lazy\" decoding=\"async\" src=\"https:\/\/academiaplus.eu\/wp-content\/uploads\/2021\/06\/courses-768x187.jpg\" alt=\"\" loading=\"lazy\" srcset=\"https:\/\/academiaplus.eu\/wp-content\/uploads\/2021\/06\/courses-768x187.jpg 768w, https:\/\/academiaplus.eu\/wp-content\/uploads\/2021\/06\/courses-300x73.jpg 300w, https:\/\/academiaplus.eu\/wp-content\/uploads\/2021\/06\/courses-1024x249.jpg 1024w, https:\/\/academiaplus.eu\/wp-content\/uploads\/2021\/06\/courses.jpg 1446w\" sizes=\"auto, (max-width: 768px) 100vw, 768px\" width=\"768\" height=\"187\"><\/p>\n<p>3.&nbsp;Free access with &#8220;Login as a guest&#8221;<\/p>\n<p><a href=\"http:\/\/www.academiaplus.eu\/moodle\/\"><br \/>\n<img decoding=\"async\" src=\"https:\/\/academiaplus.eu\/wp-content\/uploads\/elementor\/thumbs\/login-p9drxq4s0b8cli9tfvbuwya8eplwxnouemmmstd6a8.jpg\" title=\"login\" alt=\"login\">\t\t\t\t\t\t\t\t<\/a><\/p>\n","protected":false},"excerpt":{"rendered":"<p>Academia+ unterst\u00fctzt den Austausch und die transnationale Ausbildung von Berater\/innen in Europa unterst\u00fctzen und konsolidieren, wobei der Schwerpunkt auf der Entwicklung von Ausbildungsprogrammen zur Bew\u00e4ltigung aktueller Schl\u00fcsselherausforderungen auf dem Arbeitsmarkt und in der Beratung liegt (Zentrale Herausforderungen f\u00fcr den europ\u00e4ischen Arbeitsmarkt: Migranten und Fl\u00fcchtlinge, demographischer Wandel und zuk\u00fcnftige Arbeitspl\u00e4tze). Das Projekt tr\u00e4gt dazu bei, das Profil der internationalen Zusammenarbeit in der Beratung zu sch\u00e4rfen, indem es konkrete Instrumente, Unterst\u00fctzung und Ressourcen zur Verf\u00fcgung stellt, die den Wert von Mobilit\u00e4t und transnationalem Lernen f\u00fcr Fachkr\u00e4fte aufzeigen und so dazu beitragen, die Nutzung von M\u00f6glichkeiten in verschiedenen L\u00e4ndern zu erh\u00f6hen. Durch die Konzentration auf die Entwicklung von Ausbildungsprogrammen zur Bew\u00e4ltigung dringender Probleme&hellip; <a class=\"read-more\" href=\"https:\/\/academiaplus.eu\/de\/course-participants\/\">Mehr Lesen<\/a><\/p>\n","protected":false},"author":1,"featured_media":0,"parent":0,"menu_order":0,"comment_status":"closed","ping_status":"closed","template":"elementor_header_footer","meta":{"footnotes":""},"class_list":["post-56","page","type-page","status-publish","hentry"],"translation":{"provider":"WPGlobus","version":"3.0.2","language":"de","enabled_languages":["en","de","pt","lt"],"languages":{"en":{"title":true,"content":true,"excerpt":false},"de":{"title":true,"content":true,"excerpt":false},"pt":{"title":true,"content":true,"excerpt":false},"lt":{"title":true,"content":true,"excerpt":false}}},"_links":{"self":[{"href":"https:\/\/academiaplus.eu\/de\/wp-json\/wp\/v2\/pages\/56","targetHints":{"allow":["GET"]}}],"collection":[{"href":"https:\/\/academiaplus.eu\/de\/wp-json\/wp\/v2\/pages"}],"about":[{"href":"https:\/\/academiaplus.eu\/de\/wp-json\/wp\/v2\/types\/page"}],"author":[{"embeddable":true,"href":"https:\/\/academiaplus.eu\/de\/wp-json\/wp\/v2\/users\/1"}],"replies":[{"embeddable":true,"href":"https:\/\/academiaplus.eu\/de\/wp-json\/wp\/v2\/comments?post=56"}],"version-history":[{"count":214,"href":"https:\/\/academiaplus.eu\/de\/wp-json\/wp\/v2\/pages\/56\/revisions"}],"predecessor-version":[{"id":7125,"href":"https:\/\/academiaplus.eu\/de\/wp-json\/wp\/v2\/pages\/56\/revisions\/7125"}],"wp:attachment":[{"href":"https:\/\/academiaplus.eu\/de\/wp-json\/wp\/v2\/media?parent=56"}],"curies":[{"name":"wp","href":"https:\/\/api.w.org\/{rel}","templated":true}]}}