{"id":5551,"date":"2021-05-20T11:20:18","date_gmt":"2021-05-20T11:20:18","guid":{"rendered":"https:\/\/academiaplus.eu\/?page_id=5551"},"modified":"2021-08-13T11:19:05","modified_gmt":"2021-08-13T11:19:05","slug":"multiplier-event","status":"publish","type":"page","link":"https:\/\/academiaplus.eu\/de\/multiplier-event\/","title":{"rendered":"MULTIPLIKATOR-VERANSTALTUNG"},"content":{"rendered":"<p>MULTIPLIKATOR-VERANSTALTUNG<\/p>\n<p>In der letzten Projektphase wurde am 30. Juni 2021 (10-12 und 13-15 Uhr MEZ) ein internationales Symposium abgehalten.<br \/>\nAufgrund der COVID-19-Krise fand die Veranstaltung online statt.<\/p>\n<p>Tagesordnung:<\/p>\n<ul>\n<li>Einleitung<\/li>\n<li>Ein Blick in die Vergangenheit: Academia+ Projekt und entwickelte Produkte<\/li>\n<li>Ein Blick in die Zukunft:<\/li>\n<\/ul>\n<p><em>Workshop: Wie m\u00f6chten Sie mit den Academia+ Projekten weiterarbeiten?<\/em><br \/>\n<em>Wie wollen wir weitermachen?<\/em><\/p>\n<ul>\n<li>Abschluss<\/li>\n<\/ul>\n<p><a href=\"https:\/\/academiaplus.eu\/wp-content\/uploads\/2021\/06\/Multiplier_Even_Agenda_30_06_2021.pdf\" target=\"_blank\" rel=\"noopener\"><img decoding=\"async\" src=\"https:\/\/academiaplus.eu\/wp-content\/uploads\/2020\/05\/001-300x67.png\" alt=\"\" width=\"150\" height=\"33\"><\/a><\/p>\n<section data-id=\"e282484\" data-element_type=\"section\">Aufgrund des expliziten transnationalen Fokus von Academia+ darauf, dass Beratungsprofis von den Ans\u00e4tzen und Erfahrungen anderer L\u00e4nder lernen und profitieren k\u00f6nnen, fand ein gemeinsames internationales Symposium f\u00fcr alle Projektpartner statt (anstelle von nationalen Multiplikatorenveranstaltungen, die sich haupts\u00e4chlich an ein nationales Publikum richten).<\/p>\n<p>Das Symposium brachte Partner aus dem breiteren Academia-Netzwerk sowie Akteure aus verschiedenen Sektoren zusammen, um \u00fcber Academia+ und die Projektergebnisse zu informieren, aktuelle Informationen \u00fcber die drei \u00fcbergreifenden Themen des Projekts zu vermitteln und die Teilnehmer dazu zu bringen, voneinander und von den Ans\u00e4tzen anderer L\u00e4nder zu lernen. Die Zielgruppe des Symposiums umfasste u.a:<\/p>\n<p>Fachleute der Berufsberatung aus ganz Europa<\/p>\n<p>\u2013 F\u00fchrende Personen der \u00f6ffentlichen Arbeitsverwaltung (PES)<\/p>\n<p>\u2013 Politische Entscheidungstr\u00e4ger<\/p>\n<p>\u2013 Vertreter aus der Berufsbildung<\/p>\n<p>\u2013 Vertreter von Unternehmen<\/p>\n<p>\u2013 Vertreter aus Hochschulbildung und Forschung<\/p>\n<p>\u2013 Vertreter der Sozialpartner<\/p>\n<p>\u2013 Vertreter von Kammern<\/p>\n<p>\u2013 VertreterInnen von Verb\u00e4nden f\u00fcr Fl\u00fcchtlinge und MigrantInnen<\/p>\n<p>\u2013 Vertreterinnen und Vertreter der Nationalen Agenturen, die f\u00fcr strategische Partnerschaften im Rahmen von Erasmus+ zust\u00e4ndig sind<\/p>\n<\/section>\n","protected":false},"excerpt":{"rendered":"<p>MULTIPLIKATOR-VERANSTALTUNG In der letzten Projektphase wurde am 30. Juni 2021 (10-12 und 13-15 Uhr MEZ) ein internationales Symposium abgehalten. Aufgrund der COVID-19-Krise fand die Veranstaltung online statt. Tagesordnung: Einleitung Ein Blick in die Vergangenheit: Academia+ Projekt und entwickelte Produkte Ein Blick in die Zukunft: Workshop: Wie m\u00f6chten Sie mit den Academia+ Projekten weiterarbeiten? Wie wollen wir weitermachen? Abschluss Aufgrund des expliziten transnationalen Fokus von Academia+ darauf, dass Beratungsprofis von den Ans\u00e4tzen und Erfahrungen anderer L\u00e4nder lernen und profitieren k\u00f6nnen, fand ein gemeinsames internationales Symposium f\u00fcr alle Projektpartner statt (anstelle von nationalen Multiplikatorenveranstaltungen, die sich haupts\u00e4chlich an ein nationales Publikum richten). Das Symposium brachte Partner aus dem breiteren Academia-Netzwerk sowie Akteure&hellip; <a class=\"read-more\" href=\"https:\/\/academiaplus.eu\/de\/multiplier-event\/\">Mehr Lesen<\/a><\/p>\n","protected":false},"author":1,"featured_media":0,"parent":0,"menu_order":0,"comment_status":"closed","ping_status":"closed","template":"","meta":{"footnotes":""},"class_list":["post-5551","page","type-page","status-publish","hentry"],"translation":{"provider":"WPGlobus","version":"3.0.2","language":"de","enabled_languages":["en","de","pt","lt"],"languages":{"en":{"title":true,"content":true,"excerpt":false},"de":{"title":true,"content":true,"excerpt":false},"pt":{"title":true,"content":true,"excerpt":false},"lt":{"title":false,"content":false,"excerpt":false}}},"_links":{"self":[{"href":"https:\/\/academiaplus.eu\/de\/wp-json\/wp\/v2\/pages\/5551","targetHints":{"allow":["GET"]}}],"collection":[{"href":"https:\/\/academiaplus.eu\/de\/wp-json\/wp\/v2\/pages"}],"about":[{"href":"https:\/\/academiaplus.eu\/de\/wp-json\/wp\/v2\/types\/page"}],"author":[{"embeddable":true,"href":"https:\/\/academiaplus.eu\/de\/wp-json\/wp\/v2\/users\/1"}],"replies":[{"embeddable":true,"href":"https:\/\/academiaplus.eu\/de\/wp-json\/wp\/v2\/comments?post=5551"}],"version-history":[{"count":74,"href":"https:\/\/academiaplus.eu\/de\/wp-json\/wp\/v2\/pages\/5551\/revisions"}],"predecessor-version":[{"id":6909,"href":"https:\/\/academiaplus.eu\/de\/wp-json\/wp\/v2\/pages\/5551\/revisions\/6909"}],"wp:attachment":[{"href":"https:\/\/academiaplus.eu\/de\/wp-json\/wp\/v2\/media?parent=5551"}],"curies":[{"name":"wp","href":"https:\/\/api.w.org\/{rel}","templated":true}]}}