{"id":5398,"date":"2021-03-24T09:01:15","date_gmt":"2021-03-24T09:01:15","guid":{"rendered":"https:\/\/academiaplus.eu\/?page_id=5398"},"modified":"2021-08-12T09:15:43","modified_gmt":"2021-08-12T09:15:43","slug":"c-step-3","status":"publish","type":"page","link":"https:\/\/academiaplus.eu\/de\/c-step-3\/","title":{"rendered":"C-STEP 3 (german)"},"content":{"rendered":"<p>Aufgrund der COVID-19-Krise wurde auch der dritte C-STEP &#8220;Demografischer Wandel&#8221; in einen viert\u00e4gigen Online-Schulungskurs umgewandelt, der in einer Reihe von Webinaren am 10., 12., 18. und 20. Mai 2021 stattfand.<\/p>\n<p>C-STEP3 &#8220;Demografischer Wandel&#8221; ist das letzte von drei <a href=\"https:\/\/academiaplus.eu\/de\/c-step\/\">C-STEPs &gt;&gt;<\/a>, die Teil des &#8220;Counsellors&#8217; Study and Training Exchange Programme for Key Challenges of European Labour Markets and Societies&#8221; (Academia+) sind, ein von Erasmus+ kofinanziertes Projekt. Mehr \u00fcber das <a href=\"https:\/\/academiaplus.eu\/de\/project\/\">Academia+ Projekt erfahren Sie hier &gt;&gt;<\/a>.<\/p>\n<p>Die Einheiten und Themen des Online-Trainings basieren auf den Ergebnissen von Literatur- und Ressourcensichtungen aus allen Partnerl\u00e4ndern sowie auf einer Analyse eines Online-Fragebogens, der von Beratern und Beraterinnen, Praktikern und Praktikerinnen sowie Expertinnen und Experten zum Thema zuk\u00fcnftige Arbeitspl\u00e4tze aus L\u00e4ndern in ganz Europa beantwortet wurde.<\/p>\n<p>Die Online-Trainingskurse umfassten Vortr\u00e4ge von eingeladenen Fachleuten, Workshops mit Gruppenarbeit, Abschnitte f\u00fcr Fragen und Antworten usw. Teile der Online-Trainingskurse wurden aufgezeichnet und zusammen mit allen pr\u00e4sentierten Materialien und C-STEPs-Materialien in das <a href=\"https:\/\/academiaplus.eu\/de\/course-participants\/\">Medienzentrum &gt;&gt;<\/a> hochgeladen.<\/p>\n<p>Das Online-Training und alle zugeh\u00f6rigen Materialien werden in <strong>englischer<\/strong> Sprache angeboten.<\/p>\n<p><strong>Zielgruppe: Berufsberater, Berufsberatungsspezialisten, Lehrer, Dozenten f\u00fcr Berufsberatung usw.<\/strong><\/p>\n<p>Die Anmeldung und Teilnahme war kostenlos. Es wurden Teilnahmebescheinigungen ausgestellt.<\/p>\n<p>Kontaktperson: <a href=\"https:\/\/academiaplus.eu\/de\/c-step-1\/jane.porath@hdba.de\">jane.porath@hdba.de<\/a> (Deutschland) (oder siehe Academia+<a href=\"https:\/\/academiaplus.eu\/de\/project\/partners\/\"> Projektpartner<\/a> aus Portugal, Gro\u00dfbritannien, Luxemburg, Litauen).<\/p>\n<p>If you want to network with other participants, speakers and members of the Academia + project team throughout the project time and after you can join the<strong> LinkedIn group<\/strong>: <a href=\"https:\/\/www.linkedin.com\/groups\/8955519\" target=\"_blank\" rel=\"noopener\" data-saferedirecturl=\"https:\/\/www.google.com\/url?q=https:\/\/www.linkedin.com\/groups\/8955519&amp;source=gmail&amp;ust=1614352075138000&amp;usg=AFQjCNEGpGgmkIL4NgTFqhOsaoBKAnMdrA\"><u>https<\/u><u>:\/\/www.linkedin.com\/<wbr>groups\/8955519<\/u><\/a>&nbsp;<\/p>\n<figure><img decoding=\"async\" src=\"https:\/\/academiaplus.eu\/wp-content\/uploads\/2021\/07\/01-1.jpg\" alt=\"01\"><\/figure>\n<figure><img decoding=\"async\" src=\"https:\/\/academiaplus.eu\/wp-content\/uploads\/2021\/07\/02-1.jpg\" alt=\"02\"><\/figure>\n<figure><img decoding=\"async\" src=\"https:\/\/academiaplus.eu\/wp-content\/uploads\/2021\/07\/03-1.jpg\" alt=\"03\"><\/figure>\n<p>Previous<br \/>\nNext<\/p>\n<p>Tagesordnung<\/p>\n<p><strong>C-STEP 3 &#8220;Demografischer Wandel&#8221;<\/strong><\/p>\n<p>Jeder Online-Schulungstag lief zwischen 10.00-17.00 Uhr mitteleurop\u00e4ischer Zeit (MEZ)<br \/>\n(9.00-16.00 Uhr UK und Portugal, 10.00-17.00 Uhr Deutschland und Luxemburg)<\/p>\n<table>\n<tbody>\n<tr>\n<td width=\"72\"><strong>Tag 1<\/strong><\/p>\n<p><strong>10. Mai, 2021<\/strong><\/p>\n<p>Pause 13.30-14.30 Uhr (MEZ)<\/td>\n<td width=\"592\"><strong>Einheit 1. Die Herausforderungen einer \u00e4lteren Erwerbsbev\u00f6lkerung<\/strong><\/p>\n<ul>\n<li>Arbeitsmarkttrends vs. demografische Trends &#8211; Vergangenheit, aktuelle Situation und Zukunft (mit besonderem Bezug auf die Demografie \u00e4lterer Menschen (50+))<\/li>\n<li>Auswirkungen auf die Arbeit<\/li>\n<li>Auswirkungen des demografischen Wandels auf die Arbeit von Berufsberatern und -beraterinnen (Unterschiede aus Sicht der Unternehmen?)<\/li>\n<li>Barrieren und Stereotypen gegen\u00fcber \u00e4lteren Arbeitnehmern und Arbeitnehmerinnen<\/li>\n<li>M\u00f6glichkeiten, diese positiv anzusprechen\/ wie man \u00e4lteren Kunden und Kundinnen helfen kann, sich selbst nicht zu stereotypisieren<\/li>\n<li>Wissensl\u00fccken der Berater\/innen und wie sich die Beratung im Umgang mit \u00e4lteren Kunden und Kundinnen ver\u00e4ndert (spezifische Unterst\u00fctzung f\u00fcr 50+ bei der Wiedereingliederung in den Arbeitsmarkt, beim beruflichen Aufstieg und bei der Planung des Ruhestands).<\/li>\n<li>Zus\u00e4tzliche Unterst\u00fctzung (nicht vollst\u00e4ndig wok-bezogen)<\/li>\n<\/ul>\n<p>Lernergebnisse:<\/p>\n<ul>\n<li>Gesundheit und Zugangsprobleme<\/li>\n<li>Kampf gegen den Verlust der Arbeitsmotivation<\/li>\n<li>Wissensl\u00fccken bei Beratern und Beraterinnen und wie sich die Beratung \u00e4ndert, wenn es um einen \u00e4lteren Kunden geht, der Arbeit sucht oder sich beruflich ver\u00e4ndern m\u00f6chte<\/li>\n<li>Arbeitsmarkttrends vs. demografische Trends<\/li>\n<li>Barrieren und Stereotypen gegen\u00fcber \u00e4lteren Arbeitnehmern<\/li>\n<li>Die digitale Kluft: Unterst\u00fctzung und Schulung zur Verbesserung der digitalen Kompetenz \u00e4lterer Arbeitnehmer\/innen<\/li>\n<\/ul>\n<p><a href=\"https:\/\/academiaplus.eu\/wp-content\/uploads\/2021\/05\/AGENDA_Demographic_change_Unit-1_The_challenges_of_an_older_workforce.pdf\" target=\"_blank\" rel=\"noopener\"><img decoding=\"async\" src=\"https:\/\/academiaplus.eu\/wp-content\/uploads\/2020\/05\/001-300x67.png\" alt=\"\" width=\"150\" height=\"33\"><\/a>&nbsp;<\/td>\n<\/tr>\n<tr>\n<td width=\"72\"><strong>Tag 2<\/strong><\/p>\n<p><strong>12. Mai, 2021<\/strong><\/p>\n<p>Pause 13.30-14.30 Uhr (MEZ)<\/td>\n<td width=\"592\"><strong>Einheit 2. Umschulung im sp\u00e4teren Leben<\/strong><\/p>\n<ul>\n<li>Herausforderungen, die sich aus dem Missverh\u00e4ltnis zwischen<\/li>\n<li>Qualifikationsangebot und -nachfrage ergeben und warum es wichtig ist, die<\/li>\n<li>Qualifikationen auf dem neuesten Stand zu halten<\/li>\n<li>Attraktivit\u00e4t und Nutzen der Weiterbildung f\u00fcr \u00e4ltere Menschen und Strategien zur Umschulung \u00e4lterer Arbeitnehmer\/innen<\/li>\n<li>Arbeitsgest\u00fctztes Lernen f\u00fcr die \u00e4ltere Generation<\/li>\n<li>Mentoren-Ausbildung<\/li>\n<li>Digitale Ausbildung (Die digitale Kluft)<\/li>\n<\/ul>\n<p>Lernergebnisse:<\/p>\n<ul>\n<li>Herausforderungen aufgrund von Qualifikationsdefiziten und mangelnder Bereitschaft zur Umschulung<\/li>\n<li>Wie kann man Weiterbildung f\u00fcr \u00e4ltere Menschen attraktiv machen?<\/li>\n<li>Berufsbezogenes Lernen f\u00fcr die \u00e4ltere Generation<\/li>\n<\/ul>\n<p><a href=\"https:\/\/academiaplus.eu\/wp-content\/uploads\/2021\/05\/AGENDA_Demographic_change_Unit-2_Retraining_in_later_life.pdf\" target=\"_blank\" rel=\"noopener\"><img decoding=\"async\" src=\"https:\/\/academiaplus.eu\/wp-content\/uploads\/2020\/05\/001-300x67.png\" alt=\"\" width=\"150\" height=\"33\"><\/a><\/td>\n<\/tr>\n<tr>\n<td width=\"72\"><strong>Tag 3<\/strong><\/p>\n<p><strong>18. Mai, 2021<\/strong><\/p>\n<p>Pause 13.30-14.30 Uhr (MEZ)<\/td>\n<td width=\"592\"><strong>Einheit 3. Die Erwartungen des Arbeitsmarktes neu ausrichten<\/strong><\/p>\n<ul>\n<li>Herausforderungen f\u00fcr Unternehmen bei der Besch\u00e4ftigung von \u00e4lteren Menschen<\/li>\n<li>Wie kann man alle Menschen unabh\u00e4ngig von ihrem Alter oder ihren Pflichten einbeziehen (Ma\u00dfnahmen in Bezug auf flexible Arbeitszeiten, Betreuungspflichten, Gesundheit, Zugangsfragen usw.)?<\/li>\n<\/ul>\n<ol>\n<li>In Bezug auf die Anpassung der Einstellungsverfahren<\/li>\n<li>In Bezug auf die Anpassung der Berufsberatung<\/li>\n<\/ol>\n<p>Arbeitspl\u00e4tze und Qualifikationsl\u00fccken, bei denen \u00e4ltere Menschen einen Mehrwert bieten k\u00f6nnen<\/p>\n<p>Lernergebnisse:<\/p>\n<ul>\n<li>Herausforderungen f\u00fcr Unternehmen bei der Besch\u00e4ftigung \u00e4lterer Menschen<\/li>\n<li>Stereotypen und Missverst\u00e4ndnisse<\/li>\n<li>Wie kann man die Rekrutierung und die Einrichtungen an eine \u00e4ltere Belegschaft anpassen?<\/li>\n<li>Berufe und Qualifikationsdefizite, bei denen \u00e4ltere Menschen einen Mehrwert schaffen k\u00f6nnen<\/li>\n<\/ul>\n<p><a href=\"https:\/\/academiaplus.eu\/wp-content\/uploads\/2021\/05\/AGENDA_Demographic_change_Unit-3_Realignin_-the_expectations_of_the_labour_market.pdf\" target=\"_blank\" rel=\"noopener\"><img decoding=\"async\" src=\"https:\/\/academiaplus.eu\/wp-content\/uploads\/2020\/05\/001-300x67.png\" alt=\"\" width=\"150\" height=\"33\"><\/a><\/td>\n<\/tr>\n<tr>\n<td width=\"72\"><strong>Tag 4<\/strong><\/p>\n<p><strong>20. Mai, 2021<\/strong><\/p>\n<p>Pause 13.15-14.00 Uhr (MEZ)<\/td>\n<td width=\"592\"><strong>Einheit 4. Mehrgenerationen-Zusammenarbeit: Fokus auf verschiedene Zielgruppen und Generationen<\/strong><\/p>\n<ul>\n<li>Die Vorteile einer generationen\u00fcbergreifenden Belegschaft<\/li>\n<li>Frauen, die nach der \u00dcbernahme von Betreuungsaufgaben an ihren<\/li>\n<li>Arbeitsplatz zur\u00fcckkehren, und die Herausforderungen, denen sie sich stellen m\u00fcssen<\/li>\n<li>Das heikle Thema der Berufsberatung und der sozialen Gerechtigkeit: Eine unm\u00f6gliche Aufgabe?<\/li>\n<li>Die psychische Gesundheit junger Menschen (Erasmus+ Projekt)<\/li>\n<\/ul>\n<p>Lernergebnisse:<\/p>\n<ul>\n<li>Der Wert der Lebenserfahrung und des Wissens \u00e4lterer Menschen in der Ausbildung junger Menschen<\/li>\n<li>Entwicklung von generationen\u00fcbergreifenden Lern- und Arbeitsr\u00e4umen<\/li>\n<li>Die Rolle von Mentorinnen und Mentoren<\/li>\n<\/ul>\n<p><a href=\"https:\/\/academiaplus.eu\/wp-content\/uploads\/2021\/05\/AGENDA_Demographic_change_-Unit-4_Multigenerational_collaboration_b.pdf\" target=\"_blank\" rel=\"noopener\"><img decoding=\"async\" src=\"https:\/\/academiaplus.eu\/wp-content\/uploads\/2020\/05\/001-300x67.png\" alt=\"\" width=\"150\" height=\"33\"><\/a><\/td>\n<\/tr>\n<\/tbody>\n<\/table>\n<p style=\"margin-bottom: 11.25pt; line-height: normal;\">\n<p>3 steps to enter training material of C-STEPs (Project&#8217;s Media Centre and Learning Environment):&nbsp;<\/p>\n<ol>\n<li>Enter&nbsp;<\/li>\n<\/ol>\n<p><em><a href=\"http:\/\/www.academiaplus.eu\/moodle\/\">www.academiaplus.eu\/moodle\/<\/a><\/em><\/p>\n<p>2. Choose the course below<\/p>\n<p><img loading=\"lazy\" decoding=\"async\" src=\"https:\/\/academiaplus.eu\/wp-content\/uploads\/2021\/06\/courses-768x187.jpg\" alt=\"\" loading=\"lazy\" srcset=\"https:\/\/academiaplus.eu\/wp-content\/uploads\/2021\/06\/courses-768x187.jpg 768w, https:\/\/academiaplus.eu\/wp-content\/uploads\/2021\/06\/courses-300x73.jpg 300w, https:\/\/academiaplus.eu\/wp-content\/uploads\/2021\/06\/courses-1024x249.jpg 1024w, https:\/\/academiaplus.eu\/wp-content\/uploads\/2021\/06\/courses.jpg 1446w\" sizes=\"auto, (max-width: 768px) 100vw, 768px\" width=\"768\" height=\"187\"><\/p>\n<p>3.&nbsp;Free access with &#8220;Login as a guest&#8221;<\/p>\n<p><a href=\"http:\/\/www.academiaplus.eu\/moodle\/\"><br \/>\n<img decoding=\"async\" src=\"https:\/\/academiaplus.eu\/wp-content\/uploads\/elementor\/thumbs\/login-p9drxq4s0b8cli9tfvbuwya8eplwxnouemmmstd6a8.jpg\" title=\"login\" alt=\"login\">\t\t\t\t\t\t\t\t<\/a><\/p>\n","protected":false},"excerpt":{"rendered":"<p>Aufgrund der COVID-19-Krise wurde auch der dritte C-STEP &#8220;Demografischer Wandel&#8221; in einen viert\u00e4gigen Online-Schulungskurs umgewandelt, der in einer Reihe von Webinaren am 10., 12., 18. und 20. Mai 2021 stattfand. C-STEP3 &#8220;Demografischer Wandel&#8221; ist das letzte von drei C-STEPs &gt;&gt;, die Teil des &#8220;Counsellors&#8217; Study and Training Exchange Programme for Key Challenges of European Labour Markets and Societies&#8221; (Academia+) sind, ein von Erasmus+ kofinanziertes Projekt. Mehr \u00fcber das Academia+ Projekt erfahren Sie hier &gt;&gt;. Die Einheiten und Themen des Online-Trainings basieren auf den Ergebnissen von Literatur- und Ressourcensichtungen aus allen Partnerl\u00e4ndern sowie auf einer Analyse eines Online-Fragebogens, der von Beratern und Beraterinnen, Praktikern und Praktikerinnen sowie Expertinnen und Experten zum&hellip; <a class=\"read-more\" href=\"https:\/\/academiaplus.eu\/de\/c-step-3\/\">Mehr Lesen<\/a><\/p>\n","protected":false},"author":2,"featured_media":0,"parent":0,"menu_order":0,"comment_status":"closed","ping_status":"closed","template":"","meta":{"footnotes":""},"class_list":["post-5398","page","type-page","status-publish","hentry"],"translation":{"provider":"WPGlobus","version":"3.0.2","language":"de","enabled_languages":["en","de","pt","lt"],"languages":{"en":{"title":true,"content":true,"excerpt":false},"de":{"title":true,"content":true,"excerpt":false},"pt":{"title":true,"content":true,"excerpt":false},"lt":{"title":false,"content":false,"excerpt":false}}},"_links":{"self":[{"href":"https:\/\/academiaplus.eu\/de\/wp-json\/wp\/v2\/pages\/5398","targetHints":{"allow":["GET"]}}],"collection":[{"href":"https:\/\/academiaplus.eu\/de\/wp-json\/wp\/v2\/pages"}],"about":[{"href":"https:\/\/academiaplus.eu\/de\/wp-json\/wp\/v2\/types\/page"}],"author":[{"embeddable":true,"href":"https:\/\/academiaplus.eu\/de\/wp-json\/wp\/v2\/users\/2"}],"replies":[{"embeddable":true,"href":"https:\/\/academiaplus.eu\/de\/wp-json\/wp\/v2\/comments?post=5398"}],"version-history":[{"count":157,"href":"https:\/\/academiaplus.eu\/de\/wp-json\/wp\/v2\/pages\/5398\/revisions"}],"predecessor-version":[{"id":6840,"href":"https:\/\/academiaplus.eu\/de\/wp-json\/wp\/v2\/pages\/5398\/revisions\/6840"}],"wp:attachment":[{"href":"https:\/\/academiaplus.eu\/de\/wp-json\/wp\/v2\/media?parent=5398"}],"curies":[{"name":"wp","href":"https:\/\/api.w.org\/{rel}","templated":true}]}}