{"id":4397,"date":"2020-12-21T11:37:07","date_gmt":"2020-12-21T11:37:07","guid":{"rendered":"https:\/\/academiaplus.eu\/?page_id=4397"},"modified":"2021-08-12T08:43:26","modified_gmt":"2021-08-12T08:43:26","slug":"c-step-2","status":"publish","type":"page","link":"https:\/\/academiaplus.eu\/de\/c-step-2\/","title":{"rendered":"C-STEP 2 (german)"},"content":{"rendered":"<p>Aufgrund der COVID-19-Krise wurde auch das zweite C-STEP &#8220;Future jobs&#8221; in einen viert\u00e4gigen Online-Kurs umgewandelt, der in einer Reihe von Webinaren am 9., 11., 16. und 18. M\u00e4rz 2021 stattfand.<\/p>\n<p>C-STEP2 &#8220;Future jobs&#8221; ist eines von drei<a href=\"https:\/\/academiaplus.eu\/c-step\/\"> C-STEPs &gt;<\/a>&gt;, die Teil des &#8220;Counsellors&#8217; Study and Training Exchange Programme for Key Challenges of European Labour Markets and Societies&#8221; (Academia+) sind, ein von Erasmus+ kofinanziertes Projekt. Mehr \u00fcber das Academia+ Projekt erfahren Sie hier.<\/p>\n<p>Die Einheiten und Themen des Online-Trainings basieren auf den Ergebnissen von Literatur- und Ressourcensichtungen aus allen Partnerl\u00e4ndern sowie auf einer Analyse eines Online-Fragebogens, der von Beratern und Beraterinnen, Praktikern und Praktikerinnen sowie Expertinnen und Experten zum Thema zuk\u00fcnftige Arbeitspl\u00e4tze aus L\u00e4ndern in ganz Europa beantwortet wurde.<\/p>\n<p>Die Online-Trainingskurse umfassten Vortr\u00e4ge von eingeladenen Fachleuten, Workshops mit Gruppenarbeit, Abschnitte f\u00fcr Fragen und Antworten usw. Teile der Online-Trainingskurse wurden aufgezeichnet und zusammen mit allen pr\u00e4sentierten Materialien und C-STEPs-Materialien in das <a href=\"https:\/\/academiaplus.eu\/de\/course-participants\/\">Medienzentrum &gt;&gt;<\/a> hochgeladen.<\/p>\n<p>Das Online-Training und alle zugeh\u00f6rigen Materialien werden in <strong>englischer<\/strong> Sprache angeboten.<\/p>\n<p><strong>Zielgruppe: Berufsberater, Berufsberatungsspezialisten, Lehrer, Dozenten f\u00fcr Berufsberatung usw.<\/strong><\/p>\n<p>Die Anmeldung und Teilnahme war kostenlos. Es wurden Teilnahmebescheinigungen ausgestellt.<\/p>\n<p>Kontaktperson: <a href=\"https:\/\/academiaplus.eu\/de\/c-step-1\/jane.porath@hdba.de\">jane.porath@hdba.de<\/a> (Deutschland) (oder siehe Academia+<a href=\"https:\/\/academiaplus.eu\/de\/project\/partners\/\"> Projektpartner<\/a> aus Portugal, Gro\u00dfbritannien, Luxemburg, Litauen).<\/p>\n<figure><img decoding=\"async\" src=\"https:\/\/academiaplus.eu\/wp-content\/uploads\/2021\/07\/01.jpg\" alt=\"01\"><\/figure>\n<figure><img decoding=\"async\" src=\"https:\/\/academiaplus.eu\/wp-content\/uploads\/2021\/07\/02.jpg\" alt=\"02\"><\/figure>\n<figure><img decoding=\"async\" src=\"https:\/\/academiaplus.eu\/wp-content\/uploads\/2021\/07\/03.jpg\" alt=\"03\"><\/figure>\n<figure><img decoding=\"async\" src=\"https:\/\/academiaplus.eu\/wp-content\/uploads\/2021\/07\/04.jpg\" alt=\"04\"><\/figure>\n<figure><img decoding=\"async\" src=\"https:\/\/academiaplus.eu\/wp-content\/uploads\/2021\/07\/05.jpg\" alt=\"05\"><\/figure>\n<p>Previous<br \/>\nNext<br \/>\nIf you want to network with other participants, speakers and members of the Academia + project team throughout the project time and after you can join the<strong> LinkedIn group<\/strong>: <a href=\"https:\/\/www.linkedin.com\/groups\/8955519\" target=\"_blank\" rel=\"noopener\" data-saferedirecturl=\"https:\/\/www.google.com\/url?q=https:\/\/www.linkedin.com\/groups\/8955519&amp;source=gmail&amp;ust=1614352075138000&amp;usg=AFQjCNEGpGgmkIL4NgTFqhOsaoBKAnMdrA\"><u>https<\/u><u>:\/\/www.linkedin.com\/<wbr>groups\/8955519<\/u><\/a>&nbsp;<\/p>\n<p><strong>Tagesordnung<\/strong><\/p>\n<p><strong>C-STEP 2 &#8220;Arbeitspl\u00e4tze der Zukunft&#8221;<\/strong><\/p>\n<p>Jeder Online-Schulungstag lief zwischen 10.00-17.00 Uhr mitteleurop\u00e4ischer Zeit (MEZ)<br \/>\n(9.00-16.00 Uhr UK und Portugal, 10.00-17.00 Uhr Deutschland und Luxemburg)<\/p>\n<table>\n<tbody>\n<tr>\n<td width=\"72\"><strong>Tag 1<\/strong><\/p>\n<p><strong>9. M\u00e4rz, 2021<\/strong><\/p>\n<p>Pause 13.00-14.00 Uhr (MEZ)<\/td>\n<td width=\"592\"><strong>Einheit 1. Industrie 4.0 und die Auswirkungen auf die Arbeit<\/strong><\/p>\n<ul>\n<li>Historischer Ansatz zu industriellen Revolutionen<\/li>\n<li>Triebkr\u00e4fte des Wandels<\/li>\n<li>Neue Methoden, Technologien und Arbeitsweisen<\/li>\n<li>Nationale Strategien\/Unterst\u00fctzungsma\u00dfnahmen<\/li>\n<\/ul>\n<p>Lernergebnisse:<\/p>\n<ul>\n<li>Die 4. industrielle Revolution &#8211; Historischer Kontext von Industrie 4.0<\/li>\n<li>Industrie 4.0 und die Folgen f\u00fcr den Arbeitsmarkt und die Wirtschaft<\/li>\n<li>Triebkr\u00e4fte, die den Wandel der Berufe f\u00f6rdern &#8211; die Entwicklung des<\/li>\n<li>Arbeitsmarktes im technologischen Kontext<\/li>\n<li>Arbeit und Industrie 4.0 &#8211; Das Zeitalter des intellektuellen Arbeiters<\/li>\n<\/ul>\n<p><a href=\"https:\/\/academiaplus.eu\/wp-content\/uploads\/2021\/02\/Detailed-agendaUnit-1_Industry-4.0-and-the-impact-on-labour.pdf\" target=\"_blank\" rel=\"noopener\"><img decoding=\"async\" src=\"https:\/\/academiaplus.eu\/wp-content\/uploads\/2020\/05\/001-300x67.png\" alt=\"\" width=\"150\" height=\"33\"><\/a>&nbsp;<\/td>\n<\/tr>\n<tr>\n<td width=\"72\"><strong>Tag 2<\/strong><\/p>\n<p><strong>11. M\u00e4rz, 2021<\/strong><\/p>\n<p>Pause 13.00-14.00 Uhr (MEZ)<\/td>\n<td width=\"592\"><strong>Einheit 2. Herausforderungen und Chancen f\u00fcr Unternehmen in der Industrie 4.0<\/strong><\/p>\n<ul>\n<li>Herausforderungen: Wandel und Widerstandsf\u00e4higkeit gegen ihn<\/li>\n<li>Herausforderungen: Personal und Struktur des Unternehmens<\/li>\n<li>Herausforderungen: Wettbewerb<\/li>\n<li>Herausforderungen: \u00dcberlegungen der Teilnehmer\/innen<\/li>\n<li>Chancen: Neue Unternehmen\/Gesch\u00e4ftsmodelle<\/li>\n<li>Chancen: Neue Produkte\/Dienstleistungen<\/li>\n<li>M\u00f6glichkeiten: Organisation der Arbeit<\/li>\n<li>M\u00f6glichkeiten: \u00dcberlegungen der Teilnehmer\/innen<\/li>\n<\/ul>\n<p>Lernergebnisse:<\/p>\n<ul>\n<li>Segment der Unternehmen in der Industrie 4.0 &#8211; Branchenprofile<\/li>\n<li>Vorbereitung auf Industrie 4.0<\/li>\n<li>Hindernisse f\u00fcr den Wandel<\/li>\n<li>Das Geschlechtergef\u00e4lle in der Industrie<\/li>\n<\/ul>\n<p><a href=\"https:\/\/academiaplus.eu\/wp-content\/uploads\/2021\/02\/Detailed-agenda-Unit-2_Challenges-and-opportunities-for-companies-within-Industry-4.0.pdf\" target=\"_blank\" rel=\"noopener\"><img decoding=\"async\" src=\"https:\/\/academiaplus.eu\/wp-content\/uploads\/2020\/05\/001-300x67.png\" alt=\"\" width=\"150\" height=\"33\"><\/a><\/td>\n<\/tr>\n<tr>\n<td width=\"72\"><strong>Tag 3<\/strong><\/p>\n<p><strong>16. M\u00e4rz, 2021<\/strong><\/p>\n<p>Pause 13.15-14.15 Uhr (MEZ)<\/td>\n<td width=\"592\"><strong>Einheit 3. Zuk\u00fcnftige Trends<\/strong><\/p>\n<ul>\n<li>Neue Technologien<\/li>\n<li>Neue Arbeitspl\u00e4tze und Qualifikationen<\/li>\n<\/ul>\n<p>Lernergebnisse:<\/p>\n<ul>\n<li>Arbeit und virtuelle Technologien: neue Trends auf dem Arbeitsmarkt und m\u00f6gliche Auswirkungen auf die Besch\u00e4ftigungsdemografie<\/li>\n<li>Neue Technologien: 3D-Druck, intelligente M\u00fcnzen, Karten und Zahlungsverkehr, IT-Sicherheit, Big Data, Analytik usw.<\/li>\n<li>Neue Gesch\u00e4ftsmodelle und neue Ans\u00e4tze f\u00fcr neue M\u00e4rkte<\/li>\n<li>Neue Berufe und Arbeitsbedingungen<\/li>\n<li>Neue Berufe und Qualifikationsanforderungen<\/li>\n<li>Die am st\u00e4rksten aufstrebenden und r\u00fcckl\u00e4ufigen Berufe und Qualifikationen<\/li>\n<\/ul>\n<p><a href=\"https:\/\/academiaplus.eu\/wp-content\/uploads\/2021\/02\/Detailed-agenda-Unit-3_Upcoming-trends.pdf\" target=\"_blank\" rel=\"noopener\"><img decoding=\"async\" src=\"https:\/\/academiaplus.eu\/wp-content\/uploads\/2020\/05\/001-300x67.png\" alt=\"\" width=\"150\" height=\"33\"><\/a><\/td>\n<\/tr>\n<tr>\n<td width=\"72\"><strong>Tag 4<\/strong><\/p>\n<p><strong>18. M\u00e4rz, 2021<\/strong><\/p>\n<p>Pause 13.00-14.00 Uhr (MEZ)<\/td>\n<td width=\"592\"><strong>Einheit 4. Neue F\u00e4higkeiten und Kompetenzen<\/strong><\/p>\n<ul>\n<li>Neue Soft Skills<\/li>\n<li>Neue Hard Skills<\/li>\n<li>H\u00f6herqualifizierung\/Umschulung von Personal<\/li>\n<li>Aktualisierungen der Ausbildung<\/li>\n<\/ul>\n<p>Lernergebnisse:<\/p>\n<ul>\n<li>Herausforderungen, die sich aus der Entwicklung zukunftsf\u00e4higer Kompetenzen f\u00fcr Industrie 4.0 ergeben<\/li>\n<li>Hard Skills zu Industrie 4.0 (technologische F\u00e4higkeiten)<\/li>\n<li>Soft Skills zu Industrie 4.0 (interdisziplin\u00e4re F\u00e4higkeiten f\u00fcr zuk\u00fcnftige Arbeitnehmer)<\/li>\n<li>Neue Wege des Lernens<\/li>\n<\/ul>\n<p><a href=\"https:\/\/academiaplus.eu\/wp-content\/uploads\/2021\/02\/Detailed-agenda-Unit-4_New-skills-and-competencies.pdf\" target=\"_blank\" rel=\"noopener\"><img decoding=\"async\" src=\"https:\/\/academiaplus.eu\/wp-content\/uploads\/2020\/05\/001-300x67.png\" alt=\"\" width=\"150\" height=\"33\"><\/a><\/td>\n<\/tr>\n<\/tbody>\n<\/table>\n<p style=\"margin-bottom: 11.25pt; line-height: normal;\">\n<p>3 steps to enter training material of C-STEPs (Project&#8217;s Media Centre and Learning Environment):&nbsp;<\/p>\n<ol>\n<li>Enter&nbsp;<\/li>\n<\/ol>\n<p><em><a href=\"http:\/\/www.academiaplus.eu\/moodle\/\">www.academiaplus.eu\/moodle\/<\/a><\/em><\/p>\n<p>2. Choose the course below<\/p>\n<p><img loading=\"lazy\" decoding=\"async\" src=\"https:\/\/academiaplus.eu\/wp-content\/uploads\/2021\/06\/courses-768x187.jpg\" alt=\"\" loading=\"lazy\" srcset=\"https:\/\/academiaplus.eu\/wp-content\/uploads\/2021\/06\/courses-768x187.jpg 768w, https:\/\/academiaplus.eu\/wp-content\/uploads\/2021\/06\/courses-300x73.jpg 300w, https:\/\/academiaplus.eu\/wp-content\/uploads\/2021\/06\/courses-1024x249.jpg 1024w, https:\/\/academiaplus.eu\/wp-content\/uploads\/2021\/06\/courses.jpg 1446w\" sizes=\"auto, (max-width: 768px) 100vw, 768px\" width=\"768\" height=\"187\"><\/p>\n<p>3.&nbsp;Free access with &#8220;Login as a guest&#8221;<\/p>\n<p><a href=\"http:\/\/www.academiaplus.eu\/moodle\/\"><br \/>\n<img decoding=\"async\" src=\"https:\/\/academiaplus.eu\/wp-content\/uploads\/elementor\/thumbs\/login-p9drxq4s0b8cli9tfvbuwya8eplwxnouemmmstd6a8.jpg\" title=\"login\" alt=\"login\">\t\t\t\t\t\t\t\t<\/a><\/p>\n","protected":false},"excerpt":{"rendered":"<p>Aufgrund der COVID-19-Krise wurde auch das zweite C-STEP &#8220;Future jobs&#8221; in einen viert\u00e4gigen Online-Kurs umgewandelt, der in einer Reihe von Webinaren am 9., 11., 16. und 18. M\u00e4rz 2021 stattfand. C-STEP2 &#8220;Future jobs&#8221; ist eines von drei C-STEPs &gt;&gt;, die Teil des &#8220;Counsellors&#8217; Study and Training Exchange Programme for Key Challenges of European Labour Markets and Societies&#8221; (Academia+) sind, ein von Erasmus+ kofinanziertes Projekt. Mehr \u00fcber das Academia+ Projekt erfahren Sie hier. Die Einheiten und Themen des Online-Trainings basieren auf den Ergebnissen von Literatur- und Ressourcensichtungen aus allen Partnerl\u00e4ndern sowie auf einer Analyse eines Online-Fragebogens, der von Beratern und Beraterinnen, Praktikern und Praktikerinnen sowie Expertinnen und Experten zum Thema zuk\u00fcnftige&hellip; <a class=\"read-more\" href=\"https:\/\/academiaplus.eu\/de\/c-step-2\/\">Mehr Lesen<\/a><\/p>\n","protected":false},"author":2,"featured_media":0,"parent":0,"menu_order":0,"comment_status":"closed","ping_status":"closed","template":"","meta":{"footnotes":""},"class_list":["post-4397","page","type-page","status-publish","hentry"],"translation":{"provider":"WPGlobus","version":"3.0.2","language":"de","enabled_languages":["en","de","pt","lt"],"languages":{"en":{"title":true,"content":true,"excerpt":false},"de":{"title":true,"content":true,"excerpt":false},"pt":{"title":true,"content":true,"excerpt":false},"lt":{"title":false,"content":false,"excerpt":false}}},"_links":{"self":[{"href":"https:\/\/academiaplus.eu\/de\/wp-json\/wp\/v2\/pages\/4397","targetHints":{"allow":["GET"]}}],"collection":[{"href":"https:\/\/academiaplus.eu\/de\/wp-json\/wp\/v2\/pages"}],"about":[{"href":"https:\/\/academiaplus.eu\/de\/wp-json\/wp\/v2\/types\/page"}],"author":[{"embeddable":true,"href":"https:\/\/academiaplus.eu\/de\/wp-json\/wp\/v2\/users\/2"}],"replies":[{"embeddable":true,"href":"https:\/\/academiaplus.eu\/de\/wp-json\/wp\/v2\/comments?post=4397"}],"version-history":[{"count":152,"href":"https:\/\/academiaplus.eu\/de\/wp-json\/wp\/v2\/pages\/4397\/revisions"}],"predecessor-version":[{"id":6788,"href":"https:\/\/academiaplus.eu\/de\/wp-json\/wp\/v2\/pages\/4397\/revisions\/6788"}],"wp:attachment":[{"href":"https:\/\/academiaplus.eu\/de\/wp-json\/wp\/v2\/media?parent=4397"}],"curies":[{"name":"wp","href":"https:\/\/api.w.org\/{rel}","templated":true}]}}