{"id":4323,"date":"2020-11-18T09:28:27","date_gmt":"2020-11-18T09:28:27","guid":{"rendered":"https:\/\/academiaplus.eu\/?page_id=4323"},"modified":"2021-01-18T08:30:55","modified_gmt":"2021-01-18T08:30:55","slug":"4th-transnational-partners-meeting","status":"publish","type":"page","link":"https:\/\/academiaplus.eu\/de\/4th-transnational-partners-meeting\/","title":{"rendered":"4. transnationales Partnertreffen"},"content":{"rendered":"<p><a href=\"https:\/\/academiaplus.eu\/de\/project\/\">\u00dcBER<\/a><\/p>\n<p><a href=\"https:\/\/academiaplus.eu\/de\/project\/background\">HINTERGRUND<\/a><\/p>\n<p>\u00a0<\/p>\n<p><a href=\"https:\/\/academiaplus.eu\/de\/outputs\/\">AUSG\u00c4NGE<\/a><\/p>\n<p><a href=\"https:\/\/academiaplus.eu\/de\/project\/partners\/\">PARTNER<\/a><\/p>\n<p><a href=\"https:\/\/academiaplus.eu\/de\/project\/academia-network\/\">ACADEMIA NETWORK<\/a><\/p>\n<p><a href=\"https:\/\/academiaplus.eu\/de\/project\/events\/\">EVENTS<\/a><\/p>\n<p style=\"font-weight: 400;\">Im Rahmen des Projekts Academia+ fand am 9. und 10. November 2020 das <strong>4. internationale Partnertreffen statt.<\/strong><\/p>\n<p style=\"font-weight: 400;\">Aufgrund der aktuellen Situation (Covid-19) fand das Treffen online statt und nicht wie urspr\u00fcnglich geplant in Bradford, UK.<\/p>\n<p>\t\t\t\t\t\t\t\t\t\t<img decoding=\"async\" src=\"https:\/\/academiaplus.eu\/wp-content\/uploads\/elementor\/thumbs\/academiaplus_4th_online_meeting-oylagennyi4is0kteg5ac6pdw03x7n93ofa7986j0u.jpg\" title=\"academiaplus_4th_online_meeting\" alt=\"academiaplus_4th_online_meeting\" \/>\t\t\t\t\t\t\t\t\t\t\t<\/p>\n<p>W\u00e4hrend des zweit\u00e4gigen Treffens er\u00f6rterte die Partnerschaft den aktuellen Stand der Arbeit und die kommenden Schritte f\u00fcr die weiteren zwei 4-t\u00e4gigen Trainingstage f\u00fcr Berater Studien- und Ausbildungsaustauschprogramm C-STEP 2 &#8220;Future Jobs&#8221; (geplant f\u00fcr M\u00e4rz 2021) und C-STEP 3 &#8220;Demographischer Wandel&#8221; (geplant f\u00fcr Mai 2021). Auch diese werden wie bereits der erste C-STEP nicht in Pr\u00e4senz, sondern online stattfinden und sich so einem breiteren Publikum \u00f6ffnen.<\/p>\n","protected":false},"excerpt":{"rendered":"<p>\u00dcBER HINTERGRUND \u00a0 AUSG\u00c4NGE PARTNER ACADEMIA NETWORK EVENTS Im Rahmen des Projekts Academia+ fand am 9. und 10. November 2020 das 4. internationale Partnertreffen statt. Aufgrund der aktuellen Situation (Covid-19) fand das Treffen online statt und nicht wie urspr\u00fcnglich geplant in Bradford, UK. W\u00e4hrend des zweit\u00e4gigen Treffens er\u00f6rterte die Partnerschaft den aktuellen Stand der Arbeit und die kommenden Schritte f\u00fcr die weiteren zwei 4-t\u00e4gigen Trainingstage f\u00fcr Berater Studien- und Ausbildungsaustauschprogramm C-STEP 2 &#8220;Future Jobs&#8221; (geplant f\u00fcr M\u00e4rz 2021) und C-STEP 3 &#8220;Demographischer Wandel&#8221; (geplant f\u00fcr Mai 2021). Auch diese werden wie bereits der erste C-STEP nicht in Pr\u00e4senz, sondern online stattfinden und sich so einem breiteren Publikum \u00f6ffnen.<\/p>\n","protected":false},"author":2,"featured_media":0,"parent":0,"menu_order":0,"comment_status":"closed","ping_status":"closed","template":"","meta":{"footnotes":""},"class_list":["post-4323","page","type-page","status-publish","hentry"],"translation":{"provider":"WPGlobus","version":"3.0.2","language":"de","enabled_languages":["en","de","pt","lt"],"languages":{"en":{"title":true,"content":true,"excerpt":false},"de":{"title":true,"content":true,"excerpt":false},"pt":{"title":true,"content":true,"excerpt":false},"lt":{"title":true,"content":true,"excerpt":false}}},"_links":{"self":[{"href":"https:\/\/academiaplus.eu\/de\/wp-json\/wp\/v2\/pages\/4323","targetHints":{"allow":["GET"]}}],"collection":[{"href":"https:\/\/academiaplus.eu\/de\/wp-json\/wp\/v2\/pages"}],"about":[{"href":"https:\/\/academiaplus.eu\/de\/wp-json\/wp\/v2\/types\/page"}],"author":[{"embeddable":true,"href":"https:\/\/academiaplus.eu\/de\/wp-json\/wp\/v2\/users\/2"}],"replies":[{"embeddable":true,"href":"https:\/\/academiaplus.eu\/de\/wp-json\/wp\/v2\/comments?post=4323"}],"version-history":[{"count":72,"href":"https:\/\/academiaplus.eu\/de\/wp-json\/wp\/v2\/pages\/4323\/revisions"}],"predecessor-version":[{"id":5346,"href":"https:\/\/academiaplus.eu\/de\/wp-json\/wp\/v2\/pages\/4323\/revisions\/5346"}],"wp:attachment":[{"href":"https:\/\/academiaplus.eu\/de\/wp-json\/wp\/v2\/media?parent=4323"}],"curies":[{"name":"wp","href":"https:\/\/api.w.org\/{rel}","templated":true}]}}