{"id":3798,"date":"2020-07-16T12:01:22","date_gmt":"2020-07-16T12:01:22","guid":{"rendered":"https:\/\/academiaplus.eu\/?page_id=3798"},"modified":"2021-08-13T10:56:50","modified_gmt":"2021-08-13T10:56:50","slug":"c-step","status":"publish","type":"page","link":"https:\/\/academiaplus.eu\/de\/c-step\/","title":{"rendered":"C-STEP"},"content":{"rendered":"<p><a href=\"https:\/\/academiaplus.eu\/de\/project\/\">\u00dcBER<\/a><\/p>\n<p><a href=\"https:\/\/academiaplus.eu\/de\/project\/background\">HINTERGRUND<\/a><\/p>\n<p><a href=\"https:\/\/academiaplus.eu\/de\/outputs\/\">AUSG\u00c4NGE<\/a><\/p>\n<p><a href=\"https:\/\/academiaplus.eu\/de\/project\/partners\/\">PARTNER<\/a><\/p>\n<p><a href=\"https:\/\/academiaplus.eu\/de\/project\/academia-network\/\">ACADEMIA NETWORK<\/a><\/p>\n<p><a href=\"https:\/\/academiaplus.eu\/de\/project\/events\/\">EVENTS<\/a><\/p>\n<p>Academia+ entwickelt die folgenden Inhalte und Module:<\/p>\n<p><a style=\"color: #ffffff;\" href=\"https:\/\/academiaplus.eu\/de\/c-step-1\/\">IO1 C-STEP 1 &gt;&gt;<\/a><\/p>\n<p>Beratung von Migranten und Fl\u00fcchtlingen<\/p>\n<p><em>Einheit 1. Interkulturelles Bewusstsein<br \/>\nEinheit 2. Anerkennung von Qualifikationen und Kompetenzen und Zugang zum Arbeitsmarkt<br \/>\nEinheit 3. Die Analyse des Kundenpotenzials und des Empowerment<br \/>\nEinheit 4. Spezifische unterst\u00fctzende Ma\u00dfnahmen<\/em><\/p>\n<p id=\"yui_3_17_2_1_1595856813436_22\">(28.05.2020 &#8211; 09.06.2020)<\/p>\n<p><a style=\"color: #ffffff; text-decoration: underline;\" href=\"https:\/\/academiaplus.eu\/de\/c-step-2\/\">IO2 C-STEP 2 &gt;&gt;<\/a><\/p>\n<p>Arbeitspl\u00e4tze der Zukunft<\/p>\n<p><em>Einheit 1. Industrie 4.0 und die Auswirkungen auf die Arbeit<br \/>\nEinheit 2. Herausforderungen und Chancen f\u00fcr Unternehmen in der Industrie 4.0<br \/>\nEinheit 3. Zuk\u00fcnftige Trends<br \/>\nEinheit 4. Neue F\u00e4higkeiten und Kompetenzen<\/em><\/p>\n<p>(09.03.2021 \u2013 18.03.2021)<\/p>\n<p><a style=\"color: #ffffff;\" href=\"https:\/\/academiaplus.eu\/de\/c-step-3\/\" target=\"_blank\" rel=\"noopener\">IO3 C-STEP 3 &gt;&gt;<\/a><\/p>\n<p>Demografischer Wandel<\/p>\n<p><em>Einheit 1. Die Herausforderungen einer \u00e4lteren Erwerbsbev\u00f6lkerung<br \/>\nEinheit 2. Umschulung im sp\u00e4teren Leben<br \/>\nEinheit 3. Die Erwartungen des Arbeitsmarktes neu ausrichten<br \/>\nEinheit 4. Mehrgenerationen-Zusammenarbeit: Fokus auf verschiedene Zielgruppen und Generationen<\/em><\/p>\n<p>(10.05.2021 \u2013 20.05.2021)<\/p>\n<p>For further information about C-STEP visit &nbsp;<a href=\"https:\/\/academiaplus.eu\/de\/outputs\/\">OUTPUTS &gt;&gt;<\/a><\/p>\n","protected":false},"excerpt":{"rendered":"<p>\u00dcBER HINTERGRUND AUSG\u00c4NGE PARTNER ACADEMIA NETWORK EVENTS Academia+ entwickelt die folgenden Inhalte und Module: IO1 C-STEP 1 &gt;&gt; Beratung von Migranten und Fl\u00fcchtlingen Einheit 1. Interkulturelles Bewusstsein Einheit 2. Anerkennung von Qualifikationen und Kompetenzen und Zugang zum Arbeitsmarkt Einheit 3. Die Analyse des Kundenpotenzials und des Empowerment Einheit 4. Spezifische unterst\u00fctzende Ma\u00dfnahmen (28.05.2020 &#8211; 09.06.2020) IO2 C-STEP 2 &gt;&gt; Arbeitspl\u00e4tze der Zukunft Einheit 1. Industrie 4.0 und die Auswirkungen auf die Arbeit Einheit 2. Herausforderungen und Chancen f\u00fcr Unternehmen in der Industrie 4.0 Einheit 3. Zuk\u00fcnftige Trends Einheit 4. Neue F\u00e4higkeiten und Kompetenzen (09.03.2021 \u2013 18.03.2021) IO3 C-STEP 3 &gt;&gt; Demografischer Wandel Einheit 1. Die Herausforderungen einer \u00e4lteren Erwerbsbev\u00f6lkerung Einheit&hellip; <a class=\"read-more\" href=\"https:\/\/academiaplus.eu\/de\/c-step\/\">Mehr Lesen<\/a><\/p>\n","protected":false},"author":2,"featured_media":0,"parent":0,"menu_order":0,"comment_status":"closed","ping_status":"closed","template":"","meta":{"footnotes":""},"class_list":["post-3798","page","type-page","status-publish","hentry"],"translation":{"provider":"WPGlobus","version":"3.0.2","language":"de","enabled_languages":["en","de","pt","lt"],"languages":{"en":{"title":true,"content":true,"excerpt":false},"de":{"title":true,"content":true,"excerpt":false},"pt":{"title":true,"content":true,"excerpt":false},"lt":{"title":true,"content":true,"excerpt":false}}},"_links":{"self":[{"href":"https:\/\/academiaplus.eu\/de\/wp-json\/wp\/v2\/pages\/3798","targetHints":{"allow":["GET"]}}],"collection":[{"href":"https:\/\/academiaplus.eu\/de\/wp-json\/wp\/v2\/pages"}],"about":[{"href":"https:\/\/academiaplus.eu\/de\/wp-json\/wp\/v2\/types\/page"}],"author":[{"embeddable":true,"href":"https:\/\/academiaplus.eu\/de\/wp-json\/wp\/v2\/users\/2"}],"replies":[{"embeddable":true,"href":"https:\/\/academiaplus.eu\/de\/wp-json\/wp\/v2\/comments?post=3798"}],"version-history":[{"count":180,"href":"https:\/\/academiaplus.eu\/de\/wp-json\/wp\/v2\/pages\/3798\/revisions"}],"predecessor-version":[{"id":6892,"href":"https:\/\/academiaplus.eu\/de\/wp-json\/wp\/v2\/pages\/3798\/revisions\/6892"}],"wp:attachment":[{"href":"https:\/\/academiaplus.eu\/de\/wp-json\/wp\/v2\/media?parent=3798"}],"curies":[{"name":"wp","href":"https:\/\/api.w.org\/{rel}","templated":true}]}}