{"id":2394,"date":"2020-04-07T17:44:10","date_gmt":"2020-04-07T17:44:10","guid":{"rendered":"https:\/\/academiaplus.eu\/?page_id=2394"},"modified":"2021-08-12T07:39:24","modified_gmt":"2021-08-12T07:39:24","slug":"c-step-1","status":"publish","type":"page","link":"https:\/\/academiaplus.eu\/de\/c-step-1\/","title":{"rendered":"C-STEP 1 (german)"},"content":{"rendered":"<p><strong>Aufgrund der COVID-19-Krisen wurde der erste C-STEP in einen 4-t\u00e4gigen Online-Schulungskurs umgewandelt, der in einer Reihe von Webinaren am 28. Mai und am 2., 4. und 9. Juni 2020 abgehalten wurde.<\/strong><\/p>\n<p>C-STEP1 ist einer von <a href=\"https:\/\/academiaplus.eu\/de\/c-step\/\">drei C-STEPs<\/a>, die Teil des &#8220;Counsellors&#8217; Study and Training Exchange Programme for Key Challenges of European Labour Markets and Societies&#8221; (Academia+), einem von Erasmus+ kofinanzierten Projekt, sind. <a href=\"https:\/\/academiaplus.eu\/de\/project\/about\/\">Erfahren Sie hier mehr \u00fcber das Projekt Academia+.<\/a><\/p>\n<p>Die Online-Trainingskurse umfassten Vortr\u00e4ge von eingeladenen Fachleuten, Workshops mit Gruppenarbeit, Abschnitte f\u00fcr Fragen und Antworten usw. Teile der Online-Trainingskurse wurden aufgezeichnet und zusammen mit allen pr\u00e4sentierten Materialien und C-STEPs-Materialien in das <a href=\"https:\/\/academiaplus.eu\/course-participants\/\">Medienzentrum &gt;&gt;<\/a> hochgeladen.<\/p>\n<p>Die Einheiten und Themen des Online-Trainings basieren auf den Ergebnissen und Produkten eines fr\u00fcheren EU-finanzierten Projekts an der HdBA: &#8220;Counselling for Refugee and Migrant Integration into the Labour Market &#8211; Development of Courses for Higher Education and Public Employment Services&#8221; <a href=\"https:\/\/www.cminar.eu\/\" target=\"_blank\" rel=\"noopener\">(CMinaR)<\/a>.<\/p>\n<p>Das Online-Training und alle zugeh\u00f6rigen Materialien werden in <strong>englischer<\/strong> Sprache angeboten.<\/p>\n<p><strong>Zielgruppe: Berufsberater, Berufsberatungsspezialisten, Lehrer, Dozenten f\u00fcr Berufsberatung usw.<\/strong><\/p>\n<p><strong>Teilnahme<\/strong>: Die Teilnehmenden sollten das Anmeldeformular (unten) ausf\u00fcllen; anschlie\u00dfend werden alle Materialien f\u00fcr die Online-Schulung und die technischen Informationen zur Verbindung zu jedem Webinar per E-Mail versandt.<\/p>\n<p>Kontaktperson: <a href=\"jane.porath@hdba.de\">jane.porath@hdba.de<\/a> (Deutschland) (oder siehe Academia+<a href=\"https:\/\/academiaplus.eu\/de\/project\/partners\/\"> Projektpartner<\/a> aus Portugal, Gro\u00dfbritannien, Luxemburg, Litauen).<\/p>\n<p><strong>Tagesordnung<\/strong><\/p>\n<p><strong>C-STEP1 &#8220;Beratung von Migranten und Fl\u00fcchtlingen&#8221;<\/strong><\/p>\n<p>Jeder Online-Schulungstag findet zwischen 10.00-17.00 Uhr mitteleurop\u00e4ischer Zeit (MEZ) statt<br \/>\n(9.00-16.00 Uhr UK und Portugal, 10.00-17.00 Uhr Deutschland und Luxemburg Zeit)<\/p>\n<table>\n<tbody>\n<tr>\n<td width=\"72\"><strong>Tag 1 28. Mai<\/strong><\/p>\n<p><strong>&nbsp;<\/strong><\/p>\n<p>Pause 13.00-14.00 Uhr (MEZ)<\/td>\n<td width=\"592\"><strong>Einheit 1. Interkulturelles Bewusstsein<\/strong><\/p>\n<ul>\n<li>Multikulturalismus, Interkulturalit\u00e4t, Integration und Herausforderungen<\/li>\n<li>Sprache und interkulturelle Kommunikation<\/li>\n<li>&#8220;Kulturelles\/Interkulturelles Bewusstsein&#8221;<\/li>\n<\/ul>\n<p><strong>Lernergebnisse:<\/strong><\/p>\n<ul>\n<li>Analyse der Herausforderungen, die sich aus der Wissensl\u00fccke des Beraters in den Bereichen des Bildungs- und Besch\u00e4ftigungssystems der Herkunfts- und Aufnahmel\u00e4nder ergeben<\/li>\n<li>Hintergrund der Ursachen von Migration und die Situation von Migranten und Fl\u00fcchtlingen in den Aufnahmel\u00e4ndern.<\/li>\n<li>Methoden und Ressourcen zur Erkennung von und zum Umgang mit Missverst\u00e4ndnissen in der beratenden Kommunikation; Arbeit mit Gruppen.<\/li>\n<li>Er\u00f6rterung der Herausforderungen, die sich aus dem Erlernen und der Verwendung einer zweiten Sprache als Medium f\u00fcr das Handeln und Reagieren in Bildung, Arbeitsumfeld und Beratungsgespr\u00e4chen ergeben.<\/li>\n<li>Interkulturelles Bewusstsein f\u00f6rdern<\/li>\n<\/ul>\n<p><a href=\"https:\/\/academiaplus.eu\/wp-content\/uploads\/2020\/05\/Unit-1.-Intercultural-awareness.pdf\" target=\"_blank\" rel=\"noopener\"><img decoding=\"async\" src=\"https:\/\/academiaplus.eu\/wp-content\/uploads\/2020\/05\/002-300x67.png\" alt=\"\" width=\"150\" height=\"33\"><\/a><\/td>\n<\/tr>\n<tr>\n<td width=\"72\"><strong>Tag 2<\/strong><\/p>\n<p><strong>2. Juni<\/strong><\/p>\n<p><strong>&nbsp;<\/strong><\/p>\n<p>Pause 13.00-14.00 Uhr (MEZ)<\/td>\n<td width=\"592\"><strong>Einheit 2. Anerkennung von Qualifikationen und Kompetenzen und Zugang zum Arbeitsmarkt<\/strong><\/p>\n<ul>\n<li>&nbsp;Verfahren zur Anerkennung von Qualifikationen<\/li>\n<li>Akteure im Anerkennungsprozess<\/li>\n<li>Europ\u00e4ische Instrumente und Ressourcen<\/li>\n<\/ul>\n<p><strong> Lernergebnisse:<\/strong><\/p>\n<ul>\n<li>Analyse der Herausforderungen, die sich sowohl aus dem Aufenthaltsstatus als auch aus der Anerkennung ausl\u00e4ndischer beruflicher und akademischer Qualifikationen ergeben<\/li>\n<li>Diskussion \u00fcber den Zugang zum Arbeitsmarkt<\/li>\n<\/ul>\n<p><a href=\"https:\/\/academiaplus.eu\/wp-content\/uploads\/2020\/05\/Unit-2.-Recognition-of-qualifications-and-competencies-and-access-to-the-labour-market.pdf\" target=\"_blank\" rel=\"noopener\"><img decoding=\"async\" src=\"https:\/\/academiaplus.eu\/wp-content\/uploads\/2020\/05\/002-300x67.png\" alt=\"\" width=\"150\" height=\"33\"><\/a><\/td>\n<\/tr>\n<tr>\n<td width=\"72\"><strong>Tag 3 4. Juni<\/strong><\/p>\n<p><strong>&nbsp;<\/strong><\/p>\n<p>Pause 13.15-14.15 Uhr (MEZ)<\/td>\n<td width=\"592\"><strong>Einheit 3. Die Analyse des Kundenpotenzials und des Empowerment<\/strong><\/p>\n<ul>\n<li>Methoden zur Pr\u00fcfung\/Bewertung von Kompetenzen<\/li>\n<li>Methoden zur Bef\u00e4higung von Fl\u00fcchtlingen und Migranten<\/li>\n<li>Vorteile des Einsatzes von Methoden und Werkzeugen, die das Lernen und Verstehen von Karrierefragen der Klienten unterst\u00fctzen<\/li>\n<\/ul>\n<p><strong>Lernergebnisses<\/strong>:<\/p>\n<ul>\n<li>Methoden zur Bewertung des Potenzials und der Bef\u00e4higung der Klienten<\/li>\n<li>Analyse der Herausforderungen, die sich im Rahmen der Beurteilung des Potenzials von Klientinnen und Klienten und im Empowerment (das von allen zuvor genannten Herausforderungen angetrieben wird) ergeben<\/li>\n<li>Informieren Sie sich \u00fcber Methoden zum Testen \/ Beurteilen von Kompetenzen<\/li>\n<li>Diskussion \u00fcber Methoden des Empowerment von Fl\u00fcchtlingen und Migranten<\/li>\n<\/ul>\n<p><a href=\"https:\/\/academiaplus.eu\/wp-content\/uploads\/2020\/05\/Unit-3.-The-analysis-of-client-potential-and-empowerment.pdf\" target=\"_blank\" rel=\"noopener\"><img decoding=\"async\" src=\"https:\/\/academiaplus.eu\/wp-content\/uploads\/2020\/05\/002-300x67.png\" alt=\"\" width=\"150\" height=\"33\"><\/a><\/td>\n<\/tr>\n<tr>\n<td width=\"72\"><strong>Tag 4 9. Juni<\/strong><\/p>\n<p><strong>&nbsp;<\/strong><\/p>\n<p>Pause 13.00-14.00 Uhr (MEZ)<\/td>\n<td width=\"592\"><strong>Einheit 4. Spezifische unterst\u00fctzende Ma\u00dfnahmen<\/strong><\/p>\n<ul>\n<li>Spracherwerb in unterst\u00fctzenden Ma\u00dfnahmen und Arbeitsmarktprogrammen<\/li>\n<li>Ausbildungsma\u00dfnahmen zur Anpassung der beruflichen F\u00e4higkeiten von Fl\u00fcchtlingen und Migranten<\/li>\n<li>Rechtliche Aspekte von Unterst\u00fctzungsma\u00dfnahmen<\/li>\n<\/ul>\n<p><strong>Lernergebnisse:<\/strong><\/p>\n<ul>\n<li>Analyse der Herausforderungen, die sich f\u00fcr den Zugang zu und die Gestaltung und Handhabung von Unterst\u00fctzungsma\u00dfnahmen und Arbeitsmarktsystemen ergeben<\/li>\n<li>F\u00f6rderung des Spracherwerbs im Rahmen von Unterst\u00fctzungsma\u00dfnahmen und Arbeitsmarktsystemen<\/li>\n<li>Ausbildungsma\u00dfnahmen zur Anpassung beruflicher Fertigkeiten f\u00fcr Fl\u00fcchtlinge und Migranten kennen<\/li>\n<li>Sich \u00fcber rechtliche Aspekte von Unterst\u00fctzungsma\u00dfnahmen informieren<\/li>\n<\/ul>\n<p><a href=\"https:\/\/academiaplus.eu\/wp-content\/uploads\/2020\/05\/Unit-4.-Specific-supportive-measures.pdf\" target=\"_blank\" rel=\"noopener\"><img decoding=\"async\" src=\"https:\/\/academiaplus.eu\/wp-content\/uploads\/2020\/05\/002-300x67.png\" alt=\"\" width=\"150\" height=\"33\"><\/a><\/td>\n<\/tr>\n<\/tbody>\n<\/table>\n<p>Follow 3 steps to enter&nbsp;<em>C-STEP1 Counselling migrants and refugees<\/em>&nbsp;training material:&nbsp;<\/p>\n<ol>\n<li>Enter <a href=\"http:\/\/www.academiaplus.eu\/moodle\/\">www.academiaplus.eu\/moodle\/<\/a><\/li>\n<\/ol>\n<p><a href=\"http:\/\/www.academiaplus.eu\/moodle\/\"><br \/>\n<img decoding=\"async\" src=\"https:\/\/academiaplus.eu\/wp-content\/uploads\/elementor\/thumbs\/moodle-oorzwlflc3wea39ak4si3mof0a3u9jg5j36nbvinsu.png\" title=\"moodle\" alt=\"moodle\">\t\t\t\t\t\t\t\t<\/a><\/p>\n<p>2. Choose<\/p>\n<p><img loading=\"lazy\" decoding=\"async\" src=\"https:\/\/academiaplus.eu\/wp-content\/uploads\/2020\/07\/003.jpg\" alt=\"\" loading=\"lazy\" srcset=\"https:\/\/academiaplus.eu\/wp-content\/uploads\/2020\/07\/003.jpg 596w, https:\/\/academiaplus.eu\/wp-content\/uploads\/2020\/07\/003-300x101.jpg 300w\" sizes=\"auto, (max-width: 596px) 100vw, 596px\" width=\"596\" height=\"201\"><\/p>\n<p>3. Login as a guest<\/p>\n<p><img loading=\"lazy\" decoding=\"async\" src=\"https:\/\/academiaplus.eu\/wp-content\/uploads\/2020\/07\/002.jpg\" alt=\"\" loading=\"lazy\" srcset=\"https:\/\/academiaplus.eu\/wp-content\/uploads\/2020\/07\/002.jpg 305w, https:\/\/academiaplus.eu\/wp-content\/uploads\/2020\/07\/002-300x50.jpg 300w\" sizes=\"auto, (max-width: 305px) 100vw, 305px\" width=\"305\" height=\"51\"><\/p>\n","protected":false},"excerpt":{"rendered":"<p>Aufgrund der COVID-19-Krisen wurde der erste C-STEP in einen 4-t\u00e4gigen Online-Schulungskurs umgewandelt, der in einer Reihe von Webinaren am 28. Mai und am 2., 4. und 9. Juni 2020 abgehalten wurde. C-STEP1 ist einer von drei C-STEPs, die Teil des &#8220;Counsellors&#8217; Study and Training Exchange Programme for Key Challenges of European Labour Markets and Societies&#8221; (Academia+), einem von Erasmus+ kofinanzierten Projekt, sind. Erfahren Sie hier mehr \u00fcber das Projekt Academia+. Die Online-Trainingskurse umfassten Vortr\u00e4ge von eingeladenen Fachleuten, Workshops mit Gruppenarbeit, Abschnitte f\u00fcr Fragen und Antworten usw. Teile der Online-Trainingskurse wurden aufgezeichnet und zusammen mit allen pr\u00e4sentierten Materialien und C-STEPs-Materialien in das Medienzentrum &gt;&gt; hochgeladen. Die Einheiten und Themen des Online-Trainings&hellip; <a class=\"read-more\" href=\"https:\/\/academiaplus.eu\/de\/c-step-1\/\">Mehr Lesen<\/a><\/p>\n","protected":false},"author":1,"featured_media":0,"parent":0,"menu_order":0,"comment_status":"closed","ping_status":"closed","template":"","meta":{"footnotes":""},"class_list":["post-2394","page","type-page","status-publish","hentry"],"translation":{"provider":"WPGlobus","version":"3.0.2","language":"de","enabled_languages":["en","de","pt","lt"],"languages":{"en":{"title":true,"content":true,"excerpt":false},"de":{"title":true,"content":true,"excerpt":false},"pt":{"title":true,"content":true,"excerpt":false},"lt":{"title":true,"content":true,"excerpt":false}}},"_links":{"self":[{"href":"https:\/\/academiaplus.eu\/de\/wp-json\/wp\/v2\/pages\/2394","targetHints":{"allow":["GET"]}}],"collection":[{"href":"https:\/\/academiaplus.eu\/de\/wp-json\/wp\/v2\/pages"}],"about":[{"href":"https:\/\/academiaplus.eu\/de\/wp-json\/wp\/v2\/types\/page"}],"author":[{"embeddable":true,"href":"https:\/\/academiaplus.eu\/de\/wp-json\/wp\/v2\/users\/1"}],"replies":[{"embeddable":true,"href":"https:\/\/academiaplus.eu\/de\/wp-json\/wp\/v2\/comments?post=2394"}],"version-history":[{"count":468,"href":"https:\/\/academiaplus.eu\/de\/wp-json\/wp\/v2\/pages\/2394\/revisions"}],"predecessor-version":[{"id":6737,"href":"https:\/\/academiaplus.eu\/de\/wp-json\/wp\/v2\/pages\/2394\/revisions\/6737"}],"wp:attachment":[{"href":"https:\/\/academiaplus.eu\/de\/wp-json\/wp\/v2\/media?parent=2394"}],"curies":[{"name":"wp","href":"https:\/\/api.w.org\/{rel}","templated":true}]}}