{"id":2332,"date":"2020-02-05T13:01:52","date_gmt":"2020-02-05T13:01:52","guid":{"rendered":"https:\/\/academiaplus.eu\/?page_id=2332"},"modified":"2021-01-18T08:39:02","modified_gmt":"2021-01-18T08:39:02","slug":"3nd-transnational-partners-meeting","status":"publish","type":"page","link":"https:\/\/academiaplus.eu\/de\/project\/events\/3nd-transnational-partners-meeting\/","title":{"rendered":"3. transnationale Treffen"},"content":{"rendered":"<p><a href=\"https:\/\/academiaplus.eu\/de\/project\/\">\u00dcBER<\/a><\/p>\n<p><a href=\"https:\/\/academiaplus.eu\/de\/project\/background\">HINTERGRUND<\/a><\/p>\n<p>\u00a0<\/p>\n<p><a href=\"https:\/\/academiaplus.eu\/de\/outputs\/\">AUSG\u00c4NGE<\/a><\/p>\n<p><a href=\"https:\/\/academiaplus.eu\/de\/project\/partners\/\">PARTNER<\/a><\/p>\n<p><a href=\"https:\/\/academiaplus.eu\/de\/project\/academia-network\/\">ACADEMIA NETWORK<\/a><\/p>\n<p><a href=\"https:\/\/academiaplus.eu\/de\/project\/events\/\">EVENTS<\/a><\/p>\n<p>Bez\u00fcglich der Entwicklungen des Corona-Virus wurde am 25. und 26. M\u00e4rz das 3. transnationale Treffen online organisiert<\/p>\n<p>\t\t\t\t\t\t\t\t\t\t<img decoding=\"async\" src=\"https:\/\/academiaplus.eu\/wp-content\/uploads\/elementor\/thumbs\/Skype_meeting-onq8ymzoxz4z7uzqpa6nmbhilodd7q01jynf2kf7pm.jpg\" title=\"Skype_meeting\" alt=\"Skype_meeting\" \/>\t\t\t\t\t\t\t\t\t\t\t<\/p>\n<p>Die Partnerschaft er\u00f6rterte den aktuellen Stand der Arbeit sowie einen \u00dcberblick \u00fcber die bisher von jedem der Partner entwickelten Aufgaben (intellektuelle Outputs (IO1-IO5), Verbreitungsaktivit\u00e4ten, Zwischenbericht usw.). W\u00e4hrend des Treffens hatten die Partner zu entscheiden, wie mit der weltweiten Situation aufgrund der Korona-Krise umzugehen ist. Sie beschlossen, das erste Austauschprogramm f\u00fcr das Studium und die Ausbildung von Beratern in ein Online-Training von 4 Tagen umzuwandeln und es einer breiteren Gruppe von interessierten Beratern zug\u00e4nglich zu machen. F\u00fcr weitere Informationen siehe <a href=\"https:\/\/academiaplus.eu\/de\/c-step-1\/\"><strong>Online-Schulung >><\/strong><\/a><\/p>\n","protected":false},"excerpt":{"rendered":"<p>\u00dcBER HINTERGRUND \u00a0 AUSG\u00c4NGE PARTNER ACADEMIA NETWORK EVENTS Bez\u00fcglich der Entwicklungen des Corona-Virus wurde am 25. und 26. M\u00e4rz das 3. transnationale Treffen online organisiert Die Partnerschaft er\u00f6rterte den aktuellen Stand der Arbeit sowie einen \u00dcberblick \u00fcber die bisher von jedem der Partner entwickelten Aufgaben (intellektuelle Outputs (IO1-IO5), Verbreitungsaktivit\u00e4ten, Zwischenbericht usw.). W\u00e4hrend des Treffens hatten die Partner zu entscheiden, wie mit der weltweiten Situation aufgrund der Korona-Krise umzugehen ist. Sie beschlossen, das erste Austauschprogramm f\u00fcr das Studium und die Ausbildung von Beratern in ein Online-Training von 4 Tagen umzuwandeln und es einer breiteren Gruppe von interessierten Beratern zug\u00e4nglich zu machen. F\u00fcr weitere Informationen siehe Online-Schulung >><\/p>\n","protected":false},"author":1,"featured_media":0,"parent":961,"menu_order":0,"comment_status":"closed","ping_status":"closed","template":"","meta":{"footnotes":""},"class_list":["post-2332","page","type-page","status-publish","hentry"],"translation":{"provider":"WPGlobus","version":"3.0.2","language":"de","enabled_languages":["en","de","pt","lt"],"languages":{"en":{"title":true,"content":true,"excerpt":false},"de":{"title":true,"content":true,"excerpt":false},"pt":{"title":true,"content":true,"excerpt":false},"lt":{"title":true,"content":true,"excerpt":false}}},"_links":{"self":[{"href":"https:\/\/academiaplus.eu\/de\/wp-json\/wp\/v2\/pages\/2332","targetHints":{"allow":["GET"]}}],"collection":[{"href":"https:\/\/academiaplus.eu\/de\/wp-json\/wp\/v2\/pages"}],"about":[{"href":"https:\/\/academiaplus.eu\/de\/wp-json\/wp\/v2\/types\/page"}],"author":[{"embeddable":true,"href":"https:\/\/academiaplus.eu\/de\/wp-json\/wp\/v2\/users\/1"}],"replies":[{"embeddable":true,"href":"https:\/\/academiaplus.eu\/de\/wp-json\/wp\/v2\/comments?post=2332"}],"version-history":[{"count":81,"href":"https:\/\/academiaplus.eu\/de\/wp-json\/wp\/v2\/pages\/2332\/revisions"}],"predecessor-version":[{"id":5376,"href":"https:\/\/academiaplus.eu\/de\/wp-json\/wp\/v2\/pages\/2332\/revisions\/5376"}],"up":[{"embeddable":true,"href":"https:\/\/academiaplus.eu\/de\/wp-json\/wp\/v2\/pages\/961"}],"wp:attachment":[{"href":"https:\/\/academiaplus.eu\/de\/wp-json\/wp\/v2\/media?parent=2332"}],"curies":[{"name":"wp","href":"https:\/\/api.w.org\/{rel}","templated":true}]}}