{"id":1964,"date":"2019-10-16T14:35:48","date_gmt":"2019-10-16T14:35:48","guid":{"rendered":"https:\/\/academiaplus.eu\/?page_id=1964"},"modified":"2021-08-16T12:42:11","modified_gmt":"2021-08-16T12:42:11","slug":"2nd-transnational-partners-meeting","status":"publish","type":"page","link":"https:\/\/academiaplus.eu\/de\/project\/events\/2nd-transnational-partners-meeting\/","title":{"rendered":"2. internationales Partnertreffen"},"content":{"rendered":"<p><a href=\"https:\/\/academiaplus.eu\/de\/project\/\">\u00dcBER<\/a><\/p>\n<p><a href=\"https:\/\/academiaplus.eu\/de\/project\/background\">HINTERGRUND<\/a><\/p>\n<p>\u00a0<\/p>\n<p><a href=\"https:\/\/academiaplus.eu\/de\/outputs\/\">AUSG\u00c4NGE<\/a><\/p>\n<p><a href=\"https:\/\/academiaplus.eu\/de\/project\/partners\/\">PARTNER<\/a><\/p>\n<p><a href=\"https:\/\/academiaplus.eu\/de\/project\/academia-network\/\">ACADEMIA NETWORK<\/a><\/p>\n<p><a href=\"https:\/\/academiaplus.eu\/de\/project\/events\/\">EVENTS<\/a><\/p>\n<p><strong>2. internationales Partnertreffen, Porto (Portugal, 15.-16. Oktober 2019)<\/strong><\/p>\n<p>\t\t\t\t\t\t\t\t\t\t<img decoding=\"async\" src=\"https:\/\/academiaplus.eu\/wp-content\/uploads\/elementor\/thumbs\/20191015_113050-ofb4qsa5pmzt9ospj3fcf35kpe05qd0jr7tb8rzm0u.jpg\" title=\"20191015_113050\" alt=\"20191015_113050\" \/>\t\t\t\t\t\t\t\t\t\t\t<\/p>\n<p>Das 2. Partnertreffen fand in Porto statt, wo der aktuelle Stand der Arbeit und der aktuelle Aufgaben\u00fcberblick diskutiert wurde. Dazu geh\u00f6rten abgeschlossene und geplante Arbeiten f\u00fcr jeden der Outputs sowie die Verbreitung und Berichterstattung.<\/p>\n<p>W\u00e4hrend des Treffens wurden auch k\u00fcnftige Schritte, die im Rahmen des Projekts und der anstehenden Arbeiten zu unternehmen sind, \u00fcberpr\u00fcft und geplant, wie z.B: Akademia Netzwerktreffen in Mannheim (10.-11. Dezember 2019), Pilot C-STEP (Counsellors&#8217; Study and Training Exchange Programme) in Schwerin (25.-29. Mai 2020), die Treffen der zuk\u00fcnftigen Partner wurden ebenfalls besprochen und Entscheidungen \u00fcber die Kommunikation, die Website und den Inhalt der ersten C-STEP wurden ebenfalls diskutiert. Dar\u00fcber hinaus wurden die Kommunikation zwischen den Partnern, die Webseite und der Inhalt des vorbereitenden Projektmaterials (Didaktischer Rahmen, Kurseinheiten der IOs) diskutiert und Entscheidungen getroffen.<\/p>\n<p><a href=\"https:\/\/academiaplus.eu\/wp-content\/uploads\/2019\/11\/Academia-2nd-Meeting-Porto-Agenda.pdf\">Academia+ 2nd Meeting, Porto, Agenda.pdf<\/a><\/p>\n","protected":false},"excerpt":{"rendered":"<p>\u00dcBER HINTERGRUND \u00a0 AUSG\u00c4NGE PARTNER ACADEMIA NETWORK EVENTS 2. internationales Partnertreffen, Porto (Portugal, 15.-16. Oktober 2019) Das 2. Partnertreffen fand in Porto statt, wo der aktuelle Stand der Arbeit und der aktuelle Aufgaben\u00fcberblick diskutiert wurde. Dazu geh\u00f6rten abgeschlossene und geplante Arbeiten f\u00fcr jeden der Outputs sowie die Verbreitung und Berichterstattung. W\u00e4hrend des Treffens wurden auch k\u00fcnftige Schritte, die im Rahmen des Projekts und der anstehenden Arbeiten zu unternehmen sind, \u00fcberpr\u00fcft und geplant, wie z.B: Akademia Netzwerktreffen in Mannheim (10.-11. Dezember 2019), Pilot C-STEP (Counsellors&#8217; Study and Training Exchange Programme) in Schwerin (25.-29. Mai 2020), die Treffen der zuk\u00fcnftigen Partner wurden ebenfalls besprochen und Entscheidungen \u00fcber die Kommunikation, die Website und&hellip; <a class=\"read-more\" href=\"https:\/\/academiaplus.eu\/de\/project\/events\/2nd-transnational-partners-meeting\/\">Mehr Lesen<\/a><\/p>\n","protected":false},"author":1,"featured_media":0,"parent":961,"menu_order":0,"comment_status":"closed","ping_status":"closed","template":"","meta":{"footnotes":""},"class_list":["post-1964","page","type-page","status-publish","hentry"],"translation":{"provider":"WPGlobus","version":"3.0.2","language":"de","enabled_languages":["en","de","pt","lt"],"languages":{"en":{"title":true,"content":true,"excerpt":false},"de":{"title":true,"content":true,"excerpt":false},"pt":{"title":true,"content":true,"excerpt":false},"lt":{"title":true,"content":true,"excerpt":false}}},"_links":{"self":[{"href":"https:\/\/academiaplus.eu\/de\/wp-json\/wp\/v2\/pages\/1964","targetHints":{"allow":["GET"]}}],"collection":[{"href":"https:\/\/academiaplus.eu\/de\/wp-json\/wp\/v2\/pages"}],"about":[{"href":"https:\/\/academiaplus.eu\/de\/wp-json\/wp\/v2\/types\/page"}],"author":[{"embeddable":true,"href":"https:\/\/academiaplus.eu\/de\/wp-json\/wp\/v2\/users\/1"}],"replies":[{"embeddable":true,"href":"https:\/\/academiaplus.eu\/de\/wp-json\/wp\/v2\/comments?post=1964"}],"version-history":[{"count":85,"href":"https:\/\/academiaplus.eu\/de\/wp-json\/wp\/v2\/pages\/1964\/revisions"}],"predecessor-version":[{"id":6984,"href":"https:\/\/academiaplus.eu\/de\/wp-json\/wp\/v2\/pages\/1964\/revisions\/6984"}],"up":[{"embeddable":true,"href":"https:\/\/academiaplus.eu\/de\/wp-json\/wp\/v2\/pages\/961"}],"wp:attachment":[{"href":"https:\/\/academiaplus.eu\/de\/wp-json\/wp\/v2\/media?parent=1964"}],"curies":[{"name":"wp","href":"https:\/\/api.w.org\/{rel}","templated":true}]}}