{"id":1651,"date":"2019-04-19T10:46:42","date_gmt":"2019-04-19T10:46:42","guid":{"rendered":"https:\/\/academiaplus.eu\/?page_id=1651"},"modified":"2021-01-18T08:39:43","modified_gmt":"2021-01-18T08:39:43","slug":"kick-off-meeting","status":"publish","type":"page","link":"https:\/\/academiaplus.eu\/de\/project\/events\/kick-off-meeting\/","title":{"rendered":"AUFTAKTVERANSTALTUNG"},"content":{"rendered":"<p><a href=\"https:\/\/academiaplus.eu\/de\/project\/\">\u00dcBER<\/a><\/p>\n<p><a href=\"https:\/\/academiaplus.eu\/de\/project\/background\">HINTERGRUND<\/a><\/p>\n<p>\u00a0<\/p>\n<p><a href=\"https:\/\/academiaplus.eu\/de\/outputs\/\">AUSG\u00c4NGE<\/a><\/p>\n<p><a href=\"https:\/\/academiaplus.eu\/de\/project\/partners\/\">PARTNER<\/a><\/p>\n<p><a href=\"https:\/\/academiaplus.eu\/de\/project\/academia-network\/\">ACADEMIA NETWORK<\/a><\/p>\n<p><a href=\"https:\/\/academiaplus.eu\/de\/project\/events\/\">EVENTS<\/a><\/p>\n<p><strong>Auftaktveranstaltung; Schwerin (Deutschland), 27.-28.M\u00e4rz, 2019 <\/strong><\/p>\n<p>\t\t\t\t\t\t\t\t\t\t<img decoding=\"async\" src=\"https:\/\/academiaplus.eu\/wp-content\/uploads\/elementor\/thumbs\/Schwerin_first_meeting-o6ljgouq2sqj93y2ed7269ojjpcl2588c7kzra7w2k.jpg\" title=\"Schwerin_first_meeting\" alt=\"Schwerin_first_meeting\" \/>\t\t\t\t\t\t\t\t\t\t\t<\/p>\n<p>Am 27. und 28. M\u00e4rz 2019 fand das 1. Partnertreffen in Schwerin, Deutschland, statt. Die Partner trafen sich, \u00fcberpr\u00fcften und planten die anstehenden Arbeiten, diskutierten und entschieden \u00fcber die gesamte Kommunikation zwischen den Partnern, die Webseite und den Inhalt des vorzubereitenden Projektmaterials.<\/p>\n<p><a href=\"https:\/\/academiaplus.eu\/wp-content\/uploads\/2019\/07\/AcademiaKickkOff_agenda_draft_version.pdf\" target=\"_blank\" rel=\"noopener noreferrer\" data-wplink-edit=\"true\">Academia+Kick Off agenda.pdf<\/a><\/p>\n","protected":false},"excerpt":{"rendered":"<p>\u00dcBER HINTERGRUND \u00a0 AUSG\u00c4NGE PARTNER ACADEMIA NETWORK EVENTS Auftaktveranstaltung; Schwerin (Deutschland), 27.-28.M\u00e4rz, 2019 Am 27. und 28. M\u00e4rz 2019 fand das 1. Partnertreffen in Schwerin, Deutschland, statt. Die Partner trafen sich, \u00fcberpr\u00fcften und planten die anstehenden Arbeiten, diskutierten und entschieden \u00fcber die gesamte Kommunikation zwischen den Partnern, die Webseite und den Inhalt des vorzubereitenden Projektmaterials. Academia+Kick Off agenda.pdf<\/p>\n","protected":false},"author":1,"featured_media":0,"parent":961,"menu_order":0,"comment_status":"closed","ping_status":"closed","template":"","meta":{"footnotes":""},"class_list":["post-1651","page","type-page","status-publish","hentry"],"translation":{"provider":"WPGlobus","version":"3.0.2","language":"de","enabled_languages":["en","de","pt","lt"],"languages":{"en":{"title":true,"content":true,"excerpt":false},"de":{"title":true,"content":true,"excerpt":false},"pt":{"title":true,"content":true,"excerpt":false},"lt":{"title":true,"content":true,"excerpt":false}}},"_links":{"self":[{"href":"https:\/\/academiaplus.eu\/de\/wp-json\/wp\/v2\/pages\/1651","targetHints":{"allow":["GET"]}}],"collection":[{"href":"https:\/\/academiaplus.eu\/de\/wp-json\/wp\/v2\/pages"}],"about":[{"href":"https:\/\/academiaplus.eu\/de\/wp-json\/wp\/v2\/types\/page"}],"author":[{"embeddable":true,"href":"https:\/\/academiaplus.eu\/de\/wp-json\/wp\/v2\/users\/1"}],"replies":[{"embeddable":true,"href":"https:\/\/academiaplus.eu\/de\/wp-json\/wp\/v2\/comments?post=1651"}],"version-history":[{"count":80,"href":"https:\/\/academiaplus.eu\/de\/wp-json\/wp\/v2\/pages\/1651\/revisions"}],"predecessor-version":[{"id":5379,"href":"https:\/\/academiaplus.eu\/de\/wp-json\/wp\/v2\/pages\/1651\/revisions\/5379"}],"up":[{"embeddable":true,"href":"https:\/\/academiaplus.eu\/de\/wp-json\/wp\/v2\/pages\/961"}],"wp:attachment":[{"href":"https:\/\/academiaplus.eu\/de\/wp-json\/wp\/v2\/media?parent=1651"}],"curies":[{"name":"wp","href":"https:\/\/api.w.org\/{rel}","templated":true}]}}