{"id":1050,"date":"2019-02-05T12:15:01","date_gmt":"2019-02-05T12:15:01","guid":{"rendered":"http:\/\/academiaplus.eu\/?page_id=1050"},"modified":"2021-08-28T17:58:56","modified_gmt":"2021-08-28T17:58:56","slug":"academia-network","status":"publish","type":"page","link":"https:\/\/academiaplus.eu\/de\/project\/academia-network\/","title":{"rendered":"ACADEMIA NETWORK"},"content":{"rendered":"<p><a href=\"https:\/\/academiaplus.eu\/de\/project\/\">\u00dcBER<\/a><\/p>\n<p><a href=\"https:\/\/academiaplus.eu\/de\/project\/background\">HINTERGRUND<\/a><\/p>\n<p><a href=\"https:\/\/academiaplus.eu\/de\/outputs\/\">AUSG\u00c4NGE<\/a><\/p>\n<p><a href=\"https:\/\/academiaplus.eu\/de\/project\/partners\/\">PARTNER<\/a><\/p>\n<p><a href=\"https:\/\/academiaplus.eu\/de\/project\/academia-network\/\">ACADEMIA NETWORK<\/a><\/p>\n<p><a href=\"https:\/\/academiaplus.eu\/de\/project\/events\/\">EVENTS<\/a><\/p>\n<p style=\"font-weight: 400;\">Academia + nutzte das Potenzial des Academia-Netzwerks, um Academia auf ein h\u00f6heres Niveau zu heben und sie f\u00fcr die Zukunft in einer digitalen Welt vorzubereiten.<\/p>\n<p>Das Academia-Netzwerk ist ein Programm &#8220;f\u00fcr Beratungsprofis von Beratungsprofis&#8221;. Das Netzwerk wurde 1992 eingerichtet und durch das Petra-Programm der Europ\u00e4ischen Kommission finanziert. Durch den h\u00e4ufigen R\u00fcckgriff auf Fachberater, die sowohl in der Praxis als auch in der Forschung t\u00e4tig sind, ist es Academia gelungen, die Kluft zu \u00fcberbr\u00fccken, die allzu oft zwischen Praxis und Theorie besteht.<\/p>\n<p>Um die europ\u00e4ische Dimension in der Berufsberatung und -orientierung zu st\u00e4rken, erm\u00f6glicht Academia Fachleuten in der Berufsberatung die Teilnahme an einer einw\u00f6chigen beruflichen Mobilit\u00e4t oder einem Praktikum in bis zu 18 europ\u00e4ischen Partnerl\u00e4ndern von Academia. Bis heute hat eine gro\u00dfe Zahl von Berufsberatern einen beruflichen Austausch in einem anderen europ\u00e4ischen Land absolviert.<\/p>\n<p>Bisher konzentrierte sich die einw\u00f6chige berufliche Mobilit\u00e4t oder das Praktikum auf Vortr\u00e4ge, Job Shadowing, Gruppendiskussionen und Erfahrungsaustausch.<\/p>\n<p>Weitere Informationen \u00fcber das Acadmia-Netzwerk und den Austausch finden Sie auf der Website von Euroguidance:<\/p>\n<ul>\n<li style=\"font-weight: 400;\">&#8220;Internationale Mobilit\u00e4t&#8221;: <a href=\"https:\/\/www.euroguidance.eu\/international-mobility\" data-saferedirecturl=\"https:\/\/www.google.com\/url?q=https:\/\/www.euroguidance.eu\/international-mobility&amp;source=gmail&amp;ust=1573971320888000&amp;usg=AFQjCNGQAmb8qKInwg47wP5Wq_FCeFf0cA\">https:\/\/www.euroguidance.eu\/international-mobility<\/a><\/li>\n<li style=\"font-weight: 400;\"><strong>&#8220;<\/strong>Akademische Mobilit\u00e4tserfahrung&#8221;: <strong><a href=\"https:\/\/www.euroguidance.eu\/international-mobility\/academia\" data-saferedirecturl=\"https:\/\/www.google.com\/url?q=https:\/\/www.euroguidance.eu\/international-mobility\/academia&amp;source=gmail&amp;ust=1573971320888000&amp;usg=AFQjCNHT-0Jj1A-G8-9MBJ7NxPlERWRyOw\">https:\/\/www.euroguidance.eu\/international-mobility\/academia<\/a><\/strong><\/li>\n<li style=\"font-weight: 400;\">\u201eAkademische Mobilit\u00e4tsm\u00f6glichkeiten&#8221;: <a href=\"https:\/\/www.euroguidance.eu\/international-mobility\/training-opportunities\" data-saferedirecturl=\"https:\/\/www.google.com\/url?q=https:\/\/www.euroguidance.eu\/international-mobility\/training-opportunities&amp;source=gmail&amp;ust=1573971320888000&amp;usg=AFQjCNHYvubpE0zusTLZxoHJlTu0xJaEjw\">https:\/\/www.euroguidance.eu\/international-mobility\/training-opportunities<\/a><\/li>\n<\/ul>\n","protected":false},"excerpt":{"rendered":"<p>\u00dcBER HINTERGRUND AUSG\u00c4NGE PARTNER ACADEMIA NETWORK EVENTS Academia + nutzte das Potenzial des Academia-Netzwerks, um Academia auf ein h\u00f6heres Niveau zu heben und sie f\u00fcr die Zukunft in einer digitalen Welt vorzubereiten. Das Academia-Netzwerk ist ein Programm &#8220;f\u00fcr Beratungsprofis von Beratungsprofis&#8221;. Das Netzwerk wurde 1992 eingerichtet und durch das Petra-Programm der Europ\u00e4ischen Kommission finanziert. Durch den h\u00e4ufigen R\u00fcckgriff auf Fachberater, die sowohl in der Praxis als auch in der Forschung t\u00e4tig sind, ist es Academia gelungen, die Kluft zu \u00fcberbr\u00fccken, die allzu oft zwischen Praxis und Theorie besteht. Um die europ\u00e4ische Dimension in der Berufsberatung und -orientierung zu st\u00e4rken, erm\u00f6glicht Academia Fachleuten in der Berufsberatung die Teilnahme an einer einw\u00f6chigen&hellip; <a class=\"read-more\" href=\"https:\/\/academiaplus.eu\/de\/project\/academia-network\/\">Mehr Lesen<\/a><\/p>\n","protected":false},"author":1,"featured_media":0,"parent":970,"menu_order":0,"comment_status":"closed","ping_status":"closed","template":"","meta":{"footnotes":""},"class_list":["post-1050","page","type-page","status-publish","hentry"],"translation":{"provider":"WPGlobus","version":"3.0.2","language":"de","enabled_languages":["en","de","pt","lt"],"languages":{"en":{"title":true,"content":true,"excerpt":false},"de":{"title":true,"content":true,"excerpt":false},"pt":{"title":true,"content":true,"excerpt":false},"lt":{"title":true,"content":true,"excerpt":false}}},"_links":{"self":[{"href":"https:\/\/academiaplus.eu\/de\/wp-json\/wp\/v2\/pages\/1050","targetHints":{"allow":["GET"]}}],"collection":[{"href":"https:\/\/academiaplus.eu\/de\/wp-json\/wp\/v2\/pages"}],"about":[{"href":"https:\/\/academiaplus.eu\/de\/wp-json\/wp\/v2\/types\/page"}],"author":[{"embeddable":true,"href":"https:\/\/academiaplus.eu\/de\/wp-json\/wp\/v2\/users\/1"}],"replies":[{"embeddable":true,"href":"https:\/\/academiaplus.eu\/de\/wp-json\/wp\/v2\/comments?post=1050"}],"version-history":[{"count":99,"href":"https:\/\/academiaplus.eu\/de\/wp-json\/wp\/v2\/pages\/1050\/revisions"}],"predecessor-version":[{"id":7128,"href":"https:\/\/academiaplus.eu\/de\/wp-json\/wp\/v2\/pages\/1050\/revisions\/7128"}],"up":[{"embeddable":true,"href":"https:\/\/academiaplus.eu\/de\/wp-json\/wp\/v2\/pages\/970"}],"wp:attachment":[{"href":"https:\/\/academiaplus.eu\/de\/wp-json\/wp\/v2\/media?parent=1050"}],"curies":[{"name":"wp","href":"https:\/\/api.w.org\/{rel}","templated":true}]}}